
{"id":8695,"date":"2022-06-22T09:22:41","date_gmt":"2022-06-22T09:22:41","guid":{"rendered":"https:\/\/itu-app42372.pagelyhosting.com\/documents\/documents-officiels\/"},"modified":"2022-12-30T09:39:08","modified_gmt":"2022-12-30T09:39:08","slug":"official-documents","status":"publish","type":"page","link":"https:\/\/itu-app42372.pagelyhosting.com\/fr\/documents\/official-documents\/","title":{"rendered":"Documents officiels"},"content":{"rendered":"<div class=\"ituContainer grid\"><div data-span=\"12\">\n<p class=\"wp-block-paragraph\">Conform\u00e9ment \u00e0 la D\u00e9cision 5 (R\u00e9v. Duba\u00ef, 2018) de la PP et en vertu de la d\u00e9cision prise par le Conseil \u00e0 sa session de 2017, la Conf\u00e9rence de pl\u00e9nipotentiaires se d\u00e9roulera sans document papier. Aucun document papier ne sera fourni. Les documents de la PP-22 seront publi\u00e9s sur le site web de la Conf\u00e9rence conform\u00e9ment \u00e0 la&nbsp;<a href=\"https:\/\/www.itu.int\/fr\/access-policy\/Pages\/default.aspx\" target=\"_blank\" data-type=\"URL\" rel=\"noreferrer noopener\">politique de l\u2019UIT en mati\u00e8re d\u2019acc\u00e8s \u00e0 l\u2019information\/aux documents<\/a><a href=\"https:\/\/www.itu.int\/fr\/access-policy\/Pages\/default.aspx\" target=\"_blank\" rel=\"noreferrer noopener\">, <\/a>&nbsp;telle qu\u2019approuv\u00e9e par la PP-18.&nbsp;  <\/p>\n<\/div><\/div>\n\n<div class=\"ituContainer grid\"><div data-span=\"12\">\n<ul class=\"wp-block-list\"><li><a href=\"https:\/\/www.itu.int\/pub\/S-CONF-ACTF-2022\" target=\"_blank\" rel=\"noopener\">Actes Finals<\/a><\/li><li><a href=\"https:\/\/www.itu.int\/md\/S22-PP-C\/fr\" target=\"_blank\" rel=\"noreferrer noopener\">Contributions\/Rapports (C)<\/a>: (6 langues)\u00a0<ul><li><a href=\"https:\/\/pp22.itu.int\/fr\/elections\/candidates\/\" data-type=\"URL\" data-id=\"https:\/\/pp22.itu.int\/fr\/elections\/candidates\/\" target=\"_blank\" rel=\"noreferrer noopener\">Candidatures<\/a><\/li><\/ul><ul><li><a href=\"https:\/\/www.itu.int\/net4\/proposals\/PP22#\" data-type=\"URL\" data-id=\"https:\/\/www.itu.int\/net4\/proposals\/PP22#\" target=\"_blank\" rel=\"noopener\">Syst\u00e8me de gestion des propositions sur le web<\/a><\/li><\/ul><ul><li><a href=\"https:\/\/www.itu.int\/md\/meetingdoc.asp?parent=S22-PP-C&amp;class=PROP&amp;lang=fr\" target=\"_blank\" rel=\"noopener\">Propositions des \u00c9tats Membres<\/a><\/li><\/ul><ul><li><a href=\"https:\/\/www.itu.int\/md\/meetingdoc.asp?parent=S22-PP-C&amp;class=MINS\" data-type=\"URL\" data-id=\"https:\/\/www.itu.int\/md\/meetingdoc.asp?parent=S22-PP-C&amp;class=MINS\" target=\"_blank\" rel=\"noopener\">Proc\u00e8s-verbaux des r\u00e9unions pl\u00e9ni\u00e8res<\/a>\u00a0<\/li><\/ul><\/li><\/ul>\n<\/div><\/div>\n\n<div class=\"ituContainer grid\"><div data-span=\"12\">\n<ul class=\"wp-block-list\"><li><a href=\"https:\/\/www.itu.int\/md\/S22-PP-ADM\/fr\" target=\"_blank\" rel=\"noreferrer noopener\">Documents administratifs (ADM)<\/a>: calendrier, programme, ordres du jour, etc. \u2013 en anglais uniquement. <\/li><li><a href=\"https:\/\/www.itu.int\/md\/S22-PP-INF\/fr\" target=\"_blank\" rel=\"noreferrer noopener\">Documents d&rsquo;information (INF)<\/a>: pour information seulement, et non pour examen \u2013 en anglais uniquement.<\/li><li><a href=\"https:\/\/www.itu.int\/md\/S22-PP-220926-TD\/fr\" data-type=\"URL\" data-id=\"https:\/\/www.itu.int\/md\/S22-PP-220926-TD\/fr\" target=\"_blank\" rel=\"noopener\">Documents temporaires (DT)<\/a>: documents de travail \u2013 publi\u00e9s dans leur langue originale seulement, \u00e0 moins que leur contenu ne pr\u00e9sente un int\u00e9r\u00eat pour les Actes finals. <\/li><li><a href=\"https:\/\/www.itu.int\/md\/S22-PP-220926-DL\/fr\" data-type=\"URL\" data-id=\"https:\/\/www.itu.int\/md\/S22-PP-220926-DL\/fr\" target=\"_blank\" rel=\"noopener\">Documents temporaires \u2013 Distribution limit\u00e9e (DL)<\/a>: projets de document de travail destin\u00e9s \u00e0 un public restreint \u2013 publi\u00e9s dans leur langue originale seulement.<\/li><\/ul>\n<\/div><\/div>\n\n<div class=\"ituContainer grid\"><div data-span=\"12\">\n<p class=\"wp-block-paragraph\"><\/p>\n<\/div><\/div>\n\n<div class=\"ituContainer grid\"><div data-span=\"12\">\n<p class=\"wp-block-paragraph\">    <\/p>\n<\/div><\/div>\n\n<div class=\"ituContainer grid\"><div data-span=\"12\">\n<p class=\"wp-block-paragraph\"><\/p>\n<\/div><\/div>\n\n<div class=\"ituContainer grid\"><div data-span=\"12\">\n<p class=\"wp-block-paragraph\"><\/p>\n<\/div><\/div>","protected":false},"excerpt":{"rendered":"<p>Conform\u00e9ment \u00e0 la D\u00e9cision 5 (R\u00e9v. Duba\u00ef, 2018) de la PP et en vertu de la d\u00e9cision prise par le Conseil \u00e0 sa session de 2017, la Conf\u00e9rence de pl\u00e9nipotentiaires se d\u00e9roulera sans document papier. Aucun document papier ne sera fourni. Les documents de la PP-22 seront publi\u00e9s sur le site web de la Conf\u00e9rence [&hellip;]<\/p>\n","protected":false},"author":4,"featured_media":0,"parent":1857,"menu_order":0,"comment_status":"closed","ping_status":"closed","template":"page-submenu.php","meta":{"_crdt_document":"","footnotes":""},"class_list":["post-8695","page","type-page","status-publish","hentry"],"_links":{"self":[{"href":"https:\/\/itu-app42372.pagelyhosting.com\/fr\/wp-json\/wp\/v2\/pages\/8695","targetHints":{"allow":["GET"]}}],"collection":[{"href":"https:\/\/itu-app42372.pagelyhosting.com\/fr\/wp-json\/wp\/v2\/pages"}],"about":[{"href":"https:\/\/itu-app42372.pagelyhosting.com\/fr\/wp-json\/wp\/v2\/types\/page"}],"author":[{"embeddable":true,"href":"https:\/\/itu-app42372.pagelyhosting.com\/fr\/wp-json\/wp\/v2\/users\/4"}],"replies":[{"embeddable":true,"href":"https:\/\/itu-app42372.pagelyhosting.com\/fr\/wp-json\/wp\/v2\/comments?post=8695"}],"version-history":[{"count":0,"href":"https:\/\/itu-app42372.pagelyhosting.com\/fr\/wp-json\/wp\/v2\/pages\/8695\/revisions"}],"up":[{"embeddable":true,"href":"https:\/\/itu-app42372.pagelyhosting.com\/fr\/wp-json\/wp\/v2\/pages\/1857"}],"wp:attachment":[{"href":"https:\/\/itu-app42372.pagelyhosting.com\/fr\/wp-json\/wp\/v2\/media?parent=8695"}],"curies":[{"name":"wp","href":"https:\/\/api.w.org\/{rel}","templated":true}]}}