
{"id":7799,"date":"2022-06-09T19:55:51","date_gmt":"2022-06-09T19:55:51","guid":{"rendered":"https:\/\/itu-app42372.pagelyhosting.com\/a-propos\/processus-preparatoire\/"},"modified":"2022-07-22T12:05:25","modified_gmt":"2022-07-22T12:05:25","slug":"pp-preparatory","status":"publish","type":"page","link":"https:\/\/itu-app42372.pagelyhosting.com\/fr\/about\/pp-preparatory\/","title":{"rendered":"Processus pr\u00e9paratoire"},"content":{"rendered":"<div class=\"ituContainer grid\"><div data-span=\"12\">\n<h2 class=\"wp-block-heading\">Processus pr\u00e9paratoire de la PP<\/h2>\n<\/div><\/div>\n\n    <div class=\"ituContainer grid\">\n        <div data-span=\"12\">\n                            <div class=\"ituContainer grid\"><div data-span=\"12\">\n<p class=\"wp-block-paragraph\">\u00c0 sa session de 2021, le Conseil est convenu de renforcer le processus pr\u00e9paratoire interr\u00e9gional et de tenir des r\u00e9unions pr\u00e9paratoires interr\u00e9gionales. <\/p>\n<\/div><\/div>                            <div class=\"ituContainer grid\"><div data-span=\"12\">\n<p class=\"wp-block-paragraph\">La <strong>premi\u00e8re r\u00e9union pr\u00e9paratoire interr\u00e9gionale<\/strong> informelle en vue de la PP-22 s&rsquo;est tenue le lundi 28 mars 2022, de 13 heures \u00e0 14 h 30, au si\u00e8ge de l&rsquo;UIT. Les coordonnateurs r\u00e9gionaux et les pr\u00e9sidents des groupes de pr\u00e9paration ont particip\u00e9 \u00e0 cette premi\u00e8re r\u00e9union, pr\u00e9sid\u00e9e par M. Sabin S\u0103rma\u0219, Pr\u00e9sident d\u00e9sign\u00e9 de la PP-22. La possibilit\u00e9 de participer \u00e0 distance a \u00e9t\u00e9 assur\u00e9e. Tous les groupes r\u00e9gionaux \u00e9taient repr\u00e9sent\u00e9s et ont pr\u00e9sent\u00e9 les pr\u00e9paratifs engag\u00e9s dans leur r\u00e9gion. L&rsquo;<a href=\"\" data-type=\"\" data-id=\"\" target=\"\" rel=\"noopener\">APT<\/a> et la <a href=\"\" data-type=\"\" data-id=\"\" target=\"\" rel=\"noopener\">CEPT<\/a> ont en outre diffus\u00e9 des diapositives pendant la r\u00e9union.    <\/p>\n<\/div><\/div>                            <div class=\"ituContainer grid\"><div data-span=\"12\">\n<p class=\"wp-block-paragraph\">La <strong>deuxi\u00e8me r\u00e9union pr\u00e9paratoire interr\u00e9gionale informelle<\/strong> s&rsquo;est tenue le dimanche 5 juin 2022, de 13 h 30 \u00e0 16 h 30 \u00e0 Kigali (Rwanda), la participation \u00e0 distance \u00e9tant assur\u00e9e. Tous les groupes r\u00e9gionaux \u00e9taient repr\u00e9sent\u00e9s et ont fait le point sur l&rsquo;avancement des pr\u00e9paratifs dans leur r\u00e9gion. Leurs pr\u00e9sentations peuvent \u00eatre consult\u00e9es: <a href=\"\" data-type=\"\" data-id=\"\" target=\"\" rel=\"noopener\">APT<\/a>, <a href=\"\" data-type=\"\" data-id=\"\" target=\"\" rel=\"noopener\">ATU<\/a>, <a href=\"\" data-type=\"\" data-id=\"\" target=\"\" rel=\"noopener\">CEPT<\/a>, <a href=\"\" data-type=\"\" data-id=\"\" target=\"\" rel=\"noopener\">RCC<\/a>, <a href=\"\" data-type=\"\" data-id=\"\" target=\"\" rel=\"noopener\">\u00c9tats arabes<\/a> et <a href=\"\" data-type=\"\" data-id=\"\" target=\"\" rel=\"noopener\">CITEL<\/a>.   <\/p>\n<\/div><\/div>                            <div class=\"ituContainer grid\"><div data-span=\"12\">\n<p class=\"wp-block-paragraph\">La <strong>troisi\u00e8me r\u00e9union pr\u00e9paratoire interr\u00e9gionale informelle<\/strong> se tiendra le mardi 30 et le mercredi 31 ao\u00fbt 2022, \u00e0 Riyad (Arabie saoudite). Il sera possible d&rsquo;y participer \u00e0 distance. <\/p>\n<\/div><\/div>                            <div class=\"ituContainer grid\"><div data-span=\"12\">\n<h2 class=\"wp-block-heading\">Informations g\u00e9n\u00e9rales importantes<\/h2>\n<\/div><\/div>                            <div class=\"ituContainer grid\"><div data-span=\"12\">\n<p class=\"wp-block-paragraph\">Pour que vous puissiez vous pr\u00e9parer \u00e0 participer efficacement \u00e0 la Conf\u00e9rence de pl\u00e9nipotentiaires de 2022, les pr\u00e9sentations ci-dessous ont \u00e9t\u00e9 mises au point:<\/p>\n<\/div><\/div>                                <section>\n                    <div class=\"ituContainer grid mb1\">\n                    <a class=\"ituCard anim\" data-span=\"6\" href=\"https:\/\/www.itu.int\/pp22\/wp-content\/uploads\/2022\/06\/PP-22_presentation-f.pdf\" target=\"_blank\" rel=\"noopener noreferrer\">\n        <div class=\"content\">\n            <div class=\"main ituIcnLnk docList\">\n                <i class=\"fal fa-file\"><\/i><span>pdf<\/span>Pr\u00e9sentation de la PP-22            <\/div>\n        <\/div>\n    <\/a>\n            <\/div>\n                    <div class=\"ituContainer grid mb1\">\n                    <a class=\"ituCard anim\" data-span=\"6\" href=\"https:\/\/www.itu.int\/pp22\/wp-content\/uploads\/2022\/06\/PP-22_election-process-f.pdf\" target=\"_blank\" rel=\"noopener noreferrer\">\n        <div class=\"content\">\n            <div class=\"main ituIcnLnk docList\">\n                <i class=\"fal fa-file\"><\/i><span>pdf<\/span>Explication de la proc\u00e9dure d&rsquo;\u00e9lection \u00e0 l&rsquo;UIT            <\/div>\n        <\/div>\n    <\/a>\n            <\/div>\n                    <div class=\"ituContainer grid mb1\">\n                    <a class=\"ituCard anim\" data-span=\"6\" href=\"https:\/\/www.itu.int\/pp22\/wp-content\/uploads\/2022\/06\/PP-22_document_process-f.pdf\" target=\"_blank\" rel=\"noopener noreferrer\">\n        <div class=\"content\">\n            <div class=\"main ituIcnLnk docList\">\n                <i class=\"fal fa-file\"><\/i><span>pdf<\/span>Explication du processus de gestion des documents            <\/div>\n        <\/div>\n    <\/a>\n            <\/div>\n                    <div class=\"ituContainer grid mb1\">\n                    <a class=\"ituCard anim\" data-span=\"6\" href=\"https:\/\/itu-app42372.pagelyhosting.com\/wp-content\/uploads\/2022\/06\/PP-22_drafting-resolutions.pdf\" target=\"_blank\" rel=\"noopener noreferrer\">\n        <div class=\"content\">\n            <div class=\"main ituIcnLnk docList\">\n                <i class=\"fal fa-file\"><\/i><span>pdf<\/span>\u00c9laboration des R\u00e9solutions de l&rsquo;UIT            <\/div>\n        <\/div>\n    <\/a>\n            <\/div>\n                    <div class=\"ituContainer grid mb1\">\n                    <a class=\"ituCard anim\" data-span=\"6\" href=\"https:\/\/itu-app42372.pagelyhosting.com\/wp-content\/uploads\/2022\/07\/PP-22-final-days-f.pdf\" target=\"_blank\" rel=\"noopener noreferrer\">\n        <div class=\"content\">\n            <div class=\"main ituIcnLnk docList\">\n                <i class=\"fal fa-file\"><\/i><span>pdf<\/span>Derniers jours de la Conf\u00e9rence            <\/div>\n        <\/div>\n    <\/a>\n            <\/div>\n                    <div class=\"ituContainer grid mb1\">\n                    <a class=\"ituCard anim\" data-span=\"6\" href=\"https:\/\/itu-app42372.pagelyhosting.com\/wp-content\/uploads\/2022\/06\/PP-22_how-ITU-is-funded.pdf\" target=\"_blank\" rel=\"noopener noreferrer\">\n        <div class=\"content\">\n            <div class=\"main ituIcnLnk docList\">\n                <i class=\"fal fa-file\"><\/i><span>pdf<\/span>Comment l&rsquo;UIT est-elle financ\u00e9e?            <\/div>\n        <\/div>\n    <\/a>\n            <\/div>\n                    <div class=\"ituContainer grid mb1\">\n                    <a class=\"ituCard anim\" data-span=\"6\" href=\"https:\/\/itu-app42372.pagelyhosting.com\/wp-content\/uploads\/2022\/07\/right-to-vote.pdf\" target=\"_blank\" rel=\"noopener noreferrer\">\n        <div class=\"content\">\n            <div class=\"main ituIcnLnk docList\">\n                <i class=\"fal fa-file\"><\/i><span>pdf<\/span>Droit de vote            <\/div>\n        <\/div>\n    <\/a>\n            <\/div>\n            <\/section>\n                    <\/div>\n    <\/div>\n\n\n<div class=\"ituContainer grid\"><div data-span=\"12\">\n<h2 class=\"wp-block-heading\">R\u00e9unions pr\u00e9paratoires r\u00e9gionales<\/h2>\n<\/div><\/div>\n\n<div class=\"ituContainer grid\"><div data-span=\"12\">\n<figure class=\"wp-block-table\"><table><thead><tr><th>R\u00e9gion<\/th><th>R\u00e9unions<\/th><th>Site web<\/th><\/tr><\/thead><tbody><tr><td>R\u00e9unions pr\u00e9paratoires de la T\u00e9l\u00e9communaut\u00e9 Asie-Pacifique (APT)<\/td><td> <ul><li>1er juillet 2021, 1\u00e8re r\u00e9union du Groupe de pr\u00e9paration de l&rsquo;APT en vue de la PP-22 (APT PP22-1), virtuelle<\/li> <li>15-17 f\u00e9vrier 2022, 2\u00e8me r\u00e9union du Groupe de pr\u00e9paration de l&rsquo;APT en vue de la PP-22 (APT PP22-2), virtuelle <\/li> <li>9-12 mai 2022, 3\u00e8me r\u00e9union du Groupe de pr\u00e9paration de l&rsquo;APT en vue de la PP-22 (APT PP22-3), Tokyo (Japon)<\/li> <li> 1er-5 ao\u00fbt 2022, 4\u00e8me r\u00e9union du Groupe de pr\u00e9paration de l&rsquo;APT en vue de la PP-22 (APT PP22-4), Bangkok (Tha\u00eflande)<\/li><\/ul><\/td><td><a rel=\"noreferrer noopener\" href=\"https:\/\/www.apt.int\/\" data-type=\"URL\" data-id=\"https:\/\/www.apt.int\/\" target=\"_blank\" class=\"itu-button\">Site web de l&rsquo;APT<\/a><\/td><\/tr><tr><td>R\u00e9unions pr\u00e9paratoires de la r\u00e9gion des \u00c9tats arabes<\/td><td> <ul><li>23 septembre 2021, 1\u00e8re r\u00e9union, virtuelle<\/li><\/ul><ul><li>23-25 novembre 2021, 2\u00e8me r\u00e9union, virtuelle<\/li> <li>25-27 janvier 2022, 3\u00e8me r\u00e9union, virtuelle<\/li> <li>25-28 juillet 2022, 4\u00e8me r\u00e9union, Abu Dhabi (\u00c9mirats arabes unis)<\/li> <li>28-31 ao\u00fbt 2022, 5\u00e8me r\u00e9union, Riyad (Arabie saoudite)<\/li><\/ul> <\/td><td><\/td><\/tr><tr><td>R\u00e9unions pr\u00e9paratoires de l&rsquo;Union africaine des t\u00e9l\u00e9communications (UAT)<\/td><td> <ul><li>5-6 ao\u00fbt 2021, 1\u00e8re r\u00e9union pr\u00e9paratoire africaine en vue de la Conf\u00e9rence de pl\u00e9nipotentiaires (PP-22) de l&rsquo;UIT, tenue virtuellement \u00e0 l&rsquo;invitation de l&rsquo;Afrique du Sud<\/li> <li>30 mai-1er juin 2022, 2\u00e8me r\u00e9union pr\u00e9paratoire africaine en vue de la Conf\u00e9rence de pl\u00e9nipotentiaires (PP-22) de l&rsquo;UIT<\/li><\/ul><ul><li>18-19 juillet 2022, 3\u00e8me et derni\u00e8re r\u00e9union pr\u00e9paratoire africaine en vue de la Conf\u00e9rence de pl\u00e9nipotentiaires (PP-22) de l&rsquo;UIT<\/li><\/ul> <\/td><td><a rel=\"noreferrer noopener\" href=\"https:\/\/atuuat.africa\/\" target=\"_blank\" class=\"itu-button\">Site web de l&rsquo;UAT<\/a><\/td><\/tr><tr><td>R\u00e9unions pr\u00e9paratoires de la Conf\u00e9rence europ\u00e9enne des administrations des postes et t\u00e9l\u00e9communications (CEPT)<\/td><td>  <ul><li>1er-3 mars 2021, 1\u00e8re r\u00e9union de l&rsquo;\u00e9quipe de projet du Comit\u00e9 Com-UIT de la CEPT en vue de la PP-22, virtuelle<\/li> <li>5-7 mai 2021, 2\u00e8me r\u00e9union de l&rsquo;\u00e9quipe de projet du Comit\u00e9 Com-UIT de la CEPT en vue de la PP-22, virtuelle<\/li> <li>21-23 juin 2021, 3\u00e8me r\u00e9union de l&rsquo;\u00e9quipe de projet du Comit\u00e9 Com-UIT de la CEPT en vue de la PP-22, virtuelle<\/li> <li>13-15 septembre 2021, 4\u00e8me r\u00e9union de l&rsquo;\u00e9quipe de projet du Comit\u00e9 Com-UIT de la CEPT en vue de la PP-22, virtuelle<\/li> <li>22-24 novembre 2021, 5\u00e8me r\u00e9union de l&rsquo;\u00e9quipe de projet du Comit\u00e9 Com-UIT de la CEPT en vue de la PP-22, virtuelle<\/li> <li>25-27 janvier 2022, 6\u00e8me r\u00e9union de l&rsquo;\u00e9quipe de projet du Comit\u00e9 Com-UIT de la CEPT en vue de la PP-22, virtuelle<\/li> <li>15-17 f\u00e9vrier 2022, 7\u00e8me r\u00e9union de l&rsquo;\u00e9quipe de projet du Comit\u00e9 Com-UIT de la CEPT en vue de la PP-22, r\u00e9union hybride, Copenhague (Danemark)<\/li> <li>17-20 mai 2022, 8\u00e8me r\u00e9union de l&rsquo;\u00e9quipe de projet du Comit\u00e9 Com-UIT de la CEPT en vue de la PP-22, r\u00e9union hybride, Londres (Royaume-Uni)<\/li> <li>4-7 juillet 2022, 9\u00e8me r\u00e9union de l&rsquo;\u00e9quipe de projet du Comit\u00e9 Com-UIT de la CEPT en vue de la PP-22, r\u00e9union hybride, Allemagne <\/li> <\/ul>  <\/td><td><a href=\"https:\/\/www.cept.org\/com-itu\" target=\"_blank\" rel=\"noreferrer noopener\" class=\"itu-button\">Site web de la CEPT<\/a><\/td><\/tr><tr><td>R\u00e9unions pr\u00e9paratoires de la Commission interam\u00e9ricaine des t\u00e9l\u00e9communications (CITEL)<\/td><td> <ul><li>1er-3 d\u00e9cembre 2021, COM\/CITEL + WGPP (1\u00e8re r\u00e9union en vue de la PP-22), virtuelle <\/li> <li> 16-18 f\u00e9vrier 2022, Assembl\u00e9e de la CITEL\/COM\/CITEL\/WGPP (2\u00e8me r\u00e9union en vue de la PP-22), Colombie <\/li><\/ul><ul><li>5-9 avril 2022, 40 PCC.I + WGPP (3\u00e8me r\u00e9union en vue de la PP-22), modalit\u00e9 \u00e0 d\u00e9terminer<\/li> <li>11-15 juillet 2022, 41 PCC.I, + WGPP (4\u00e8me r\u00e9union en vue de la PP-22), Washington D.C.<\/li>               <li>21-22 septembre 2022, WGPP (derni\u00e8re r\u00e9union en vue de la PP-22 ), virtuelle<\/li><\/ul> <\/td><td><a href=\"https:\/\/www.citel.oas.org\/en\/Pages\/default.aspx\" target=\"_blank\" rel=\"noreferrer noopener\" class=\"itu-button\">Site web de la CITEL<\/a><\/td><\/tr><tr><td>R\u00e9unions pr\u00e9paratoires de la Communaut\u00e9 r\u00e9gionale des communications (RCC)<\/td><td> <ul><li>25-26 ao\u00fbt 2021, 31\u00e8me r\u00e9union du Groupe de travail sur la collaboration avec l&rsquo;UIT<\/li> <li> 27 ao\u00fbt 2021, 40\u00e8me r\u00e9union de la Commission de la RCC sur la coop\u00e9ration internationale <\/li> <li>19-22 octobre 2021, 32\u00e8me r\u00e9union du Groupe de travail sur la collaboration avec l&rsquo;UIT 13 d\u00e9cembre 2021, 41\u00e8me\/33\u00e8me r\u00e9union conjointe de la Commission de la RCC sur la coop\u00e9ration internationale et du Groupe de travail sur la collaboration avec l&rsquo;UIT <\/li><\/ul><ul><li>14 f\u00e9vrier 2022, r\u00e9union conjointe de la Commission de la RCC sur la coop\u00e9ration internationale et du Groupe de travail sur la collaboration avec l&rsquo;UIT <\/li><\/ul><ul><li>26-27 avril 2022, 36\u00e8me r\u00e9union Groupe de travail sur la collaboration avec l&rsquo;UIT (virtuelle)<\/li><\/ul><ul><li>29 avril 2022, 43\u00e8me\/47\u00e8me r\u00e9union conjointe de la Commission de la RCC sur la coop\u00e9ration internationale et du Groupe de travail sur la collaboration avec l&rsquo;UIT<\/li><\/ul><\/td><td>\n              <a href=\"https:\/\/en.rcc.org.ru\/\" target=\"_blank\" rel=\"noreferrer noopener\" class=\"itu-button\">Site web de la RCC<\/a>\n            <\/td><\/tr><\/tbody><\/table><\/figure>\n<\/div><\/div>\n\n<div class=\"ituContainer grid\"><div data-span=\"12\">\n<p class=\"wp-block-paragraph\"><\/p>\n<\/div><\/div>","protected":false},"excerpt":{"rendered":"<p>Processus pr\u00e9paratoire de la PP R\u00e9unions pr\u00e9paratoires r\u00e9gionales R\u00e9gion R\u00e9unions Site web R\u00e9unions pr\u00e9paratoires de la T\u00e9l\u00e9communaut\u00e9 Asie-Pacifique (APT) 1er juillet 2021, 1\u00e8re r\u00e9union du Groupe de pr\u00e9paration de l&rsquo;APT en vue de la PP-22 (APT PP22-1), virtuelle 15-17 f\u00e9vrier 2022, 2\u00e8me r\u00e9union du Groupe de pr\u00e9paration de l&rsquo;APT en vue de la PP-22 (APT [&hellip;]<\/p>\n","protected":false},"author":2,"featured_media":0,"parent":671,"menu_order":1,"comment_status":"closed","ping_status":"closed","template":"page-submenu.php","meta":{"_crdt_document":"","footnotes":""},"class_list":["post-7799","page","type-page","status-publish","hentry"],"_links":{"self":[{"href":"https:\/\/itu-app42372.pagelyhosting.com\/fr\/wp-json\/wp\/v2\/pages\/7799","targetHints":{"allow":["GET"]}}],"collection":[{"href":"https:\/\/itu-app42372.pagelyhosting.com\/fr\/wp-json\/wp\/v2\/pages"}],"about":[{"href":"https:\/\/itu-app42372.pagelyhosting.com\/fr\/wp-json\/wp\/v2\/types\/page"}],"author":[{"embeddable":true,"href":"https:\/\/itu-app42372.pagelyhosting.com\/fr\/wp-json\/wp\/v2\/users\/2"}],"replies":[{"embeddable":true,"href":"https:\/\/itu-app42372.pagelyhosting.com\/fr\/wp-json\/wp\/v2\/comments?post=7799"}],"version-history":[{"count":0,"href":"https:\/\/itu-app42372.pagelyhosting.com\/fr\/wp-json\/wp\/v2\/pages\/7799\/revisions"}],"up":[{"embeddable":true,"href":"https:\/\/itu-app42372.pagelyhosting.com\/fr\/wp-json\/wp\/v2\/pages\/671"}],"wp:attachment":[{"href":"https:\/\/itu-app42372.pagelyhosting.com\/fr\/wp-json\/wp\/v2\/media?parent=7799"}],"curies":[{"name":"wp","href":"https:\/\/api.w.org\/{rel}","templated":true}]}}