
{"id":5701,"date":"2022-04-05T09:44:37","date_gmt":"2022-04-05T09:44:37","guid":{"rendered":"https:\/\/itu-app42372.pagelyhosting.com\/a-propos\/pp-verte\/"},"modified":"2022-08-18T08:47:17","modified_gmt":"2022-08-18T08:47:17","slug":"greening-the-pp","status":"publish","type":"page","link":"https:\/\/itu-app42372.pagelyhosting.com\/fr\/about\/greening-the-pp\/","title":{"rendered":"PP verte"},"content":{"rendered":"    <div class=\"ituContainer grid\">\n        <div data-span=\"12\">\n                            <div class=\"ituContainer grid\"><div data-span=\"12\">\n<p class=\"wp-block-paragraph\">La Strat\u00e9gie de gestion de la durabilit\u00e9 environnementale dans le syst\u00e8me des Nations Unies 2020\u20112030 vise \u00e0 ce que toutes les grandes manifestations organis\u00e9es par les entit\u00e9s des Nations Unies soient durables et climatiquement neutres. L\u2019UIT a commenc\u00e9 \u00e0 prendre des mesures pour atteindre cet objectif et a mis en \u0153uvre des initiatives visant \u00e0 am\u00e9liorer le bilan \u00e9cologique des manifestations organis\u00e9es r\u00e9cemment et pr\u00e9voit d\u2019int\u00e9grer syst\u00e9matiquement des consid\u00e9rations d\u2019ordre environnemental et social pour toutes ses manifestations futures. <\/p>\n<\/div><\/div>                            <div class=\"ituContainer grid\"><div data-span=\"12\">\n<p class=\"wp-block-paragraph\">Avec le concours du Gouvernement de la Roumanie, voici comment nous nous effor\u00e7ons de rendre la PP-22 \u00e9coresponsable &#8211; et comment vous pouvez apporter votre pierre \u00e0 l&rsquo;\u00e9difice!<\/p>\n<\/div><\/div>                            <div class=\"ituContainer grid\"><div data-span=\"12\">\n<p class=\"wp-block-paragraph\">Pour en savoir plus sur la mani\u00e8re dont la Roumanie s&rsquo;est engag\u00e9e \u00e0 lutter contre les changements climatiques et \u00e0 poursuivre un d\u00e9veloppement \u00e0 faible \u00e9mission de carbone, veuillez consulter la <a href=\"http:\/\/mmediu.ro\/articol\/strategia-nationale-privind-adaptarea-la-schimbarile-climatice-pentru-perioada-2022-2030-cu-perspectiva-anului-2050-snasc-si-a-planului-national-de-actiune-pentru-implementarea-strategiei-nationale-privind-adaptarea-la-schimbarile-climatice-pnasc\/5384\" target=\"_blank\" data-type=\"URL\" data-id=\"http:\/\/mmediu.ro\/articol\/strategia-nationale-privind-adaptarea-la-schimbarile-climatice-pentru-perioada-2022-2030-cu-perspectiva-anului-2050-snasc-si-a-planului-national-de-actiune-pentru-implementarea-strategiei-nationale-privind-adaptarea-la-schimbarile-climatice-pnasc\/5384\" rel=\"noreferrer noopener\">Strat\u00e9gie nationale sur les changements climatiques<\/a> \u00e9labor\u00e9e par le Minist\u00e8re de l&rsquo;environnement et des changements climatiques (MECC). <\/p>\n<\/div><\/div>                                <section>\n        <div class=\"ituContainer grid\">\n                                                        <a class=\"ituCard anim\" data-span=\"3\" href=\"https:\/\/itu-app42372.pagelyhosting.com\/fr\/travel\/\">\n                    <div class=\"content center\">\n                <div class=\"main\">\n                    <img decoding=\"async\" src=\"https:\/\/itu-app42372.pagelyhosting.com\/wp-content\/uploads\/2022\/07\/transport.svg\" class=\"icon\" alt=\"icon\" \/>\n                                            <p class=\"title\">Voyage<\/p>\n                                        <p><\/p>\n                <\/div>\n            <\/div>\n                    <\/a>\n    \n                                                        <a class=\"ituCard anim\" data-span=\"3\" href=\"https:\/\/https:\/\/itu-app42372.pagelyhosting.com\/fr\/accommodation\/\">\n                    <div class=\"content center\">\n                <div class=\"main\">\n                    <img decoding=\"async\" src=\"https:\/\/itu-app42372.pagelyhosting.com\/wp-content\/uploads\/2022\/07\/accommodation-icon.svg\" class=\"icon\" alt=\"icon\" \/>\n                                            <p class=\"title\">H\u00e9bergement<\/p>\n                                        <p><\/p>\n                <\/div>\n            <\/div>\n                    <\/a>\n    \n                                                        <a class=\"ituCard anim\" data-span=\"3\" href=\"https:\/\/https:\/\/itu-app42372.pagelyhosting.com\/fr\/local-transport\/\">\n                    <div class=\"content center\">\n                <div class=\"main\">\n                    <img decoding=\"async\" src=\"https:\/\/itu-app42372.pagelyhosting.com\/wp-content\/uploads\/2022\/07\/travel-icon.svg\" class=\"icon\" alt=\"icon\" \/>\n                                            <p class=\"title\">Transport local<\/p>\n                                        <p><\/p>\n                <\/div>\n            <\/div>\n                    <\/a>\n    \n                                                        <a class=\"ituCard anim\" data-span=\"3\" href=\"https:\/\/https:\/\/itu-app42372.pagelyhosting.com\/fr\/paperless\/\">\n                    <div class=\"content center\">\n                <div class=\"main\">\n                    <img decoding=\"async\" src=\"https:\/\/itu-app42372.pagelyhosting.com\/wp-content\/uploads\/2022\/07\/paperless.svg\" class=\"icon\" alt=\"icon\" \/>\n                                            <p class=\"title\">Manifestation sans document papier<\/p>\n                                        <p><\/p>\n                <\/div>\n            <\/div>\n                    <\/a>\n    \n                                                        <a class=\"ituCard anim\" data-span=\"3\" href=\"https:\/\/itu-app42372.pagelyhosting.com\/fr\/energy\/\">\n                    <div class=\"content center\">\n                <div class=\"main\">\n                    <img decoding=\"async\" src=\"https:\/\/itu-app42372.pagelyhosting.com\/wp-content\/uploads\/2022\/07\/energy-icon.svg\" class=\"icon\" alt=\"icon\" \/>\n                                            <p class=\"title\">\u00c9nergie<\/p>\n                                        <p><\/p>\n                <\/div>\n            <\/div>\n                    <\/a>\n    \n                                                        <a class=\"ituCard anim\" data-span=\"3\" href=\"https:\/\/itu-app42372.pagelyhosting.com\/fr\/food-and-beverage\/\">\n                    <div class=\"content center\">\n                <div class=\"main\">\n                    <img decoding=\"async\" src=\"https:\/\/itu-app42372.pagelyhosting.com\/wp-content\/uploads\/2022\/07\/food-and-beverage-icon.svg\" class=\"icon\" alt=\"icon\" \/>\n                                            <p class=\"title\">Boissons et nourriture<\/p>\n                                        <p><\/p>\n                <\/div>\n            <\/div>\n                    <\/a>\n    \n                                                        <a class=\"ituCard anim\" data-span=\"3\" href=\"https:\/\/itu-app42372.pagelyhosting.com\/fr\/waste\/\">\n                    <div class=\"content center\">\n                <div class=\"main\">\n                    <img decoding=\"async\" src=\"https:\/\/itu-app42372.pagelyhosting.com\/wp-content\/uploads\/2022\/07\/recycling-waste-icon.svg\" class=\"icon\" alt=\"icon\" \/>\n                                            <p class=\"title\">D\u00e9chets<\/p>\n                                        <p><\/p>\n                <\/div>\n            <\/div>\n                    <\/a>\n    \n                                                        <a class=\"ituCard anim\" data-span=\"3\" href=\"https:\/\/itu-app42372.pagelyhosting.com\/fr\/gifts\/\">\n                    <div class=\"content center\">\n                <div class=\"main\">\n                    <img decoding=\"async\" src=\"https:\/\/itu-app42372.pagelyhosting.com\/wp-content\/uploads\/2022\/07\/gifts.svg\" class=\"icon\" alt=\"icon\" \/>\n                                            <p class=\"title\">Cadeaux<\/p>\n                                        <p><\/p>\n                <\/div>\n            <\/div>\n                    <\/a>\n    \n                    <\/div>\n    <\/section>\n                            <div class=\"ituContainer grid\"><div data-span=\"12\">\n<p class=\"wp-block-paragraph\"><\/p>\n<\/div><\/div>                    <\/div>\n    <\/div>\n\n\n    <div class=\"ituContainer grid\">\n        <div data-span=\"12\">\n                    <\/div>\n    <\/div>\n","protected":false},"excerpt":{"rendered":"","protected":false},"author":2,"featured_media":11480,"parent":671,"menu_order":4,"comment_status":"closed","ping_status":"closed","template":"page-submenu.php","meta":{"_crdt_document":"","footnotes":""},"class_list":["post-5701","page","type-page","status-publish","has-post-thumbnail","hentry"],"_links":{"self":[{"href":"https:\/\/itu-app42372.pagelyhosting.com\/fr\/wp-json\/wp\/v2\/pages\/5701","targetHints":{"allow":["GET"]}}],"collection":[{"href":"https:\/\/itu-app42372.pagelyhosting.com\/fr\/wp-json\/wp\/v2\/pages"}],"about":[{"href":"https:\/\/itu-app42372.pagelyhosting.com\/fr\/wp-json\/wp\/v2\/types\/page"}],"author":[{"embeddable":true,"href":"https:\/\/itu-app42372.pagelyhosting.com\/fr\/wp-json\/wp\/v2\/users\/2"}],"replies":[{"embeddable":true,"href":"https:\/\/itu-app42372.pagelyhosting.com\/fr\/wp-json\/wp\/v2\/comments?post=5701"}],"version-history":[{"count":0,"href":"https:\/\/itu-app42372.pagelyhosting.com\/fr\/wp-json\/wp\/v2\/pages\/5701\/revisions"}],"up":[{"embeddable":true,"href":"https:\/\/itu-app42372.pagelyhosting.com\/fr\/wp-json\/wp\/v2\/pages\/671"}],"wp:featuredmedia":[{"embeddable":true,"href":"https:\/\/itu-app42372.pagelyhosting.com\/fr\/wp-json\/wp\/v2\/media\/11480"}],"wp:attachment":[{"href":"https:\/\/itu-app42372.pagelyhosting.com\/fr\/wp-json\/wp\/v2\/media?parent=5701"}],"curies":[{"name":"wp","href":"https:\/\/api.w.org\/{rel}","templated":true}]}}