
{"id":5699,"date":"2022-04-05T08:50:13","date_gmt":"2022-04-05T08:50:13","guid":{"rendered":"https:\/\/itu-app42372.pagelyhosting.com\/a-propos\/accessibilite\/"},"modified":"2022-06-20T15:48:50","modified_gmt":"2022-06-20T15:48:50","slug":"inclusive-pp","status":"publish","type":"page","link":"https:\/\/itu-app42372.pagelyhosting.com\/fr\/about\/inclusive-pp\/","title":{"rendered":"PP inclusive"},"content":{"rendered":"    <div class=\"ituContainer grid\">\n        <div data-span=\"12\">\n                            <div class=\"ituContainer grid\"><div data-span=\"12\">\n<p class=\"has-medium-font-size wp-block-paragraph\"><strong>Accessibilit\u00e9<\/strong><\/p>\n<\/div><\/div>                            <div class=\"ituContainer grid\"><div data-span=\"12\">\n<p class=\"wp-block-paragraph\">Pour permettre aux personnes handicap\u00e9es de participer pleinement \u00e0 la PP-22, l&rsquo;UIT et le pays h\u00f4te s&rsquo;engagent \u00e0 mettre \u00e0 leur disposition des am\u00e9nagements raisonnables. <\/p>\n<\/div><\/div>                            <div class=\"ituContainer grid\"><div data-span=\"12\">\n<p class=\"wp-block-paragraph\">Le site de la Conf\u00e9rence est, en r\u00e8gle g\u00e9n\u00e9rale, accessible aux personnes handicap\u00e9es. Les caract\u00e9ristiques d&rsquo;accessibilit\u00e9 et services correspondants disponibles sur les lieux de la Conf\u00e9rence comprendront, entre autres, le sous-titrage des principales s\u00e9ances, une signal\u00e9tique et des all\u00e9es r\u00e9serv\u00e9es aux personnes handicap\u00e9es.  <\/p>\n<\/div><\/div>                            <div class=\"ituContainer grid\"><div data-span=\"12\">\n<p class=\"wp-block-paragraph\">Toute demande suppl\u00e9mentaire de services d&rsquo;accessibilit\u00e9 peut \u00eatre faite au moment de l&rsquo;inscription ou en contactant directement <a href=\"mailto:%20sg-registration@itu.int\" data-type=\"mailto\" data-id=\"mailto: sg-registration@itu.int\">sg\u2011registration@itu.int<\/a>; ces demandes seront satisfaites en fonction des ressources disponibles.<\/p>\n<\/div><\/div>                    <\/div>\n    <\/div>\n    <div class=\"ituContainer grid\">\n        <div data-span=\"12\">\n                            <div class=\"ituContainer grid\"><div data-span=\"12\">\n<p class=\"has-medium-font-size wp-block-paragraph\"><strong>Int\u00e9gration du principe de l&rsquo;\u00e9galit\u00e9 hommes-femmes \u00e0 la PP<\/strong><\/p>\n<\/div><\/div>                            <div class=\"ituContainer grid\"><div data-span=\"12\">\n<p class=\"wp-block-paragraph\">En tant qu&rsquo;institution sp\u00e9cialis\u00e9e des Nations Unies pour les technologies de l&rsquo;information et de la communication (TIC), l&rsquo;UIT a pris l&rsquo;engagement de connecter tous les habitants de la plan\u00e8te, quel que soit l&rsquo;endroit o\u00f9 ils vivent et quels que soient leurs moyens. Dans ce contexte, le fait d&rsquo;int\u00e9grer le principe de l&rsquo;\u00e9galit\u00e9 hommes-femmes dans les travaux de l&rsquo;UIT est essentiel pour faire en sorte que les avantages des TIC soient accessibles \u00e0 toutes les femmes et \u00e0 tous les hommes, de mani\u00e8re juste et \u00e9quitable. <\/p>\n<\/div><\/div>                            <div class=\"ituContainer grid\"><div data-span=\"12\">\n<p class=\"wp-block-paragraph\">Pour donner suite \u00e0 la recommandation de la PP-18 de promouvoir la participation des femmes \u00e0 tous les processus d\u00e9cisionnels de l&rsquo;Union, avec l&rsquo;aide du pays h\u00f4te, l&rsquo;UIT oeuvre afin de faire de la PP une conf\u00e9rence int\u00e9grant le principe de l&rsquo;\u00e9galit\u00e9 hommes-femmes<\/p>\n<\/div><\/div>                            <div class=\"ituContainer grid\"><div data-span=\"12\">\n<p class=\"wp-block-paragraph\">Une manifestation int\u00e9grant le principe de l&rsquo;\u00e9galit\u00e9 hommes\/femmes est une manifestation qui vise \u00e0 promouvoir l&rsquo;\u00e9galit\u00e9 hommes\/femmes en mettant en \u0153uvre des mesures concernant l&rsquo;\u00e9tablissement de l&rsquo;ordre du jour, la participation, la gouvernance, l&rsquo;environnement de travail et la prise de d\u00e9cisions qui, lorsqu&rsquo;elles sont combin\u00e9es, peuvent constituer un syst\u00e8me permettant d&rsquo;acc\u00e9l\u00e9rer les progr\u00e8s sur la voie de l&rsquo;\u00e9galit\u00e9 hommes\/femmes, de parvenir \u00e0 cette \u00e9galit\u00e9 et de la pr\u00e9server, mais aussi d&rsquo;atteindre les Objectifs de d\u00e9veloppement durable \u00e0 l&rsquo;horizon 2030 (ODD 5), et de contribuer \u00e0 une soci\u00e9t\u00e9 inclusive assurant l&rsquo;\u00e9galit\u00e9 entre les hommes et les femmes.<\/p>\n<\/div><\/div>                            <div class=\"ituContainer grid\"><div data-span=\"12\">\n<p class=\"wp-block-paragraph\">Afin d&rsquo;atteindre cet objectif, une pr\u00e9sentation contenant une liste des points importants a \u00e9t\u00e9 \u00e9labor\u00e9e, qui porte sur tous les aspects que le secr\u00e9tariat de l&rsquo;UIT, le pays h\u00f4te et les \u00c9tats Membres doivent prendre en consid\u00e9ration avant, pendant et apr\u00e8s une Conf\u00e9rence de pl\u00e9nipotentiaires. Cette pr\u00e9sentation est accessible <a href=\"\" target=\"\" data-type=\"\" data-id=\"\" rel=\"noopener\">ici<\/a>. <\/p>\n<\/div><\/div>                            <div class=\"ituContainer grid\"><div data-span=\"12\">\n<p class=\"wp-block-paragraph\">Plusieurs mesures essentielles ont \u00e9t\u00e9 prises:<\/p>\n<\/div><\/div>                            <div class=\"ituContainer grid\"><div data-span=\"12\">\n<ul class=\"wp-block-list\"><li>Septembre 2021: Une lettre d&rsquo;invitation \u00e0 la Conf\u00e9rence a \u00e9t\u00e9 envoy\u00e9e par le Secr\u00e9taire g\u00e9n\u00e9ral de l&rsquo;UIT le 27 septembre 2021 (<a href=\"https:\/\/www.itu.int\/dms_pub\/itu-s\/md\/21\/sg\/cir\/S21-SG-CIR-0041!!PDF-E.pdf\" target=\"_blank\" rel=\"noopener\">CL-21\/41<\/a>), qui appelle \u00e0 faire en sorte qu&rsquo;au moins 35% des participants \u00e0 la PP-22 soient des femmes, qui repr\u00e9sentaient 29% des participants \u00e0 la PP-18.<\/li><li>Mars 2022: Les \u00c9tats Membres ont \u00e9t\u00e9 invit\u00e9s \u00e0 d\u00e9signer des d\u00e9l\u00e9gu\u00e9es devant participer \u00e0 un programme de formation en ligne en vue de la PP-22, organis\u00e9 avec l&rsquo;appui de l&rsquo;Australie (<a href=\"https:\/\/ituint.sharepoint.com\/sites\/PP-22WomenTrainingNetworking\/Shared%20Documents\/General\/Training\/01_Concept%20Note%20%26%20Invites\/S22-SG-CIR-0011!!PDF-E.pdf?CT=1652795464034&amp;OR=ItemsView\" target=\"_blank\" rel=\"noopener\">CL-22\/11<\/a>).<\/li><li>Mai 2022: Dans une optique de promotion, un <a href=\"https:\/\/itu-app42372.pagelyhosting.com\/wp-content\/uploads\/2022\/05\/PP-22-Advocacy-kit.pdf\">kit de sensibilisation<\/a> a \u00e9t\u00e9 \u00e9labor\u00e9, par lequel le secr\u00e9tariat de l&rsquo;UIT, le pays h\u00f4te, les \u00c9tats Membres et les d\u00e9l\u00e9gu\u00e9s sont invit\u00e9s \u00e0 aider \u00e0 faire en sorte que la PP-22 soit non seulement aussi respectueuse de l&rsquo;environnement et de l&rsquo;\u00e9galit\u00e9 hommes-femmes, mais aussi inclusive que possible.<\/li><li>Mai 2022: Un atelier de sensibilisation \u00e0 la s\u00e9curit\u00e9 \u00e0 l&rsquo;intention de toutes les femmes se rendant \u00e0 la PP-22 a \u00e9t\u00e9 organis\u00e9.<\/li><li>Mai 2022: Le programme de formation en ligne \u00e0 l&rsquo;intention des d\u00e9l\u00e9gu\u00e9es participant \u00e0 la PP-22 a commenc\u00e9. Plus de 120 femmes d\u00e9sign\u00e9es par leur \u00c9tat Membre ont suivi cette formation, qui s&rsquo;est d\u00e9roul\u00e9e de mai \u00e0 juin 2022 sur la plate-forme de l&rsquo;Acad\u00e9mie de l&rsquo;UIT et leur a permis d&rsquo;acqu\u00e9rir des connaissances sur l&rsquo;UIT et sa Conf\u00e9rence de pl\u00e9nipotentiaires, de participer \u00e0 des s\u00e9ances en direct, de d\u00e9velopper leurs r\u00e9seaux de relations, de mettre en pratique leurs comp\u00e9tences de n\u00e9gociation et de se familiariser avec le d\u00e9roulement de la Conf\u00e9rence pour pouvoir participer activement \u00e0 la PP-22. <\/li><li>Septembre 2022: Une r\u00e9ception (petit-d\u00e9jeuner) sera organis\u00e9e en marge de la PP-22 \u00e0 Bucarest, lors de la <sup>premi\u00e8re<\/sup>semaine, avec une table ronde de haut niveau visant \u00e0 montrer combien il est important que les femmes assument des fonctions de direction dans le secteur des TIC, \u00e0 leur permettre de continuer de d\u00e9velopper leurs r\u00e9seaux de relations et \u00e0 mettre \u00e0 l&rsquo;honneur les d\u00e9l\u00e9gu\u00e9es ayant suivi la formation en ligne.<\/li><\/ul>\n<\/div><\/div>                            <div class=\"ituContainer grid\"><div data-span=\"12\">\n<p class=\"wp-block-paragraph\">Des informations mises \u00e0 jour continueront \u00e0 \u00eatre publi\u00e9es.<\/p>\n<\/div><\/div>                            <div class=\"ituContainer grid\"><div data-span=\"12\">\n<p class=\"wp-block-paragraph\">Ressources suppl\u00e9mentaires<\/p>\n<\/div><\/div>                            <div class=\"ituContainer grid\"><div data-span=\"12\">\n<ul class=\"wp-block-list\"><li><a href=\"https:\/\/itu-app42372.pagelyhosting.com\/wp-content\/uploads\/2022\/05\/ITU-GEM-Policy-endorsed-2022.pdf\" target=\"_blank\" data-type=\"URL\" data-id=\"https:\/\/itu-app42372.pagelyhosting.com\/wp-content\/uploads\/2022\/05\/ITU-GEM-Policy-endorsed-2022.pdf\" rel=\"noreferrer noopener\">Politique de l&rsquo;UIT relative \u00e0 l&rsquo;\u00e9galit\u00e9 hommes\/femmes et \u00e0 l&rsquo;int\u00e9gration du principe de l&rsquo;\u00e9galit\u00e9 hommes\/femmes (GEM)<\/a><\/li><li>Politique de l&rsquo;UIT relative \u00e0 la lutte contre le harc\u00e8lement, y compris le harc\u00e8lement sexuel, l&rsquo;abus de pouvoir et la discrimination (<a href=\"https:\/\/itu-app42372.pagelyhosting.com\/wp-content\/uploads\/2022\/05\/SO-2022-003-en.pdf\" target=\"_blank\" data-type=\"URL\" data-id=\"https:\/\/itu-app42372.pagelyhosting.com\/wp-content\/uploads\/2022\/05\/SO-2022-003-en.pdf\" rel=\"noreferrer noopener\">Ordre de service N\u00b0 22\/03<\/a>)<\/li><li>Bureau de l&rsquo;\u00e9thique de l&rsquo;UIT: <a href=\"mailto:ethics@itu.int\">ethics@itu.int<\/a><\/li><li>Division de la s\u00e9curit\u00e9 et de la s\u00fbret\u00e9 de l&rsquo;UIT: <a href=\"mailto:security@itu.int\">security@itu.int<\/a><\/li><\/ul>\n<\/div><\/div>                    <\/div>\n    <\/div>\n","protected":false},"excerpt":{"rendered":"","protected":false},"author":2,"featured_media":0,"parent":671,"menu_order":3,"comment_status":"closed","ping_status":"closed","template":"page-submenu.php","meta":{"_crdt_document":"","footnotes":""},"class_list":["post-5699","page","type-page","status-publish","hentry"],"_links":{"self":[{"href":"https:\/\/itu-app42372.pagelyhosting.com\/fr\/wp-json\/wp\/v2\/pages\/5699","targetHints":{"allow":["GET"]}}],"collection":[{"href":"https:\/\/itu-app42372.pagelyhosting.com\/fr\/wp-json\/wp\/v2\/pages"}],"about":[{"href":"https:\/\/itu-app42372.pagelyhosting.com\/fr\/wp-json\/wp\/v2\/types\/page"}],"author":[{"embeddable":true,"href":"https:\/\/itu-app42372.pagelyhosting.com\/fr\/wp-json\/wp\/v2\/users\/2"}],"replies":[{"embeddable":true,"href":"https:\/\/itu-app42372.pagelyhosting.com\/fr\/wp-json\/wp\/v2\/comments?post=5699"}],"version-history":[{"count":0,"href":"https:\/\/itu-app42372.pagelyhosting.com\/fr\/wp-json\/wp\/v2\/pages\/5699\/revisions"}],"up":[{"embeddable":true,"href":"https:\/\/itu-app42372.pagelyhosting.com\/fr\/wp-json\/wp\/v2\/pages\/671"}],"wp:attachment":[{"href":"https:\/\/itu-app42372.pagelyhosting.com\/fr\/wp-json\/wp\/v2\/media?parent=5699"}],"curies":[{"name":"wp","href":"https:\/\/api.w.org\/{rel}","templated":true}]}}