
{"id":2676,"date":"2022-03-22T09:00:50","date_gmt":"2022-03-22T09:00:50","guid":{"rendered":"https:\/\/itu-app42372.pagelyhosting.com\/declarations-de-politique-generale\/guidelines\/"},"modified":"2022-07-13T07:13:12","modified_gmt":"2022-07-13T07:13:12","slug":"policy-statements-guidelines","status":"publish","type":"page","link":"https:\/\/itu-app42372.pagelyhosting.com\/fr\/policy-statements\/policy-statements-guidelines\/","title":{"rendered":"Lignes directrices"},"content":{"rendered":"    <div class=\"ituContainer grid\">\n        <div data-span=\"12\">\n                            <div class=\"ituContainer grid\"><div data-span=\"12\">\n<p class=\"wp-block-paragraph\">Au cours de la premi\u00e8re semaine de la Conf\u00e9rence de pl\u00e9nipotentiaires, du temps sera allou\u00e9 aux d\u00e9l\u00e9gu\u00e9s de haut rang des Etats Membres de l&rsquo;UIT, pour la plupart des <span style=\"text-decoration: underline\">Ministres responsables des t\u00e9l\u00e9communications\/TIC<\/span>, qui ont exprim\u00e9 leur souhait de faire, en s\u00e9ance pl\u00e9ni\u00e8re, des d\u00e9clarations de politique g\u00e9n\u00e9rale sur les missions et\/ou les objectifs de l&rsquo;Union.<\/p>\n<\/div><\/div>                            <div class=\"ituContainer grid\"><div data-span=\"12\">\n<p class=\"wp-block-paragraph\">Compte tenu du programme de travail tr\u00e8s charg\u00e9 de la PP-22 et du d\u00e9lai de trois semaines imparti pour achever les travaux, ces d\u00e9clarations de principe seront limit\u00e9es \u00e0 un intervenant par d\u00e9l\u00e9gation. Elles seront prononc\u00e9es \u00e0 partir de la premi\u00e8re s\u00e9ance pl\u00e9ni\u00e8re, dans l\u2019apr\u00e8s-midi du lundi 26 septembre, jusqu\u2019\u00e0 l\u2019apr\u00e8s-midi du vendredi 30 septembre. Jeudi et vendredi, des cr\u00e9neaux leur seront consacr\u00e9s en marge des \u00e9lections. Les cr\u00e9neaux sont distribu\u00e9s selon le principe du premier arriv\u00e9, premier servi, mais la priorit\u00e9 est donn\u00e9e aux hauts fonctionnaires des gouvernements, tels que les ministres, ainsi qu\u2019aux personnes pr\u00e9sentes sur place. Le d\u00e9l\u00e9gu\u00e9 <span style=\"text-decoration: underline\">prendra la parole depuis la tribune<\/span> et les d\u00e9clarations seront <span style=\"text-decoration: underline\">limit\u00e9es \u00e0 trois minutes<\/span>.<\/p>\n<\/div><\/div>                            <div class=\"ituContainer grid\"><div data-span=\"12\">\n<p class=\"wp-block-paragraph\">Des cr\u00e9neaux de parole peuvent \u00eatre demand\u00e9s <a href=\"https:\/\/itu-app42372.pagelyhosting.com\/fr\/policy-statements\/request-a-slot\/\" data-type=\"URL\" data-id=\"https:\/\/itu-app42372.pagelyhosting.com\/policy-statements\/request-a-slot\/\"><strong>ici<\/strong><\/a> \u00e0 l&rsquo;aide d&rsquo;un compte d&rsquo;utilisateur de l&rsquo;UIT ou d&rsquo;un compte TIES.<\/p>\n<\/div><\/div>                            <div class=\"ituContainer grid\"><div data-span=\"12\">\n<p class=\"wp-block-paragraph\">Les d\u00e9l\u00e9gations sont invit\u00e9es \u00e0 soumettre leurs d\u00e9clarations par \u00e9crit \u00e0 ppstatements@itu.int et sont encourag\u00e9es \u00e0 inclure une courte citation de la d\u00e9claration qui pourrait \u00eatre mise en exergue et diffus\u00e9e dans les m\u00e9dias et les canaux de communication de l&rsquo;UIT. Une fois prononc\u00e9es, les d\u00e9clarations seront mises en ligne sur le site Web de la PP-22. Il est rappel\u00e9 aux d\u00e9l\u00e9gations, qui sont invit\u00e9es \u00e0 diffuser \u00e9galement de leur c\u00f4t\u00e9 la d\u00e9claration de leur pays, que le hashtag officiel \u00e0 utiliser est #Plenipot.  <\/p>\n<\/div><\/div>                            <div class=\"ituContainer grid\"><div data-span=\"12\">\n<p class=\"wp-block-paragraph\">Les lignes directrices pour les d\u00e9clarations de politique g\u00e9n\u00e9rale sont disponibles <a href=\"https:\/\/itu-app42372.pagelyhosting.com\/wp-content\/uploads\/2022\/03\/PP22-guidelines-policy-statements.pdf\" target=\"_blank\" data-type=\"URL\" data-id=\"https:\/\/itu-app42372.pagelyhosting.com\/wp-content\/uploads\/2022\/03\/PP22-guidelines-policy-statements.pdf\" rel=\"noreferrer noopener\"><strong>ici<\/strong><\/a>. <\/p>\n<\/div><\/div>                    <\/div>\n    <\/div>\n","protected":false},"excerpt":{"rendered":"","protected":false},"author":4,"featured_media":0,"parent":2220,"menu_order":1,"comment_status":"closed","ping_status":"closed","template":"page-submenu.php","meta":{"_crdt_document":"","footnotes":""},"class_list":["post-2676","page","type-page","status-publish","hentry"],"_links":{"self":[{"href":"https:\/\/itu-app42372.pagelyhosting.com\/fr\/wp-json\/wp\/v2\/pages\/2676","targetHints":{"allow":["GET"]}}],"collection":[{"href":"https:\/\/itu-app42372.pagelyhosting.com\/fr\/wp-json\/wp\/v2\/pages"}],"about":[{"href":"https:\/\/itu-app42372.pagelyhosting.com\/fr\/wp-json\/wp\/v2\/types\/page"}],"author":[{"embeddable":true,"href":"https:\/\/itu-app42372.pagelyhosting.com\/fr\/wp-json\/wp\/v2\/users\/4"}],"replies":[{"embeddable":true,"href":"https:\/\/itu-app42372.pagelyhosting.com\/fr\/wp-json\/wp\/v2\/comments?post=2676"}],"version-history":[{"count":0,"href":"https:\/\/itu-app42372.pagelyhosting.com\/fr\/wp-json\/wp\/v2\/pages\/2676\/revisions"}],"up":[{"embeddable":true,"href":"https:\/\/itu-app42372.pagelyhosting.com\/fr\/wp-json\/wp\/v2\/pages\/2220"}],"wp:attachment":[{"href":"https:\/\/itu-app42372.pagelyhosting.com\/fr\/wp-json\/wp\/v2\/media?parent=2676"}],"curies":[{"name":"wp","href":"https:\/\/api.w.org\/{rel}","templated":true}]}}