
{"id":2337,"date":"2022-03-18T15:01:44","date_gmt":"2022-03-18T15:01:44","guid":{"rendered":"https:\/\/itu-app42372.pagelyhosting.com\/surete-et-securite\/"},"modified":"2022-09-02T08:25:48","modified_gmt":"2022-09-02T08:25:48","slug":"safety-and-security","status":"publish","type":"page","link":"https:\/\/itu-app42372.pagelyhosting.com\/fr\/safety-and-security\/","title":{"rendered":"S\u00fbret\u00e9 et s\u00e9curit\u00e9"},"content":{"rendered":"<div class=\"ituContainer grid\"><div data-span=\"12\">\n<p class=\"wp-block-paragraph\"><strong>Situation li\u00e9e au COVID-19 et conditions d&rsquo;entr\u00e9e en Roumanie<\/strong><\/p>\n<\/div><\/div>\n\n<div class=\"ituContainer grid\"><div data-span=\"12\">\n<p class=\"wp-block-paragraph\">Vous trouverez des informations actualis\u00e9es concernant la situation sanitaire et les conditions d&rsquo;entr\u00e9e en Roumanie sur le <a href=\"https:\/\/bucharestpp22.gov.ro\/frequently-asked-questions-faq\/\" data-type=\"URL\" data-id=\"https:\/\/bucharestpp22.gov.ro\/frequently-asked-questions-faq\/\" target=\"_blank\" rel=\"noopener\">site web du pays h\u00f4te<\/a> ainsi que sur le <a href=\"https:\/\/www.itu.int\/security\/covid19\" data-type=\"URL\" data-id=\"https:\/\/www.itu.int\/security\/covid19\" target=\"_blank\" rel=\"noopener\">site web de l&rsquo;UIT consacr\u00e9 aux mesures de protection contre le COVID-19<\/a>.<\/p>\n<\/div><\/div>\n\n<div class=\"ituContainer grid\"><div data-span=\"12\">\n<p class=\"wp-block-paragraph\"><strong>Probl\u00e8mes m\u00e9dicaux<\/strong><\/p>\n<\/div><\/div>\n\n<div class=\"ituContainer grid\"><div data-span=\"12\">\n<ul class=\"wp-block-list\"><li>Si vous souffrez de <strong>probl\u00e8mes m\u00e9dicaux sur le site de la Conf\u00e9rence<\/strong>, vous pouvez vous rendre au poste m\u00e9dical situ\u00e9 au point C1 de <strong>8 heures \u00e0 22 heures<\/strong>\u00a0(une ambulance et une \u00e9quipe m\u00e9dicale seront pr\u00e9sentes sur place 24 heures sur 24, 7 jours sur 7).<\/li><li>D&rsquo;autres postes m\u00e9dicaux seront accessibles dans les h\u00f4tels Marriott, Athenne Palace Hilton et Grand Hotel Bucharest.<\/li><li><strong>En cas d&rsquo;urgence m\u00e9dicale<\/strong>, veuillez composer le num\u00e9ro national <strong>112<\/strong>, en mentionnant le statut \u00ab\u00a0<strong>participant \u00e0 la PP-22<\/strong>\u00ab\u00a0.<\/li><\/ul>\n<\/div><\/div>\n\n<div class=\"ituContainer grid\"><div data-span=\"12\">\n<p class=\"wp-block-paragraph\"><strong>Acc\u00e8s au site de la Conf\u00e9rence<\/strong><\/p>\n<\/div><\/div>\n\n<div class=\"ituContainer grid\"><div data-span=\"12\">\n<p class=\"wp-block-paragraph\">L&rsquo;acc\u00e8s au site officiel o\u00f9 se d\u00e9roulera la PP-22, \u00e0 savoir le Centre international de conf\u00e9rences du Parlement de Roumanie (ICC-PR), \u00e0 Bucarest, sera strictement r\u00e9serv\u00e9 aux personnes munies du badge officiel de la Conf\u00e9rence avec photo.<\/p>\n<\/div><\/div>\n\n<div class=\"ituContainer grid\"><div data-span=\"12\">\n<p class=\"wp-block-paragraph\">Les participants sont pri\u00e9s de noter que tous les d\u00e9l\u00e9gu\u00e9s, observateurs, repr\u00e9sentants des m\u00e9dias, le personnel du Secr\u00e9tariat de l&rsquo;UIT et du pays h\u00f4te et l&rsquo;ensemble des techniciens et du personnel d&rsquo;appui du Centre ICC-PR ne seront admis sur le lieu de la Conf\u00e9rence que sur pr\u00e9sentation de ce badge. Il est \u00e9galement demand\u00e9 aux participants de toujours avoir sur eux une carte nationale d&rsquo;identit\u00e9 ou un titre officiel de voyage avec photo, dans le cas o\u00f9 les agents de s\u00e9curit\u00e9 sur place demanderaient \u00e0 voir une deuxi\u00e8me pi\u00e8ce d&rsquo;identit\u00e9.<\/p>\n<\/div><\/div>\n\n<div class=\"ituContainer grid\"><div data-span=\"12\">\n<p class=\"wp-block-paragraph\">Tous les participants seront soumis \u00e0 des contr\u00f4les de s\u00e9curit\u00e9 similaires \u00e0 ceux effectu\u00e9s dans les a\u00e9roports, aux points d&rsquo;acc\u00e8s install\u00e9s \u00e0 cet effet au Centre ICC-PR. Tous les participants verront \u00e9galement leur badge d&rsquo;acc\u00e8s \u00e0 la Conf\u00e9rence scann\u00e9 par les syst\u00e8mes de s\u00e9curit\u00e9 \u00e0 l&rsquo;entr\u00e9e et \u00e0 la sortie du Centre ICC-PR.<\/p>\n<\/div><\/div>\n\n<div class=\"ituContainer grid\"><div data-span=\"12\">\n<p class=\"wp-block-paragraph\">Il est recommand\u00e9 aux participants se rendant au Centre ICC-PR de n&#8217;emporter avec eux qu&rsquo;un [1] petit attach\u00e9-case. Tout objet plus grand qu&rsquo;un bagage \u00e0 main ne sera pas autoris\u00e9 \u00e0 l&rsquo;int\u00e9rieur du lieu de la manifestation.<\/p>\n<\/div><\/div>\n\n<div class=\"ituContainer grid\"><div data-span=\"12\">\n<p class=\"wp-block-paragraph\"><strong>Une fois sur le lieu de la Conf\u00e9rence<\/strong><\/p>\n<\/div><\/div>\n\n<div class=\"ituContainer grid\"><div data-span=\"12\">\n<p class=\"wp-block-paragraph\">Il est rappel\u00e9 aux participants qu&rsquo;ils ne doivent \u00e0 aucun moment laisser leurs effets personnels sans surveillance sur le lieu de la Conf\u00e9rence et dans leurs h\u00f4tels respectifs.<\/p>\n<\/div><\/div>\n\n<div class=\"ituContainer grid\"><div data-span=\"12\">\n<p class=\"wp-block-paragraph\">Pour toute requ\u00eate concernant les incidents de s\u00e9curit\u00e9 ou les objets trouv\u00e9s durant la manifestation, veuillez vous adresser \u00e0 l&rsquo;\u00e9quipe de l\u2019UIT charg\u00e9e de la s\u00fbret\u00e9 et de la s\u00e9curit\u00e9 de la PP-22, au Bureau de la s\u00e9curit\u00e9 de la manifestation, situ\u00e9 dans le hall d&rsquo;entr\u00e9e \u00e0 c\u00f4t\u00e9 du point d&rsquo;acc\u00e8s C1 du Centre ICC-PR.<\/p>\n<\/div><\/div>\n\n<div class=\"ituContainer grid\"><div data-span=\"12\">\n<p class=\"wp-block-paragraph\">S&rsquo;inscrivant dans le droit fil des valeurs d&rsquo;int\u00e9grit\u00e9, de respect de la diversit\u00e9 et de professionnalisme pr\u00f4n\u00e9es par l&rsquo;Organisation des Nations Unies (ONU), les manifestations et conf\u00e9rences organis\u00e9es par l&rsquo;UIT offrent un environnement professionnel et respectueux, exempt de discrimination et de harc\u00e8lement. Le&nbsp;Code de conduite pour la pr\u00e9vention du harc\u00e8lement, y compris du harc\u00e8lement sexuel, lors des \u00e9v\u00e9nements du syst\u00e8me des Nations Unies, approuv\u00e9 par le Conseil des chefs de secr\u00e9tariat des organismes des Nations Unies pour la coordination, est d\u00e9sormais applicable \u00e0 toutes les r\u00e9unions, conf\u00e9rences et manifestations de l&rsquo;UIT, quel que soit le lieu o\u00f9 elles se d\u00e9roulent. <\/p>\n<\/div><\/div>\n\n<div class=\"ituContainer grid\"><div data-span=\"12\">\n<p class=\"wp-block-paragraph\">Le Code de conduite est disponible <a href=\"https:\/\/www.un.org\/management\/sites\/www.un.org.management\/files\/un-system-model-code-conduct.pdf\" data-type=\"URL\" data-id=\"https:\/\/www.un.org\/management\/sites\/www.un.org.management\/files\/un-system-model-code-conduct.pdf\" target=\"_blank\" rel=\"noopener\">ici<\/a>.<\/p>\n<\/div><\/div>\n\n<div class=\"ituContainer grid\"><div data-span=\"12\">\n<p class=\"wp-block-paragraph\">Si vous avez \u00e9t\u00e9 victime ou t\u00e9moin de harc\u00e8lement ou de harc\u00e8lement sexuel, vous pouvez contacter le Bureau de l&rsquo;\u00e9thique de l&rsquo;UIT, \u00e0 l&rsquo;adresse&nbsp;<a href=\"mailto:HelplineITU@protonmail.com\">HelplineITU@protonmail.com<\/a>, afin de solliciter des conseils et un appui et de signaler ces cas.<\/p>\n<\/div><\/div>\n\n<div class=\"ituContainer grid\"><div data-span=\"12\">\n<p class=\"wp-block-paragraph\">Vous pouvez \u00e9galement contacter le Chef de la Division de la s\u00fbret\u00e9 et de la s\u00e9curit\u00e9 de l&rsquo;UIT, au num\u00e9ro +41 79 715 8477 ou \u00e0 l&rsquo;adresse&nbsp;<a href=\"mailto:security@itu.int\">security@itu.int<\/a>.\u200b<\/p>\n<\/div><\/div>\n\n<div class=\"ituContainer grid\"><div data-span=\"12\">\n<p class=\"wp-block-paragraph\">L&rsquo;\u00e9quipe charg\u00e9e de la s\u00fbret\u00e9 et de la s\u00e9curit\u00e9 de la PP-22 souhaite \u00e0 tous les d\u00e9l\u00e9gu\u00e9s et participants une Conf\u00e9rence s\u00fbre et couronn\u00e9e de succ\u00e8s. <\/p>\n<\/div><\/div>\n\n<div class=\"ituContainer grid\"><div data-span=\"12\">\n<p class=\"wp-block-paragraph\"><\/p>\n<\/div><\/div>","protected":false},"excerpt":{"rendered":"<p>Situation li\u00e9e au COVID-19 et conditions d&rsquo;entr\u00e9e en Roumanie Vous trouverez des informations actualis\u00e9es concernant la situation sanitaire et les conditions d&rsquo;entr\u00e9e en Roumanie sur le site web du pays h\u00f4te ainsi que sur le site web de l&rsquo;UIT consacr\u00e9 aux mesures de protection contre le COVID-19. Probl\u00e8mes m\u00e9dicaux Si vous souffrez de probl\u00e8mes m\u00e9dicaux [&hellip;]<\/p>\n","protected":false},"author":7,"featured_media":0,"parent":0,"menu_order":0,"comment_status":"closed","ping_status":"closed","template":"page-banner-blue.php","meta":{"_crdt_document":"","footnotes":""},"class_list":["post-2337","page","type-page","status-publish","hentry"],"_links":{"self":[{"href":"https:\/\/itu-app42372.pagelyhosting.com\/fr\/wp-json\/wp\/v2\/pages\/2337","targetHints":{"allow":["GET"]}}],"collection":[{"href":"https:\/\/itu-app42372.pagelyhosting.com\/fr\/wp-json\/wp\/v2\/pages"}],"about":[{"href":"https:\/\/itu-app42372.pagelyhosting.com\/fr\/wp-json\/wp\/v2\/types\/page"}],"author":[{"embeddable":true,"href":"https:\/\/itu-app42372.pagelyhosting.com\/fr\/wp-json\/wp\/v2\/users\/7"}],"replies":[{"embeddable":true,"href":"https:\/\/itu-app42372.pagelyhosting.com\/fr\/wp-json\/wp\/v2\/comments?post=2337"}],"version-history":[{"count":0,"href":"https:\/\/itu-app42372.pagelyhosting.com\/fr\/wp-json\/wp\/v2\/pages\/2337\/revisions"}],"wp:attachment":[{"href":"https:\/\/itu-app42372.pagelyhosting.com\/fr\/wp-json\/wp\/v2\/media?parent=2337"}],"curies":[{"name":"wp","href":"https:\/\/api.w.org\/{rel}","templated":true}]}}