
{"id":2334,"date":"2022-03-18T14:55:13","date_gmt":"2022-03-18T14:55:13","guid":{"rendered":"https:\/\/itu-app42372.pagelyhosting.com\/site-et-installations\/"},"modified":"2022-09-23T07:19:24","modified_gmt":"2022-09-23T07:19:24","slug":"venue-and-facilities","status":"publish","type":"page","link":"https:\/\/itu-app42372.pagelyhosting.com\/fr\/venue-and-facilities\/","title":{"rendered":"Site"},"content":{"rendered":"<div class=\"ituContainer grid\"><div data-span=\"12\">\n<p class=\"wp-block-paragraph\">La Conf\u00e9rence de pl\u00e9nipotentiaires de l&rsquo;UIT se tiendra au Palais du Parlement, du 26 septembre au 14 octobre 2022. Le Palais du Parlement (S\u00e9nat et Chambre des d\u00e9put\u00e9s), \u00e9galement appel\u00e9 la \u00ab\u00a0Chambre du peuple\u00a0\u00bb, est le si\u00e8ge du Parlement de Roumanie. Ce b\u00e2timent comprend \u00e9galement trois mus\u00e9es et un centre international de conf\u00e9rence. Par sa taille, il s&rsquo;agit du deuxi\u00e8me b\u00e2timent administratif au monde utilis\u00e9 \u00e0 des fins civiles. Le Palais est situ\u00e9 dans le Quartier 5, au centre de Bucarest, au sommet de la butte \u00ab\u00a0Dealul Spirii\u00a0\u00bb (Butte de Spirea) \u00e9galement appel\u00e9e \u00ab\u00a0Dealul Arsenalului\u00a0\u00bb (Buttede l&rsquo;Arsenal). Il se situe \u00e0 l&rsquo;extr\u00e9mit\u00e9 ouest du Bulevardul Unirii (Boulevard de l&rsquo;Union), d&rsquo;une longueur de 3,5 kilom\u00e8tres (2,2 miles) et construit \u00e0 la m\u00eame \u00e9poque, et est entour\u00e9 de plusieurs avenues: Izvor Street, \u00e0 l&rsquo;ouest et au nord-ouest, United Nations Avenue, au nord, Liberty Avenue, \u00e0 l&rsquo;est, et Calea 13 Septembrie, au sud. Il est accessible en m\u00e9tro (Stations Izvor et Piata Unirii), bus, tram ou taxi. Une carte indiquant l&#8217;emplacement exact est disponible \u00e0 l&rsquo;adresse suivante: <a href=\"https:\/\/goo.gl\/maps\/nRBxVRVyT7h5QigWA\" target=\"_blank\" rel=\"noreferrer noopener\">https:\/\/goo.gl\/maps\/nRBxVRVyT7h5QigWA<\/a>.       <br>Adresse: Palais du Parlement<br>2-4 Izvor Street<br>T\u00e9l.: + 40-21 312 17 80<br>Courriel: cic@cdep.ro<br>Site web: <a href=\"http:\/\/cic.cdep.ro\/en\/\" target=\"_blank\" rel=\"noreferrer noopener\">http:\/\/cic.cdep.ro\/en\/<\/a><\/p>\n<\/div><\/div>\n\n<div class=\"ituContainer grid\"><div data-span=\"12\">\n<p class=\"wp-block-paragraph\">Veuillez consulter <a href=\"https:\/\/itu-app42372.pagelyhosting.com\/wp-content\/uploads\/2022\/09\/PP-22-venu-plan.pdf\" data-type=\"URL\" data-id=\"https:\/\/itu-app42372.pagelyhosting.com\/wp-content\/uploads\/2022\/09\/PP-22-venu-plan.pdf\">cette carte<\/a> pour obtenir des informations d\u00e9taill\u00e9es sur l&rsquo;acc\u00e8s au lieu de la Conf\u00e9rence.<\/p>\n<\/div><\/div>","protected":false},"excerpt":{"rendered":"<p>La Conf\u00e9rence de pl\u00e9nipotentiaires de l&rsquo;UIT se tiendra au Palais du Parlement, du 26 septembre au 14 octobre 2022. Le Palais du Parlement (S\u00e9nat et Chambre des d\u00e9put\u00e9s), \u00e9galement appel\u00e9 la \u00ab\u00a0Chambre du peuple\u00a0\u00bb, est le si\u00e8ge du Parlement de Roumanie. Ce b\u00e2timent comprend \u00e9galement trois mus\u00e9es et un centre international de conf\u00e9rence. Par sa [&hellip;]<\/p>\n","protected":false},"author":7,"featured_media":0,"parent":0,"menu_order":0,"comment_status":"closed","ping_status":"closed","template":"page-banner-blue.php","meta":{"_crdt_document":"","footnotes":""},"class_list":["post-2334","page","type-page","status-publish","hentry"],"_links":{"self":[{"href":"https:\/\/itu-app42372.pagelyhosting.com\/fr\/wp-json\/wp\/v2\/pages\/2334","targetHints":{"allow":["GET"]}}],"collection":[{"href":"https:\/\/itu-app42372.pagelyhosting.com\/fr\/wp-json\/wp\/v2\/pages"}],"about":[{"href":"https:\/\/itu-app42372.pagelyhosting.com\/fr\/wp-json\/wp\/v2\/types\/page"}],"author":[{"embeddable":true,"href":"https:\/\/itu-app42372.pagelyhosting.com\/fr\/wp-json\/wp\/v2\/users\/7"}],"replies":[{"embeddable":true,"href":"https:\/\/itu-app42372.pagelyhosting.com\/fr\/wp-json\/wp\/v2\/comments?post=2334"}],"version-history":[{"count":0,"href":"https:\/\/itu-app42372.pagelyhosting.com\/fr\/wp-json\/wp\/v2\/pages\/2334\/revisions"}],"wp:attachment":[{"href":"https:\/\/itu-app42372.pagelyhosting.com\/fr\/wp-json\/wp\/v2\/media?parent=2334"}],"curies":[{"name":"wp","href":"https:\/\/api.w.org\/{rel}","templated":true}]}}