
{"id":2321,"date":"2022-03-18T13:54:37","date_gmt":"2022-03-18T13:54:37","guid":{"rendered":"https:\/\/itu-app42372.pagelyhosting.com\/a-propos\/contactez-lequipe-de-la-pp-22\/"},"modified":"2022-06-20T15:48:48","modified_gmt":"2022-06-20T15:48:48","slug":"contact-us","status":"publish","type":"page","link":"https:\/\/itu-app42372.pagelyhosting.com\/fr\/about\/contact-us\/","title":{"rendered":"Contactez l&rsquo;\u00e9quipe de la PP-22"},"content":{"rendered":"<div class=\"ituContainer grid\"><div data-span=\"12\">\n<p class=\"wp-block-paragraph\"><\/p>\n<\/div><\/div><div class=\"ituContainer grid\"><div data-span=\"12\">\n<figure class=\"wp-block-table\"><table><tbody><tr><td><strong>Ordre du jour, contenu<\/strong> et <strong>Coordination Calendrier et programme de travail<\/strong> <\/td><td>Mme B\u00e9atrice Pluchon <br\/><br\/>Mme Elizabeth Aschenbrener <br\/><a rel=\"noreferrer noopener\" href=\"mailto:ppcontributions@itu.int\" target=\"_blank\">ppcontributions@itu.int<\/a> <\/td><\/tr><tr><td><strong>Invitations et admission<\/strong> <strong><\/strong> <\/td><td>Mme B\u00e9atrice Pluchon <br\/><br\/>Mme Elizabeth Aschenbrener <br\/><a rel=\"noreferrer noopener\" href=\"mailto:sg-registration@itu.int\" target=\"_blank\">sg-registration@itu.int<\/a> <\/td><\/tr><tr><td><strong>Inscription des participants<\/strong> <\/td><td>Secr\u00e9tariat charg\u00e9 des inscriptions \u00e0 la PP-22 <br\/><a rel=\"noreferrer noopener\" href=\"mailto:sg-registration@itu.int\" target=\"_blank\">sg-registration@itu.int<\/a> <\/td><\/tr><tr><td><strong>Pouvoirs<\/strong> <\/td><td>Secr\u00e9tariat de la Commission 2 de la PP-22 <br\/><a href=\"mailto:credentials@itu.int\" target=\"_blank\" rel=\"noreferrer noopener\" data-type=\"mailto\" data-id=\"mailto:credentials@itu.int\">credentials@itu.int<\/a> <\/td><\/tr><tr><td><strong>\u00c9lections<\/strong> <\/td><td>Mme Elizabeth Aschenbrener <br\/><a href=\"mailto:ppelections@itu.int\" target=\"_blank\" rel=\"noreferrer noopener\">ppelections@itu.int<\/a> <\/td><\/tr><tr><td><strong>M\u00e9dias et communication<\/strong> Accr\u00e9ditation\/inscription des m\u00e9dias<strong><\/strong> <\/td><td>Mme Monika Gehner <br\/><a rel=\"noreferrer noopener\" href=\"mailto:pressinfo@itu.int\" target=\"_blank\">pressinfo@itu.int<\/a> <br\/><a rel=\"noreferrer noopener\" href=\"mailto:pressreg@itu.int\" target=\"_blank\">pressreg@itu.int<\/a> <\/td><\/tr><tr><td><strong>Organisation et logistique<\/strong> <\/td><td>M. Xin Liu <br\/><a rel=\"noreferrer noopener\" href=\"mailto:conf-secretariat@itu.int\" target=\"_blank\">conf-secretariat@itu.int<\/a> <br\/><br\/>Mme Isabelle Lucas <br\/><a rel=\"noreferrer noopener\" href=\"mailto:conf-logistics@itu.int\" target=\"_blank\">conf-logistics@itu.int<\/a> <\/td><\/tr><tr><td><strong>R\u00e9servation des salles de r\u00e9union<\/strong> <\/td><td>Mme Isabelle Lucas <br\/><a href=\"mailto:conf-logistics@itu.int\" target=\"_blank\" rel=\"noreferrer noopener\">conf-logistics@itu.int<\/a> <\/td><\/tr><tr><td><strong>Documents<\/strong> <\/td><td>Secr\u00e9tariat charg\u00e9 du contr\u00f4le des documents relatifs \u00e0 la PP-22<br\/><a rel=\"noreferrer noopener\" href=\"mailto:ppcontributions@itu.int\" target=\"_blank\">ppcontributions@itu.int<\/a> <\/td><\/tr><tr><td><strong>D\u00e9clarations de politique g\u00e9n\u00e9rale<\/strong> <\/td><td>Mme Elizabeth Aschenbrener <br\/><a href=\"mailto:ppstatements@itu.int\" target=\"_blank\" rel=\"noreferrer noopener\">ppstatements@itu.int<\/a> <\/td><\/tr><tr><td><strong>Protocole<\/strong> <\/td><td>M. Mario Castro Grande <br\/><a href=\"mailto:protocol.service@itu.int\" target=\"_blank\" rel=\"noreferrer noopener\">protocol.service@itu.int<\/a> <\/td><\/tr><tr><td><strong>S\u00fbret\u00e9 et s\u00e9curit\u00e9<\/strong> <\/td><td>M. Drew Donovan <br\/><a href=\"mailto:security@itu.int\" target=\"_blank\" rel=\"noreferrer noopener\">security@itu.int<\/a> <\/td><\/tr><tr><td><strong>Infrastructure TIC<\/strong> <\/td><td>M. Edmund Tam <br\/><a href=\"mailto:cts@itu.int\" target=\"_blank\" rel=\"noreferrer noopener\">cts@itu.int<\/a> <\/td><\/tr><tr><td><strong>Production audiovisuelle<\/strong> <\/td><td>M. Maximillian Jacobson-Gonzalez <br\/><a href=\"mailto:pressinfo@itu.int\" target=\"_blank\" rel=\"noreferrer noopener\">pressinfo@itu.int<\/a> <\/td><\/tr><tr><td><strong>Site web<\/strong> <\/td><td>Mme Rajani Vepa <br\/><a href=\"mailto:pressinfo@itu.int\" target=\"_blank\" rel=\"noreferrer noopener\">pressinfo@itu.int<\/a> <\/td><\/tr><tr><td><strong>Responsable du contenu d&rsquo;\u00e9cran<\/strong> <\/td><td>M. Jes\u00fas Vicente <br\/><a href=\"mailto:pressinfo@itu.int\" target=\"_blank\" rel=\"noreferrer noopener\">pressinfo@itu.int<\/a> <\/td><\/tr><\/tbody><\/table><\/figure>\n<\/div><\/div>","protected":false},"excerpt":{"rendered":"<p>Ordre du jour, contenu et Coordination Calendrier et programme de travail Mme B\u00e9atrice Pluchon Mme Elizabeth Aschenbrener ppcontributions@itu.int Invitations et admission Mme B\u00e9atrice Pluchon Mme Elizabeth Aschenbrener sg-registration@itu.int Inscription des participants Secr\u00e9tariat charg\u00e9 des inscriptions \u00e0 la PP-22 sg-registration@itu.int Pouvoirs Secr\u00e9tariat de la Commission 2 de la PP-22 credentials@itu.int \u00c9lections Mme Elizabeth Aschenbrener ppelections@itu.int M\u00e9dias [&hellip;]<\/p>\n","protected":false},"author":4,"featured_media":0,"parent":671,"menu_order":5,"comment_status":"closed","ping_status":"closed","template":"page-submenu.php","meta":{"_crdt_document":"","footnotes":""},"class_list":["post-2321","page","type-page","status-publish","hentry"],"_links":{"self":[{"href":"https:\/\/itu-app42372.pagelyhosting.com\/fr\/wp-json\/wp\/v2\/pages\/2321","targetHints":{"allow":["GET"]}}],"collection":[{"href":"https:\/\/itu-app42372.pagelyhosting.com\/fr\/wp-json\/wp\/v2\/pages"}],"about":[{"href":"https:\/\/itu-app42372.pagelyhosting.com\/fr\/wp-json\/wp\/v2\/types\/page"}],"author":[{"embeddable":true,"href":"https:\/\/itu-app42372.pagelyhosting.com\/fr\/wp-json\/wp\/v2\/users\/4"}],"replies":[{"embeddable":true,"href":"https:\/\/itu-app42372.pagelyhosting.com\/fr\/wp-json\/wp\/v2\/comments?post=2321"}],"version-history":[{"count":0,"href":"https:\/\/itu-app42372.pagelyhosting.com\/fr\/wp-json\/wp\/v2\/pages\/2321\/revisions"}],"up":[{"embeddable":true,"href":"https:\/\/itu-app42372.pagelyhosting.com\/fr\/wp-json\/wp\/v2\/pages\/671"}],"wp:attachment":[{"href":"https:\/\/itu-app42372.pagelyhosting.com\/fr\/wp-json\/wp\/v2\/media?parent=2321"}],"curies":[{"name":"wp","href":"https:\/\/api.w.org\/{rel}","templated":true}]}}