
{"id":2316,"date":"2022-03-18T13:44:47","date_gmt":"2022-03-18T13:44:47","guid":{"rendered":"https:\/\/itu-app42372.pagelyhosting.com\/service-du-protocole\/"},"modified":"2022-07-13T15:04:26","modified_gmt":"2022-07-13T15:04:26","slug":"protocol-services","status":"publish","type":"page","link":"https:\/\/itu-app42372.pagelyhosting.com\/fr\/protocol-services\/","title":{"rendered":"Services du protocole"},"content":{"rendered":"<div class=\"ituContainer grid\"><div data-span=\"12\">\n<p class=\"wp-block-paragraph\">Les proc\u00e9dures et services suivants sont sp\u00e9cialement pr\u00e9vus pour les d\u00e9l\u00e9gu\u00e9s de haut rang. Pour obtenir des renseignements d\u00e9taill\u00e9s, veuillez consulter la Lettre circulaire <a href=\"https:\/\/www.itu.int\/md\/S22-SG-CIR-0027\/fr\" target=\"_blank\" data-type=\"URL\" rel=\"noreferrer noopener\">CL-22\/27<\/a>.<\/p>\n<\/div><\/div>\n\n<div class=\"ituContainer grid\"><div data-span=\"12\">\n<p class=\"wp-block-paragraph\"><strong><span style=\"text-decoration: underline\">Proc\u00e9dures d&rsquo;inscription particuli\u00e8res pour les d\u00e9l\u00e9gu\u00e9s de haut rang<\/span><\/strong><\/p>\n<\/div><\/div>\n\n<div class=\"ituContainer grid\"><div data-span=\"12\">\n<p class=\"wp-block-paragraph\">Tous les d\u00e9l\u00e9gu\u00e9s de haut rang (hautes personnalit\u00e9s) doivent s&rsquo;inscrire en ligne au moyen du <a href=\"https:\/\/www.itu.int\/net4\/CRM\/xreg\/web\/Login.aspx?src=Registration&amp;Event=C-00011443\" target=\"_blank\" rel=\"noopener\">syst\u00e8me d&rsquo;inscription en ligne<\/a>. Le coordonnateur responsable des inscriptions peut \u00e9galement inscrire les d\u00e9l\u00e9gu\u00e9s de haut rang (ministres et agents de s\u00e9curit\u00e9 assurant la protection rapproch\u00e9e, autres d\u00e9l\u00e9gu\u00e9s de niveau minist\u00e9riel et ambassadeurs) en leur nom, <a href=\"https:\/\/www.itu.int\/net4\/CRM\/xreg\/web\/Login.aspx?src=Focalpoint\" target=\"_blank\" rel=\"noopener\">via la plate-forme d&rsquo;approbation des inscriptions \u00e0 l&rsquo;usage des coordonnateurs<\/a>, en s\u00e9lectionnant la Conf\u00e9rence de pl\u00e9nipotentiaires de 2022, puis en cliquant sur \u00ab\u00a0Inscription de d\u00e9l\u00e9gu\u00e9s de haut rang\u00a0\u00bb.<\/p>\n<\/div><\/div>\n\n<div class=\"ituContainer grid\"><div data-span=\"12\">\n<p class=\"wp-block-paragraph\">Veuillez noter que <strong>tous les participants, y compris les hautes personnalit\u00e9s, doivent renseigner les donn\u00e9es figurant sur leur passeport<\/strong> dans le formulaire d&rsquo;inscription en ligne, afin de respecter les exigences en mati\u00e8re de s\u00e9curit\u00e9.<\/p>\n<\/div><\/div>\n\n<div class=\"ituContainer grid\"><div data-span=\"12\">\n<p class=\"wp-block-paragraph\">Il convient de noter que ce service est fourni afin de faciliter l&rsquo;inscription des hautes personnalit\u00e9s en vue de leur <strong><u>participation en pr\u00e9sentiel<\/u><\/strong>. Il ne comprend pas la cr\u00e9ation automatique d&rsquo;un <strong>compte utilisateur de l&rsquo;UIT<\/strong>, n\u00e9cessaire pour se connecter \u00e0 distance aux sessions virtuelles, ou d&rsquo;un acc\u00e8s TIES, requis pour acc\u00e9der aux documents. Tous les d\u00e9l\u00e9gu\u00e9s, y compris les hautes personnalit\u00e9s, qui souhaitent participer \u00e0 distance doivent obligatoirement \u00eatre titulaires d&rsquo;un compte utilisateur individuel de l&rsquo;UIT et effectuer leur inscription en ligne.<\/p>\n<\/div><\/div>\n\n<div class=\"ituContainer grid\"><div data-span=\"12\">\n<p class=\"wp-block-paragraph\"><strong><u>Arriv\u00e9es et d\u00e9parts \u00e0 l&rsquo;a\u00e9roport international Henri Coand\u0103<\/u><\/strong><\/p>\n<\/div><\/div>\n\n<div class=\"ituContainer grid\"><div data-span=\"12\">\n<p class=\"wp-block-paragraph\">Des guichets d&rsquo;accueil et d&rsquo;information seront mis \u00e0 disposition \u00e0 l&rsquo;a\u00e9roport international Henri Coand\u0103 au niveau des arriv\u00e9es, dans la zone de r\u00e9cup\u00e9ration des bagages. Ils seront indiqu\u00e9s par des panneaux sp\u00e9ciaux. Des points de contr\u00f4le des passeports sp\u00e9cialement destin\u00e9s aux participants \u00e0 la PP-22 pourront \u00eatre mis en place, si n\u00e9cessaire, pendant les p\u00e9riodes de forte affluence \u00e0 l&rsquo;arriv\u00e9e et au d\u00e9part. Un point de contr\u00f4le diplomatique sera mis \u00e0 la disposition des d\u00e9l\u00e9gu\u00e9s munis de passeports diplomatiques \u00e0 l&rsquo;arriv\u00e9e et au d\u00e9part. Le pays h\u00f4te mettra en place un protocole sp\u00e9cial pour l&rsquo;accueil des hautes personnalit\u00e9s relevant de la cat\u00e9gorie VVIP.<\/p>\n<\/div><\/div>\n\n<div class=\"ituContainer grid\"><div data-span=\"12\">\n<p class=\"wp-block-paragraph\"><span style=\"text-decoration: underline\">Salon pour les hautes personnalit\u00e9<\/span><span style=\"text-decoration: underline\">s de l&rsquo;a\u00e9roport<\/span><\/p>\n<\/div><\/div>\n\n<div class=\"ituContainer grid\"><div data-span=\"12\">\n<p class=\"wp-block-paragraph\">Le salon pour les hautes personnalit\u00e9s de l&rsquo;a\u00e9roport, qui se trouve dans un terminal s\u00e9par\u00e9, ne sera accessible <u>qu&rsquo;\u00e0 une haute personnalit\u00e9 par d\u00e9l\u00e9gation,<\/u> \u00e0 l&rsquo;arriv\u00e9e et au d\u00e9part. Les hautes personnalit\u00e9s b\u00e9n\u00e9ficiant des services du salon pour les hautes personnalit\u00e9s de l&rsquo;a\u00e9roport seront accueillies \u00e0 la porte de l&rsquo;avion et transport\u00e9es en voiture jusqu&rsquo;au salon (outre le d\u00e9l\u00e9gu\u00e9, un seul accompagnant pourra \u00eatre transport\u00e9 jusqu&rsquo;au salon). Un repr\u00e9sentant du protocole\/charg\u00e9 de liaison du pays h\u00f4te, ainsi que des repr\u00e9sentants de l&rsquo;ambassade, s&rsquo;ils sont disponibles, accueilleront les hautes personnalit\u00e9s dans le salon. Le contr\u00f4le des passeports et la r\u00e9cup\u00e9ration des bagages seront assur\u00e9s par les services du salon pour les hautes personnalit\u00e9s de l&rsquo;a\u00e9roport. Les d\u00e9l\u00e9gu\u00e9s de haut rang qui demandent \u00e0 b\u00e9n\u00e9ficier des services du salon pour les hautes personnalit\u00e9s de l&rsquo;a\u00e9roport sont invit\u00e9s \u00e0 utiliser une \u00e9tiquette ou un autocollant \u00e0 bagages distinctifs ou une photo \u00e9lectronique pour faciliter l&rsquo;identification de leurs bagages par le personnel de l&rsquo;a\u00e9roport. Un mod\u00e8le d&rsquo;\u00e9tiquette ou d&rsquo;autocollant sera fourni apr\u00e8s confirmation par le Service du protocole du pays h\u00f4te.<\/p>\n<\/div><\/div>\n\n<div class=\"ituContainer grid\"><div data-span=\"12\">\n<p class=\"wp-block-paragraph\">Les informations relatives au voyage et les autres renseignements pertinents concernant <u>la haute personnalit\u00e9 (une par d\u00e9l\u00e9gation)<\/u> demandant \u00e0 b\u00e9n\u00e9ficier des services du salon pour les hautes personnalit\u00e9s de l&rsquo;a\u00e9roport devront \u00eatre communiqu\u00e9s d\u00e8s que possible, et au plus tard le 10 septembre 2022, au coordonnateur d\u00e9sign\u00e9 du pays h\u00f4te, M. Alexandru Iona\u0219cu<a href=\"mailto:protocolPP22@ancom.ro\"> (protocolPP22@ancom.ro)<\/a>, afin que le service puisse \u00eatre assur\u00e9. Pour ce faire, veuillez <a href=\"https:\/\/www.itu.int\/online\/mm-new\/scripts\/s\/gensel91\" data-type=\"URL\" data-id=\"https:\/\/www.itu.int\/online\/mm-new\/scripts\/s\/gensel91\" target=\"_blank\" rel=\"noopener\">remplir le formulaire en lign<\/a>e, accessible via un compte d&rsquo;utilisateur de l&rsquo;UIT avec acc\u00e8s TIES, en indiquant les informations n\u00e9cessaires.<\/p>\n<\/div><\/div>\n\n<div class=\"ituContainer grid\"><div data-span=\"12\">\n<p class=\"wp-block-paragraph\">Nous conseillons aux membres des ambassades situ\u00e9es \u00e0 Bucarest qui accueillent des ministres de leur pays de demander l&rsquo;autorisation d&rsquo;acc\u00e9der au salon pour les hautes personnalit\u00e9s de l&rsquo;a\u00e9roport 48 heures \u00e0 l&rsquo;avance, en \u00e9crivant \u00e0 l&rsquo;adresse <a href=\"mailto:protocolPP22@ancom.ro\">protocolPP22@ancom.ro<\/a> et en indiquant les noms des employ\u00e9s et du conducteur et les plaques d&rsquo;immatriculation du ou des v\u00e9hicules officiels qui acc\u00e8deront au salon. Pour les hautes personnalit\u00e9s arrivant par des vols priv\u00e9s, les autorisations de survol et d&rsquo;atterrissage doivent \u00eatre obtenues et communiqu\u00e9es par les voies diplomatiques appropri\u00e9es. Les d\u00e9l\u00e9gations devront prendre les dispositions n\u00e9cessaires pour les services au sol. Pour les d\u00e9parts, toutes les hautes personnalit\u00e9s doivent \u00eatre pr\u00e9sentes \u00e0 l&rsquo;a\u00e9roport deux heures avant l&rsquo;heure de vol pr\u00e9vue, afin de remplir toutes les formalit\u00e9s.<\/p>\n<\/div><\/div>\n\n<div class=\"ituContainer grid\"><div data-span=\"12\">\n<p class=\"wp-block-paragraph\"><strong><u>Transport des hautes personnalit\u00e9s<\/u><\/strong><\/p>\n<\/div><\/div>\n\n<div class=\"ituContainer grid\"><div data-span=\"12\">\n<p class=\"wp-block-paragraph\">Un service de transport sera mis \u00e0 la disposition de tous les membres des d\u00e9l\u00e9gations accr\u00e9dit\u00e9s entre l&rsquo;a\u00e9roport et les h\u00f4tels recommand\u00e9s, et entre les h\u00f4tels recommand\u00e9s et le lieu de la Conf\u00e9rence. La liste des h\u00f4tels recommand\u00e9s est disponible \u00e0 l&rsquo;adresse <a href=\"https:\/\/bucharestpp22.gov.ro\/accommodation\" target=\"_blank\" rel=\"noopener\">https:\/\/bucharestpp22.gov.ro\/accommodation<\/a>.<\/p>\n<\/div><\/div>\n\n<div class=\"ituContainer grid\"><div data-span=\"12\">\n<p class=\"wp-block-paragraph\">Un service de transport sp\u00e9cial sera assur\u00e9 pour les chefs d&rsquo;\u00c9tat ou de gouvernement, conform\u00e9ment au protocole national et aux mesures de s\u00e9curit\u00e9 applicables.<\/p>\n<\/div><\/div>\n\n<div class=\"ituContainer grid\"><div data-span=\"12\">\n<p class=\"wp-block-paragraph\">Les ambassades et les consulats de Bucarest sont invit\u00e9s \u00e0 assurer le transport des ministres de leur pays participant \u00e0 la Conf\u00e9rence. Sur demande, et dans la limite <u>d&rsquo;une haute personnalit\u00e9 par d\u00e9l\u00e9gation<\/u>, une voiture et un chauffeur d\u00e9sign\u00e9s seront mis \u00e0 disposition pour toute la dur\u00e9e de leur s\u00e9jour, pendant la PP-22. Ce service commence \u00e0 l&rsquo;arriv\u00e9e au salon de l&rsquo;a\u00e9roport pour les hautes personnalit\u00e9s et se termine au d\u00e9part de ce salon (voir ci-dessus). La demande doit \u00eatre soumise au moyen du <a href=\"https:\/\/www.itu.int\/online\/mm-new\/scripts\/s\/gensel91\" target=\"_blank\" rel=\"noopener\">formulaire en ligne<\/a> accessible via un compte d&rsquo;utilisateur de l&rsquo;UIT avec acc\u00e8s TIES ou adress\u00e9e au coordonnateur du pays h\u00f4te, \u00e0 l&rsquo;adresse: <a href=\"mailto:protocolPP22@ancom.ro\">protocolPP22@ancom.ro<\/a>.<\/p>\n<\/div><\/div>\n\n<div class=\"ituContainer grid\"><div data-span=\"12\">\n<p class=\"wp-block-paragraph\"><strong><u>Acc\u00e8s au centre de conf\u00e9rences pour les hautes personnalit\u00e9s<\/u><\/strong><strong><u><\/u><\/strong><\/p>\n<\/div><\/div>\n\n<div class=\"ituContainer grid\"><div data-span=\"12\">\n<p class=\"wp-block-paragraph\">Un point de d\u00e9pose\/prise en charge des hautes personnalit\u00e9s et une zone d&rsquo;attente limit\u00e9e pour les v\u00e9hicules seront mis en place aux entr\u00e9es principales du lieu de la Conf\u00e9rence. Par mesure de s\u00e9curit\u00e9, toutes les hautes personnalit\u00e9s participant \u00e0 la PP-22, \u00e0 l&rsquo;exception des membres de la cat\u00e9gorie VVIP, sont tenues de porter un badge avec photo et d&rsquo;utiliser les lecteurs de badges pour acc\u00e9der au lieu de la Conf\u00e9rence. Tous les participants doivent \u00e9galement \u00eatre munis d&rsquo;une carte d&rsquo;identit\u00e9 nationale ou d&rsquo;un document de voyage officiel avec photo, dans l&rsquo;\u00e9ventualit\u00e9 o\u00f9 le service de s\u00e9curit\u00e9 du site demanderait \u00e0 voir une deuxi\u00e8me pi\u00e8ce d&rsquo;identit\u00e9. Les hautes personnalit\u00e9s munies d&rsquo;un insigne et d&rsquo;un cordon porte-badge distinctif pourront b\u00e9n\u00e9ficier d&rsquo;un acc\u00e8s rapide via la zone de contr\u00f4le de s\u00e9curit\u00e9.<\/p>\n<\/div><\/div>\n\n<div class=\"ituContainer grid\"><div data-span=\"12\">\n<p class=\"wp-block-paragraph\"><strong><u>Salons et salles de r\u00e9union pour les membres des cat\u00e9gories VVIP et VIP<\/u><\/strong><strong><u><\/u><\/strong><\/p>\n<\/div><\/div>\n\n<div class=\"ituContainer grid\"><div data-span=\"12\">\n<p class=\"wp-block-paragraph\">Un salon VVIP sera mis \u00e0 la disposition des chefs d&rsquo;\u00c9tat et de gouvernement, moyennant des mesures sp\u00e9ciales et des restrictions. Un salon r\u00e9serv\u00e9 aux hautes personnalit\u00e9s, comportant deux salles de r\u00e9union priv\u00e9es, sera mis \u00e0 la disposition des hautes personnalit\u00e9s, avec des restrictions en mati\u00e8re d&rsquo;acc\u00e8s.<\/p>\n<\/div><\/div>\n\n<div class=\"ituContainer grid\"><div data-span=\"12\">\n<p class=\"wp-block-paragraph\">Un nombre limit\u00e9 de salles de r\u00e9union bilat\u00e9rales seront mises \u00e0 la disposition des hautes personnalit\u00e9s. Les demandes concernant les salles de r\u00e9union bilat\u00e9rales priv\u00e9es seront trait\u00e9es dans leur ordre d&rsquo;arriv\u00e9e et soumises \u00e0 des restrictions de temps (<span style=\"text-decoration: underline\">ces salles pourront \u00eatre r\u00e9serv\u00e9es par tranches de 30 \u00e0 90 minutes, avec un maximum de deux demandes non cons\u00e9cutives par d\u00e9l\u00e9gation et par jour<\/span>) et \u00e0 la confirmation pr\u00e9alable du Service charg\u00e9 du protocole de l&rsquo;UIT. Les d\u00e9l\u00e9gations sont pri\u00e9es d&rsquo;envoyer leurs demandes de r\u00e9servation \u00e0 l&rsquo;avance, en remplissant un formulaire de r\u00e9servation disponible sur demande ou en se rendant directement au Bureau du Protocole sur le lieu de la Conf\u00e9rence. Pour toute information compl\u00e9mentaire, veuillez contacter M. Mario Castro Grande (<a href=\"mailto:protocol.service@itu.int\">protocol.service@itu.int<\/a>), du Service du Protocole de l&rsquo;UIT.<\/p>\n<\/div><\/div>\n\n<div class=\"ituContainer grid\"><div data-span=\"12\">\n<p class=\"wp-block-paragraph\"><strong><u>Manifestations organis\u00e9es par le pays h\u00f4te \u00e0 l&rsquo;intention des membres des cat\u00e9gories VVIP et VIP<\/u><\/strong><\/p>\n<\/div><\/div>\n\n<div class=\"ituContainer grid\"><div data-span=\"12\">\n<p class=\"wp-block-paragraph\">Le pays h\u00f4te organisera une s\u00e9rie de manifestations \u00e0 l&rsquo;intention des hautes personnalit\u00e9s des cat\u00e9gories VVIP et VIP, notamment:<\/p>\n<\/div><\/div>\n\n<div class=\"ituContainer grid\"><div data-span=\"12\">\n<ul class=\"wp-block-list\"><li>Le dimanche 25 septembre, une table ronde minist\u00e9rielle, un concert de musique classique et un cocktail seront organis\u00e9s \u00e0 l&rsquo;Ath\u00e9n\u00e9e roumain (<a href=\"https:\/\/www.fge.org.ro\/eng\/\" target=\"_blank\" rel=\"noopener\">https:\/\/www.fge.org.ro\/eng\/<\/a>).<\/li><li>Le matin du vendredi 30 septembre, une discussion de haut niveau et un petit-d\u00e9jeuner d&rsquo;affaires sur le th\u00e8me \u00ab\u00a0Renforcer l&rsquo;autonomisation et le r\u00f4le directeur des femmes \u00e0 l&rsquo;UIT\u00a0\u00bb seront organis\u00e9s en collaboration avec l&rsquo;UIT et l&rsquo;Australie au Palais du Parlement.<\/li><li>Dans la soir\u00e9e du mardi 4 octobre, un spectacle musical et un cocktail seront organis\u00e9s \u00e0 l&rsquo;Op\u00e9ra national de Bucarest (<a href=\"https:\/\/operanb.ro\/?lang=en\" target=\"_blank\" rel=\"noopener\">https:\/\/operanb.ro\/?lang=en<\/a>).<\/li><\/ul>\n<\/div><\/div>\n\n<div class=\"ituContainer grid\"><div data-span=\"12\">\n<p class=\"wp-block-paragraph\"><strong>Veuillez noter que les \u00e9gards et les services destin\u00e9s aux hautes personnalit\u00e9s sont susceptibles d&rsquo;\u00e9voluer \u00e0 la r\u00e9ception de nouvelles informations et en fonction de la modification des exigences relatives au processus et de la disponibilit\u00e9 des ressources.<\/strong><\/p>\n<\/div><\/div>","protected":false},"excerpt":{"rendered":"<p>Les proc\u00e9dures et services suivants sont sp\u00e9cialement pr\u00e9vus pour les d\u00e9l\u00e9gu\u00e9s de haut rang. Pour obtenir des renseignements d\u00e9taill\u00e9s, veuillez consulter la Lettre circulaire CL-22\/27. Proc\u00e9dures d&rsquo;inscription particuli\u00e8res pour les d\u00e9l\u00e9gu\u00e9s de haut rang Tous les d\u00e9l\u00e9gu\u00e9s de haut rang (hautes personnalit\u00e9s) doivent s&rsquo;inscrire en ligne au moyen du syst\u00e8me d&rsquo;inscription en ligne. Le coordonnateur [&hellip;]<\/p>\n","protected":false},"author":7,"featured_media":0,"parent":0,"menu_order":0,"comment_status":"closed","ping_status":"closed","template":"page-banner-blue.php","meta":{"_crdt_document":"","footnotes":""},"class_list":["post-2316","page","type-page","status-publish","hentry"],"_links":{"self":[{"href":"https:\/\/itu-app42372.pagelyhosting.com\/fr\/wp-json\/wp\/v2\/pages\/2316","targetHints":{"allow":["GET"]}}],"collection":[{"href":"https:\/\/itu-app42372.pagelyhosting.com\/fr\/wp-json\/wp\/v2\/pages"}],"about":[{"href":"https:\/\/itu-app42372.pagelyhosting.com\/fr\/wp-json\/wp\/v2\/types\/page"}],"author":[{"embeddable":true,"href":"https:\/\/itu-app42372.pagelyhosting.com\/fr\/wp-json\/wp\/v2\/users\/7"}],"replies":[{"embeddable":true,"href":"https:\/\/itu-app42372.pagelyhosting.com\/fr\/wp-json\/wp\/v2\/comments?post=2316"}],"version-history":[{"count":0,"href":"https:\/\/itu-app42372.pagelyhosting.com\/fr\/wp-json\/wp\/v2\/pages\/2316\/revisions"}],"wp:attachment":[{"href":"https:\/\/itu-app42372.pagelyhosting.com\/fr\/wp-json\/wp\/v2\/media?parent=2316"}],"curies":[{"name":"wp","href":"https:\/\/api.w.org\/{rel}","templated":true}]}}