
{"id":2300,"date":"2022-03-18T13:20:24","date_gmt":"2022-03-18T13:20:24","guid":{"rendered":"https:\/\/itu-app42372.pagelyhosting.com\/utilisation-des-logos\/"},"modified":"2022-04-27T14:09:16","modified_gmt":"2022-04-27T14:09:16","slug":"utilisation-des-logos","status":"publish","type":"page","link":"https:\/\/itu-app42372.pagelyhosting.com\/fr\/utilisation-des-logos\/","title":{"rendered":"Utilisation des logos"},"content":{"rendered":"    <div class=\"ituContainer grid\">\n        <div data-span=\"12\">\n                            <div class=\"ituContainer grid\"><div data-span=\"12\">\n<p class=\"wp-block-paragraph\"><strong><span style=\"text-decoration: underline\">Logo de l&rsquo;UIT<\/span><\/strong><\/p>\n<\/div><\/div>                            <div class=\"ituContainer grid\"><div data-span=\"12\">\n<p class=\"wp-block-paragraph\">1. Le logo de l&rsquo;UIT est un \u00e9l\u00e9ment essentiel de l&rsquo;image institutionnelle et du patrimoine de l&rsquo;Union. \u00c0 ce titre, il est prot\u00e9g\u00e9 en vertu des dispositions de l&rsquo;Article 6ter de la Convention de Paris sur la protection de la propri\u00e9t\u00e9 industrielle.<\/p>\n<\/div><\/div>                            <div class=\"ituContainer grid\"><div data-span=\"12\">\n<p class=\"wp-block-paragraph\">2. En cons\u00e9quence, le logo de l&rsquo;UIT ne peut \u00eatre utilis\u00e9 sans le consentement \u00e9crit pr\u00e9alable du Secr\u00e9taire g\u00e9n\u00e9ral ou de son\/sa repr\u00e9sentant(e) d\u00fbment habilit\u00e9(e) \u00e0 cet effet. Toute demande \u00e9crite d&rsquo;utilisation du logo de l&rsquo;Union doit \u00eatre d\u00fbment motiv\u00e9e (informations d\u00e9taill\u00e9es sur les raisons de la demande, pr\u00e9cisions sur l&rsquo;utilisation envisag\u00e9e, y compris sur les supports utilis\u00e9s (\u00e9lectronique, papier, etc.), informations concernant l&rsquo;utilisation \u00e9ventuelle d&rsquo;autres logos en compagnie de celui de l&rsquo;UIT et coordonn\u00e9es pr\u00e9cises de la personne formulant la demande, etc.) et adress\u00e9e en temps opportun \u00e0 <a href=\"branding@itu.int\">branding@itu.int<\/a> ou \u00e0 l&rsquo;adresse suivante:<\/p>\n<\/div><\/div>                            <div class=\"ituContainer grid\"><div data-span=\"12\">\n<p class=\"has-text-align-center wp-block-paragraph\"><\/p>\n<\/div><\/div>                            <div class=\"ituContainer grid\"><div data-span=\"12\">\n<p class=\"has-text-align-left wp-block-paragraph\">3. Sans pr\u00e9judice d&rsquo;un examen circonstanci\u00e9 et au cas par cas de chaque demande, l&rsquo;autorisation d&rsquo;utiliser le logo de l&rsquo;Union NE SERA PAS ACCORD\u00c9E dans les cas suivants:<\/p>\n<\/div><\/div>                            <div class=\"ituContainer grid\"><div data-span=\"12\">\n<p class=\"wp-block-paragraph\"><\/p>\n<\/div><\/div>                            <div class=\"ituContainer grid\"><div data-span=\"12\">\n<p class=\"wp-block-paragraph\">4. En cas d&rsquo;autorisation, l&rsquo;utilisation du logo devra se faire conform\u00e9ment aux termes et conditions et dans les limites fix\u00e9es par le courrier portant autorisation. Toutefois, en tout \u00e9tat de cause, le logo et tous les \u00e9l\u00e9ments le composant (tels que le format, les proportions, le graphisme, les couleurs, etc.) ne pourront \u00eatre ni alt\u00e9r\u00e9s, ni adapt\u00e9s, ni modifi\u00e9s.<\/p>\n<\/div><\/div>                            <div class=\"ituContainer grid\"><div data-span=\"12\">\n<p class=\"wp-block-paragraph\"><strong><span style=\"text-decoration: underline\">Logo de la PP-22<\/span><\/strong><\/p>\n<\/div><\/div>                            <div class=\"ituContainer grid\"><div data-span=\"12\">\n<p class=\"wp-block-paragraph\">1 .&nbsp; &nbsp;L&rsquo;utilisation du logo cr\u00e9\u00e9 sp\u00e9cialement pour la Conf\u00e9rence de pl\u00e9nipotentiaires de 2022 (\u00ab\u00a0la Conf\u00e9rence\u00a0\u00bb) est \u00e9galement assujettie \u00e0 l&rsquo;autorisation pr\u00e9alable \u00e9crite du Secr\u00e9taire g\u00e9n\u00e9ral de l&rsquo;Union ou de son\/sa repr\u00e9sentant(e) d\u00fbment habilit\u00e9(e) \u00e0 cet effet. Toute demande \u00e9crite d&rsquo;utilisation du logo de la Conf\u00e9rence doit \u00eatre d\u00fbment motiv\u00e9e (informations d\u00e9taill\u00e9es sur les raisons de la demande, pr\u00e9cisions sur l&rsquo;utilisation envisag\u00e9e, y compris sur les supports utilis\u00e9s (\u00e9lectronique, papier, etc.), informations concernant l&rsquo;utilisation \u00e9ventuelle d&rsquo;autres logos en compagnie de celui de l&rsquo;UIT et coordonn\u00e9es pr\u00e9cises de la personne formulant la demande, etc.) et adress\u00e9e en temps opportun \u00e0 <a href=\"branding@itu.int\">branding@itu.int<\/a> ou \u00e0 l&rsquo;adresse suivante:<\/p>\n<\/div><\/div>                            <div class=\"ituContainer grid\"><div data-span=\"12\">\n<p class=\"has-text-align-center wp-block-paragraph\"><\/p>\n<\/div><\/div>                            <div class=\"ituContainer grid\"><div data-span=\"12\">\n<p class=\"wp-block-paragraph\">Dans la mesure o\u00f9 le logo de l&rsquo;UIT est int\u00e9gr\u00e9 au logo de la Conf\u00e9rence, les cas de rejet de la demande d&rsquo;autorisation \u00e9num\u00e9r\u00e9s au paragraphe 3 ci-dessus sont \u00e9galement applicables au logo de la Conf\u00e9rence.<\/p>\n<\/div><\/div>                            <div class=\"ituContainer grid\"><div data-span=\"12\">\n<p class=\"wp-block-paragraph\">2. Sous r\u00e9serve de ce qui pr\u00e9c\u00e8de, l&rsquo;autorisation sera, en principe, accord\u00e9e, si le Secr\u00e9taire g\u00e9n\u00e9ral consid\u00e8re que l&rsquo;utilisation est de nature \u00e0 contribuer \u00e0 la r\u00e9alisation du mandat de la Conf\u00e9rence ou vise \u00e0 promouvoir ses travaux.<\/p>\n<\/div><\/div>                            <div class=\"ituContainer grid\"><div data-span=\"12\">\n<p class=\"wp-block-paragraph\">3. En cas d&rsquo;autorisation, l&rsquo;utilisation du logo devra se faire conform\u00e9ment aux termes et conditions et dans les limites fix\u00e9es par le courrier portant autorisation. Toutefois, en tout \u00e9tat de cause, le logo et tous les \u00e9l\u00e9ments le composant (tels que le format, les proportions, le graphisme, les couleurs, etc.) ne pourront \u00eatre ni alt\u00e9r\u00e9s, ni adapt\u00e9s, ni modifi\u00e9s.<\/p>\n<\/div><\/div>                            <div class=\"ituContainer grid\"><div data-span=\"12\">\n<p class=\"wp-block-paragraph\">Pour toute information compl\u00e9mentaire, pri\u00e8re de s&rsquo;adresser \u00e0&nbsp;<a href=\"mailto:branding@itu.int\">branding@itu.int<\/a> ou \u00e0 l&rsquo;adresse suivante:<\/p>\n<\/div><\/div>                            <div class=\"ituContainer grid\"><div data-span=\"12\">\n<p class=\"has-text-align-center wp-block-paragraph\"><\/p>\n<\/div><\/div>                            <div class=\"ituContainer grid\"><div data-span=\"12\">\n<p class=\"wp-block-paragraph\"><\/p>\n<\/div><\/div>                            <div class=\"ituContainer grid\"><div data-span=\"12\">\n<p class=\"wp-block-paragraph\">Notre logo, signe distinctif de notre organisation, symbolise la renomm\u00e9e de longue date de l&rsquo;UIT en tant qu&rsquo;institution sp\u00e9cialis\u00e9e des Nations Unies charg\u00e9e des TIC.<\/p>\n<\/div><\/div>                            <div class=\"ituContainer grid\"><div data-span=\"12\">\n<p class=\"wp-block-paragraph\"><\/p>\n<\/div><\/div>                            <div class=\"ituContainer grid\"><div data-span=\"12\">\n<p class=\"wp-block-paragraph\">Pour obtenir des informations d\u00e9taill\u00e9es concernant l&rsquo;utilisation de notre logo, veuillez consulter les <a href=\"http:\/\/www.itu.int\/en\/Pages\/logo-usage-guidelines.aspx\" target=\"_blank\" rel=\"noopener\">Lignes directrices relatives \u00e0 l&rsquo;utilisation du logo<\/a>.<\/p>\n<\/div><\/div>                            <div class=\"ituContainer grid\"><div data-span=\"12\">\n<p class=\"wp-block-paragraph\">Toute demande d&rsquo;utilisation du logo doit \u00eatre pr\u00e9sent\u00e9e \u00e0 l&rsquo;aide du formulaire suivant: <a href=\"http:\/\/www.itu.int\/en\/Pages\/logo-form.aspx\" target=\"_blank\" rel=\"noopener\">http:\/\/www.itu.int\/en\/Pages\/logo-form.aspx<\/a>.<\/p>\n<\/div><\/div>                    <\/div>\n    <\/div>\n","protected":false},"excerpt":{"rendered":"","protected":false},"author":7,"featured_media":0,"parent":0,"menu_order":0,"comment_status":"closed","ping_status":"closed","template":"page-banner-blue.php","meta":{"_crdt_document":"","footnotes":""},"class_list":["post-2300","page","type-page","status-publish","hentry"],"_links":{"self":[{"href":"https:\/\/itu-app42372.pagelyhosting.com\/fr\/wp-json\/wp\/v2\/pages\/2300","targetHints":{"allow":["GET"]}}],"collection":[{"href":"https:\/\/itu-app42372.pagelyhosting.com\/fr\/wp-json\/wp\/v2\/pages"}],"about":[{"href":"https:\/\/itu-app42372.pagelyhosting.com\/fr\/wp-json\/wp\/v2\/types\/page"}],"author":[{"embeddable":true,"href":"https:\/\/itu-app42372.pagelyhosting.com\/fr\/wp-json\/wp\/v2\/users\/7"}],"replies":[{"embeddable":true,"href":"https:\/\/itu-app42372.pagelyhosting.com\/fr\/wp-json\/wp\/v2\/comments?post=2300"}],"version-history":[{"count":0,"href":"https:\/\/itu-app42372.pagelyhosting.com\/fr\/wp-json\/wp\/v2\/pages\/2300\/revisions"}],"wp:attachment":[{"href":"https:\/\/itu-app42372.pagelyhosting.com\/fr\/wp-json\/wp\/v2\/media?parent=2300"}],"curies":[{"name":"wp","href":"https:\/\/api.w.org\/{rel}","templated":true}]}}