
{"id":2218,"date":"2022-03-18T09:18:36","date_gmt":"2022-03-18T09:18:36","guid":{"rendered":"https:\/\/itu-app42372.pagelyhosting.com\/documents\/outils-informatiques-a-lintention-des-delegues\/"},"modified":"2022-06-20T16:01:12","modified_gmt":"2022-06-20T16:01:12","slug":"it-tools-for-delegates","status":"publish","type":"page","link":"https:\/\/itu-app42372.pagelyhosting.com\/fr\/documents\/it-tools-for-delegates\/","title":{"rendered":"Outils informatiques \u00e0 l&rsquo;intention des d\u00e9l\u00e9gu\u00e9s"},"content":{"rendered":"<div class=\"ituContainer grid\"><div data-span=\"12\">\n<p class=\"wp-block-paragraph\">Des outils informatiques seront mis \u00e0 la disposition des d\u00e9l\u00e9gu\u00e9s en temps utile, notamment l\u2019application de synchronisation pour Windows et Mac. <\/p>\n<\/div><\/div>","protected":false},"excerpt":{"rendered":"<p>Des outils informatiques seront mis \u00e0 la disposition des d\u00e9l\u00e9gu\u00e9s en temps utile, notamment l\u2019application de synchronisation pour Windows et Mac.<\/p>\n","protected":false},"author":4,"featured_media":0,"parent":1857,"menu_order":2,"comment_status":"closed","ping_status":"closed","template":"page-submenu.php","meta":{"_crdt_document":"","footnotes":""},"class_list":["post-2218","page","type-page","status-publish","hentry"],"_links":{"self":[{"href":"https:\/\/itu-app42372.pagelyhosting.com\/fr\/wp-json\/wp\/v2\/pages\/2218","targetHints":{"allow":["GET"]}}],"collection":[{"href":"https:\/\/itu-app42372.pagelyhosting.com\/fr\/wp-json\/wp\/v2\/pages"}],"about":[{"href":"https:\/\/itu-app42372.pagelyhosting.com\/fr\/wp-json\/wp\/v2\/types\/page"}],"author":[{"embeddable":true,"href":"https:\/\/itu-app42372.pagelyhosting.com\/fr\/wp-json\/wp\/v2\/users\/4"}],"replies":[{"embeddable":true,"href":"https:\/\/itu-app42372.pagelyhosting.com\/fr\/wp-json\/wp\/v2\/comments?post=2218"}],"version-history":[{"count":0,"href":"https:\/\/itu-app42372.pagelyhosting.com\/fr\/wp-json\/wp\/v2\/pages\/2218\/revisions"}],"up":[{"embeddable":true,"href":"https:\/\/itu-app42372.pagelyhosting.com\/fr\/wp-json\/wp\/v2\/pages\/1857"}],"wp:attachment":[{"href":"https:\/\/itu-app42372.pagelyhosting.com\/fr\/wp-json\/wp\/v2\/media?parent=2218"}],"curies":[{"name":"wp","href":"https:\/\/api.w.org\/{rel}","templated":true}]}}