
{"id":1952,"date":"2021-09-23T09:40:19","date_gmt":"2021-09-23T09:40:19","guid":{"rendered":"https:\/\/itu-app42372.pagelyhosting.com\/page-daccueil\/"},"modified":"2023-01-05T09:18:50","modified_gmt":"2023-01-05T09:18:50","slug":"140-2","status":"publish","type":"page","link":"https:\/\/itu-app42372.pagelyhosting.com\/fr\/","title":{"rendered":"Homepage"},"content":{"rendered":"\n    <section class=\"ituBanner bg countdown\">\n        <div class=\"bgContainer\">\n            <img decoding=\"async\" src=\"https:\/\/pp22.itu.int\/wp-content\/uploads\/2021\/09\/Parliament-bucharest.jpg\" alt=\"\" \/>\n            <div class=\"ituContainer\">\n                <div class=\"content\">\n                    <div class=\"main\">\n                        <script src=\"https:\/\/unpkg.com\/@lottiefiles\/lottie-player@latest\/dist\/lottie-player.js\"><\/script>\n                        <lottie-player src=\"https:\/\/assets2.lottiefiles.com\/packages\/lf20_38p7qc0c.json\" background=\"transparent\" autoplay=\"\"><\/lottie-player>\n                                            <\/div>\n                <\/div>\n            <\/div>\n        <\/div>\n    <\/section>\n\n\n    <div class=\"ituContainer grid\">\n        <div data-span=\"12\">\n                            <div class=\"ituContainer grid\"><div data-span=\"12\">\n<h2 class=\"wp-block-heading\" id=\"heading-3\"><strong>Derni\u00e8res nouvelles<\/strong><\/h2>\n<\/div><\/div>                                <section>\n        <div class=\"ituContainer grid\">\n                                                <a class=\"ituCard anim bg hor\" href=\"https:\/\/www.itu.int\/en\/mediacentre\/Pages\/PP22-closing-press-release.aspx\" data-span=\"6\" target=\"\" rel=\"noopener\">\n        <img decoding=\"async\" class=\"square\" src=\"https:\/\/pp22.itu.int\/wp-content\/uploads\/2022\/07\/cropped-e33380e8-b339-4d49-9da0-bc5f39a0bb7a.jpg\" alt=\"\" \/>\n        <div class=\"content\">\n            <div class=\"main\">\n                <p class=\"title\">ITU Plenipotentiary Conference closes in Bucharest<\/p>\n                <p>Member States endorsed artificial intelligence, space sustainability, environmental and other resolutions charting the path ahead for digital transformation<\/p>\n            <\/div>\n        <\/div>\n    <\/a>\n                                                <a class=\"ituCard anim bg hor\" href=\"https:\/\/www.itu.int\/pub\/S-CONF-ACTF-2022\" data-span=\"6\" target=\"\" rel=\"noopener\">\n        <img decoding=\"async\" class=\"square\" src=\"https:\/\/pp22.itu.int\/wp-content\/uploads\/2022\/07\/cropped-e33380e8-b339-4d49-9da0-bc5f39a0bb7a.jpg\" alt=\"\" \/>\n        <div class=\"content\">\n            <div class=\"main\">\n                <p class=\"title\"><strong>Final Acts<\/strong><\/p>\n                <p>The Final Acts are now available in all six languages!<\/p>\n            <\/div>\n        <\/div>\n    <\/a>\n                                                <a class=\"ituCard anim bg hor\" href=\"https:\/\/itu-app42372.pagelyhosting.com\/newsroom\/highlights\/\" data-span=\"6\" target=\"\">\n        <img decoding=\"async\" class=\"square\" src=\"https:\/\/pp22.itu.int\/wp-content\/uploads\/2022\/07\/cropped-e33380e8-b339-4d49-9da0-bc5f39a0bb7a.jpg\" alt=\"\" \/>\n        <div class=\"content\">\n            <div class=\"main\">\n                <p class=\"title\"><strong><strong>PP-22 Highlights: Daily updates from the conference<\/strong> <\/strong><\/p>\n                <p>Read more<\/p>\n            <\/div>\n        <\/div>\n    <\/a>\n                                                <a class=\"ituCard anim bg hor\" href=\"https:\/\/pp22.itu.int\/fr\/elections\/elections-results\/\" data-span=\"6\" target=\"\" rel=\"noopener\">\n        <img decoding=\"async\" class=\"square\" src=\"https:\/\/pp22.itu.int\/wp-content\/uploads\/2022\/07\/cropped-e33380e8-b339-4d49-9da0-bc5f39a0bb7a.jpg\" alt=\"\" \/>\n        <div class=\"content\">\n            <div class=\"main\">\n                <p class=\"title\"><strong>Full PP-22 election results now available<\/strong><\/p>\n                <p>Member States elect Secretary-General, Deputy, Bureau Directors, ITU Council and Radio Regulations Board for 2023-2026<\/p>\n            <\/div>\n        <\/div>\n    <\/a>\n                    <\/div>\n    <\/section>\n                            <div class=\"ituContainer grid\"><div data-span=\"12\">\n<p class=\"wp-block-paragraph\"><a href=\"https:\/\/pp22.itu.int\/fr\/all-announcements\/\" data-type=\"URL\" data-id=\"https:\/\/pp22.itu.int\/fr\/all-announcements\/\" target=\"_blank\" rel=\"noopener\">All announcements<\/a><\/p>\n<\/div><\/div>                    <\/div>\n    <\/div>\n\n\n    <div class=\"ituContainer grid\">\n        <div data-span=\"12\">\n                            \n    <section>\n        <div class=\"ituContainer grid\">\n            <div class=\"ituCard alt\" data-span=\"12\">\n                <div class=\"content\">\n                    <div class=\"main\">\n                        <figure>\n                            <blockquote class=\"medium\">Les pays se r\u00e9uniront \u00e0 l\u2019occasion de la Conf\u00e9rence de pl\u00e9nipotentiaires de 2022 de l\u2019UIT pour d\u00e9finir l\u2019orientation de la transformation num\u00e9rique pour les ann\u00e9es \u00e0 venir, dans l\u2019int\u00e9r\u00eat de la plan\u00e8te et de l\u2019humanit\u00e9.<\/blockquote>\n                            <figcaption>\n                                <img decoding=\"async\" src=\"https:\/\/pp22.itu.int\/wp-content\/uploads\/2021\/09\/sg.jpg\" alt=\"M. Houlin Zhao \" \/>\n                                M. Houlin Zhao  &#8211; <cite>Secr\u00e9taire g\u00e9n\u00e9ral de l\u2019UIT<\/cite>\n                            <\/figcaption>\n                        <\/figure>\n                    <\/div>\n                <\/div>\n            <\/div>\n        <\/div>\n    <\/section>\n                    <\/div>\n    <\/div>\n\n\n    <section>\n        <div class=\"ituContainer grid\">\n            <div class=\"ituCard bg dots\" data-span=\"12\">\n                <div class=\"bgContainer\">\n                    <img decoding=\"async\" src=\"\" alt=\"Decorative image\" \/>\n                    <div class=\"content\">\n                        <div class=\"main\">\n                            <h2 class=\"title\">Qu\u2019est-ce que la PP-22?<\/h2>\n                            <p>L\u2019Union internationale des t\u00e9l\u00e9communications (UIT) est l\u2019institution sp\u00e9cialis\u00e9e dy syst\u00e8me des Nations Unies pour les technologies de l\u2019information et de la communication (TIC). La Conf\u00e9rence de pl\u00e9nipotentiaires, organe d\u00e9cisionnel supr\u00eame de l\u2019UIT. se tient tous les quatre ans pour d\u00e9finir les principes g\u00e9n\u00e9raux de l\u2019Union, adopter les plans strat\u00e9gique et financier pour une p\u00e9riode de quatre ans et \u00e9lire les membres de l\u2019\u00e9quipe de direction de l\u2019organisation, les \u00c9tats Membres du Conseil, et les membres du Comit\u00e9 du R\u00e8glement des radiocommunications.\nLa prochaine Conf\u00e9rence de pl\u00e9nipotentiaires (PP-22) aura lieu \u00e0 Bucarest (Roumanie), du 26 septembre au 14 octobre 2022.<\/p>\n                            <p>\n                                <a href=\"https:\/\/pp22.itu.int\/fr\/about\/\" class=\"ituBtn\" target=\"_blank\" rel=\"noopener\">\n                                    En savoir plus                                <\/a>\n                            <\/p>\n                        <\/div>\n                    <\/div>\n                <\/div>\n            <\/div>\n        <\/div>\n    <\/section>\n","protected":false},"excerpt":{"rendered":"","protected":false},"author":4,"featured_media":0,"parent":0,"menu_order":0,"comment_status":"closed","ping_status":"closed","template":"","meta":{"_crdt_document":"","footnotes":""},"class_list":["post-1952","page","type-page","status-publish","hentry"],"_links":{"self":[{"href":"https:\/\/itu-app42372.pagelyhosting.com\/fr\/wp-json\/wp\/v2\/pages\/1952","targetHints":{"allow":["GET"]}}],"collection":[{"href":"https:\/\/itu-app42372.pagelyhosting.com\/fr\/wp-json\/wp\/v2\/pages"}],"about":[{"href":"https:\/\/itu-app42372.pagelyhosting.com\/fr\/wp-json\/wp\/v2\/types\/page"}],"author":[{"embeddable":true,"href":"https:\/\/itu-app42372.pagelyhosting.com\/fr\/wp-json\/wp\/v2\/users\/4"}],"replies":[{"embeddable":true,"href":"https:\/\/itu-app42372.pagelyhosting.com\/fr\/wp-json\/wp\/v2\/comments?post=1952"}],"version-history":[{"count":0,"href":"https:\/\/itu-app42372.pagelyhosting.com\/fr\/wp-json\/wp\/v2\/pages\/1952\/revisions"}],"wp:attachment":[{"href":"https:\/\/itu-app42372.pagelyhosting.com\/fr\/wp-json\/wp\/v2\/media?parent=1952"}],"curies":[{"name":"wp","href":"https:\/\/api.w.org\/{rel}","templated":true}]}}