
{"id":1839,"date":"2022-03-16T11:09:12","date_gmt":"2022-03-16T11:09:12","guid":{"rendered":"https:\/\/itu-app42372.pagelyhosting.com\/a-propos\/dates-et-echeances-importantes\/"},"modified":"2022-07-13T07:28:13","modified_gmt":"2022-07-13T07:28:13","slug":"key-deadlines","status":"publish","type":"page","link":"https:\/\/itu-app42372.pagelyhosting.com\/fr\/about\/key-deadlines\/","title":{"rendered":"Dates et \u00e9ch\u00e9ances importantes"},"content":{"rendered":"    <div class=\"ituContainer grid\">\n        <div data-span=\"12\">\n                            <div class=\"ituContainer grid\"><div data-span=\"12\">\n<div class=\"wp-block-columns is-layout-flex wp-container-core-columns-is-layout-8f761849 wp-block-columns-is-layout-flex\"><div class=\"ituContainer grid\"><div data-span=\"12\">\n<div class=\"wp-block-column is-layout-flow wp-block-column-is-layout-flow\" style=\"flex-basis:100%\"><div class=\"ituContainer grid\"><div data-span=\"12\">\n<h2 class=\"wp-block-heading\">Dates et \u00e9ch\u00e9ances importantes<\/h2>\n<\/div><\/div>\n\n    <section>\n        <div class=\"ituContainer grid\">\n            <ul class=\"ituTimeline\" data-span=\"8\">\n                                        <li>\n        <div class=\"ituCard alt\">\n            <div class=\"main\">\n                <div class=\"content\">\n                    27 septembre 2021: Envoi des invitations (num\u00e9ro 5 des R\u00e8gles g\u00e9n\u00e9rales)                <\/div>\n            <\/div>\n        <\/div>\n    <\/li>\n                                        <li>\n        <div class=\"ituCard alt\">\n            <div class=\"main\">\n                <div class=\"content\">\n                    31 d\u00e9cembre 2021: Date limite \u00e0 laquelle les \u00c9tats Membres peuvent annoncer la classe de contribution qu&rsquo;ils choisissent provisoirement                <\/div>\n            <\/div>\n        <\/div>\n    <\/li>\n                                        <li>\n        <div class=\"ituCard alt\">\n            <div class=\"main\">\n                <div class=\"content\">\n                    26 janvier 2022: D\u00e9lai de soumission des propositions d&rsquo;amendement de la Constitution et de la Convention (num\u00e9ro 224 de la Constitution\/num\u00e9ro 519 de la Convention)                <\/div>\n            <\/div>\n        <\/div>\n    <\/li>\n                                        <li>\n        <div class=\"ituCard alt\">\n            <div class=\"main\">\n                <div class=\"content\">\n                    21-31 mars 2022: Session de 2022 du Conseil (C22)                <\/div>\n            <\/div>\n        <\/div>\n    <\/li>\n                                        <li>\n        <div class=\"ituCard alt\">\n            <div class=\"main\">\n                <div class=\"content\">\n                    Premi\u00e8re r\u00e9union pr\u00e9paratoire interr\u00e9gionale parall\u00e8lement \u00e0 la session de 2022 du Conseil: 28 mars 2022                <\/div>\n            <\/div>\n        <\/div>\n    <\/li>\n                                        <li>\n        <div class=\"ituCard alt\">\n            <div class=\"main\">\n                <div class=\"content\">\n                    Mai 2022: Ouverture des inscriptions en ligne                <\/div>\n            <\/div>\n        <\/div>\n    <\/li>\n                                        <li>\n        <div class=\"ituCard alt\">\n            <div class=\"main\">\n                <div class=\"content\">\n                    26 mai 2022: D\u00e9lai de soumission des autres propositions (num\u00e9ro 40 des R\u00e8gles g\u00e9n\u00e9rales)                <\/div>\n            <\/div>\n        <\/div>\n    <\/li>\n                                        <li>\n        <div class=\"ituCard alt\">\n            <div class=\"main\">\n                <div class=\"content\">\n                    Deuxi\u00e8me r\u00e9union pr\u00e9paratoire interr\u00e9gionale: 5 juin 2022 \u00e0 Kigali (Rwanda)                <\/div>\n            <\/div>\n        <\/div>\n    <\/li>\n                                        <li>\n        <div class=\"ituCard alt\">\n            <div class=\"main\">\n                <div class=\"content\">\n                    22 ao\u00fbt 2022, 23h59 (heure de Gen\u00e8ve): \u00c9lections: Date limite de pr\u00e9sentation des candidatures (num\u00e9ro 170 des R\u00e8gles g\u00e9n\u00e9rales)                <\/div>\n            <\/div>\n        <\/div>\n    <\/li>\n                                        <li>\n        <div class=\"ituCard alt\">\n            <div class=\"main\">\n                <div class=\"content\">\n                    Troisi\u00e8me r\u00e9union pr\u00e9paratoire interr\u00e9gionale apr\u00e8s la date limite de pr\u00e9sentation des candidatures: 30-31 ao\u00fbt 2022 \u00e0 Riyad (Arabie saoudite)                <\/div>\n            <\/div>\n        <\/div>\n    <\/li>\n                                        <li>\n        <div class=\"ituCard alt\">\n            <div class=\"main\">\n                <div class=\"content\">\n                    5 septembre 2022: D\u00e9lai fixe pour la pr\u00e9sentation de toutes les contributions (R\u00e9solution 165)                <\/div>\n            <\/div>\n        <\/div>\n    <\/li>\n                                        <li>\n        <div class=\"ituCard alt\">\n            <div class=\"main\">\n                <div class=\"content\">\n                    24 septembre 2022: Derni\u00e8re s\u00e9ance du Conseil pour la session de 2022                <\/div>\n            <\/div>\n        <\/div>\n    <\/li>\n                                        <li>\n        <div class=\"ituCard alt\">\n            <div class=\"main\">\n                <div class=\"content\">\n                    25 septembre 2022: R\u00e9union informelle des chefs de d\u00e9l\u00e9gation                <\/div>\n            <\/div>\n        <\/div>\n    <\/li>\n                                        <li>\n        <div class=\"ituCard alt\">\n            <div class=\"main\">\n                <div class=\"content\">\n                    26 septembre 2022: R\u00e9union des chefs de d\u00e9l\u00e9gation, c\u00e9r\u00e9monie d&rsquo;ouverture et premi\u00e8re pl\u00e9ni\u00e8re                <\/div>\n            <\/div>\n        <\/div>\n    <\/li>\n                                        <li>\n        <div class=\"ituCard alt\">\n            <div class=\"main\">\n                <div class=\"content\">\n                    29 septembre 2022: D\u00e9but des \u00e9lections le quatri\u00e8me jour de la Conf\u00e9rence. Les \u00e9lections se d\u00e9rouleront dans l&rsquo;ordre suivant: \u00e9lection du Segr\u00e9taire g\u00e9n\u00e9ral, du Vice-Secr\u00e9taire g\u00e9n\u00e9ral, des Directeurs des Bureaux, des membres du RRB et des membres du Conseil.                <\/div>\n            <\/div>\n        <\/div>\n    <\/li>\n                            <\/ul>\n        <\/div>\n    <\/section>\n<\/div>\n<\/div><\/div><\/div>\n<\/div><\/div>                    <\/div>\n    <\/div>\n\n\n<div class=\"ituContainer grid\"><div data-span=\"12\">\n<p class=\"wp-block-paragraph\"><\/p>\n<\/div><\/div>","protected":false},"excerpt":{"rendered":"","protected":false},"author":2,"featured_media":0,"parent":671,"menu_order":2,"comment_status":"closed","ping_status":"closed","template":"page-submenu.php","meta":{"_crdt_document":"","footnotes":""},"class_list":["post-1839","page","type-page","status-publish","hentry"],"_links":{"self":[{"href":"https:\/\/itu-app42372.pagelyhosting.com\/fr\/wp-json\/wp\/v2\/pages\/1839","targetHints":{"allow":["GET"]}}],"collection":[{"href":"https:\/\/itu-app42372.pagelyhosting.com\/fr\/wp-json\/wp\/v2\/pages"}],"about":[{"href":"https:\/\/itu-app42372.pagelyhosting.com\/fr\/wp-json\/wp\/v2\/types\/page"}],"author":[{"embeddable":true,"href":"https:\/\/itu-app42372.pagelyhosting.com\/fr\/wp-json\/wp\/v2\/users\/2"}],"replies":[{"embeddable":true,"href":"https:\/\/itu-app42372.pagelyhosting.com\/fr\/wp-json\/wp\/v2\/comments?post=1839"}],"version-history":[{"count":0,"href":"https:\/\/itu-app42372.pagelyhosting.com\/fr\/wp-json\/wp\/v2\/pages\/1839\/revisions"}],"up":[{"embeddable":true,"href":"https:\/\/itu-app42372.pagelyhosting.com\/fr\/wp-json\/wp\/v2\/pages\/671"}],"wp:attachment":[{"href":"https:\/\/itu-app42372.pagelyhosting.com\/fr\/wp-json\/wp\/v2\/media?parent=1839"}],"curies":[{"name":"wp","href":"https:\/\/api.w.org\/{rel}","templated":true}]}}