
{"id":1836,"date":"2022-03-16T10:56:34","date_gmt":"2022-03-16T10:56:34","guid":{"rendered":"https:\/\/itu-app42372.pagelyhosting.com\/a-propos\/a-propos-de-la-pp-22\/"},"modified":"2022-10-05T21:15:02","modified_gmt":"2022-10-05T21:15:02","slug":"about-pp22","status":"publish","type":"page","link":"https:\/\/itu-app42372.pagelyhosting.com\/fr\/about\/about-pp22\/","title":{"rendered":"\u00c0 propos de la PP-22"},"content":{"rendered":"<div class=\"ituContainer grid\"><div data-span=\"12\">\n<h2 class=\"heading-3 wp-block-heading\">La Conf\u00e9rence de pl\u00e9nipotentiaires de l&rsquo;UIT rassemble les repr\u00e9sentants des \u00c9tats Membres de l&rsquo;Union. <\/h2>\n<\/div><\/div>\n\n<div class=\"ituContainer grid\"><div data-span=\"12\">\n<p class=\"wp-block-paragraph\">La Conf\u00e9rence de pl\u00e9nipotentiaires est l&rsquo;organe d\u00e9cisionnel supr\u00eame de l&rsquo;Union internationale des t\u00e9l\u00e9communications (UIT). Tenue tous les quatre ans, cette conf\u00e9rence est une manifestation importante \u00e0 l&rsquo;occasion de laquelle les \u00c9tats Membres de l&rsquo;UIT d\u00e9cident du r\u00f4le futur de l&rsquo;organisation et d\u00e9terminent par l\u00e0 m\u00eame sa capacit\u00e9 \u00e0 influencer et \u00e0 orienter l&rsquo;\u00e9volution des technologies de l&rsquo;information et de la communication (TIC) dans le monde. La Conf\u00e9rence:<\/p>\n<\/div><\/div>\n\n<div class=\"ituContainer grid\"><div data-span=\"12\">\n<ul class=\"wp-block-list\"><li>d\u00e9termine les principes g\u00e9n\u00e9raux de l&rsquo;Union;<\/li><li>adopte un plan strat\u00e9gique et un plan financier pour une p\u00e9riode de quatre ans; et<\/li><li>\u00e9lit les membres de l&rsquo;\u00e9quipe de direction de l&rsquo;organisation ainsi que les \u00c9tats Membres du Conseil et les membres du Comit\u00e9 du R\u00e8glement des radiocommunications.<\/li><\/ul>\n<\/div><\/div>\n\n<div class=\"ituContainer grid\"><div data-span=\"12\">\n<p class=\"wp-block-paragraph\">La Conf\u00e9rence de pl\u00e9nipotentiaires de 2022 (PP-22) se tiendra \u00e0 Bucarest (Roumanie) du lundi 26 septembre au vendredi 14 octobre 2022. Elle sera pr\u00e9c\u00e9d\u00e9e de la derni\u00e8re s\u00e9ance du\u00a0<a href=\"https:\/\/www.itu.int\/fr\/council\/2022\/Pages\/default.aspx\" target=\"_blank\" rel=\"noopener\">Conseil pour la session de 2022<\/a>, qui se tiendra le samedi 24 septembre 2022.<\/p>\n<\/div><\/div>\n\n<div class=\"ituContainer grid\"><div data-span=\"12\">\n<h2 class=\"wp-block-heading\">Pr\u00e9sident de la PP-22<\/h2>\n<\/div><\/div>\n\n<div class=\"ituContainer grid\"><div data-span=\"12\">\n<p class=\"wp-block-paragraph\">M. Sabin S\u0103rma\u0219 a \u00e9t\u00e9 \u00e9lu par acclamation Pr\u00e9sident de la PP-22. Pour en savoir plus sur M. S\u0103rma\u0219, cliquez <a href=\"https:\/\/itu-app42372.pagelyhosting.com\/fr\/chairman\/\">ici<\/a>.<\/p>\n<\/div><\/div>\n\n<div class=\"ituContainer grid\"><div data-span=\"12\">\n<h2 class=\"heading-3 wp-block-heading\">Site web du pays h\u00f4te<\/h2>\n<\/div><\/div>\n\n<div class=\"ituContainer grid\"><div data-span=\"12\">\n<p class=\"wp-block-paragraph\">Le site web du pays h\u00f4te contient des renseignements sur la Roumanie, la ville de Bucarest, les visas, les voyages et les r\u00e9servations d\u2019h\u00f4tel en vue de la Conf\u00e9rence. Il est disponible \u00e0 l\u2019adresse <a href=\"https:\/\/bucharestpp22.gov.ro\/\" target=\"_blank\" rel=\"noreferrer noopener\">www.bucharestpp22.gov.ro<\/a>. <\/p>\n<\/div><\/div>\n\n<div class=\"ituContainer grid\"><div data-span=\"12\">\n<h2 class=\"heading-3 wp-block-heading\">Utilisation des logos<\/h2>\n<\/div><\/div>\n\n<div class=\"ituContainer grid\"><div data-span=\"12\">\n<p class=\"wp-block-paragraph\"><a href=\"https:\/\/itu-app42372.pagelyhosting.com\/use-of-logo\/\" data-type=\"URL\" data-id=\"https:\/\/itu-app42372.pagelyhosting.com\/use-of-logo\/\">Informations d\u00e9taill\u00e9es concernant l&rsquo;utilisation des logos de l&rsquo;UIT et de la PP-22<\/a>.<\/p>\n<\/div><\/div>\n\n<div class=\"ituContainer grid\"><div data-span=\"12\">\n<h2 class=\"heading-3 wp-block-heading\">Conf\u00e9rences pr\u00e9c\u00e9dentes<\/h2>\n<\/div><\/div>\n\n    <section>\n        <div class=\"ituContainer grid\">\n                                                <a class=\"ituCard anim bg hor\" href=\"https:\/\/www.itu.int\/web\/pp-18\/en\/\" data-span=\"6\" target=\"\" rel=\"noopener\">\n        <img decoding=\"async\" class=\"square\" src=\"https:\/\/itu-app42372.pagelyhosting.com\/wp-content\/uploads\/2021\/09\/PP-18-square.jpg\" alt=\"\" \/>\n        <div class=\"content\">\n            <div class=\"main\">\n                <p class=\"title\">Conf\u00e9rence de pl\u00e9nipotentiaires de 2018 (PP-18)<\/p>\n                <p>Duba\u00ef, \u00c9mirats arabes unis<\/p>\n            <\/div>\n        <\/div>\n    <\/a>\n                                                <a class=\"ituCard anim bg hor\" href=\"https:\/\/www.itu.int\/en\/plenipotentiary\/2014\/Pages\/default.aspx\" data-span=\"6\" target=\"\" rel=\"noopener\">\n        <img decoding=\"async\" class=\"square\" src=\"https:\/\/itu-app42372.pagelyhosting.com\/wp-content\/uploads\/2021\/09\/PP-14.jpg\" alt=\"\" \/>\n        <div class=\"content\">\n            <div class=\"main\">\n                <p class=\"title\">Conf\u00e9rence de pl\u00e9nipotentiaires de 2014 (PP-14)<\/p>\n                <p>Busan, R\u00e9publique de Cor\u00e9e<\/p>\n            <\/div>\n        <\/div>\n    <\/a>\n                                                <a class=\"ituCard anim bg hor\" href=\"https:\/\/www.itu.int\/plenipotentiary\/2010\/index.html\" data-span=\"6\" target=\"\" rel=\"noopener\">\n        <img decoding=\"async\" class=\"square\" src=\"https:\/\/itu-app42372.pagelyhosting.com\/wp-content\/uploads\/2021\/09\/PP-10.jpg\" alt=\"\" \/>\n        <div class=\"content\">\n            <div class=\"main\">\n                <p class=\"title\">Conf\u00e9rence de pl\u00e9nipotentiaires de 2010 (PP-10)<\/p>\n                <p>Guadalajara, Mexique<\/p>\n            <\/div>\n        <\/div>\n    <\/a>\n                                                <a class=\"ituCard anim bg hor\" href=\"https:\/\/www.itu.int\/plenipotentiary\/2006\/index.html\" data-span=\"6\" target=\"\" rel=\"noopener\">\n        <img decoding=\"async\" class=\"square\" src=\"https:\/\/itu-app42372.pagelyhosting.com\/wp-content\/uploads\/2021\/09\/PP-06.jpg\" alt=\"\" \/>\n        <div class=\"content\">\n            <div class=\"main\">\n                <p class=\"title\">Conf\u00e9rence de pl\u00e9nipotentiaires de 2006 (PP-06)<\/p>\n                <p>Antalya, Turquie<\/p>\n            <\/div>\n        <\/div>\n    <\/a>\n                    <\/div>\n    <\/section>\n","protected":false},"excerpt":{"rendered":"<p>La Conf\u00e9rence de pl\u00e9nipotentiaires de l&rsquo;UIT rassemble les repr\u00e9sentants des \u00c9tats Membres de l&rsquo;Union. La Conf\u00e9rence de pl\u00e9nipotentiaires est l&rsquo;organe d\u00e9cisionnel supr\u00eame de l&rsquo;Union internationale des t\u00e9l\u00e9communications (UIT). Tenue tous les quatre ans, cette conf\u00e9rence est une manifestation importante \u00e0 l&rsquo;occasion de laquelle les \u00c9tats Membres de l&rsquo;UIT d\u00e9cident du r\u00f4le futur de l&rsquo;organisation et [&hellip;]<\/p>\n","protected":false},"author":4,"featured_media":0,"parent":671,"menu_order":0,"comment_status":"closed","ping_status":"closed","template":"page-submenu.php","meta":{"_crdt_document":"","footnotes":""},"class_list":["post-1836","page","type-page","status-publish","hentry"],"_links":{"self":[{"href":"https:\/\/itu-app42372.pagelyhosting.com\/fr\/wp-json\/wp\/v2\/pages\/1836","targetHints":{"allow":["GET"]}}],"collection":[{"href":"https:\/\/itu-app42372.pagelyhosting.com\/fr\/wp-json\/wp\/v2\/pages"}],"about":[{"href":"https:\/\/itu-app42372.pagelyhosting.com\/fr\/wp-json\/wp\/v2\/types\/page"}],"author":[{"embeddable":true,"href":"https:\/\/itu-app42372.pagelyhosting.com\/fr\/wp-json\/wp\/v2\/users\/4"}],"replies":[{"embeddable":true,"href":"https:\/\/itu-app42372.pagelyhosting.com\/fr\/wp-json\/wp\/v2\/comments?post=1836"}],"version-history":[{"count":0,"href":"https:\/\/itu-app42372.pagelyhosting.com\/fr\/wp-json\/wp\/v2\/pages\/1836\/revisions"}],"up":[{"embeddable":true,"href":"https:\/\/itu-app42372.pagelyhosting.com\/fr\/wp-json\/wp\/v2\/pages\/671"}],"wp:attachment":[{"href":"https:\/\/itu-app42372.pagelyhosting.com\/fr\/wp-json\/wp\/v2\/media?parent=1836"}],"curies":[{"name":"wp","href":"https:\/\/api.w.org\/{rel}","templated":true}]}}