
{"id":1758,"date":"2022-03-15T09:46:14","date_gmt":"2022-03-15T09:46:14","guid":{"rendered":"https:\/\/itu-app42372.pagelyhosting.com\/receptions\/"},"modified":"2022-06-20T15:48:49","modified_gmt":"2022-06-20T15:48:49","slug":"social-events","status":"publish","type":"page","link":"https:\/\/itu-app42372.pagelyhosting.com\/fr\/social-events\/","title":{"rendered":"R\u00e9ceptions"},"content":{"rendered":"<div class=\"ituContainer grid\"><div data-span=\"12\">\n<p class=\"wp-block-paragraph\">Les r\u00e9ceptions (pause-caf\u00e9, r\u00e9ception \u00e0 l&rsquo;heure du d\u00e9jeuner\/en soir\u00e9e) organis\u00e9es lors de la PP-22 offrent aux participants des occasions tr\u00e8s appr\u00e9ci\u00e9es de se mettre en relation, d&rsquo;\u00e9tablir des liens et d&rsquo;en savoir plus entre les s\u00e9ances tout au long de la Conf\u00e9rence. L&rsquo;organisation de r\u00e9ceptions offre aux \u00c9tats Membres et aux autres parties int\u00e9ress\u00e9es une occasion unique de dialoguer avec les d\u00e9l\u00e9gations, de mieux se faire conna\u00eetre et de mener des activit\u00e9s de promotion. <\/p>\n<\/div><\/div><div class=\"ituContainer grid\"><div data-span=\"12\">\n<p class=\"wp-block-paragraph\">Le Service du protocole de l&rsquo;UIT tient \u00e0 jour et coordonne le calendrier des r\u00e9ceptions afin d&rsquo;informer les Etats Membres et les autres participants \u00e0 la Conf\u00e9rence. Les parties int\u00e9ress\u00e9es qui pr\u00e9voient d&rsquo;organiser une r\u00e9ception doivent tout d&rsquo;abord se mettre en relation et se coordonner avec le Service du protocole de l&rsquo;UIT avant de prendre des dispositions d\u00e9finitives quant \u00e0 la date et \u00e0 l&rsquo;heure d&rsquo;un projet de r\u00e9ception. <\/p>\n<\/div><\/div><div class=\"ituContainer grid\"><div data-span=\"12\">\n<p class=\"wp-block-paragraph\">Le Service du protocole de l&rsquo;UIT fournira son assistance, dans la mesure du possible, pour trouver des cr\u00e9neaux disponibles et servira d&rsquo;interm\u00e9diaire pour \u00e9viter le chevauchement des r\u00e9ceptions, ainsi que pour fournir les coordonn\u00e9es des personnes \u00e0 contacter sur place pour r\u00e9server d&rsquo;autres lieux et les services associ\u00e9s (restauration, transport, etc.). Les r\u00e9servations des cr\u00e9neaux seront confirm\u00e9es dans l&rsquo;ordre d&rsquo;arriv\u00e9e des demandes. <\/p>\n<\/div><\/div><div class=\"ituContainer grid\"><div data-span=\"12\">\n<p class=\"wp-block-paragraph\">Par courtoisie, il convient d&rsquo;\u00e9viter de programmer une r\u00e9ception pendant une s\u00e9ance de travail officielle afin de ne pas g\u00eaner les travaux de la Conf\u00e9rence. Il est \u00e9galement d&rsquo;usage que la premi\u00e8re soir\u00e9e de la PP soit r\u00e9serv\u00e9e exclusivement \u00e0 la r\u00e9ception de bienvenue du pays h\u00f4te, et qu&rsquo;aucune autre r\u00e9ception ne soit donc organis\u00e9e lors de cette soir\u00e9e. <\/p>\n<\/div><\/div><div class=\"ituContainer grid\"><div data-span=\"12\">\n<p class=\"wp-block-paragraph\">Une copie de l&rsquo;invitation, indiquant si la r\u00e9ception est ouverte \u00e0 tous ou r\u00e9serv\u00e9e \u00e0 certains participants, devrait \u00eatre envoy\u00e9e \u00e0 l&rsquo;adresse <a href=\"mailto:protocol@itu.int\">protocol@itu.int<\/a> pour approbation. Veuillez noter que les cartons d&rsquo;invitation et autres documents distribu\u00e9s pour les r\u00e9ceptions ne doivent utiliser aucun logo de l&rsquo;UIT ni aucune r\u00e9f\u00e9rence ou signe visible de nature \u00e0 sugg\u00e9rer ou m\u00eame \u00e0 laisser entendre que l&rsquo;UIT est associ\u00e9e \u00e0 une r\u00e9ception. Le Service du protocole de l&rsquo;UIT n&rsquo;assurera aucune distribution d&rsquo;invitations papier ou \u00e9lectroniques. Lorsqu&rsquo;il est demand\u00e9 aux invit\u00e9s de confirmer leur pr\u00e9sence, les r\u00e9ponses correspondantes sont g\u00e9r\u00e9es par l&rsquo;organisateur de la r\u00e9ception.  <\/p>\n<\/div><\/div><div class=\"ituContainer grid\"><div data-span=\"12\">\n<p class=\"wp-block-paragraph\">Le programme des r\u00e9ceptions et les informations associ\u00e9es seront publi\u00e9s sur la page web pr\u00e9sentant le programme de la PP-22 (compte TIES obligatoire) et mis \u00e0 jour. Le programme quotidien des r\u00e9ceptions sera affich\u00e9 sur les \u00e9crans du lieu de la Conf\u00e9rence et les r\u00e9ceptions sont annonc\u00e9es le jour m\u00eame par le secr\u00e9taire de la s\u00e9ance qui pr\u00e9c\u00e8de. <\/p>\n<\/div><\/div><div class=\"ituContainer grid\"><div data-span=\"12\">\n<p class=\"wp-block-paragraph\">A l&rsquo;exception de ce service, l&rsquo;UIT n&rsquo;assumera pas la responsabilit\u00e9 de l&rsquo;organisation logistique et des autres arrangements pour les r\u00e9ceptions, qui rel\u00e8vent uniquement de la responsabilit\u00e9 de l&rsquo;organisateur de chaque r\u00e9ception. <\/p>\n<\/div><\/div><div class=\"ituContainer grid\"><div data-span=\"12\">\n<p class=\"wp-block-paragraph\">Pour toutes les demandes concernant les r\u00e9ceptions pendant la Conf\u00e9rence, veuillez vous adresser \u00e0 <a href=\"mailto:protocol@itu.int\">protocol@itu.int<\/a>.<\/p>\n<\/div><\/div>","protected":false},"excerpt":{"rendered":"<p>Les r\u00e9ceptions (pause-caf\u00e9, r\u00e9ception \u00e0 l&rsquo;heure du d\u00e9jeuner\/en soir\u00e9e) organis\u00e9es lors de la PP-22 offrent aux participants des occasions tr\u00e8s appr\u00e9ci\u00e9es de se mettre en relation, d&rsquo;\u00e9tablir des liens et d&rsquo;en savoir plus entre les s\u00e9ances tout au long de la Conf\u00e9rence. L&rsquo;organisation de r\u00e9ceptions offre aux \u00c9tats Membres et aux autres parties int\u00e9ress\u00e9es une [&hellip;]<\/p>\n","protected":false},"author":7,"featured_media":0,"parent":0,"menu_order":0,"comment_status":"closed","ping_status":"closed","template":"page-banner-blue.php","meta":{"_crdt_document":"","footnotes":""},"class_list":["post-1758","page","type-page","status-publish","hentry"],"_links":{"self":[{"href":"https:\/\/itu-app42372.pagelyhosting.com\/fr\/wp-json\/wp\/v2\/pages\/1758","targetHints":{"allow":["GET"]}}],"collection":[{"href":"https:\/\/itu-app42372.pagelyhosting.com\/fr\/wp-json\/wp\/v2\/pages"}],"about":[{"href":"https:\/\/itu-app42372.pagelyhosting.com\/fr\/wp-json\/wp\/v2\/types\/page"}],"author":[{"embeddable":true,"href":"https:\/\/itu-app42372.pagelyhosting.com\/fr\/wp-json\/wp\/v2\/users\/7"}],"replies":[{"embeddable":true,"href":"https:\/\/itu-app42372.pagelyhosting.com\/fr\/wp-json\/wp\/v2\/comments?post=1758"}],"version-history":[{"count":0,"href":"https:\/\/itu-app42372.pagelyhosting.com\/fr\/wp-json\/wp\/v2\/pages\/1758\/revisions"}],"wp:attachment":[{"href":"https:\/\/itu-app42372.pagelyhosting.com\/fr\/wp-json\/wp\/v2\/media?parent=1758"}],"curies":[{"name":"wp","href":"https:\/\/api.w.org\/{rel}","templated":true}]}}