
{"id":14176,"date":"2022-09-20T12:15:17","date_gmt":"2022-09-20T12:15:17","guid":{"rendered":"https:\/\/itu-app42372.pagelyhosting.com\/?page_id=14176"},"modified":"2022-09-29T20:18:15","modified_gmt":"2022-09-29T20:18:15","slug":"side-events","status":"publish","type":"page","link":"https:\/\/itu-app42372.pagelyhosting.com\/fr\/side-events\/","title":{"rendered":"Manifestations parall\u00e8les"},"content":{"rendered":"<div class=\"ituContainer grid\"><div data-span=\"12\">\n<p class=\"has-medium-font-size wp-block-paragraph\">Les manifestations parall\u00e8les ci-apr\u00e8s sont organis\u00e9es par le pays h\u00f4te, ou par un \u00c9tat Membre: <\/p>\n<\/div><\/div>\n\n<div class=\"ituContainer grid\"><div data-span=\"12\">\n<p class=\"wp-block-paragraph\"><strong>1. CONF\u00c9RENCE: DIALOGUE SUR LA S\u00c9CURIT\u00c9 NUM\u00c9RIQUE: LES R\u00c9SEAUX SONT ESSENTIELS<\/strong><br><strong>Date et heure:<\/strong> samedi 24 septembre, 14 h 30 \u2013 17 h 30 (heure de Bucarest)<br><strong>Format:<\/strong> r\u00e9union en pr\u00e9sentiel<br><strong>Lieu:<\/strong> Salle Nicolae Iorga (les places seront attribu\u00e9es selon le principe du \u00ab\u00a0premier arriv\u00e9, premier servi\u00a0\u00bb)<br><strong>Participants:<\/strong> intervenants invit\u00e9s et d\u00e9l\u00e9gu\u00e9s participant \u00e0 la PP-22<br><strong>Description:<\/strong> Cette manifestation parall\u00e8le de haut niveau organis\u00e9e par le pays h\u00f4te est align\u00e9e sur le Programme mondial cybers\u00e9curit\u00e9 (GCA) de l&rsquo;UIT. Elle s&rsquo;adresse \u00e0 tous les participants \u00e0 la PP-22 qui s&rsquo;int\u00e9ressent au r\u00f4le d\u00e9terminant que le partage de la s\u00e9curit\u00e9 num\u00e9rique jouent pour instaurer la confiance dans les r\u00e9seaux de communication, dans un contexte o\u00f9 l&rsquo;utilisation des technologies de l&rsquo;information et de la communication augmente de mani\u00e8re continue.<\/p>\n<\/div><\/div>\n\n<div class=\"ituContainer grid\"><div data-span=\"12\">\n<p class=\"wp-block-paragraph\"><\/p>\n<\/div><\/div>\n\n<div class=\"ituContainer grid\"><div data-span=\"12\">\n<p class=\"wp-block-paragraph\"><strong>2. TABLE RONDE MINIST\u00c9RIELLE: CONSTRUIRE UN MEILLEUR AVENIR NUM\u00c9RIQUE, POUR TOUS<\/strong><br><strong>Date et heure:<\/strong> dimanche 25 septembre, 10 h 00 &#8211; 13 h 00 (heure de Bucarest)<br><strong>Format:<\/strong> r\u00e9union en pr\u00e9sentiel<br><strong>Lieu:<\/strong> Salle des droits de l&rsquo;homme<br><strong>Participants: <\/strong>hauts responsables gouvernementaux (ministres et vice-ministres) \u2013 r\u00e9union \u00e0 huis clos<br><strong>Description:<\/strong> L&rsquo;objet de cette manifestation est d&rsquo;offrir une tribune pour des r\u00e9flexions de haut niveau et un \u00e9change constructif de vues et de donn\u00e9es d&rsquo;exp\u00e9rience institutionnelles, du point de vue des pouvoirs publics, entre des repr\u00e9sentants de haut niveau de diff\u00e9rents pays de toutes les r\u00e9gions. Les discussions aboutiront \u00e0 l&rsquo;adoption d&rsquo;une d\u00e9claration commune d\u00e9crivant une approche commune en mati\u00e8re de politiques, pour le d\u00e9veloppement d&rsquo;un avenir num\u00e9rique durab\u00e9e et la marche \u00e0 suivre dans ce domaine.<\/p>\n<\/div><\/div>\n\n<div class=\"ituContainer grid\"><div data-span=\"12\">\n<p class=\"wp-block-paragraph\"><\/p>\n<\/div><\/div>\n\n<div class=\"ituContainer grid\"><div data-span=\"12\">\n<p class=\"wp-block-paragraph\"><strong>3. DISCUSSION DE HAUT NIVEAU ET PETIT-D\u00c9JEUNER DE MISE EN RELATION &#8211; RENFORCER L&rsquo;AUTONOMISATION ET LE R\u00d4LE DIRECTEUR DES FEMMES \u00c0 L&rsquo;UIT<\/strong><br><strong>Date et heure:<\/strong> vendredi 30 septembre, 8 h 00 \u2013 9 h 00 (heure de Bucarest)<br><strong>Format:<\/strong> r\u00e9union en pr\u00e9sentiel<br><strong>Lieu:<\/strong> Salle Unirii (les places seront attribu\u00e9es selon le principe du \u00ab\u00a0premier arriv\u00e9, premier servi\u00a0\u00bb)<br><strong>Participants:<\/strong> tr\u00e8s hautes personnalit\u00e9s, hautes personnalit\u00e9s, chefs de d\u00e9l\u00e9gation et d\u00e9l\u00e9gu\u00e9es participant \u00e0 la PP-22.<br><strong>Description:<\/strong> En r\u00e9unissant des femmes ministres des six r\u00e9gions de l&rsquo;UIT et des d\u00e9l\u00e9gu\u00e9s qui se sont engag\u00e9s \u00e0 r\u00e9duire la fracture num\u00e9rique entre les hommes et les femmes, cette manifestation phare sur l&rsquo;\u00e9galit\u00e9 hommes-femmes organis\u00e9e \u00e0 l&rsquo;occasion de la PP-22 vise \u00e0 promouvoir les r\u00e9seaux de femmes du monde entier, \u00e0 inspirer les g\u00e9n\u00e9rations actuelles et futures de femmes dirigeantes dans le secteur des t\u00e9l\u00e9communications\/TIC et \u00e0 construire un monde inclusif. Le programme int\u00e9gral est disponible <a href=\"https:\/\/itu-app42372.pagelyhosting.com\/wp-content\/uploads\/2022\/09\/Side-event-Women-Breakfast-Programme-1.pdf\">ici<\/a>.<\/p>\n<\/div><\/div>\n\n<div class=\"ituContainer grid\"><div data-span=\"12\">\n<p class=\"wp-block-paragraph\"><\/p>\n<\/div><\/div>\n\n<div class=\"ituContainer grid\"><div data-span=\"12\">\n<p class=\"wp-block-paragraph\"><strong>4. FORUM DES PARLEMENTAIRES ET DU SECTEUR PRIV\u00c9: R\u00c9DUIRE LA FRACTURE NUM\u00c9RIQUE &#8211; UN PROGRAMME MONDIAL EN FAVEUR D&rsquo;UN AVENIR NUM\u00c9RIQUE<\/strong><br><strong>Date et heure:<\/strong> samedi 1er octobre, 11 h 00 \u2013 17 h 00 (heure de Bucarest)<br><strong>Format:<\/strong> r\u00e9union en pr\u00e9sentiel<br><strong>Lieu:<\/strong> Salle Bratianu (les places seront attribu\u00e9es selon le principe du \u00ab\u00a0premier arriv\u00e9, premier servi\u00a0\u00bb)<br><strong>Participants:<\/strong> membres des parlements nationaux, dirigeants d&rsquo;entreprises roumaines, tr\u00e8s hautes personnalit\u00e9s, hautes personnalit\u00e9s, chefs de d\u00e9l\u00e9gation participant \u00e0 la PP-22.<br><strong>Description:<\/strong> Organis\u00e9 sous le th\u00e8me g\u00e9n\u00e9ral \u00ab\u00a0R\u00e9duire la fracture num\u00e9rique &#8211; un programme mondial en faveur d&rsquo;un avenir num\u00e9rique\u00a0\u00bb, le Forum des parlementaires et du secteur priv\u00e9 permettra aux parlementaires, aux d\u00e9cideurs et aux dirigeants d&rsquo;entreprises de mener des r\u00e9flexions strat\u00e9giques sur l&rsquo;approche qu&rsquo;ils adoptent pour \u00e9laborer des cadres en mati\u00e8re de communication et de d\u00e9veloppement num\u00e9rique, au niveau national et international. Les participants auront la possibilit\u00e9 d&rsquo;entrer en contact avec les vecteurs du d\u00e9veloppement international et de dialoguer sur les tendances intercontinentales en mati\u00e8re de politiques, et s&rsquo;efforceront de parvenir \u00e0 un consensus pour am\u00e9liorer l&rsquo;acc\u00e8s aux technologies de l&rsquo;information et de la communication et r\u00e9duire la fracture num\u00e9rique.<\/p>\n<\/div><\/div>\n\n<div class=\"ituContainer grid\"><div data-span=\"12\">\n<p class=\"wp-block-paragraph\"><\/p>\n<\/div><\/div>\n\n<div class=\"ituContainer grid\"><div data-span=\"12\">\n<p class=\"wp-block-paragraph\"><strong>5. PROCESSUS DU SMSI: LE SMSI APR\u00c8S 2025<\/strong><br><strong>Date et heure: <\/strong>lundi 3 octobre, 12 h 30 &#8211; 13 h 30<br><strong>Format:<\/strong> r\u00e9union hybride<br><strong>Lieu:<\/strong> Salle Nicolae Iorga<br><strong>Participants:<\/strong> d\u00e9l\u00e9gu\u00e9s participant \u00e0 la PP-22<br><strong>Description:<\/strong> Cette manifestation parall\u00e8le est organis\u00e9e par le Nig\u00e9ria, sur le th\u00e8me de l&rsquo;identification des nouvelles tendances et des enjeux li\u00e9s aux grandes orientations du SMSI.<\/p>\n<\/div><\/div>\n\n<div class=\"ituContainer grid\"><div data-span=\"12\">\n<p class=\"wp-block-paragraph\"><\/p>\n<\/div><\/div>\n\n<div class=\"ituContainer grid\"><div data-span=\"12\">\n<p class=\"wp-block-paragraph\"><strong>6. LES JEUNES \u00c0 LA PP-22 &#8211; DIALOGUE INTERG\u00c9N\u00c9RATIONNEL N\u00b01: \u00c9DUCATION, FUTURS EMPLOIS ET COMP\u00c9TENCES NUM\u00c9RIQUES<\/strong><br><strong>Date et heure:<\/strong> mardi 4 octobre, 12 h 30 &#8211; 13 h 30 (heure de Bucarest)<br><strong>Format:<\/strong> r\u00e9union en pr\u00e9sentiel<br><strong>Lieu:<\/strong> Salle Nicolae Iorga<br><strong>Participants:<\/strong> repr\u00e9sentants des groupes pour la jeunesse relevant de l&rsquo;initiative Generation Connect, jeunes d\u00e9l\u00e9gu\u00e9s et autres d\u00e9l\u00e9gu\u00e9s participant \u00e0 la PP-22.<br><strong>Description:<\/strong> Ce dialogue interg\u00e9n\u00e9rationnel, qui sera ax\u00e9 sur l&rsquo;accessibilit\u00e9, l&rsquo;inclusivit\u00e9 et la modularit\u00e9 de l&rsquo;enseignement num\u00e9rique pour les jeunes, permettra de rendre compte des r\u00e9flexions et des connaissances sp\u00e9cialis\u00e9es des dirigeants du monde entier sur l&rsquo;avenir des travaux. L&rsquo;utilit\u00e9 de mettre en oeuvre des initiatives \u00e0 long terme pour pr\u00e9parer les jeunes d&rsquo;aujourd&rsquo;hui au travail num\u00e9rique sera un th\u00e8me central de cette session.<\/p>\n<\/div><\/div>\n\n<div class=\"ituContainer grid\"><div data-span=\"12\">\n<p class=\"wp-block-paragraph\"><\/p>\n<\/div><\/div>\n\n<div class=\"ituContainer grid\"><div data-span=\"12\">\n<p class=\"wp-block-paragraph\"><strong>7. LES JEUNES \u00c0 LA PP-22 &#8211; ATELIER SUR LA MOBILISATION EFFICACE DES JEUNES: FORMER LA PROCHAINE G\u00c9N\u00c9RATION DE D\u00c9L\u00c9GU\u00c9S DE L&rsquo;UIT<\/strong><br><strong>Date et heure:<\/strong> mercredi 5 octobre, 12 h 30 &#8211; 14 h 00 (heure de Bucarest)<br><strong>Format:<\/strong> r\u00e9union en pr\u00e9sentiel<br><strong>Lieu:<\/strong> Salon Brancovensec<br><strong>Participants:<\/strong> repr\u00e9sentants des groupes pour la jeunesse relevant de l&rsquo;initiative Generation Connect, jeunes d\u00e9l\u00e9gu\u00e9s et autres d\u00e9l\u00e9gu\u00e9s participant \u00e0 la PP-22.<br><strong>Description:<\/strong> Dans le cadre de cet atelier dynamique dirig\u00e9 par des jeunes, les repr\u00e9sentants des groupes pour la jeunesse relevant de l&rsquo;initiative Generation Connect et les d\u00e9cideurs prendront part \u00e0 des activit\u00e9s et \u00e0 des discussions visant \u00e0 r\u00e9fl\u00e9chir aux obstacles \u00e0 surmonter et aux possibilit\u00e9s offertes pour mobiliser efficacement les jeunes aux niveaux national, r\u00e9gional et international. Gr\u00e2ce \u00e0 une collaboration interg\u00e9n\u00e9rationnelle, les participants r\u00e9fl\u00e9chiront \u00e0 des mesures concr\u00e8tes en vue d&rsquo;autonomiser la prochaine g\u00e9n\u00e9ration de d\u00e9l\u00e9gu\u00e9s de l&rsquo;UIT et de mobiliser v\u00e9ritablement les jeunes dans leurs propres communaut\u00e9s.<\/p>\n<\/div><\/div>\n\n<div class=\"ituContainer grid\"><div data-span=\"12\">\n<p class=\"wp-block-paragraph\"><\/p>\n<\/div><\/div>\n\n<div class=\"ituContainer grid\"><div data-span=\"12\">\n<p class=\"wp-block-paragraph\"><strong>8. VISITE DU CENTRE DE RECHERCHE AVANC\u00c9E SUR LES NOUVEAUX MAT\u00c9RIAUX, LES PRODUITS ET LES PROC\u00c9DURES NOVATRICES (CAMPUS)<\/strong><br><strong>Date et heure:<\/strong> [\u00e0 confirmer] mercredi 5 octobre, 15 h 00 \u2013 17 h 00 (heure de Bucarest)<br><strong>Lieu:<\/strong> Universit\u00e9 polytechnique de Bucarest<br><strong>Participants:<\/strong> [\u00e0 confirmer] Secr\u00e9taire g\u00e9n\u00e9ral de l&rsquo;UIT, Pr\u00e9sident de la PP-22 et jeunes s\u00e9lectionn\u00e9s parmi les repr\u00e9sentants des groupes pour la jeunesse relevant de l&rsquo;initiative Generation Connect.<br><strong>Description:<\/strong> L&rsquo;Universit\u00e9 polytechnique de Bucarest est une universit\u00e9 de recherche avanc\u00e9e et d&rsquo;enseignement situ\u00e9e en Roumanie; elle existe depuis plus de 200 ans. Le Centre de recherche avanc\u00e9e sur les nouveaux mat\u00e9riaux, les produits et les proc\u00e9dures novatrices (CAMPUS) est un b\u00e2timent unique, \u00e0 la fois au niveau de son infrastructure et de sa fonction: cet espace de travail abrite 42 laboratoires de recherche interdisciplinaires connect\u00e9s. Ces laboratoires ont pour objet de d\u00e9ployer la convergence des sciences de la vie, des mat\u00e9riaux et de l&rsquo;ing\u00e9nierie, pour donner vie \u00e0 de nouvelles solutions et pour \u00e9tudier un nouveau mod\u00e8le d&rsquo;activit\u00e9 universitaire, en \u00e9largissant la port\u00e9e des solutions pratiques \u00e0 d&rsquo;autres entit\u00e9s. Le centre CAMPUS est la preuve que, lorsque le secteur priv\u00e9 rencontre des \u00e9tablissements universitaires, de nouvelles solutions peuvent \u00eatre mises au point pour faire avancer les technologies, et les r\u00e9sultats obtenus peuvent inciter les jeunes \u00e0 apporter leur propre contribution et \u00e0 prendre des initiatives communes en faveur du d\u00e9veloppement communautaire et de la croissance \u00e9conomique. Le pays h\u00f4te donnera la possibilit\u00e9 aux repr\u00e9sentants des groupes pour la jeunesse relevant de l&rsquo;initiative Generation Connect de visiter les laboratoires et de conna\u00eetre les dessous des innovations d\u00e9velopp\u00e9es par les jeunes pour les jeunes et pour les g\u00e9n\u00e9rations futures.<\/p>\n<\/div><\/div>\n\n<div class=\"ituContainer grid\"><div data-span=\"12\">\n<p class=\"wp-block-paragraph\"><\/p>\n<\/div><\/div>\n\n<div class=\"ituContainer grid\"><div data-span=\"12\">\n<p class=\"wp-block-paragraph\"><strong>9. LES JEUNES \u00c0 LA PP-22 &#8211; DIALOGUE INTERG\u00c9N\u00c9RATIONNEL N\u00b02: R\u00c9DUIRE LA FRACTURE NUM\u00c9RIQUE ENTRE LES HOMMES ET LES FEMMES<\/strong><br><strong>Date et heure:<\/strong>jeudi 6 octobre, 12 h 30 &#8211; 13 h 30 (heure de Bucarest)<br><strong>Format:<\/strong> r\u00e9union en pr\u00e9sentiel<br><strong>Lieu:<\/strong>Salle Nicolae Iorga<br><strong>Participants:<\/strong> repr\u00e9sentants des groupes pour la jeunesse relevant de l&rsquo;initiative Generation Connect, jeunes d\u00e9l\u00e9gu\u00e9s et autres d\u00e9l\u00e9gu\u00e9s participant \u00e0 la PP-22.<br><strong>Description:<\/strong>Un d\u00e9bat entre les diff\u00e9rentes g\u00e9n\u00e9rations de dirigeants mondiaux aura lieu autour de la r\u00e9duction de la fracture num\u00e9rique entre les hommes et les femmes. Cette session, qui mettra l&rsquo;accent sur les femmes de moins de 30 ans, sera l&rsquo;occasion d&rsquo;\u00e9tudier la mani\u00e8re dont les politiques et les initiatives peuvent permettre de r\u00e9duire durablement la fracture num\u00e9rique entre les hommes et les femmes. Conform\u00e9ment \u00e0 la Strat\u00e9gie de l&rsquo;UIT pour la jeunesse, cette manifestation vise \u00e0 encourager les partenariats entre les d\u00e9cideurs et les jeunes dirigeants dans le domaine du d\u00e9veloppement du num\u00e9rique.<\/p>\n<\/div><\/div>\n\n<div class=\"ituContainer grid\"><div data-span=\"12\">\n<p class=\"wp-block-paragraph\"><\/p>\n<\/div><\/div>\n\n<div class=\"ituContainer grid\"><div data-span=\"12\">\n<p class=\"wp-block-paragraph\"><strong>10. VISITE GUID\u00c9E PRIV\u00c9E NOCTURNE DE LA MANIFESTATION \u00ab\u00a0ART SAFARI 2022\u00a0\u00bb<\/strong><br><strong>Date et heure:<\/strong>jeudi 6 octobre, \u00e0 partir de 22 h 00<br><strong>Lieu:<\/strong> Palais Dacia-Romania<br><strong>Participants:<\/strong> Pr\u00e9sident de la PP-22 et jeunes s\u00e9lectionn\u00e9s parmi les repr\u00e9sentants des groupes pour la jeunesse relevant de l&rsquo;initiative Generation Connect.<br><strong>Description:<\/strong> La manifestation \u00ab\u00a0Art Safari\u00a0\u00bb de Bucarest, qui est l&rsquo;un des plus grands \u00e9v\u00e9nements artistiques annuels d&rsquo;Europe, mais aussi l&rsquo;un des plus passionnants, met en lumi\u00e8re les chefs d\u2019\u0153uvre roumains et les \u0153uvres d&rsquo;art internationales. Cette manifestation, consacr\u00e9e \u00e0 l&rsquo;\u00e9volution de l&rsquo;art contemporain, accueille en un m\u00eame lieu de nombreuses expositions, organis\u00e9es par des experts roumains et internationaux reconnus, faisant figurer Bucarest parmi les capitales culturelles majeures en Europe. Outre les mus\u00e9es d&rsquo;art roumains et les collections priv\u00e9es, la manifestation Art Safari accueille des expositions r\u00e9trospectives d&rsquo;envergure aspirant \u00e0 valoriser le patrimoine roumain. La manifestation, qui a une forte composante \u00e9ducative, a pour mission de mettre l&rsquo;art \u00e0 la port\u00e9e du public et d&rsquo;\u00e9duquer les nouvelles g\u00e9n\u00e9rations, en organisant des ateliers d&rsquo;art pour les enfants, des visites guid\u00e9es et des expositions d&rsquo;art contemporain dans des lieux non conventionnels. Cette ann\u00e9e, la 10\u00e8me \u00e9dition de la manifestation Art Safari a lieu du 23 septembre au 11 d\u00e9cembre 2022, au Palais Dacia-Romania (18-20 Lipscani Street), et comprendra une exposition exceptionnelle organis\u00e9e en partenariat avec le c\u00e9l\u00e8bre Victoria and Albert Museum de Londres, o\u00f9 figureront des oeuvres de grande valeur sign\u00e9es par John Constable. Le c\u00e9l\u00e8bre mus\u00e9e britannique organise pour la premi\u00e8re fois une exposition en Europe de l&rsquo;Est, et l&rsquo;artiste choisi est l&rsquo;un des prus grands peintres de paysages de l&rsquo;histoire.<\/p>\n<\/div><\/div>\n\n<div class=\"ituContainer grid\"><div data-span=\"12\">\n<p class=\"wp-block-paragraph\"><\/p>\n<\/div><\/div>\n\n<div class=\"ituContainer grid\"><div data-span=\"12\">\n<p class=\"wp-block-paragraph\"><strong>11. CONF\u00c9RENCE \u201cL&rsquo;AUTOMATISATION AU SERVICE DU PROGR\u00c8S: TIRER PARTI DE L&rsquo;AUTOMATISATION POUR PRODUIRE DES EFFETS SOCIAUX ET ATTEINDRE LES OBJECTIFS EN MATI\u00c8RE DE DURABILIT\u00c9\u201d<\/strong><br><strong>Date et heure:<\/strong> Mercred 12 octobre, 17 h 30 \u2013 19 h 30 (heure de Bucarest)<br><strong>Format:<\/strong> Manifestation hybride<br><strong>Lieu:<\/strong> Salle Nicolae Iorga<br><strong>Participants:<\/strong> repr\u00e9sentant des secteurs priv\u00e9 et public, des \u00e9tablissements universitaires, de la soci\u00e9t\u00e9 civile et des organisations oeuvrant en faveur des jeunes, intervenants invit\u00e9s et d\u00e9l\u00e9gu\u00e9s participant \u00e0 la PP-22.<br><strong>Description:<\/strong> Cette manifestation hybride sera ax\u00e9e sur le r\u00f4le de l&rsquo;automatisation pour produire des effets sociaux et aider les entreprises et les pouvoirs publics \u00e0 atteindre leurs buts en mati\u00e8re de durabilit\u00e9. \u00c0 cette occasion, l&rsquo;organisation Social Innovation Solutions pr\u00e9sentera son rapport ax\u00e9 sur le r\u00f4le de catalyseur que les technologies telles que l&rsquo;automatisation et l&rsquo;intelligence artificielle (IA) peuvent jouer dans la r\u00e9alisation des ODD. Ce rapport recense les solutions technologiques et les principales tendances dans le monde en mati\u00e8re d&rsquo;IA et d&rsquo;automatisation, \u00e0 l&rsquo;horizon 2030.<\/p>\n<\/div><\/div>","protected":false},"excerpt":{"rendered":"<p>Les manifestations parall\u00e8les ci-apr\u00e8s sont organis\u00e9es par le pays h\u00f4te, ou par un \u00c9tat Membre: 1. CONF\u00c9RENCE: DIALOGUE SUR LA S\u00c9CURIT\u00c9 NUM\u00c9RIQUE: LES R\u00c9SEAUX SONT ESSENTIELSDate et heure: samedi 24 septembre, 14 h 30 \u2013 17 h 30 (heure de Bucarest)Format: r\u00e9union en pr\u00e9sentielLieu: Salle Nicolae Iorga (les places seront attribu\u00e9es selon le principe du [&hellip;]<\/p>\n","protected":false},"author":12,"featured_media":0,"parent":0,"menu_order":0,"comment_status":"closed","ping_status":"closed","template":"page-banner-blue.php","meta":{"_crdt_document":"","footnotes":""},"class_list":["post-14176","page","type-page","status-publish","hentry"],"_links":{"self":[{"href":"https:\/\/itu-app42372.pagelyhosting.com\/fr\/wp-json\/wp\/v2\/pages\/14176","targetHints":{"allow":["GET"]}}],"collection":[{"href":"https:\/\/itu-app42372.pagelyhosting.com\/fr\/wp-json\/wp\/v2\/pages"}],"about":[{"href":"https:\/\/itu-app42372.pagelyhosting.com\/fr\/wp-json\/wp\/v2\/types\/page"}],"author":[{"embeddable":true,"href":"https:\/\/itu-app42372.pagelyhosting.com\/fr\/wp-json\/wp\/v2\/users\/12"}],"replies":[{"embeddable":true,"href":"https:\/\/itu-app42372.pagelyhosting.com\/fr\/wp-json\/wp\/v2\/comments?post=14176"}],"version-history":[{"count":0,"href":"https:\/\/itu-app42372.pagelyhosting.com\/fr\/wp-json\/wp\/v2\/pages\/14176\/revisions"}],"wp:attachment":[{"href":"https:\/\/itu-app42372.pagelyhosting.com\/fr\/wp-json\/wp\/v2\/media?parent=14176"}],"curies":[{"name":"wp","href":"https:\/\/api.w.org\/{rel}","templated":true}]}}