
{"id":12324,"date":"2022-07-21T21:57:38","date_gmt":"2022-07-21T21:57:38","guid":{"rendered":"https:\/\/itu-app42372.pagelyhosting.com\/programme\/social-events-schedule\/"},"modified":"2022-08-04T09:25:53","modified_gmt":"2022-08-04T09:25:53","slug":"social-events-schedule","status":"publish","type":"page","link":"https:\/\/itu-app42372.pagelyhosting.com\/fr\/programme\/social-events-schedule\/","title":{"rendered":"R\u00e9ceptions"},"content":{"rendered":"    <div class=\"ituContainer grid\">\n        <div data-span=\"12\">\n                    <\/div>\n    <\/div>\n\n\n<div class=\"ituContainer grid\"><div data-span=\"12\">\n<p class=\"has-large-font-size wp-block-paragraph\"><strong>R\u00e9ceptions<\/strong><\/p>\n<\/div><\/div>\n\n<div class=\"ituContainer grid\"><div data-span=\"12\">\n<p class=\"wp-block-paragraph\">Les r\u00e9ceptions organis\u00e9es dans le cadre de la PP-22 pourront \u00eatre ouvertes \u00e0 tous ou r\u00e9serv\u00e9es \u00e0 certains participants, par exemple aux Chefs de d\u00e9l\u00e9gation. Pour le confort de tous, veuillez v\u00e9rifier et respecter les indications donn\u00e9es dans la colonne \u00ab\u00a0Invitations adress\u00e9es \u00e0\u00a0\u00bb avant de vous rendre \u00e0 une r\u00e9ception.<\/p>\n<\/div><\/div>\n\n    <div class=\"ituContainer\">\n        <div id=\"root\"><\/div>\n    <\/div>\n","protected":false},"excerpt":{"rendered":"<p>R\u00e9ceptions Les r\u00e9ceptions organis\u00e9es dans le cadre de la PP-22 pourront \u00eatre ouvertes \u00e0 tous ou r\u00e9serv\u00e9es \u00e0 certains participants, par exemple aux Chefs de d\u00e9l\u00e9gation. Pour le confort de tous, veuillez v\u00e9rifier et respecter les indications donn\u00e9es dans la colonne \u00ab\u00a0Invitations adress\u00e9es \u00e0\u00a0\u00bb avant de vous rendre \u00e0 une r\u00e9ception.<\/p>\n","protected":false},"author":64,"featured_media":0,"parent":2396,"menu_order":3,"comment_status":"closed","ping_status":"closed","template":"page-submenu.php","meta":{"_crdt_document":"","footnotes":""},"class_list":["post-12324","page","type-page","status-publish","hentry"],"_links":{"self":[{"href":"https:\/\/itu-app42372.pagelyhosting.com\/fr\/wp-json\/wp\/v2\/pages\/12324","targetHints":{"allow":["GET"]}}],"collection":[{"href":"https:\/\/itu-app42372.pagelyhosting.com\/fr\/wp-json\/wp\/v2\/pages"}],"about":[{"href":"https:\/\/itu-app42372.pagelyhosting.com\/fr\/wp-json\/wp\/v2\/types\/page"}],"author":[{"embeddable":true,"href":"https:\/\/itu-app42372.pagelyhosting.com\/fr\/wp-json\/wp\/v2\/users\/64"}],"replies":[{"embeddable":true,"href":"https:\/\/itu-app42372.pagelyhosting.com\/fr\/wp-json\/wp\/v2\/comments?post=12324"}],"version-history":[{"count":0,"href":"https:\/\/itu-app42372.pagelyhosting.com\/fr\/wp-json\/wp\/v2\/pages\/12324\/revisions"}],"up":[{"embeddable":true,"href":"https:\/\/itu-app42372.pagelyhosting.com\/fr\/wp-json\/wp\/v2\/pages\/2396"}],"wp:attachment":[{"href":"https:\/\/itu-app42372.pagelyhosting.com\/fr\/wp-json\/wp\/v2\/media?parent=12324"}],"curies":[{"name":"wp","href":"https:\/\/api.w.org\/{rel}","templated":true}]}}