
{"id":12302,"date":"2022-08-02T13:56:32","date_gmt":"2022-08-02T13:56:32","guid":{"rendered":"https:\/\/itu-app42372.pagelyhosting.com\/programme\/agenda\/"},"modified":"2022-09-30T21:00:05","modified_gmt":"2022-09-30T21:00:05","slug":"agenda","status":"publish","type":"page","link":"https:\/\/itu-app42372.pagelyhosting.com\/fr\/programme\/agenda\/","title":{"rendered":"Ordre du jour"},"content":{"rendered":"    <div class=\"ituContainer grid\">\n        <div data-span=\"12\">\n                            <div class=\"ituContainer grid\"><div data-span=\"12\">\n<p class=\"wp-block-paragraph\"><strong>Ordre du jour de la Conf\u00e9rence pl\u00e9nipotentiaire<\/strong><\/p>\n<\/div><\/div>                            <div class=\"ituContainer grid\"><div data-span=\"12\">\n<p class=\"wp-block-paragraph\">La Conf\u00e9rence de pl\u00e9nipotentiaires est l&rsquo;organe d\u00e9cisionnel supr\u00eame de l&rsquo;UIT qui d\u00e9finit les politiques g\u00e9n\u00e9rales de l&rsquo;organisation pour les quatre prochaines ann\u00e9es. L&rsquo;ordre du jour est un document permanent suffisamment large pour permettre des discussions et des d\u00e9bats sur de nombreuses questions. Elle est inscrite \u00e0 l&rsquo;article 8 de la Constitution de l&rsquo;UIT. Les travaux de la Conf\u00e9rence s&rsquo;appuient sur les propositions pr\u00e9sent\u00e9es par les \u00c9tats membres dans le cadre g\u00e9n\u00e9ral de l&rsquo;ordre du jour.   <\/p>\n<\/div><\/div>                            <div class=\"ituContainer grid\"><div data-span=\"12\">\n<p class=\"wp-block-paragraph\"><strong>Structure<\/strong><\/p>\n<\/div><\/div>                            <div class=\"ituContainer grid\"><div data-span=\"12\">\n<p class=\"wp-block-paragraph\">Pour mener \u00e0 bien ses travaux, la Conf\u00e9rence de pl\u00e9nipotentiaires institue des commissions ; la structure de la Conf\u00e9rence est d\u00e9cid\u00e9e par la Conf\u00e9rence elle-m\u00eame lors de sa premi\u00e8re r\u00e9union pl\u00e9ni\u00e8re.<\/p>\n<\/div><\/div>                            <div class=\"ituContainer grid\"><div data-span=\"12\">\n<p class=\"wp-block-paragraph\"><strong>Calendrier<\/strong><\/p>\n<\/div><\/div>                            <div class=\"ituContainer grid\"><div data-span=\"12\">\n<p class=\"wp-block-paragraph\">Lors de sa premi\u00e8re r\u00e9union, le Comit\u00e9 directeur de la PP-22 \u00e9tablit un calendrier g\u00e9n\u00e9ral des travaux de la conf\u00e9rence. Le calendrier g\u00e9n\u00e9ral, contenu dans le projet de Plan de gestion du temps, est revu p\u00e9riodiquement tout au long de la Conf\u00e9rence et mis \u00e0 jour pour tenir compte des progr\u00e8s r\u00e9alis\u00e9s. La Pl\u00e9ni\u00e8re, ainsi que chaque Commission, \u00e9tablira des ordres du jour quotidiens pour les travaux \u00e0 couvrir \u00e0 chacune de leurs sessions.   La version actualis\u00e9e du projet de programme de gestion du temps a \u00e9t\u00e9 publi\u00e9e <a href=\"https:\/\/www.itu.int\/md\/S22-PP-ADM-0002\/en\" target=\"_blank\" data-type=\"URL\" data-id=\"https:\/\/www.itu.int\/md\/S22-PP-ADM-0002\/en\" rel=\"noreferrer noopener\">ici<\/a>. <\/p>\n<\/div><\/div>                            <div class=\"ituContainer grid\"><div data-span=\"12\">\n<p class=\"wp-block-paragraph\">Les r\u00e9unions ci-apr\u00e8s auront lieu le week-end pr\u00e9c\u00e9dant la PP-22 et le premier jour de la Conf\u00e9rence:<\/p>\n<\/div><\/div>                            <div class=\"ituContainer grid\"><div data-span=\"12\">\n<p class=\"wp-block-paragraph\"><span style=\"text-decoration: underline;\">Samedi 24 septembre 2022:<\/span><br>9 h 30 Derni\u00e8re s\u00e9ance de la session de 2022 du Conseil<br><span style=\"text-decoration: underline;\">Dimanche 25 septembre 2022:<\/span><br>14 h 30 R\u00e9union informelle des chefs de d\u00e9l\u00e9gation<br><span style=\"text-decoration: underline;\">Lundi 26 septembre 2022:<\/span><br>9 h 45 R\u00e9union officielle des chefs de d\u00e9l\u00e9gation<br>11 h 15 C\u00e9r\u00e9monie d&rsquo;ouverture<br>14 h 30 Premi\u00e8re s\u00e9ance pl\u00e9ni\u00e8re<\/p>\n<\/div><\/div>                    <\/div>\n    <\/div>\n\n\n<div class=\"ituContainer grid\"><div data-span=\"12\">\n<p class=\"wp-block-paragraph\"><\/p>\n<\/div><\/div>","protected":false},"excerpt":{"rendered":"","protected":false},"author":1,"featured_media":0,"parent":2396,"menu_order":2,"comment_status":"closed","ping_status":"closed","template":"page-submenu.php","meta":{"_crdt_document":"","footnotes":""},"class_list":["post-12302","page","type-page","status-publish","hentry"],"_links":{"self":[{"href":"https:\/\/itu-app42372.pagelyhosting.com\/fr\/wp-json\/wp\/v2\/pages\/12302","targetHints":{"allow":["GET"]}}],"collection":[{"href":"https:\/\/itu-app42372.pagelyhosting.com\/fr\/wp-json\/wp\/v2\/pages"}],"about":[{"href":"https:\/\/itu-app42372.pagelyhosting.com\/fr\/wp-json\/wp\/v2\/types\/page"}],"author":[{"embeddable":true,"href":"https:\/\/itu-app42372.pagelyhosting.com\/fr\/wp-json\/wp\/v2\/users\/1"}],"replies":[{"embeddable":true,"href":"https:\/\/itu-app42372.pagelyhosting.com\/fr\/wp-json\/wp\/v2\/comments?post=12302"}],"version-history":[{"count":0,"href":"https:\/\/itu-app42372.pagelyhosting.com\/fr\/wp-json\/wp\/v2\/pages\/12302\/revisions"}],"up":[{"embeddable":true,"href":"https:\/\/itu-app42372.pagelyhosting.com\/fr\/wp-json\/wp\/v2\/pages\/2396"}],"wp:attachment":[{"href":"https:\/\/itu-app42372.pagelyhosting.com\/fr\/wp-json\/wp\/v2\/media?parent=12302"}],"curies":[{"name":"wp","href":"https:\/\/api.w.org\/{rel}","templated":true}]}}