
{"id":11826,"date":"2022-07-15T13:09:56","date_gmt":"2022-07-15T13:09:56","guid":{"rendered":"https:\/\/itu-app42372.pagelyhosting.com\/11826-2\/"},"modified":"2022-07-18T11:03:58","modified_gmt":"2022-07-18T11:03:58","slug":"waste","status":"publish","type":"page","link":"https:\/\/itu-app42372.pagelyhosting.com\/fr\/waste\/","title":{"rendered":"D\u00e9chets"},"content":{"rendered":"    <section>\n        <div class=\"ituContainer tabHeader grid nogap\">\n                            <div class=\"ituCard alt tabTitle\" data-span=\"6\" data-target=\"0\">\n                    Ce que nous faisons                <\/div>\n                            <div class=\"ituCard tabTitle\" data-span=\"6\" data-target=\"1\">\n                    Ce que vous pouvez faire                <\/div>\n                    <\/div>\n        <div class=\"ituContainer\">\n            <div class=\"ituTabsContent\">\n                                    <div class=\"tabContent \" data-tab=\"0\">\n                        Tout sera mis en oeuvre pour \u00e9viter de produire des d\u00e9chets, par exemple en utilisant autant que possible des \u00e9crans num\u00e9riques et du mat\u00e9riel de location. Des centres de collecte seront install\u00e9s sur l&rsquo;ensemble du site de la Conf\u00e9rence. Des conteneurs pour la collecte des d\u00e9chets d&rsquo;\u00e9quipements \u00e9lectriques et \u00e9lectroniques et des batteries usag\u00e9es seront \u00e9galement mis \u00e0 disposition. Du 26 septembre au 2 octobre, une \u00ab\u00a0caravane \u00e9cologique\u00a0\u00bb sera pr\u00e9sente sur le lieu de la Conf\u00e9rence en vue d&rsquo;exposer diff\u00e9rents types d&rsquo;\u00e9quipements \u00e9lectriques et \u00e9lectroniques d\u00e9mont\u00e9s, l&rsquo;objectif \u00e9tant de mettre en \u00e9vidence les mat\u00e9riaux recyclables et dangereux qui les composent, ainsi que d&rsquo;autres informations utiles sur l&rsquo;importance du recyclage et de la r\u00e9cup\u00e9ration des mati\u00e8res premi\u00e8res. Tous les \u00e9quipements \u00e9lectroniques et les sources lumineuses usag\u00e9es de la Chambre des d\u00e9put\u00e9s sont trait\u00e9s de mani\u00e8re sp\u00e9ciale et suivent la proc\u00e9dure de recyclage (en partenariat avec les ONG concern\u00e9es).<br>\u00a0                    <\/div>\n                                    <div class=\"tabContent visually-hidden\" data-tab=\"1\">\n                        Les participants sont pri\u00e9s de participer activement \u00e0 l&rsquo;initiative en faveur de la gestion des d\u00e9chets et \u00e0 s&#8217;employer autant que possible \u00e0 \u00e9viter de produire des d\u00e9chets et \u00e0 s\u00e9parer les d\u00e9chets.<br>                    <\/div>\n                            <\/div>\n        <\/div>\n    <\/section>\n    <script>\n        document.addEventListener(\n            'DOMContentLoaded',\n            () => {\n                const tabs = document.querySelectorAll('.tabTitle');\n                const tabsContent = document.querySelectorAll('.tabContent');\n                tabs.forEach(tab => {\n                    tab.addEventListener('click', () => {\n                        tabs.forEach(tab => {\n                            tab.classList.remove('alt');\n                        });\n                        tab.classList.add('alt');\n                        tabsContent.forEach(tabContent => {\n                            tabContent.classList.add('visually-hidden');\n                        });\n                        const target = tab.getAttribute('data-target');\n                        const tabContent = document.querySelector(`[data-tab=\"${target}\"]`);\n                        tabContent.classList.remove('visually-hidden');\n                    });\n                });\n            })\n    <\/script>\n","protected":false},"excerpt":{"rendered":"","protected":false},"author":12,"featured_media":0,"parent":0,"menu_order":0,"comment_status":"closed","ping_status":"closed","template":"page-banner-blue.php","meta":{"_crdt_document":"","footnotes":""},"class_list":["post-11826","page","type-page","status-publish","hentry"],"_links":{"self":[{"href":"https:\/\/itu-app42372.pagelyhosting.com\/fr\/wp-json\/wp\/v2\/pages\/11826","targetHints":{"allow":["GET"]}}],"collection":[{"href":"https:\/\/itu-app42372.pagelyhosting.com\/fr\/wp-json\/wp\/v2\/pages"}],"about":[{"href":"https:\/\/itu-app42372.pagelyhosting.com\/fr\/wp-json\/wp\/v2\/types\/page"}],"author":[{"embeddable":true,"href":"https:\/\/itu-app42372.pagelyhosting.com\/fr\/wp-json\/wp\/v2\/users\/12"}],"replies":[{"embeddable":true,"href":"https:\/\/itu-app42372.pagelyhosting.com\/fr\/wp-json\/wp\/v2\/comments?post=11826"}],"version-history":[{"count":0,"href":"https:\/\/itu-app42372.pagelyhosting.com\/fr\/wp-json\/wp\/v2\/pages\/11826\/revisions"}],"wp:attachment":[{"href":"https:\/\/itu-app42372.pagelyhosting.com\/fr\/wp-json\/wp\/v2\/media?parent=11826"}],"curies":[{"name":"wp","href":"https:\/\/api.w.org\/{rel}","templated":true}]}}