
{"id":11823,"date":"2022-07-15T13:05:55","date_gmt":"2022-07-15T13:05:55","guid":{"rendered":"https:\/\/itu-app42372.pagelyhosting.com\/11823-2\/"},"modified":"2022-07-18T10:59:54","modified_gmt":"2022-07-18T10:59:54","slug":"food-and-beverage","status":"publish","type":"page","link":"https:\/\/itu-app42372.pagelyhosting.com\/fr\/food-and-beverage\/","title":{"rendered":"Boissons et nourriture"},"content":{"rendered":"    <section>\n        <div class=\"ituContainer tabHeader grid nogap\">\n                            <div class=\"ituCard alt tabTitle\" data-span=\"6\" data-target=\"0\">\n                    Ce que nous faisons                <\/div>\n                            <div class=\"ituCard tabTitle\" data-span=\"6\" data-target=\"1\">\n                    Ce que vous pouvez faire                <\/div>\n                    <\/div>\n        <div class=\"ituContainer\">\n            <div class=\"ituTabsContent\">\n                                    <div class=\"tabContent \" data-tab=\"0\">\n                        Pour r\u00e9duire autant que possible les d\u00e9chets issus de plastiques \u00e0 usage unique, il sera possible d&rsquo;utiliser les distributeurs d&rsquo;eau pr\u00e9sents sur l&rsquo;ensemble du lieu de la Conf\u00e9rence pour remplir des bouteilles r\u00e9utilisables. Nous mettons un point d&rsquo;honneur \u00e0 utiliser des produits respectueux de l&rsquo;environnement, locaux et de saison. L&rsquo;utilisation de vaisselle r\u00e9utilisable sera privil\u00e9gi\u00e9e et, lorsque cela ne sera pas possible, des produits recyclables\/compostables\/biod\u00e9gradables seront utilis\u00e9s. \u00a0<br>\u00a0                    <\/div>\n                                    <div class=\"tabContent visually-hidden\" data-tab=\"1\">\n                        Nous vous invitons \u00e0 vous munir de votre propre bouteille d&rsquo;eau r\u00e9utilisable que vous remplirez aux distributeurs d&rsquo;eau. Si vous organisez une r\u00e9ception, veuillez privil\u00e9gier les aliments locaux et de saison et demander \u00e0 utiliser de la vaisselle r\u00e9utilisable plut\u00f4t que des articles \u00e0 usage unique.<br>                    <\/div>\n                            <\/div>\n        <\/div>\n    <\/section>\n    <script>\n        document.addEventListener(\n            'DOMContentLoaded',\n            () => {\n                const tabs = document.querySelectorAll('.tabTitle');\n                const tabsContent = document.querySelectorAll('.tabContent');\n                tabs.forEach(tab => {\n                    tab.addEventListener('click', () => {\n                        tabs.forEach(tab => {\n                            tab.classList.remove('alt');\n                        });\n                        tab.classList.add('alt');\n                        tabsContent.forEach(tabContent => {\n                            tabContent.classList.add('visually-hidden');\n                        });\n                        const target = tab.getAttribute('data-target');\n                        const tabContent = document.querySelector(`[data-tab=\"${target}\"]`);\n                        tabContent.classList.remove('visually-hidden');\n                    });\n                });\n            })\n    <\/script>\n","protected":false},"excerpt":{"rendered":"","protected":false},"author":12,"featured_media":0,"parent":0,"menu_order":0,"comment_status":"closed","ping_status":"closed","template":"page-banner-blue.php","meta":{"_crdt_document":"","footnotes":""},"class_list":["post-11823","page","type-page","status-publish","hentry"],"_links":{"self":[{"href":"https:\/\/itu-app42372.pagelyhosting.com\/fr\/wp-json\/wp\/v2\/pages\/11823","targetHints":{"allow":["GET"]}}],"collection":[{"href":"https:\/\/itu-app42372.pagelyhosting.com\/fr\/wp-json\/wp\/v2\/pages"}],"about":[{"href":"https:\/\/itu-app42372.pagelyhosting.com\/fr\/wp-json\/wp\/v2\/types\/page"}],"author":[{"embeddable":true,"href":"https:\/\/itu-app42372.pagelyhosting.com\/fr\/wp-json\/wp\/v2\/users\/12"}],"replies":[{"embeddable":true,"href":"https:\/\/itu-app42372.pagelyhosting.com\/fr\/wp-json\/wp\/v2\/comments?post=11823"}],"version-history":[{"count":0,"href":"https:\/\/itu-app42372.pagelyhosting.com\/fr\/wp-json\/wp\/v2\/pages\/11823\/revisions"}],"wp:attachment":[{"href":"https:\/\/itu-app42372.pagelyhosting.com\/fr\/wp-json\/wp\/v2\/media?parent=11823"}],"curies":[{"name":"wp","href":"https:\/\/api.w.org\/{rel}","templated":true}]}}