
{"id":11816,"date":"2022-07-15T13:01:58","date_gmt":"2022-07-15T13:01:58","guid":{"rendered":"https:\/\/itu-app42372.pagelyhosting.com\/11816-2\/"},"modified":"2022-07-18T13:20:28","modified_gmt":"2022-07-18T13:20:28","slug":"energy","status":"publish","type":"page","link":"https:\/\/itu-app42372.pagelyhosting.com\/fr\/energy\/","title":{"rendered":"\u00c9nergie"},"content":{"rendered":"    <section>\n        <div class=\"ituContainer tabHeader grid nogap\">\n                            <div class=\"ituCard alt tabTitle\" data-span=\"6\" data-target=\"0\">\n                    Ce que nous faisons                <\/div>\n                            <div class=\"ituCard tabTitle\" data-span=\"6\" data-target=\"1\">\n                    Ce que vous pouvez faire                <\/div>\n                    <\/div>\n        <div class=\"ituContainer\">\n            <div class=\"ituTabsContent\">\n                                    <div class=\"tabContent \" data-tab=\"0\">\n                        Depuis 2005, la Chambre des d\u00e9put\u00e9s a mis en \u0153uvre un \u00ab\u00a0projet d&rsquo;efficacit\u00e9 \u00e9nerg\u00e9tique\u00a0\u00bb qui a d\u00e9but\u00e9 par la modernisation de l&rsquo;\u00e9clairage int\u00e9rieur. Outre l&rsquo;utilisation de sources lumineuses efficaces, le projet a n\u00e9cessit\u00e9 la mise en place d&rsquo;un syst\u00e8me complexe de gestion des b\u00e2timents  qui adapte les sc\u00e9narios d&rsquo;\u00e9clairage en fonction des besoins sp\u00e9cifiques et du niveau d&rsquo;exposition \u00e0 la lumi\u00e8re. Un audit sp\u00e9cial a \u00e9t\u00e9 effectu\u00e9 par une institution tierce et selon les effets des \u00e9conomies d&rsquo;\u00e9nergie, <strong>le potentiel de r\u00e9duction des \u00e9missions de CO2 est de 2072 tCO2\/an<\/strong>. En guise de reconnaissance officielle des performances r\u00e9alis\u00e9es en mati\u00e8re d&rsquo;efficacit\u00e9 \u00e9nerg\u00e9tique, plusieurs prix ont \u00e9t\u00e9 d\u00e9cern\u00e9s (notamment le prix GreenLight, dans le cadre du projet europ\u00e9en \u00c9nergie intelligente &#8211; Europe). \u00c0 compter de 2022, l&rsquo;ensemble du b\u00e2timent utilise de <strong>l&rsquo;\u00e9nergie \u00e9lectrique produite exclusivement \u00e0 partir de sources renouvelables vertes<\/strong>. L&rsquo;\u00e9norme volume d&rsquo;air \u00e0 l&rsquo;int\u00e9rieur du Palais du Parlement est chauff\u00e9 par ses propres syst\u00e8mes complexes d&rsquo;\u00e9change thermique qui sont synchronis\u00e9s par un logiciel sp\u00e9cial de gestion de l&rsquo;\u00e9nergie. Le m\u00eame logiciel est utilis\u00e9 pour la commande des syst\u00e8mes de climatisation des grandes salles.                    <\/div>\n                                    <div class=\"tabContent visually-hidden\" data-tab=\"1\">\n                        Nous vous prions d&rsquo;\u00e9teindre les lumi\u00e8res et la ventilation des salles ainsi que les \u00e9quipements TIC lorsqu&rsquo;ils ne sont pas utilis\u00e9s, et d&rsquo;activer les fonctions d&rsquo;\u00e9conomie d&rsquo;\u00e9nergie dans les salles de conf\u00e9rence et les chambres d&rsquo;h\u00f4tel.<br>                    <\/div>\n                            <\/div>\n        <\/div>\n    <\/section>\n    <script>\n        document.addEventListener(\n            'DOMContentLoaded',\n            () => {\n                const tabs = document.querySelectorAll('.tabTitle');\n                const tabsContent = document.querySelectorAll('.tabContent');\n                tabs.forEach(tab => {\n                    tab.addEventListener('click', () => {\n                        tabs.forEach(tab => {\n                            tab.classList.remove('alt');\n                        });\n                        tab.classList.add('alt');\n                        tabsContent.forEach(tabContent => {\n                            tabContent.classList.add('visually-hidden');\n                        });\n                        const target = tab.getAttribute('data-target');\n                        const tabContent = document.querySelector(`[data-tab=\"${target}\"]`);\n                        tabContent.classList.remove('visually-hidden');\n                    });\n                });\n            })\n    <\/script>\n","protected":false},"excerpt":{"rendered":"","protected":false},"author":12,"featured_media":0,"parent":0,"menu_order":0,"comment_status":"closed","ping_status":"closed","template":"page-banner-blue.php","meta":{"_crdt_document":"","footnotes":""},"class_list":["post-11816","page","type-page","status-publish","hentry"],"_links":{"self":[{"href":"https:\/\/itu-app42372.pagelyhosting.com\/fr\/wp-json\/wp\/v2\/pages\/11816","targetHints":{"allow":["GET"]}}],"collection":[{"href":"https:\/\/itu-app42372.pagelyhosting.com\/fr\/wp-json\/wp\/v2\/pages"}],"about":[{"href":"https:\/\/itu-app42372.pagelyhosting.com\/fr\/wp-json\/wp\/v2\/types\/page"}],"author":[{"embeddable":true,"href":"https:\/\/itu-app42372.pagelyhosting.com\/fr\/wp-json\/wp\/v2\/users\/12"}],"replies":[{"embeddable":true,"href":"https:\/\/itu-app42372.pagelyhosting.com\/fr\/wp-json\/wp\/v2\/comments?post=11816"}],"version-history":[{"count":0,"href":"https:\/\/itu-app42372.pagelyhosting.com\/fr\/wp-json\/wp\/v2\/pages\/11816\/revisions"}],"wp:attachment":[{"href":"https:\/\/itu-app42372.pagelyhosting.com\/fr\/wp-json\/wp\/v2\/media?parent=11816"}],"curies":[{"name":"wp","href":"https:\/\/api.w.org\/{rel}","templated":true}]}}