
{"id":11810,"date":"2022-07-15T12:58:26","date_gmt":"2022-07-15T12:58:26","guid":{"rendered":"https:\/\/itu-app42372.pagelyhosting.com\/11810-2\/"},"modified":"2022-07-18T11:55:28","modified_gmt":"2022-07-18T11:55:28","slug":"local-transport","status":"publish","type":"page","link":"https:\/\/itu-app42372.pagelyhosting.com\/fr\/local-transport\/","title":{"rendered":"Transport Local"},"content":{"rendered":"    <section>\n        <div class=\"ituContainer tabHeader grid nogap\">\n                            <div class=\"ituCard alt tabTitle\" data-span=\"6\" data-target=\"0\">\n                    Ce que nous faisons                <\/div>\n                            <div class=\"ituCard tabTitle\" data-span=\"6\" data-target=\"1\">\n                    Ce que vous pouvez faire                <\/div>\n                    <\/div>\n        <div class=\"ituContainer\">\n            <div class=\"ituTabsContent\">\n                                    <div class=\"tabContent \" data-tab=\"0\">\n                        Ces derni\u00e8res ann\u00e9es, le nombre croissant de v\u00e9hicules en circulation \u00e0 Bucarest a entra\u00een\u00e9 une augmentation du niveau de pollution caus\u00e9 par la congestion du trafic dans cette r\u00e9gion. Les autorit\u00e9s ont d\u00e9j\u00e0 pris d&rsquo;importantes mesures aux niveaux local, r\u00e9gional et national pour r\u00e9duire la d\u00e9t\u00e9rioration de la qualit\u00e9 de l&rsquo;air, par exemple en sensibilisant davantage la population \u00e0 ce probl\u00e8me. Dans ce contexte, de plus en plus de citoyens de la r\u00e9gion de Bucarest-Ilfov utilisent des moyens de transport individuels non polluants, \u00e0 la fois pour r\u00e9duire les temps de trajet et pour prendre part \u00e0 la lutte contre la pollution et les changements climatiques. Par cons\u00e9quent, la mobilit\u00e9 durable est un secteur en pleine expansion dans le pays, mais surtout \u00e0 Bucarest, o\u00f9 les habitants disposent de plus en plus de modes de transport vari\u00e9s et \u00e9cologiques en vue de r\u00e9duire \u00e0 la fois la pollution g\u00e9n\u00e9r\u00e9e par le secteur des transports et le temps pass\u00e9 dans les embouteillages. Les transports publics de Bucarest se composent principalement de bus conformes \u00e0 la norme Euro 6 et de bus hybrides, ainsi que de trams et de trolleybus. Le moyen de transport le plus sain et le plus flexible, \u00e0 savoir le v\u00e9lo, est \u00e9galement disponible et facilement accessible \u00e0 Bucarest, sans compter qu&rsquo;il est aliment\u00e9 par votre propre \u00e9nergie. En outre, des scooters \u00e9lectriques sont mis \u00e0 disposition dans toute la ville. Les avantages sont que ces scooters permettent de se d\u00e9placer plus rapidement en cas d&#8217;embouteillage aux heures de pointe, qu&rsquo;ils sont aliment\u00e9s par l&rsquo;\u00e9lectricit\u00e9 et n&rsquo;\u00e9mettent pas de gaz polluants, contrairement aux v\u00e9hicules classiques. Ils occupent \u00e9galement moins de place dans les rues, ce qui permet \u00e0 un plus grand nombre de personnes de se d\u00e9placer plus rapidement qu&rsquo;avec une voiture personnelle.<br>                    <\/div>\n                                    <div class=\"tabContent visually-hidden\" data-tab=\"1\">\n                        Il est vivement d\u00e9conseill\u00e9 d&rsquo;organiser ses d\u00e9placements de mani\u00e8re individuelle (location de voitures ou de camionnettes, par exemple). Les d\u00e9l\u00e9gu\u00e9s sont encourag\u00e9s \u00e0 se rendre sur le lieu de la manifestation \u00e0 pied, d&rsquo;utiliser des v\u00e9los ou les transports publics. Vous trouverez des renseignements sur les transports publics <a href=\"http:\/\/stbsa.ro\/eng\/index\" data-type=\"URL\" data-id=\"http:\/\/stbsa.ro\/eng\/index\" target=\"_blank\" rel=\"noopener\">ici<\/a>.                    <\/div>\n                            <\/div>\n        <\/div>\n    <\/section>\n    <script>\n        document.addEventListener(\n            'DOMContentLoaded',\n            () => {\n                const tabs = document.querySelectorAll('.tabTitle');\n                const tabsContent = document.querySelectorAll('.tabContent');\n                tabs.forEach(tab => {\n                    tab.addEventListener('click', () => {\n                        tabs.forEach(tab => {\n                            tab.classList.remove('alt');\n                        });\n                        tab.classList.add('alt');\n                        tabsContent.forEach(tabContent => {\n                            tabContent.classList.add('visually-hidden');\n                        });\n                        const target = tab.getAttribute('data-target');\n                        const tabContent = document.querySelector(`[data-tab=\"${target}\"]`);\n                        tabContent.classList.remove('visually-hidden');\n                    });\n                });\n            })\n    <\/script>\n","protected":false},"excerpt":{"rendered":"","protected":false},"author":12,"featured_media":0,"parent":0,"menu_order":0,"comment_status":"closed","ping_status":"closed","template":"page-banner-blue.php","meta":{"_crdt_document":"","footnotes":""},"class_list":["post-11810","page","type-page","status-publish","hentry"],"_links":{"self":[{"href":"https:\/\/itu-app42372.pagelyhosting.com\/fr\/wp-json\/wp\/v2\/pages\/11810","targetHints":{"allow":["GET"]}}],"collection":[{"href":"https:\/\/itu-app42372.pagelyhosting.com\/fr\/wp-json\/wp\/v2\/pages"}],"about":[{"href":"https:\/\/itu-app42372.pagelyhosting.com\/fr\/wp-json\/wp\/v2\/types\/page"}],"author":[{"embeddable":true,"href":"https:\/\/itu-app42372.pagelyhosting.com\/fr\/wp-json\/wp\/v2\/users\/12"}],"replies":[{"embeddable":true,"href":"https:\/\/itu-app42372.pagelyhosting.com\/fr\/wp-json\/wp\/v2\/comments?post=11810"}],"version-history":[{"count":0,"href":"https:\/\/itu-app42372.pagelyhosting.com\/fr\/wp-json\/wp\/v2\/pages\/11810\/revisions"}],"wp:attachment":[{"href":"https:\/\/itu-app42372.pagelyhosting.com\/fr\/wp-json\/wp\/v2\/media?parent=11810"}],"curies":[{"name":"wp","href":"https:\/\/api.w.org\/{rel}","templated":true}]}}