
{"id":11806,"date":"2022-07-15T12:52:32","date_gmt":"2022-07-15T12:52:32","guid":{"rendered":"https:\/\/itu-app42372.pagelyhosting.com\/11806-2\/"},"modified":"2022-07-18T15:15:17","modified_gmt":"2022-07-18T15:15:17","slug":"accommodation","status":"publish","type":"page","link":"https:\/\/itu-app42372.pagelyhosting.com\/fr\/accommodation\/","title":{"rendered":"H\u00e9bergement"},"content":{"rendered":"    <section>\n        <div class=\"ituContainer tabHeader grid nogap\">\n                            <div class=\"ituCard alt tabTitle\" data-span=\"6\" data-target=\"0\">\n                    Ce que nous faisons                <\/div>\n                            <div class=\"ituCard tabTitle\" data-span=\"6\" data-target=\"1\">\n                    Ce que vous pouvez faire                <\/div>\n                    <\/div>\n        <div class=\"ituContainer\">\n            <div class=\"ituTabsContent\">\n                                    <div class=\"tabContent \" data-tab=\"0\">\n                        Le pays h\u00f4te a mobilis\u00e9 des efforts consid\u00e9rables pour garantir un choix d&rsquo;h\u00f4tels ayant de bonnes certifications en mati\u00e8re de durabilit\u00e9 et situ\u00e9s \u00e0 proximit\u00e9 du lieu de la Conf\u00e9rence ou des transports publics. Les h\u00f4tels recommand\u00e9s se trouvent \u00e0 environ 20-30 minutes \u00e0 pied du lieu de la manifestation. Vous trouverez la liste des h\u00f4tels recommand\u00e9s <a href=\"\/\/bucharestpp22.gov.ro\/accommodation\/\" data-type=\"URL\" data-id=\"link:%20https:\/\/bucharestpp22.gov.ro\/accommodation\/\">ici<\/a>.                     <\/div>\n                                    <div class=\"tabContent visually-hidden\" data-tab=\"1\">\n                        Nous vous invitons \u00e0 choisir un h\u00f4tel situ\u00e9 \u00e0 distance de marche du lieu de la manifestation ou \u00e0 proximit\u00e9 des transports publics, et dont le fonctionnement est respectueux de l&rsquo;environnement. \u00c9teignez les lumi\u00e8res et la climatisation quand vous quittez votre chambre et utilisez vos serviettes et vos draps plus d&rsquo;une fois. <br>                    <\/div>\n                            <\/div>\n        <\/div>\n    <\/section>\n    <script>\n        document.addEventListener(\n            'DOMContentLoaded',\n            () => {\n                const tabs = document.querySelectorAll('.tabTitle');\n                const tabsContent = document.querySelectorAll('.tabContent');\n                tabs.forEach(tab => {\n                    tab.addEventListener('click', () => {\n                        tabs.forEach(tab => {\n                            tab.classList.remove('alt');\n                        });\n                        tab.classList.add('alt');\n                        tabsContent.forEach(tabContent => {\n                            tabContent.classList.add('visually-hidden');\n                        });\n                        const target = tab.getAttribute('data-target');\n                        const tabContent = document.querySelector(`[data-tab=\"${target}\"]`);\n                        tabContent.classList.remove('visually-hidden');\n                    });\n                });\n            })\n    <\/script>\n","protected":false},"excerpt":{"rendered":"","protected":false},"author":12,"featured_media":0,"parent":0,"menu_order":0,"comment_status":"closed","ping_status":"closed","template":"page-banner-blue.php","meta":{"_crdt_document":"","footnotes":""},"class_list":["post-11806","page","type-page","status-publish","hentry"],"_links":{"self":[{"href":"https:\/\/itu-app42372.pagelyhosting.com\/fr\/wp-json\/wp\/v2\/pages\/11806","targetHints":{"allow":["GET"]}}],"collection":[{"href":"https:\/\/itu-app42372.pagelyhosting.com\/fr\/wp-json\/wp\/v2\/pages"}],"about":[{"href":"https:\/\/itu-app42372.pagelyhosting.com\/fr\/wp-json\/wp\/v2\/types\/page"}],"author":[{"embeddable":true,"href":"https:\/\/itu-app42372.pagelyhosting.com\/fr\/wp-json\/wp\/v2\/users\/12"}],"replies":[{"embeddable":true,"href":"https:\/\/itu-app42372.pagelyhosting.com\/fr\/wp-json\/wp\/v2\/comments?post=11806"}],"version-history":[{"count":0,"href":"https:\/\/itu-app42372.pagelyhosting.com\/fr\/wp-json\/wp\/v2\/pages\/11806\/revisions"}],"wp:attachment":[{"href":"https:\/\/itu-app42372.pagelyhosting.com\/fr\/wp-json\/wp\/v2\/media?parent=11806"}],"curies":[{"name":"wp","href":"https:\/\/api.w.org\/{rel}","templated":true}]}}