
{"id":11802,"date":"2022-07-15T12:38:51","date_gmt":"2022-07-15T12:38:51","guid":{"rendered":"https:\/\/itu-app42372.pagelyhosting.com\/11802-2\/"},"modified":"2022-07-18T14:43:42","modified_gmt":"2022-07-18T14:43:42","slug":"travel","status":"publish","type":"page","link":"https:\/\/itu-app42372.pagelyhosting.com\/fr\/travel\/","title":{"rendered":"Voyage"},"content":{"rendered":"    <section>\n        <div class=\"ituContainer tabHeader grid nogap\">\n                            <div class=\"ituCard alt tabTitle\" data-span=\"6\" data-target=\"0\">\n                    Ce que nous faisons                <\/div>\n                            <div class=\"ituCard tabTitle\" data-span=\"6\" data-target=\"1\">\n                    Ce que vous pouvez faire                <\/div>\n                    <\/div>\n        <div class=\"ituContainer\">\n            <div class=\"ituTabsContent\">\n                                    <div class=\"tabContent \" data-tab=\"0\">\n                        <br>Si le volume des \u00e9missions de gaz \u00e0 effet de serre g\u00e9n\u00e9r\u00e9es sur place sera r\u00e9duit dans la mesure du possible, certaines \u00e9missions &#8211; comme celles li\u00e9es aux d\u00e9placements, qui repr\u00e9sentent la majeure partie de l&#8217;empreinte globale &#8211; restent in\u00e9vitables. L&rsquo;UIT compensera les \u00e9missions de CO2 dues aux voyages en avion de son personnel se rendant \u00e0 la Conf\u00e9rence de pl\u00e9nipotentiaires dans le cadre de l&rsquo;inventaire annuel des \u00e9missions de gaz \u00e0 effet de serre. <br><br><br><br><br>                    <\/div>\n                                    <div class=\"tabContent visually-hidden\" data-tab=\"1\">\n                        <br>Tous les d\u00e9l\u00e9gu\u00e9s sont vivement encourag\u00e9s \u00e0 choisir l<em>e moyen le plus \u00e9cologique de se rendre \u00e0 la manifestation, par exemple en train, ou en r\u00e9servant le vol<\/em> qui \u00e9met le moins d&rsquo;\u00e9missions de CO2 (c&rsquo;est-\u00e0-dire selon le trajet le plus direct, en classe \u00e9conomique). Les d\u00e9l\u00e9gu\u00e9s sont \u00e9galement encourag\u00e9s \u00e0 compenser les \u00e9missions de leur vol. Les \u00e9missions g\u00e9n\u00e9r\u00e9es par les voyages en avion peuvent par exemple \u00eatre calcul\u00e9es \u00e0 l&rsquo;aide de <a href=\"https:\/\/www.icao.int\/environmental-protection\/Carbonoffset\/Pages\/default.aspx\" data-type=\"URL\" data-id=\"https:\/\/www.icao.int\/environmental-protection\/Carbonoffset\/Pages\/default.aspx\" target=\"_blank\" rel=\"noopener\">l&rsquo;outil de calcul des \u00e9missions de CO2 de l&rsquo;Organisation de l&rsquo;aviation civile internationale (OACI)<\/a> et compens\u00e9es via la <a href=\"https:\/\/offset.climateneutralnow.org\/AllProjects\" data-type=\"URL\" data-id=\"https:\/\/offset.climateneutralnow.org\/AllProjects\" target=\"_blank\" rel=\"noopener\">plate-forme \u00ab\u00a0Neutralit\u00e9 climatique maintenant\u00a0\u00bb de la Convention-cadre des Nations Unies sur les changements climatiques (CCNUCC)<\/a>.<br>                    <\/div>\n                            <\/div>\n        <\/div>\n    <\/section>\n    <script>\n        document.addEventListener(\n            'DOMContentLoaded',\n            () => {\n                const tabs = document.querySelectorAll('.tabTitle');\n                const tabsContent = document.querySelectorAll('.tabContent');\n                tabs.forEach(tab => {\n                    tab.addEventListener('click', () => {\n                        tabs.forEach(tab => {\n                            tab.classList.remove('alt');\n                        });\n                        tab.classList.add('alt');\n                        tabsContent.forEach(tabContent => {\n                            tabContent.classList.add('visually-hidden');\n                        });\n                        const target = tab.getAttribute('data-target');\n                        const tabContent = document.querySelector(`[data-tab=\"${target}\"]`);\n                        tabContent.classList.remove('visually-hidden');\n                    });\n                });\n            })\n    <\/script>\n","protected":false},"excerpt":{"rendered":"","protected":false},"author":12,"featured_media":0,"parent":0,"menu_order":0,"comment_status":"closed","ping_status":"closed","template":"page-banner-blue.php","meta":{"_crdt_document":"","footnotes":""},"class_list":["post-11802","page","type-page","status-publish","hentry"],"_links":{"self":[{"href":"https:\/\/itu-app42372.pagelyhosting.com\/fr\/wp-json\/wp\/v2\/pages\/11802","targetHints":{"allow":["GET"]}}],"collection":[{"href":"https:\/\/itu-app42372.pagelyhosting.com\/fr\/wp-json\/wp\/v2\/pages"}],"about":[{"href":"https:\/\/itu-app42372.pagelyhosting.com\/fr\/wp-json\/wp\/v2\/types\/page"}],"author":[{"embeddable":true,"href":"https:\/\/itu-app42372.pagelyhosting.com\/fr\/wp-json\/wp\/v2\/users\/12"}],"replies":[{"embeddable":true,"href":"https:\/\/itu-app42372.pagelyhosting.com\/fr\/wp-json\/wp\/v2\/comments?post=11802"}],"version-history":[{"count":0,"href":"https:\/\/itu-app42372.pagelyhosting.com\/fr\/wp-json\/wp\/v2\/pages\/11802\/revisions"}],"wp:attachment":[{"href":"https:\/\/itu-app42372.pagelyhosting.com\/fr\/wp-json\/wp\/v2\/media?parent=11802"}],"curies":[{"name":"wp","href":"https:\/\/api.w.org\/{rel}","templated":true}]}}