
{"id":11635,"date":"2022-07-14T14:45:32","date_gmt":"2022-07-14T14:45:32","guid":{"rendered":"https:\/\/itu-app42372.pagelyhosting.com\/11635-2\/"},"modified":"2022-07-18T12:09:23","modified_gmt":"2022-07-18T12:09:23","slug":"paperless","status":"publish","type":"page","link":"https:\/\/itu-app42372.pagelyhosting.com\/fr\/paperless\/","title":{"rendered":"Manifestation sans document papier"},"content":{"rendered":"    <section>\n        <div class=\"ituContainer tabHeader grid nogap\">\n                            <div class=\"ituCard alt tabTitle\" data-span=\"6\" data-target=\"0\">\n                    Ce que nous faisons                <\/div>\n                            <div class=\"ituCard tabTitle\" data-span=\"6\" data-target=\"1\">\n                    Ce que vous pouvez faire                <\/div>\n                    <\/div>\n        <div class=\"ituContainer\">\n            <div class=\"ituTabsContent\">\n                                    <div class=\"tabContent \" data-tab=\"0\">\n                        Nous nous effor\u00e7ons de r\u00e9duire autant que possible l&rsquo;utilisation du papier, conform\u00e9ment \u00e0 l&rsquo;Annexe 2 de la D\u00e9cision 5 de la Conf\u00e9rence de pl\u00e9nipotentiaires, en application de laquelle tous les documents officiels, y compris les Actes finals, peuvent \u00eatre t\u00e9l\u00e9charg\u00e9s <a href=\"https:\/\/itu-app42372.pagelyhosting.com\/fr\/documents\/\" data-type=\"URL\">ici<\/a>. Le calendrier des r\u00e9unions est disponible sur le site web de la PP-22. Le calendrier de toutes les r\u00e9ceptions sera publi\u00e9 sur le site web et diffus\u00e9 sur les \u00e9crans \u00e9lectroniques situ\u00e9s sur le lieu de la Conf\u00e9rence. Toutes les imprimantes sur place sont r\u00e9gl\u00e9es par d\u00e9faut pour une impression recto-verso.                     <\/div>\n                                    <div class=\"tabContent visually-hidden\" data-tab=\"1\">\n                        L&rsquo;impression des documents est fortement d\u00e9conseill\u00e9e. Les brochures de campagne peuvent \u00eatre envoy\u00e9es \u00e0 l&rsquo;adresse <a href=\"mailto:ppelections@itu.int\">ppelections@itu.int<\/a> en vue d&rsquo;\u00eatre publi\u00e9es sur le site web de la PP-22. Si vous n&rsquo;avez d&rsquo;autre choix que d&rsquo;imprimer un document, utilisez uniquement du papier recycl\u00e9 et imprimez-le en recto-verso. Envisagez de ne plus utiliser de cartes de visite sur support papier. De nombreuses applications pour smartphone permettent de partager des cartes de visite num\u00e9riques qui sont automatiquement mises \u00e0 jour en cas de changement, ou de scanner et de stocker les informations personnelles re\u00e7ues d&rsquo;autres personnes.<br>                    <\/div>\n                            <\/div>\n        <\/div>\n    <\/section>\n    <script>\n        document.addEventListener(\n            'DOMContentLoaded',\n            () => {\n                const tabs = document.querySelectorAll('.tabTitle');\n                const tabsContent = document.querySelectorAll('.tabContent');\n                tabs.forEach(tab => {\n                    tab.addEventListener('click', () => {\n                        tabs.forEach(tab => {\n                            tab.classList.remove('alt');\n                        });\n                        tab.classList.add('alt');\n                        tabsContent.forEach(tabContent => {\n                            tabContent.classList.add('visually-hidden');\n                        });\n                        const target = tab.getAttribute('data-target');\n                        const tabContent = document.querySelector(`[data-tab=\"${target}\"]`);\n                        tabContent.classList.remove('visually-hidden');\n                    });\n                });\n            })\n    <\/script>\n","protected":false},"excerpt":{"rendered":"","protected":false},"author":12,"featured_media":0,"parent":0,"menu_order":0,"comment_status":"closed","ping_status":"closed","template":"page-banner-blue.php","meta":{"_crdt_document":"","footnotes":""},"class_list":["post-11635","page","type-page","status-publish","hentry"],"_links":{"self":[{"href":"https:\/\/itu-app42372.pagelyhosting.com\/fr\/wp-json\/wp\/v2\/pages\/11635","targetHints":{"allow":["GET"]}}],"collection":[{"href":"https:\/\/itu-app42372.pagelyhosting.com\/fr\/wp-json\/wp\/v2\/pages"}],"about":[{"href":"https:\/\/itu-app42372.pagelyhosting.com\/fr\/wp-json\/wp\/v2\/types\/page"}],"author":[{"embeddable":true,"href":"https:\/\/itu-app42372.pagelyhosting.com\/fr\/wp-json\/wp\/v2\/users\/12"}],"replies":[{"embeddable":true,"href":"https:\/\/itu-app42372.pagelyhosting.com\/fr\/wp-json\/wp\/v2\/comments?post=11635"}],"version-history":[{"count":0,"href":"https:\/\/itu-app42372.pagelyhosting.com\/fr\/wp-json\/wp\/v2\/pages\/11635\/revisions"}],"wp:attachment":[{"href":"https:\/\/itu-app42372.pagelyhosting.com\/fr\/wp-json\/wp\/v2\/media?parent=11635"}],"curies":[{"name":"wp","href":"https:\/\/api.w.org\/{rel}","templated":true}]}}