
{"id":11623,"date":"2022-07-14T14:24:52","date_gmt":"2022-07-14T14:24:52","guid":{"rendered":"https:\/\/itu-app42372.pagelyhosting.com\/11623-2\/"},"modified":"2022-08-02T15:14:44","modified_gmt":"2022-08-02T15:14:44","slug":"gifts","status":"publish","type":"page","link":"https:\/\/itu-app42372.pagelyhosting.com\/fr\/gifts\/","title":{"rendered":"Cadeaux"},"content":{"rendered":"    <section>\n        <div class=\"ituContainer tabHeader grid nogap\">\n                            <div class=\"ituCard alt tabTitle\" data-span=\"6\" data-target=\"0\">\n                    Ce que nous faisons                <\/div>\n                            <div class=\"ituCard tabTitle\" data-span=\"6\" data-target=\"1\">\n                    Ce que vous pouvez faire                <\/div>\n                    <\/div>\n        <div class=\"ituContainer\">\n            <div class=\"ituTabsContent\">\n                                    <div class=\"tabContent \" data-tab=\"0\">\n                        Nous cherchons \u00e0 r\u00e9duire autant que possible les cadeaux sous la forme d&rsquo;objets.\u00a0Cependant, pour tous les cadeaux, le plus grand volume possible de mat\u00e9riaux biod\u00e9gradables, r\u00e9utilisables ou compostables sera utilis\u00e9 pour les emballages cadeaux. Le pays h\u00f4te a \u00e9galement l&rsquo;intention de remplacer les sacs en plastique par des sacs r\u00e9utilisables ou recycl\u00e9s.                    <\/div>\n                                    <div class=\"tabContent visually-hidden\" data-tab=\"1\">\n                        Si vous devez offrir des cadeaux, assurez-vous qu&rsquo;ils sont d\u00e9mat\u00e9rialis\u00e9s, ou soucieux de l&rsquo;environnement, issus du commerce \u00e9thique et produits au niveau local, et qu&rsquo;ils ne comportent pas d&#8217;emballage excessif. Si vous exp\u00e9diez des cadeaux ou d&rsquo;autres colis, pensez d&rsquo;abord \u00e0 faire appel \u00e0 un prestataire de la r\u00e9gion. Faites don des cadeaux en surplus \u00e0 une organisation caritative locale.                    <\/div>\n                            <\/div>\n        <\/div>\n    <\/section>\n    <script>\n        document.addEventListener(\n            'DOMContentLoaded',\n            () => {\n                const tabs = document.querySelectorAll('.tabTitle');\n                const tabsContent = document.querySelectorAll('.tabContent');\n                tabs.forEach(tab => {\n                    tab.addEventListener('click', () => {\n                        tabs.forEach(tab => {\n                            tab.classList.remove('alt');\n                        });\n                        tab.classList.add('alt');\n                        tabsContent.forEach(tabContent => {\n                            tabContent.classList.add('visually-hidden');\n                        });\n                        const target = tab.getAttribute('data-target');\n                        const tabContent = document.querySelector(`[data-tab=\"${target}\"]`);\n                        tabContent.classList.remove('visually-hidden');\n                    });\n                });\n            })\n    <\/script>\n","protected":false},"excerpt":{"rendered":"","protected":false},"author":12,"featured_media":0,"parent":0,"menu_order":0,"comment_status":"closed","ping_status":"closed","template":"page-banner-blue.php","meta":{"_crdt_document":"","footnotes":""},"class_list":["post-11623","page","type-page","status-publish","hentry"],"_links":{"self":[{"href":"https:\/\/itu-app42372.pagelyhosting.com\/fr\/wp-json\/wp\/v2\/pages\/11623","targetHints":{"allow":["GET"]}}],"collection":[{"href":"https:\/\/itu-app42372.pagelyhosting.com\/fr\/wp-json\/wp\/v2\/pages"}],"about":[{"href":"https:\/\/itu-app42372.pagelyhosting.com\/fr\/wp-json\/wp\/v2\/types\/page"}],"author":[{"embeddable":true,"href":"https:\/\/itu-app42372.pagelyhosting.com\/fr\/wp-json\/wp\/v2\/users\/12"}],"replies":[{"embeddable":true,"href":"https:\/\/itu-app42372.pagelyhosting.com\/fr\/wp-json\/wp\/v2\/comments?post=11623"}],"version-history":[{"count":0,"href":"https:\/\/itu-app42372.pagelyhosting.com\/fr\/wp-json\/wp\/v2\/pages\/11623\/revisions"}],"wp:attachment":[{"href":"https:\/\/itu-app42372.pagelyhosting.com\/fr\/wp-json\/wp\/v2\/media?parent=11623"}],"curies":[{"name":"wp","href":"https:\/\/api.w.org\/{rel}","templated":true}]}}