
{"id":11569,"date":"2022-07-13T13:21:17","date_gmt":"2022-07-13T13:21:17","guid":{"rendered":"https:\/\/itu-app42372.pagelyhosting.com\/remote-participation\/"},"modified":"2022-09-23T16:30:27","modified_gmt":"2022-09-23T16:30:27","slug":"remote-participation","status":"publish","type":"page","link":"https:\/\/itu-app42372.pagelyhosting.com\/fr\/remote-participation\/","title":{"rendered":"Participation \u00e0 distance"},"content":{"rendered":"<div class=\"ituContainer grid\"><div data-span=\"12\">\n<p class=\"wp-block-paragraph\">Pour la PP-22, la participation \u00e0 distance sera bas\u00e9e sur la m\u00eame pratique que celle adopt\u00e9e pour l&rsquo;AMNT, la session du Conseil et la CMDT. La PP-22 se d\u00e9roulera en pr\u00e9sentiel, avec une large participation \u00e0 distance. Les d\u00e9cisions seront prises pendant la pl\u00e9ni\u00e8re, par les d\u00e9l\u00e9gu\u00e9s pr\u00e9sents sur place. <\/p>\n<\/div><\/div><div class=\"ituContainer grid\"><div data-span=\"12\">\n<p class=\"wp-block-paragraph\">Veuillez vous reporter \u00e0 la page \u00ab\u00a0<a href=\"https:\/\/www.itu.int\/pp22\/en\/participation\/credentials\/\" data-type=\"URL\" data-id=\"https:\/\/www.itu.int\/pp22\/en\/participation\/credentials\/\" target=\"_blank\" rel=\"noreferrer noopener\">Pouvoirs<\/a>\u00a0\u00bb pour plus de renseignements.<\/p>\n<\/div><\/div><div class=\"ituContainer grid\"><div data-span=\"12\">\n<p class=\"wp-block-paragraph\">Pour la PP-22, la s\u00e9ance finale de la session de 2022 du Conseil ou la session extraordinaire de 2023 du Conseil, seuls les participants inscrits \u00e0 la manifestation en question pourront y participer \u00e0 distance via Zoom.<\/p>\n<\/div><\/div><div class=\"ituContainer grid\"><div data-span=\"12\">\n<p class=\"wp-block-paragraph\">Les participants inscrits sont invit\u00e9s \u00e0 se connecter avec le m\u00eame <a href=\"https:\/\/www.itu.int\/en\/ties-services\/Pages\/login.aspx\" data-type=\"URL\" data-id=\"https:\/\/www.itu.int\/en\/ties-services\/Pages\/login.aspx\" target=\"_blank\" rel=\"noreferrer noopener\">compte utilisateur de l&rsquo;UIT<\/a> qu&rsquo;ils ont utilis\u00e9 pour s&rsquo;inscrire \u00e0 la PP-22.<\/p>\n<\/div><\/div><div class=\"ituContainer grid\"><div data-span=\"12\">\n<p class=\"wp-block-paragraph\">Veuillez cliquer <a href=\"https:\/\/itu-app42372.pagelyhosting.com\/fr\/participation\/registration\/\" target=\"_blank\" rel=\"noreferrer noopener\">ici<\/a> pour vous inscrire \u00e0 la PP-22.<\/p>\n<\/div><\/div><div class=\"ituContainer grid\"><div data-span=\"12\">\n<p class=\"wp-block-paragraph\">Cliquez <a href=\"https:\/\/www.itu.int\/en\/general-secretariat\/ICT-Services\/remoteparticipation\/Pages\/Virtual-Sessions.aspx\" target=\"_blank\" data-type=\"URL\" data-id=\"https:\/\/www.itu.int\/en\/general-secretariat\/ICT-Services\/remoteparticipation\/Pages\/Virtual-Sessions.aspx\" rel=\"noreferrer noopener\">ici<\/a> pour participer \u00e0 distance.<\/p>\n<\/div><\/div><div class=\"ituContainer grid\"><div data-span=\"12\">\n<p class=\"wp-block-paragraph\">Vous rencontrez des difficult\u00e9s pour vous connecter \u00e0 la salle de r\u00e9union virtuelle? Veuillez envoyer un courriel \u00e0 l&rsquo;adresse <a href=\"mailto:rp.support@itu.int\" target=\"_blank\" rel=\"noreferrer noopener\">rp.support@itu.int<\/a>.<\/p>\n<\/div><\/div>","protected":false},"excerpt":{"rendered":"<p>Pour la PP-22, la participation \u00e0 distance sera bas\u00e9e sur la m\u00eame pratique que celle adopt\u00e9e pour l&rsquo;AMNT, la session du Conseil et la CMDT. La PP-22 se d\u00e9roulera en pr\u00e9sentiel, avec une large participation \u00e0 distance. Les d\u00e9cisions seront prises pendant la pl\u00e9ni\u00e8re, par les d\u00e9l\u00e9gu\u00e9s pr\u00e9sents sur place. Veuillez vous reporter \u00e0 la [&hellip;]<\/p>\n","protected":false},"author":1,"featured_media":0,"parent":0,"menu_order":0,"comment_status":"closed","ping_status":"closed","template":"page-banner-blue.php","meta":{"_crdt_document":"","footnotes":""},"class_list":["post-11569","page","type-page","status-publish","hentry"],"_links":{"self":[{"href":"https:\/\/itu-app42372.pagelyhosting.com\/fr\/wp-json\/wp\/v2\/pages\/11569","targetHints":{"allow":["GET"]}}],"collection":[{"href":"https:\/\/itu-app42372.pagelyhosting.com\/fr\/wp-json\/wp\/v2\/pages"}],"about":[{"href":"https:\/\/itu-app42372.pagelyhosting.com\/fr\/wp-json\/wp\/v2\/types\/page"}],"author":[{"embeddable":true,"href":"https:\/\/itu-app42372.pagelyhosting.com\/fr\/wp-json\/wp\/v2\/users\/1"}],"replies":[{"embeddable":true,"href":"https:\/\/itu-app42372.pagelyhosting.com\/fr\/wp-json\/wp\/v2\/comments?post=11569"}],"version-history":[{"count":0,"href":"https:\/\/itu-app42372.pagelyhosting.com\/fr\/wp-json\/wp\/v2\/pages\/11569\/revisions"}],"wp:attachment":[{"href":"https:\/\/itu-app42372.pagelyhosting.com\/fr\/wp-json\/wp\/v2\/media?parent=11569"}],"curies":[{"name":"wp","href":"https:\/\/api.w.org\/{rel}","templated":true}]}}