
{"id":11566,"date":"2022-07-07T14:25:29","date_gmt":"2022-07-07T14:25:29","guid":{"rendered":"https:\/\/itu-app42372.pagelyhosting.com\/services-and-facilities-2\/"},"modified":"2022-09-07T13:31:34","modified_gmt":"2022-09-07T13:31:34","slug":"services-and-facilities","status":"publish","type":"page","link":"https:\/\/itu-app42372.pagelyhosting.com\/fr\/services-and-facilities\/","title":{"rendered":"Services et installations"},"content":{"rendered":"<div class=\"ituContainer grid\"><div data-span=\"12\">\n<p class=\"wp-block-paragraph\"><strong>R\u00e9servation des salles \u00e0 la PP-22<\/strong><\/p>\n<\/div><\/div>\n\n<div class=\"ituContainer grid\"><div data-span=\"12\">\n<p class=\"wp-block-paragraph\">Les salles de r\u00e9union pour la Conf\u00e9rence de pl\u00e9nipotentiaires de 2022 situ\u00e9es au Palais du Parlement \u00e0 Bucarest seront g\u00e9r\u00e9es par le Secr\u00e9tariat de l&rsquo;UIT. Les d\u00e9l\u00e9gations qui souhaitent r\u00e9server une salle sont pri\u00e9es de contacter le service de r\u00e9servation des salles \u00e0 l&rsquo;adresse&nbsp;<a href=\"mailto:conf-logistics@itu.int\">conf-logistics@itu.int<\/a>. <\/p>\n<\/div><\/div>\n\n<div class=\"ituContainer grid\"><div data-span=\"12\">\n<p class=\"wp-block-paragraph\">Veuillez noter que les salles de r\u00e9union sont affect\u00e9es principalement aux travaux de la Conf\u00e9rence. Dans le souci de garantir une mise \u00e0 disposition \u00e9quitable du nombre limit\u00e9 de salles de r\u00e9union, les conditions suivantes s&rsquo;appliquent:<\/p>\n<\/div><\/div>\n\n<div class=\"ituContainer grid\"><div data-span=\"12\">\n<ul class=\"wp-block-list\"><li><strong>Toutes les demandes seront trait\u00e9es<\/strong> <strong>par ordre d&rsquo;arriv\u00e9e.<\/strong><\/li><li>Chaque d\u00e9l\u00e9gation est limit\u00e9e \u00e0 deux cr\u00e9neaux d\u20191 h 30 non cons\u00e9cutifs par jour.<\/li><li>Les salles de r\u00e9union ne peuvent pas servir d\u2019espaces de travail ni de bureaux.<\/li><li>Les demandes seront trait\u00e9es selon l&rsquo;ordre de pr\u00e9s\u00e9ance suivant:<ul><li>Commissions de la PP-22 et les groupes de travail\/de r\u00e9daction qui leur sont rattach\u00e9s<\/li><li>\u00c9tats Membres et organisations r\u00e9gionales<\/li><li>Autres entit\u00e9s<\/li><\/ul><\/li><\/ul>\n<\/div><\/div>\n\n<div class=\"ituContainer grid\"><div data-span=\"12\">\n<p class=\"wp-block-paragraph\">Veuillez noter qu&rsquo;une r\u00e9servation effectu\u00e9e \u00e0 l&rsquo;avance peut par cons\u00e9quent \u00eatre annul\u00e9e et reprogramm\u00e9e selon le nombre de demandes re\u00e7ues et leur nature. Nous vous remercions pour votre compr\u00e9hension et votre coop\u00e9ration. <\/p>\n<\/div><\/div>\n\n<div class=\"ituContainer grid\"><div data-span=\"12\">\n<p class=\"wp-block-paragraph\"><strong>Salon d&rsquo;\u00e9change de l&rsquo;UIT<\/strong><\/p>\n<\/div><\/div>\n\n<div class=\"ituContainer grid\"><div data-span=\"12\">\n<p class=\"wp-block-paragraph\">Le salon d&rsquo;\u00e9change de l&rsquo;UIT \u00e0 la PP-22 sera un espace central d\u00e9di\u00e9 aux interactions sociales, compos\u00e9 d&rsquo;un caf\u00e9, d&rsquo;une librairie de l&rsquo;UIT, d&rsquo;une exposition virtuelle du nouveau b\u00e2timent du si\u00e8ge de l&rsquo;UIT, de fauteuils pour les discussions informelles et les entretiens, et d&rsquo;installations permettant aux d\u00e9l\u00e9gu\u00e9s et aux fonctionnaires de \u00ab\u00a0rencontrer des sp\u00e9cialistes\u00a0\u00bb. Gr\u00e2ce \u00e0 son emplacement central, le salon d&rsquo;\u00e9change sera un p\u00f4le d&rsquo;activit\u00e9 et d&rsquo;interaction dans le cadre de la PP et constituera un point de rencontre naturel pour les d\u00e9l\u00e9gu\u00e9s et les fonctionnaires. <\/p>\n<\/div><\/div>\n\n<div class=\"ituContainer grid\"><div data-span=\"12\">\n<p class=\"wp-block-paragraph\">Au centre du salon d&rsquo;\u00e9change de l&rsquo;UIT, vous trouverez la boutique de l&rsquo;UIT proposant toute une gamme de souvenirs aux couleurs de l&rsquo;UIT et de la Suisse, ainsi qu&rsquo;une s\u00e9lection des publications de l&rsquo;UIT les plus r\u00e9centes.<\/p>\n<\/div><\/div>\n\n<div class=\"ituContainer grid\"><div data-span=\"12\">\n<p class=\"wp-block-paragraph\">Parmi les titres disponibles, vous trouverez la plupart des documents de r\u00e9f\u00e9rence essentiels (y compris le Recueil des textes fondamentaux et les Actes finals de la CMR-19) ainsi que la version 5.2 du logiciel SMS4DC r\u00e9cemment publi\u00e9e, et bien d&rsquo;autres publications in\u00e9dites. Les commandes fermes pass\u00e9es sur place aupr\u00e8s de la librairie pour tout titre non disponible \u00e0 Bucarest&nbsp;seront exp\u00e9di\u00e9es sans frais de port depuis Gen\u00e8ve \u00e0 l&rsquo;adresse que vous aurez renseign\u00e9e.<\/p>\n<\/div><\/div>\n\n<div class=\"ituContainer grid\"><div data-span=\"12\">\n<p class=\"wp-block-paragraph\">L&rsquo;\u00e9quipe de la boutique de l&rsquo;UIT se tiendra \u00e0 votre disposition pour r\u00e9pondre \u00e0 vos demandes de derni\u00e8re minute, que vous ayez besoin d&rsquo;un adaptateur international, d&rsquo;une batterie d&rsquo;alimentation, d&rsquo;une souris sans fil, d&rsquo;une tablette ou d&rsquo;une cl\u00e9 USB&#8230; Ou que vous souhaitiez ramener en souvenir une tasse ou une bouteille d&rsquo;eau au logo de la manifestation.<\/p>\n<\/div><\/div>\n\n<div class=\"ituContainer grid\"><div data-span=\"12\">\n<p class=\"wp-block-paragraph\">Quoi qu&rsquo;il en soit, nous vous invitons \u00e0 consulter l&rsquo;\u00e9dition de 2022 de notre catalogue des publications et \u00e0 passer votre commande \u00e0 l&rsquo;avance (service disponible pour les publications uniquement), avant le 30 ao\u00fbt, en \u00e9crivant \u00e0 l&rsquo;adresse&nbsp;<a href=\"mailto:sales@itu.int\">sales@itu.int<\/a>. Vous pourrez ensuite r\u00e9cup\u00e9rer votre commande sur place \u00e0 Bucarest. <\/p>\n<\/div><\/div>\n\n<div class=\"ituContainer grid\"><div data-span=\"12\">\n<p class=\"wp-block-paragraph\">Pour en savoir plus sur les publications de l&rsquo;UIT,&nbsp;veuillez consulter l&rsquo;adresse&nbsp;<a href=\"https:\/\/www.itu.int\/publications\" target=\"_blank\" rel=\"noopener\">www.itu.int\/publications<\/a>&nbsp;ou nous \u00e9crire \u00e0 l&rsquo;adresse&nbsp;<a href=\"mailto:sales@itu.int\">sales@itu.int<\/a>.<\/p>\n<\/div><\/div>\n\n<div class=\"ituContainer grid\"><div data-span=\"12\">\n<p class=\"wp-block-paragraph\"><strong>\u00c9quipements et services m\u00e9dias et de communication<\/strong><\/p>\n<\/div><\/div>\n\n<div class=\"ituContainer grid\"><div data-span=\"12\">\n<p class=\"wp-block-paragraph\">Les repr\u00e9sentants des organismes de presse reconnus sont invit\u00e9s \u00e0 prendre connaissance de la proc\u00e9dure d&rsquo;accr\u00e9ditation\/d&rsquo;inscription des m\u00e9dias pr\u00e9sent\u00e9e sur la <a href=\"https:\/\/www.itu.int\/fr\/newsroom\/accreditation\/Pages\/default.aspx\" data-type=\"URL\" data-id=\"https:\/\/www.itu.int\/fr\/newsroom\/accreditation\/Pages\/default.aspx\" target=\"_blank\" rel=\"noopener\">page web d\u00e9di\u00e9e \u00e0 l&rsquo;accr\u00e9ditation des m\u00e9dias \u00e0 l&rsquo;UIT<\/a>.<\/p>\n<\/div><\/div>\n\n<div class=\"ituContainer grid\"><div data-span=\"12\">\n<p class=\"wp-block-paragraph\">On trouvera sur le site de la salle de presse&nbsp;<a href=\"https:\/\/plenipotprod.wpengine.com\/fr\/newsroom\/\" target=\"_blank\" rel=\"noopener\">en ligne cr\u00e9\u00e9e pour la PP-22<\/a>&nbsp;de nombreuses ressources \u00e0 l&rsquo;intention des journalistes dans les six langues de travail de l&rsquo;Union, comprenant de nombreux&nbsp;documents d&rsquo;actualit\u00e9, des photos, des vid\u00e9os, des infographies, des liens vers les m\u00e9dias sociaux, une couverture m\u00e9dia de la PP-22 et les annonces officielles faites lors de la Conf\u00e9rence.<\/p>\n<\/div><\/div>\n\n<div class=\"ituContainer grid\"><div data-span=\"12\">\n<p class=\"wp-block-paragraph\">Sur place, une salle de presse sera r\u00e9serv\u00e9e aux m\u00e9dias accr\u00e9dit\u00e9s aupr\u00e8s de l&rsquo;UIT et l&rsquo;\u00e9quipe&nbsp;de l&rsquo;UIT charg\u00e9e des&nbsp;relations avec les&nbsp;m\u00e9dias sera pr\u00e9sente pour r\u00e9pondre \u00e0 toutes les demandes des m\u00e9dias et faciliter l&rsquo;organisation d&rsquo;entretiens avec les hauts responsables de la Conf\u00e9rence.<\/p>\n<\/div><\/div>\n\n<div class=\"ituContainer grid\"><div data-span=\"12\">\n<p class=\"wp-block-paragraph\"><em><span style=\"text-decoration: underline\">Nomination de coordonnateurs m\u00e9dias dans les d\u00e9l\u00e9gations<\/span><\/em><\/p>\n<\/div><\/div>\n\n<div class=\"ituContainer grid\"><div data-span=\"12\">\n<p class=\"wp-block-paragraph\">Du fait de l&rsquo;int\u00e9r\u00eat croissant manifest\u00e9 par les m\u00e9dias pour les TIC et les travaux de l&rsquo;UIT, quelque 300 m\u00e9dias locaux et internationaux accr\u00e9dit\u00e9s aupr\u00e8s de l&rsquo;UIT sont attendus pour la PP-22.<\/p>\n<\/div><\/div>\n\n<div class=\"ituContainer grid\"><div data-span=\"12\">\n<p class=\"wp-block-paragraph\">Pour faciliter leur travail, et pour donner aux d\u00e9l\u00e9gations la possibilit\u00e9 de pr\u00e9senter les difficult\u00e9s et les r\u00e9alisations de leur pays, les d\u00e9l\u00e9gations sont invit\u00e9es \u00e0 d\u00e9signer un coordonnateur m\u00e9dias qui r\u00e9pondra aux questions des journalistes avant ou pendant la Conf\u00e9rence. Ce coordonnateur m\u00e9dias sera la personne de contact de l&rsquo;\u00e9quipe de l&rsquo;UIT charg\u00e9e des relations avec les m\u00e9dias, qui pourra ainsi se mettre rapidement en rapport avec&nbsp;votre d\u00e9l\u00e9gation pour transmettre des demandes d&rsquo;entretiens, de photos ou de vid\u00e9os.&nbsp;Il est propos\u00e9 que le coordonnateur m\u00e9dias de votre d\u00e9l\u00e9gation&nbsp;soit un membre de votre d\u00e9l\u00e9gation officielle qui sera en mesure de r\u00e9pondre rapidement au cas o\u00f9 l&rsquo;\u00e9quipe de l&rsquo;UIT charg\u00e9e des relations avec les m\u00e9dias chercherait \u00e0 le joindre. Il ne doit pas s&rsquo;agir n\u00e9cessairement de la personne qui sera interview\u00e9e par les journalistes, mais plut\u00f4t de celle qui sera charg\u00e9e d&rsquo;assurer la coordination avec l&rsquo;\u00e9quipe de l&rsquo;UIT pour veiller \u00e0 ce que vous puissiez faire passer rapidement et efficacement&nbsp;votre message. Le nom, le num\u00e9ro de t\u00e9l\u00e9phone mobile et l&rsquo;adresse \u00e9lectronique du coordonnateur m\u00e9dias de votre d\u00e9l\u00e9gation devraient \u00eatre envoy\u00e9s par courrier \u00e9lectronique, avec en objet&nbsp;la mention \u00ab\u00a0Coordonnateur m\u00e9dias pour la d\u00e9l\u00e9gation \u00e0 la PP-22\u00a0\u00bb \u00e0&nbsp;<a href=\"mailto:pressinfo@itu.int?subject=PP-18%20Delegation%20Media%20Focal%20Point\">pressinfo@itu.int<\/a>&nbsp;d&rsquo;ici au 1er septembre 2022.<\/p>\n<\/div><\/div>","protected":false},"excerpt":{"rendered":"<p>R\u00e9servation des salles \u00e0 la PP-22 Les salles de r\u00e9union pour la Conf\u00e9rence de pl\u00e9nipotentiaires de 2022 situ\u00e9es au Palais du Parlement \u00e0 Bucarest seront g\u00e9r\u00e9es par le Secr\u00e9tariat de l&rsquo;UIT. Les d\u00e9l\u00e9gations qui souhaitent r\u00e9server une salle sont pri\u00e9es de contacter le service de r\u00e9servation des salles \u00e0 l&rsquo;adresse&nbsp;conf-logistics@itu.int. Veuillez noter que les salles [&hellip;]<\/p>\n","protected":false},"author":1,"featured_media":0,"parent":0,"menu_order":0,"comment_status":"closed","ping_status":"closed","template":"page-banner-blue.php","meta":{"_crdt_document":"","footnotes":""},"class_list":["post-11566","page","type-page","status-publish","hentry"],"_links":{"self":[{"href":"https:\/\/itu-app42372.pagelyhosting.com\/fr\/wp-json\/wp\/v2\/pages\/11566","targetHints":{"allow":["GET"]}}],"collection":[{"href":"https:\/\/itu-app42372.pagelyhosting.com\/fr\/wp-json\/wp\/v2\/pages"}],"about":[{"href":"https:\/\/itu-app42372.pagelyhosting.com\/fr\/wp-json\/wp\/v2\/types\/page"}],"author":[{"embeddable":true,"href":"https:\/\/itu-app42372.pagelyhosting.com\/fr\/wp-json\/wp\/v2\/users\/1"}],"replies":[{"embeddable":true,"href":"https:\/\/itu-app42372.pagelyhosting.com\/fr\/wp-json\/wp\/v2\/comments?post=11566"}],"version-history":[{"count":0,"href":"https:\/\/itu-app42372.pagelyhosting.com\/fr\/wp-json\/wp\/v2\/pages\/11566\/revisions"}],"wp:attachment":[{"href":"https:\/\/itu-app42372.pagelyhosting.com\/fr\/wp-json\/wp\/v2\/media?parent=11566"}],"curies":[{"name":"wp","href":"https:\/\/api.w.org\/{rel}","templated":true}]}}