
{"id":7711,"date":"2022-06-08T17:13:38","date_gmt":"2022-06-08T17:13:38","guid":{"rendered":"https:\/\/itu-app42372.pagelyhosting.com\/informacion-general\/preparativos\/"},"modified":"2022-07-22T10:09:26","modified_gmt":"2022-07-22T10:09:26","slug":"pp-preparatory","status":"publish","type":"page","link":"https:\/\/itu-app42372.pagelyhosting.com\/es\/about\/pp-preparatory\/","title":{"rendered":"Preparativos"},"content":{"rendered":"<div class=\"ituContainer grid\"><div data-span=\"12\">\n<h2 class=\"wp-block-heading\">Preparativos para la PP<\/h2>\n<\/div><\/div>\n\n    <div class=\"ituContainer grid\">\n        <div data-span=\"12\">\n                            <div class=\"ituContainer grid\"><div data-span=\"12\">\n<p class=\"wp-block-paragraph\">En su reuni\u00f3n de 2021, el Consejo acord\u00f3 reforzar los preparativos interregionales y celebrar reuniones preparatorias interregionales. <\/p>\n<\/div><\/div>                            <div class=\"ituContainer grid\"><div data-span=\"12\">\n<p class=\"wp-block-paragraph\">La <strong>primera reuni\u00f3n preparatoria interregional oficiosa para la PP-22<\/strong> se celebr\u00f3 el lunes 28 de marzo de 2022, de 13.00 a 14.30 horas, en la sede de la UIT. Los Coordinadores regionales y los Presidentes de los Grupos Preparatorios se sumaron a esta primera reuni\u00f3n, presidida por el Sr. Sabin S\u0103rma\u0219, el Presidente designado de la PP-22. Se cont\u00f3 con participaci\u00f3n a distancia. Todos los grupos regionales estuvieron representados y realizaron intervenciones sobre los preparativos en sus regiones. La <a href=\"\" data-type=\"\" data-id=\"\" target=\"\" rel=\"noopener\">APT<\/a>y <a href=\"\" data-type=\"\" data-id=\"\" target=\"\" rel=\"noopener\">CEPT<\/a> tambi\u00e9n realizaron ponenciasen la reuni\u00f3n.    <\/p>\n<\/div><\/div>                            <div class=\"ituContainer grid\"><div data-span=\"12\">\n<p class=\"wp-block-paragraph\">La <strong>segunda reuni\u00f3n preparatoria interregional oficiosa<\/strong> tuvo lugar el domingo 5 de junio de 2022, de 13.30 a 16.30 horas, en Kigali (Rwanda), con participaci\u00f3n a distancia. Estuvieron representados todos los grupos regionales, que ofrecieron informaci\u00f3n actualizada sobre los preparativos en sus regiones. Las ponencias pueden consultarse aqu\u00ed: <a href=\"\" data-type=\"\" data-id=\"\" target=\"\" rel=\"noopener\">APT<\/a>, <a href=\"\" data-type=\"\" data-id=\"\" target=\"\" rel=\"noopener\">ATU<\/a>, <a href=\"\" data-type=\"\" data-id=\"\" target=\"\" rel=\"noopener\">CEPT<\/a>, <a href=\"\" data-type=\"\" data-id=\"\" target=\"\" rel=\"noopener\">CRC<\/a>, <a href=\"\" data-type=\"\" data-id=\"\" target=\"\" rel=\"noopener\">\u00c1rabes<\/a> y <a href=\"\" data-type=\"\" data-id=\"\" target=\"\" rel=\"noopener\">CITEL<\/a>   <\/p>\n<\/div><\/div>                            <div class=\"ituContainer grid\"><div data-span=\"12\">\n<p class=\"wp-block-paragraph\">La <strong>tercera reuni\u00f3n preparatoria interregional oficiosa <\/strong>se celebrar\u00e1 los d\u00edas 30 y 31 de agosto de 2022 en Riad (Arabia Saudta). Se facilitar\u00e1 la participaci\u00f3n a distancia. <\/p>\n<\/div><\/div>                            <div class=\"ituContainer grid\"><div data-span=\"12\">\n<h2 class=\"wp-block-heading\">Informaci\u00f3n de fondo importante<\/h2>\n<\/div><\/div>                            <div class=\"ituContainer grid\"><div data-span=\"12\">\n<p class=\"wp-block-paragraph\">A fin de preparar eficazmente su participaci\u00f3n en la Conferencia de Plenipotenciarios de 2022, se han preparado las siguientes presentaciones:<\/p>\n<\/div><\/div>                                <section>\n                    <div class=\"ituContainer grid mb1\">\n                    <a class=\"ituCard anim\" data-span=\"6\" href=\"https:\/\/www.itu.int\/pp22\/wp-content\/uploads\/2022\/06\/PP-22_presentation-s.pdf\" target=\"_blank\" rel=\"noopener noreferrer\">\n        <div class=\"content\">\n            <div class=\"main ituIcnLnk docList\">\n                <i class=\"fal fa-file\"><\/i><span>pdf<\/span>Introducci\u00f3n a la PP-22            <\/div>\n        <\/div>\n    <\/a>\n            <\/div>\n                    <div class=\"ituContainer grid mb1\">\n                    <a class=\"ituCard anim\" data-span=\"6\" href=\"https:\/\/www.itu.int\/pp22\/wp-content\/uploads\/2022\/06\/PP-22_election-process-s.pdf\" target=\"_blank\" rel=\"noopener noreferrer\">\n        <div class=\"content\">\n            <div class=\"main ituIcnLnk docList\">\n                <i class=\"fal fa-file\"><\/i><span>pdf<\/span>Las elecciones en la UIT            <\/div>\n        <\/div>\n    <\/a>\n            <\/div>\n                    <div class=\"ituContainer grid mb1\">\n                    <a class=\"ituCard anim\" data-span=\"6\" href=\"https:\/\/www.itu.int\/pp22\/wp-content\/uploads\/2022\/06\/PP-22_document_process-s.pdf\" target=\"_blank\" rel=\"noopener noreferrer\">\n        <div class=\"content\">\n            <div class=\"main ituIcnLnk docList\">\n                <i class=\"fal fa-file\"><\/i><span>pdf<\/span>C\u00f3mo se procesan los documentos            <\/div>\n        <\/div>\n    <\/a>\n            <\/div>\n                    <div class=\"ituContainer grid mb1\">\n                    <a class=\"ituCard anim\" data-span=\"6\" href=\"https:\/\/itu-app42372.pagelyhosting.com\/wp-content\/uploads\/2022\/06\/PP-22_drafting-resolutions.pdf\" target=\"_blank\" rel=\"noopener noreferrer\">\n        <div class=\"content\">\n            <div class=\"main ituIcnLnk docList\">\n                <i class=\"fal fa-file\"><\/i><span>pdf<\/span>Redacci\u00f3n de Resoluciones de la UIT            <\/div>\n        <\/div>\n    <\/a>\n            <\/div>\n                    <div class=\"ituContainer grid mb1\">\n                    <a class=\"ituCard anim\" data-span=\"6\" href=\" https:\/\/itu-app42372.pagelyhosting.com\/wp-content\/uploads\/2022\/07\/PP-22-final-days-s.pdf\" target=\"_blank\" rel=\"noopener noreferrer\">\n        <div class=\"content\">\n            <div class=\"main ituIcnLnk docList\">\n                <i class=\"fal fa-file\"><\/i><span>pdf<\/span>Los \u00faltimos d\u00edas de la Conferencia            <\/div>\n        <\/div>\n    <\/a>\n            <\/div>\n                    <div class=\"ituContainer grid mb1\">\n                    <a class=\"ituCard anim\" data-span=\"6\" href=\"https:\/\/itu-app42372.pagelyhosting.com\/wp-content\/uploads\/2022\/06\/PP-22_how-ITU-is-funded.pdf\" target=\"_blank\" rel=\"noopener noreferrer\">\n        <div class=\"content\">\n            <div class=\"main ituIcnLnk docList\">\n                <i class=\"fal fa-file\"><\/i><span>pdf<\/span>C\u00f3mo se financia la UIT            <\/div>\n        <\/div>\n    <\/a>\n            <\/div>\n                    <div class=\"ituContainer grid mb1\">\n                    <a class=\"ituCard anim\" data-span=\"6\" href=\" https:\/\/itu-app42372.pagelyhosting.com\/wp-content\/uploads\/2022\/07\/right-to-vote.pdf\" target=\"_blank\" rel=\"noopener noreferrer\">\n        <div class=\"content\">\n            <div class=\"main ituIcnLnk docList\">\n                <i class=\"fal fa-file\"><\/i><span>pdf<\/span>Derecho de voto            <\/div>\n        <\/div>\n    <\/a>\n            <\/div>\n            <\/section>\n                    <\/div>\n    <\/div>\n\n\n<div class=\"ituContainer grid\"><div data-span=\"12\">\n<h2 class=\"wp-block-heading\">Reuniones preparatorias regionales<\/h2>\n<\/div><\/div>\n\n<div class=\"ituContainer grid\"><div data-span=\"12\">\n<figure class=\"wp-block-table\"><table><thead><tr><th>Regi\u00f3n<\/th><th>Reuni\u00f3n<\/th><th>Sitio web<\/th><\/tr><\/thead><tbody><tr><td>Reuniones preparatorias de la Telecomunidad Asia-Pac\u00edfico (APT)<\/td><td> <ul><li>1 de julio de 2021, 1\u00aa reuni\u00f3n del Grupo Preparatorio de la APT para la PP-22 (APT PP22-1), virtual<\/li> <li>15-17 de febrero de 2022, 2\u00aa reuni\u00f3n del Grupo Preparatorio de la APT para la PP-22 (APT PP22-2), virtual <\/li> <li>9-12 de mayo de 2022, 3\u00aa reuni\u00f3n del Grupo Preparatorio de la APT para la PP-22 (APT PP22-3), Tokyo, Jap\u00f3n<\/li> <li> 1-5 de agosto de 2022, 4\u00aa reuni\u00f3n del Grupo Preparatorio de la APT para la PP-22 (APT PP22-4), Bangkok, Tailandia<\/li><\/ul><\/td><td><a rel=\"noreferrer noopener\" href=\"https:\/\/www.apt.int\/\" data-type=\"URL\" data-id=\"https:\/\/www.apt.int\/\" target=\"_blank\" class=\"itu-button\">Sitio web APT<\/a><\/td><\/tr><tr><td>Reuniones preparatorias de los Estados \u00c1rabes<\/td><td> <ul><li>23 de septiembre de 2021, 1\u00aa reuni\u00f3n, virtual<\/li><\/ul><ul><li>23-25 de noviembre de 2021, 2\u00aa reuni\u00f3n, virtual<\/li> <li>25-27 de enero de 2022, 3\u00aa reuni\u00f3n, virtual<\/li> <li>25-28 de julio de 2022, 4\u00aa reuni\u00f3n, Abu Dhabi, Emiratos \u00c1rabes Unidos<\/li> <li>28-31 de agosto de 2022, 5\u00aa reuni\u00f3n, Riad, Arabia Saudita<\/li><\/ul> <\/td><td><\/td><\/tr><tr><td>Reuniones preparatorias de la Uni\u00f3n Africana de Telecomunicaciones (ATU)<\/td><td> <ul><li>5-6 de agosto de 2021, 1\u00aa Reuni\u00f3n Preparatoria Africana para la Conferencia de Plenipotenciarios de la UIT (PP-22), virtual, organizada por Sud\u00e1frica<\/li> <li>30 de mayo -1 de junio 2022, 2\u00aa Reuni\u00f3n Preparatoria Africana para la Conferencia de Plenipotenciarios de la UIT (PP-22)<\/li><\/ul><ul><li>18-19 de julio de 2022, 3\u00aa y \u00faltima Reuni\u00f3n Preparatoria Africana para la Conferencia de Plenipotenciarios de la UIT (PP-22)<\/li><\/ul> <\/td><td><a rel=\"noreferrer noopener\" href=\"https:\/\/atuuat.africa\/\" target=\"_blank\" class=\"itu-button\">Sitio web ATU<\/a><\/td><\/tr><tr><td>Reuniones preparatorias de la Conferencia Europea de Administraciones de Correos y Telecomunicaciones (CEPT)<\/td><td>  <ul><li>1-3 de marzo de 2021, 1\u00aa reuni\u00f3n del Equipo de Proyecto de la CEPT de la Com-ITU, virtual<\/li> <li>5-7 de mayo de 2021, 2\u00aa reuni\u00f3n del Equipo de Proyecto de la CEPT de la Com-ITU, virtual<\/li> <li>21-23 de junio de 2021, 3\u00aa reuni\u00f3n del Equipo de Proyecto de la CEPT de la Com-ITU, virtual<\/li> <li>13-15 de septiembre de 2021, 4\u00aa reuni\u00f3n del Equipo de Proyecto de la CEPT de la Com-ITU, virtual<\/li> <li>22-24 de noviembre de 2021, 5\u00aa reuni\u00f3n del Equipo de Proyecto de la CEPT de la Com-ITU, virtual<\/li> <li>25-27 de enero de 2022, 6\u00aa reuni\u00f3n del Equipo de Proyecto de la CEPT de la Com-ITU, virtual<\/li> <li>15-17 de febrero de 2022, 7\u00aa reuni\u00f3n del Equipo de Proyecto de la CEPT de la Com-ITU, h\u00edbrida, Copenhague, Dinamarca<\/li> <li>17-20 de mayo de 2022, 8th reuni\u00f3n del Equipo de Proyecto de la CEPT de la Com-ITU, h\u00edbrida, Londres, Reino Unido<\/li> <li>4-7 de julio de 2022, 9\u00aa reuni\u00f3n del Equipo de Proyecto de la CEPT de la Com-ITU, h\u00edbrida, Alemania<\/li> <\/ul>  <\/td><td><a href=\"https:\/\/www.cept.org\/com-itu\" target=\"_blank\" rel=\"noreferrer noopener\" class=\"itu-button\">Sitio web CEPT<\/a><\/td><\/tr><tr><td>Reuniones preparatorias de la Comisi\u00f3n Interamericana de Telecomunicaciones (CITEL)<\/td><td> <ul><li>1-3 de diciembre de 2021, COM\/CITEL + GTPP (1\u00aa PP-22), virtual <\/li> <li> 16-18 de febrero de 2022, Asamblea \/COM\/CITEL\/GTPP (2\u00aa PP-22), Colombia <\/li><\/ul><ul><li>5-9 de abril de 2022, 40 PCC.I + GTPP (3\u00aa PP-22), modalidad por determinar<\/li> <li>11-15 de julio de 2022, 41 PCC.I, + GTPP (4\u00aa PP-22), Washington D.C.<\/li>               <li>21-22 de septiembre de 2022, GTPP (PP-22 \u00faltima), virtual<\/li><\/ul> <\/td><td><a href=\"https:\/\/www.citel.oas.org\/en\/Pages\/default.aspx\" target=\"_blank\" rel=\"noreferrer noopener\" class=\"itu-button\">Sitio web CITEL<\/a><\/td><\/tr><tr><td>Reuniones preparatorias de la Comunidad Regional de Comunicaciones (CRC)<\/td><td> <ul><li>25-26 de agosto de 2021, 31\u00aa reuni\u00f3n del Grupo de Trabajo sobre colaboraci\u00f3n con la UIT<\/li> <li> 27 de agosto de 2021, 40\u00aa reuni\u00f3n de la Comisi\u00f3n de la CRC sobre cooperaci\u00f3n internacional <\/li> <li>19-22 de octubre de 2021, 32\u00aa reuni\u00f3n del Grupo de Trabajo sobre la colaboraci\u00f3n con la UIT <\/li><\/ul><br><ul><li>13 de diciembre de 2021, 41\u00aa\/33\u00aa reuni\u00f3n conjunta de la Comisi\u00f3n de la CRC sobre cooperaci\u00f3n internacional y el Grupo de Trabajo sobre la colaboraci\u00f3n con la UIT <\/li><\/ul><br><ul><li>14 de febrero de 2022, reuni\u00f3n conjunta de la Comisi\u00f3n de la CRC sobre cooperaci\u00f3n internacional y del GT UIT <\/li><\/ul><br><ul><li>26-27 de abril de 2022, 36\u00aa reuni\u00f3n del GT UIT de la CRC (virtual)<\/li><\/ul><br><ul><li>29 de abril de 2022, 43\u00aa\/47\u00aa reuni\u00f3n conjunta de la Comisi\u00f3n de la CRC sobre cooperaci\u00f3n internacional y del GT UIT<\/li><\/ul><br>11-13 de agosto de 2022, Kirguist\u00e1n<br><\/td><td>\n              <a href=\"https:\/\/en.rcc.org.ru\/\" target=\"_blank\" rel=\"noreferrer noopener\" class=\"itu-button\">Sitio web CRC<\/a>\n            <\/td><\/tr><\/tbody><\/table><\/figure>\n<\/div><\/div>\n\n<div class=\"ituContainer grid\"><div data-span=\"12\">\n<p class=\"wp-block-paragraph\"><\/p>\n<\/div><\/div>","protected":false},"excerpt":{"rendered":"<p>Preparativos para la PP Reuniones preparatorias regionales Regi\u00f3n Reuni\u00f3n Sitio web Reuniones preparatorias de la Telecomunidad Asia-Pac\u00edfico (APT) 1 de julio de 2021, 1\u00aa reuni\u00f3n del Grupo Preparatorio de la APT para la PP-22 (APT PP22-1), virtual 15-17 de febrero de 2022, 2\u00aa reuni\u00f3n del Grupo Preparatorio de la APT para la PP-22 (APT PP22-2), [&hellip;]<\/p>\n","protected":false},"author":2,"featured_media":0,"parent":1542,"menu_order":1,"comment_status":"closed","ping_status":"closed","template":"page-submenu.php","meta":{"_crdt_document":"","footnotes":""},"class_list":["post-7711","page","type-page","status-publish","hentry"],"_links":{"self":[{"href":"https:\/\/itu-app42372.pagelyhosting.com\/es\/wp-json\/wp\/v2\/pages\/7711","targetHints":{"allow":["GET"]}}],"collection":[{"href":"https:\/\/itu-app42372.pagelyhosting.com\/es\/wp-json\/wp\/v2\/pages"}],"about":[{"href":"https:\/\/itu-app42372.pagelyhosting.com\/es\/wp-json\/wp\/v2\/types\/page"}],"author":[{"embeddable":true,"href":"https:\/\/itu-app42372.pagelyhosting.com\/es\/wp-json\/wp\/v2\/users\/2"}],"replies":[{"embeddable":true,"href":"https:\/\/itu-app42372.pagelyhosting.com\/es\/wp-json\/wp\/v2\/comments?post=7711"}],"version-history":[{"count":0,"href":"https:\/\/itu-app42372.pagelyhosting.com\/es\/wp-json\/wp\/v2\/pages\/7711\/revisions"}],"up":[{"embeddable":true,"href":"https:\/\/itu-app42372.pagelyhosting.com\/es\/wp-json\/wp\/v2\/pages\/1542"}],"wp:attachment":[{"href":"https:\/\/itu-app42372.pagelyhosting.com\/es\/wp-json\/wp\/v2\/media?parent=7711"}],"curies":[{"name":"wp","href":"https:\/\/api.w.org\/{rel}","templated":true}]}}