
{"id":5649,"date":"2022-04-01T04:28:14","date_gmt":"2022-04-01T04:28:14","guid":{"rendered":"https:\/\/itu-app42372.pagelyhosting.com\/informacion-general\/accesibilidad\/"},"modified":"2022-06-20T15:48:51","modified_gmt":"2022-06-20T15:48:51","slug":"inclusive-pp","status":"publish","type":"page","link":"https:\/\/itu-app42372.pagelyhosting.com\/es\/about\/inclusive-pp\/","title":{"rendered":"Una PP inclusiva"},"content":{"rendered":"    <div class=\"ituContainer grid\">\n        <div data-span=\"12\">\n                            <div class=\"ituContainer grid\"><div data-span=\"12\">\n<p class=\"has-medium-font-size wp-block-paragraph\"><strong>Accesibilidad<\/strong><\/p>\n<\/div><\/div>                            <div class=\"ituContainer grid\"><div data-span=\"12\">\n<p class=\"wp-block-paragraph\">A fin de que las personas con discapacidad puedan participar plenamente en la PP-22, la UIT y el pa\u00eds anfitri\u00f3n se comprometen a tomar disposiciones razonables. <\/p>\n<\/div><\/div>                            <div class=\"ituContainer grid\"><div data-span=\"12\">\n<p class=\"wp-block-paragraph\">La sede de la Conferencia es, en general, accesible para las personas con discapacidad. Las caracter\u00edsticas y servicios de accesibilidad disponibles en la Conferencia consistir\u00e1n, entre otras cosas, en el subtitulado de las principales reuniones, la se\u00f1alizaci\u00f3n y v\u00edas exclusivas para personas con discapacidad.  <\/p>\n<\/div><\/div>                            <div class=\"ituContainer grid\"><div data-span=\"12\">\n<p class=\"wp-block-paragraph\">Toda solicitud adicional para la prestaci\u00f3n de servicios de accesibilidad puede efectuarse durante el proceso de inscripci\u00f3n o directamente a la direcci\u00f3n <a href=\"mailto:%20sg-registration@itu.int\" data-type=\"mailto\" data-id=\"mailto: sg-registration@itu.int\">sg-registration@itu.int<\/a>; las solicitudes adicionales estar\u00e1n sujetas a la disponibilidad de recursos.<\/p>\n<\/div><\/div>                    <\/div>\n    <\/div>\n    <div class=\"ituContainer grid\">\n        <div data-span=\"12\">\n                            <div class=\"ituContainer grid\"><div data-span=\"12\">\n<p class=\"has-medium-font-size wp-block-paragraph\"><strong>Una PP con perspectiva de g\u00e9nero<\/strong><\/p>\n<\/div><\/div>                            <div class=\"ituContainer grid\"><div data-span=\"12\">\n<p class=\"wp-block-paragraph\">La UIT, en su calidad de organismo de las Naciones Unidas especializado en las tecnolog\u00edas de la informaci\u00f3n y la comunicaci\u00f3n (TIC), se ha comprometido a conectar a todos los habitantes del planeta, dondequiera que vivan y cualesquiera que sean sus medios. En este contexto, incorporar una perspectiva de g\u00e9nero en la labor de la UIT es esencial para garantizar que todas las mujeres y los hombres puedan acceder a los beneficios de las TIC de forma justa y equitativa. <\/p>\n<\/div><\/div>                            <div class=\"ituContainer grid\"><div data-span=\"12\">\n<p class=\"wp-block-paragraph\">Siguiendo la recomendaci\u00f3n de la PP-18 de fomentar la participaci\u00f3n de las mujeres en todos los procesos de toma de decisiones de la Uni\u00f3n, la UIT colabora con el pa\u00eds anfitrici\u00f3n para velar por que la Conferencia de la PP-22 se convierta en un evento con perspectiva de g\u00e9nero.<\/p>\n<\/div><\/div>                            <div class=\"ituContainer grid\"><div data-span=\"12\">\n<p class=\"wp-block-paragraph\">Un evento con perspectiva de g\u00e9nero es aquel que tiene por objetivo potenciar la igualdad de g\u00e9nero mediante acciones en materia de definici\u00f3n de la agenda, participaci\u00f3n, gobernanza, entorno laboral y adopci\u00f3n de decisiones que, en conjunto, pueden funcionar como un sistema para acelerar, lograr y mantener la igualdad de g\u00e9nero, as\u00ed como para alcanzar los Objetivos de Desarrollo Sostenible para 2030 (en particular, el ODS 5), y contribuir a una sociedad inclusiva y con igualdad de g\u00e9nero.<\/p>\n<\/div><\/div>                            <div class=\"ituContainer grid\"><div data-span=\"12\">\n<p class=\"wp-block-paragraph\">A tal efecto, se ha elaborado una presentaci\u00f3n que contiene una lista de comprobaci\u00f3n sobre todos los aspectos que han de tener en cuenta la Secretar\u00eda de la UIT, el pa\u00eds anfitri\u00f3n y los Estados Miembros, antes, durante y despu\u00e9s de la celebraci\u00f3n de una Conferencia de Plenipotenciarios. Dicha presentaci\u00f3n puede consultarse en este <a href=\"https:\/\/itu-app42372.pagelyhosting.com\/wp-content\/uploads\/2022\/05\/Gender-Responsive-PP-22.pdf\" target=\"_blank\" data-type=\"URL\" data-id=\"https:\/\/itu-app42372.pagelyhosting.com\/wp-content\/uploads\/2022\/05\/Gender-Responsive-PP-22.pdf\" rel=\"noreferrer noopener\">enlace<\/a>. <\/p>\n<\/div><\/div>                            <div class=\"ituContainer grid\"><div data-span=\"12\">\n<p class=\"wp-block-paragraph\">Se han tomado algunas medidas fundamentales:<\/p>\n<\/div><\/div>                            <div class=\"ituContainer grid\"><div data-span=\"12\">\n<ul class=\"wp-block-list\"><li>Septiembre de 2021: El Secretario General de la UIT envi\u00f3 el 27 de septiembre de 2021 una carta de invitaci\u00f3n para asistir a la Conferencia (<a href=\"https:\/\/www.itu.int\/dms_pub\/itu-s\/md\/21\/sg\/cir\/S21-SG-CIR-0041!!PDF-E.pdf\" target=\"_blank\" rel=\"noopener\">CL-21\/41<\/a>), en la que pide que la participaci\u00f3n de mujeres en la PP-22 sea al menos del 35%, en vista de que en la PP-18 fue del 29%.<\/li><li>Marzo de 2022: Se invit\u00f3 a los Estados Miembros a designar delegadas para participar en un programa de formaci\u00f3n virtual para la PP-22 con el apoyo de Australia (<a href=\"https:\/\/ituint.sharepoint.com\/sites\/PP-22WomenTrainingNetworking\/Shared%20Documents\/General\/Training\/01_Concept%20Note%20%26%20Invites\/S22-SG-CIR-0011!!PDF-E.pdf?CT=1652795464034&amp;OR=ItemsView\" target=\"_blank\" rel=\"noopener\">CL-22\/11<\/a>).<\/li><li>Mayo de 2022: A los efectos de sensibilizaci\u00f3n, se ha elaborado un <a href=\"https:\/\/itu-app42372.pagelyhosting.com\/wp-content\/uploads\/2022\/05\/PP-22-Advocacy-kit.pdf\">conjunto de recursos de promoci\u00f3n<\/a> en el que se invita a la Secretar\u00eda de la UIT, al pa\u00eds anfitri\u00f3n, a los Estados Miembros y a los delegados a cooperar para que la PP-22 sea lo m\u00e1s ecol\u00f3gica, con perspectiva de g\u00e9nero e inclusiva posible.<\/li><li>Mayo de 2022: Se imparti\u00f3 un taller de sensibilizaci\u00f3n sobre la seguridad de las mujeres a todas las funcionarias que viajar\u00e1n a la PP-22.<\/li><li>Mayo de 2022: Se inici\u00f3 el curso de formaci\u00f3n virtual para las delegadas que asisten a la PP-22. El curso, que tendr\u00e1 lugar de mayo a junio de 2022 en la plataforma de la Academia de la UIT, reunir\u00e1 a m\u00e1s de 120 mujeres, designadas por sus Estados Miembros, para que adquieran conocimientos sobre la UIT y su Conferencia de Plenipotenciarios, asistan a sesiones en directo, establezcan contactos y practiquen t\u00e9cnicas de negociaci\u00f3n y din\u00e1mica de conferencias a fin de que puedan participar activamente durante la PP-22. <\/li><li>Septiembre de 2022: Se organizar\u00e1 un evento paralelo (desayuno) durante la primera semana de la PP-22, en Bucarest, con un debate de alto nivel para subrayar la importancia de que las mujeres ocupen puestos de direcci\u00f3n en el sector de las TIC, seguir estableciendo contactos y otorgar un reconocimiento a las delegadas que hayan completado la formaci\u00f3n virtual<sup>.<\/sup><\/li><\/ul>\n<\/div><\/div>                            <div class=\"ituContainer grid\"><div data-span=\"12\">\n<p class=\"wp-block-paragraph\">La informaci\u00f3n se seguir\u00e1 actualizando.<\/p>\n<\/div><\/div>                            <div class=\"ituContainer grid\"><div data-span=\"12\">\n<p class=\"wp-block-paragraph\">Recursos adicionales:<\/p>\n<\/div><\/div>                            <div class=\"ituContainer grid\"><div data-span=\"12\">\n<ul class=\"wp-block-list\"><li><a href=\"https:\/\/itu-app42372.pagelyhosting.com\/wp-content\/uploads\/2022\/05\/ITU-GEM-Policy-endorsed-2022.pdf\" target=\"_blank\" data-type=\"URL\" data-id=\"https:\/\/itu-app42372.pagelyhosting.com\/wp-content\/uploads\/2022\/05\/ITU-GEM-Policy-endorsed-2022.pdf\" rel=\"noreferrer noopener\">Pol\u00edtica de la UIT de igualdad e integraci\u00f3n de una perspectiva de g\u00e9nero (GEM)<\/a><\/li><li>Pol\u00edtica de la UIT sobre el acoso, incluido el acoso sexual, el abuso de autoridad y la discriminaci\u00f3n (<a href=\"https:\/\/itu-app42372.pagelyhosting.com\/wp-content\/uploads\/2022\/05\/SO-2022-003-en.pdf\" target=\"_blank\" data-type=\"URL\" data-id=\"https:\/\/itu-app42372.pagelyhosting.com\/wp-content\/uploads\/2022\/05\/SO-2022-003-en.pdf\" rel=\"noreferrer noopener\">Orden de servicio N\u00ba 22\/03<\/a>)<\/li><li>Oficina de \u00c9tica de la UIT: <a href=\"mailto:ethics@itu.int\">ethics@itu.int<\/a><\/li><li>Divisi\u00f3n de Seguridad y Protecci\u00f3n de la UIT: <a href=\"mailto:security@itu.int\">security@itu.int<\/a><\/li><\/ul>\n<\/div><\/div>                    <\/div>\n    <\/div>\n","protected":false},"excerpt":{"rendered":"","protected":false},"author":2,"featured_media":0,"parent":1542,"menu_order":3,"comment_status":"closed","ping_status":"closed","template":"page-submenu.php","meta":{"_crdt_document":"","footnotes":""},"class_list":["post-5649","page","type-page","status-publish","hentry"],"_links":{"self":[{"href":"https:\/\/itu-app42372.pagelyhosting.com\/es\/wp-json\/wp\/v2\/pages\/5649","targetHints":{"allow":["GET"]}}],"collection":[{"href":"https:\/\/itu-app42372.pagelyhosting.com\/es\/wp-json\/wp\/v2\/pages"}],"about":[{"href":"https:\/\/itu-app42372.pagelyhosting.com\/es\/wp-json\/wp\/v2\/types\/page"}],"author":[{"embeddable":true,"href":"https:\/\/itu-app42372.pagelyhosting.com\/es\/wp-json\/wp\/v2\/users\/2"}],"replies":[{"embeddable":true,"href":"https:\/\/itu-app42372.pagelyhosting.com\/es\/wp-json\/wp\/v2\/comments?post=5649"}],"version-history":[{"count":0,"href":"https:\/\/itu-app42372.pagelyhosting.com\/es\/wp-json\/wp\/v2\/pages\/5649\/revisions"}],"up":[{"embeddable":true,"href":"https:\/\/itu-app42372.pagelyhosting.com\/es\/wp-json\/wp\/v2\/pages\/1542"}],"wp:attachment":[{"href":"https:\/\/itu-app42372.pagelyhosting.com\/es\/wp-json\/wp\/v2\/media?parent=5649"}],"curies":[{"name":"wp","href":"https:\/\/api.w.org\/{rel}","templated":true}]}}