
{"id":5647,"date":"2022-04-01T04:17:07","date_gmt":"2022-04-01T04:17:07","guid":{"rendered":"https:\/\/itu-app42372.pagelyhosting.com\/informacion-general\/pp-ecologica\/"},"modified":"2022-08-18T13:29:30","modified_gmt":"2022-08-18T13:29:30","slug":"greening-the-pp","status":"publish","type":"page","link":"https:\/\/itu-app42372.pagelyhosting.com\/es\/about\/greening-the-pp\/","title":{"rendered":"PP ecol\u00f3gica"},"content":{"rendered":"    <div class=\"ituContainer grid\">\n        <div data-span=\"12\">\n                            <div class=\"ituContainer grid\"><div data-span=\"12\">\n<p class=\"wp-block-paragraph\">La Estrategia de Sostenibilidad de las Naciones Unidas 2020-2030 aboga por que todos los grandes eventos de las Naciones Unidas sean sostenibles e inocuos para el clima. La UIT ha dado los primeros pasos en ese sentido con la aplicaci\u00f3n de iniciativas ecol\u00f3gicas en eventos recientes y tiene previsto integrar sistem\u00e1ticamente las consideraciones medioambientales y sociales en todos sus eventos futuros. <\/p>\n<\/div><\/div>                            <div class=\"ituContainer grid\"><div data-span=\"12\">\n<p class=\"wp-block-paragraph\">Con la ayuda del Gobierno de Rumania, he aqu\u00ed c\u00f3mo tratamos de hacer una PP-22 m\u00e1s ecol\u00f3gica y c\u00f3mo puede ayudarnos en tal empresa.<\/p>\n<\/div><\/div>                            <div class=\"ituContainer grid\"><div data-span=\"12\">\n<p class=\"wp-block-paragraph\">Para m\u00e1s informaci\u00f3n sobre el compromiso de Rumania en la lucha contra el cambio clim\u00e1tico y el desarrollo bajo en carbono, consulte la <a href=\"http:\/\/mmediu.ro\/articol\/strategia-nationale-privind-adaptarea-la-schimbarile-climatice-pentru-perioada-2022-2030-cu-perspectiva-anului-2050-snasc-si-a-planului-national-de-actiune-pentru-implementarea-strategiei-nationale-privind-adaptarea-la-schimbarile-climatice-pnasc\/5384\" target=\"_blank\" rel=\"noopener\">Estrategia nacional sobre el cambio clim\u00e1tico<\/a> elaborada por el Ministerio de Medio Ambiente y Cambio Clim\u00e1tico(MECC).<\/p>\n<\/div><\/div>                            <div class=\"ituContainer grid\"><div data-span=\"12\">\n<p class=\"wp-block-paragraph\">Si desea formular alguna pregunta o comentario, dir\u00edjase a\u00a0<a href=\"mailto:greenpp@itu.int\">greenpp@itu.int<\/a>.<\/p>\n<\/div><\/div>                    <\/div>\n    <\/div>\n\n\n    <div class=\"ituContainer grid\">\n        <div data-span=\"12\">\n                    <\/div>\n    <\/div>\n\n\n    <section>\n        <div class=\"ituContainer grid\">\n                                                        <a class=\"ituCard anim\" data-span=\"4\" href=\"https:\/\/itu-app42372.pagelyhosting.com\/es\/travel\/\">\n                    <div class=\"content center\">\n                <div class=\"main\">\n                    <img decoding=\"async\" src=\"https:\/\/itu-app42372.pagelyhosting.com\/wp-content\/uploads\/2022\/07\/transport-icon.svg\" class=\"icon\" alt=\"icon\" \/>\n                                            <p class=\"title\">Viajes<\/p>\n                                        <p><\/p>\n                <\/div>\n            <\/div>\n                    <\/a>\n    \n                                                        <a class=\"ituCard anim\" data-span=\"4\" href=\"https:\/\/itu-app42372.pagelyhosting.com\/es\/accommodation\/\">\n                    <div class=\"content center\">\n                <div class=\"main\">\n                    <img decoding=\"async\" src=\"https:\/\/itu-app42372.pagelyhosting.com\/wp-content\/uploads\/2022\/07\/accommodation-icon.svg\" class=\"icon\" alt=\"icon\" \/>\n                                            <p class=\"title\">Alojamiento<\/p>\n                                        <p><\/p>\n                <\/div>\n            <\/div>\n                    <\/a>\n    \n                                                        <a class=\"ituCard anim\" data-span=\"4\" href=\"https:\/\/itu-app42372.pagelyhosting.com\/es\/local-transport\/\">\n                    <div class=\"content center\">\n                <div class=\"main\">\n                    <img decoding=\"async\" src=\"https:\/\/itu-app42372.pagelyhosting.com\/wp-content\/uploads\/2022\/07\/travel-icon.svg\" class=\"icon\" alt=\"icon\" \/>\n                                            <p class=\"title\">Transporte local<\/p>\n                                        <p><\/p>\n                <\/div>\n            <\/div>\n                    <\/a>\n    \n                                                        <a class=\"ituCard anim\" data-span=\"4\" href=\"https:\/\/itu-app42372.pagelyhosting.com\/es\/paperless\/\">\n                    <div class=\"content center\">\n                <div class=\"main\">\n                    <img decoding=\"async\" src=\"https:\/\/itu-app42372.pagelyhosting.com\/wp-content\/uploads\/2022\/07\/paperless-icon.svg\" class=\"icon\" alt=\"icon\" \/>\n                                            <p class=\"title\">Sin papel<\/p>\n                                        <p><\/p>\n                <\/div>\n            <\/div>\n                    <\/a>\n    \n                                                        <a class=\"ituCard anim\" data-span=\"4\" href=\"https:\/\/itu-app42372.pagelyhosting.com\/es\/energy\/\">\n                    <div class=\"content center\">\n                <div class=\"main\">\n                    <img decoding=\"async\" src=\"https:\/\/itu-app42372.pagelyhosting.com\/wp-content\/uploads\/2022\/07\/energy-icon.svg\" class=\"icon\" alt=\"icon\" \/>\n                                            <p class=\"title\">Energ\u00eda<\/p>\n                                        <p><\/p>\n                <\/div>\n            <\/div>\n                    <\/a>\n    \n                                                        <a class=\"ituCard anim\" data-span=\"4\" href=\"https:\/\/itu-app42372.pagelyhosting.com\/es\/food-and-beverage\/\">\n                    <div class=\"content center\">\n                <div class=\"main\">\n                    <img decoding=\"async\" src=\"https:\/\/itu-app42372.pagelyhosting.com\/wp-content\/uploads\/2022\/07\/food-and-beverage-icon.svg\" class=\"icon\" alt=\"icon\" \/>\n                                            <p class=\"title\">Restauraci\u00f3n y bebidas<\/p>\n                                        <p><\/p>\n                <\/div>\n            <\/div>\n                    <\/a>\n    \n                                                        <a class=\"ituCard anim\" data-span=\"4\" href=\"https:\/\/itu-app42372.pagelyhosting.com\/es\/waste\/\">\n                    <div class=\"content center\">\n                <div class=\"main\">\n                    <img decoding=\"async\" src=\"https:\/\/itu-app42372.pagelyhosting.com\/wp-content\/uploads\/2022\/07\/recycling-waste-icon.svg\" class=\"icon\" alt=\"icon\" \/>\n                                            <p class=\"title\">Residuos<\/p>\n                                        <p><\/p>\n                <\/div>\n            <\/div>\n                    <\/a>\n    \n                                                        <a class=\"ituCard anim\" data-span=\"4\" href=\"https:\/\/itu-app42372.pagelyhosting.com\/es\/gifts\/\">\n                    <div class=\"content center\">\n                <div class=\"main\">\n                    <img decoding=\"async\" src=\"https:\/\/itu-app42372.pagelyhosting.com\/wp-content\/uploads\/2022\/07\/gifts-icon.svg\" class=\"icon\" alt=\"icon\" \/>\n                                            <p class=\"title\">Regalos<\/p>\n                                        <p><\/p>\n                <\/div>\n            <\/div>\n                    <\/a>\n    \n                    <\/div>\n    <\/section>\n","protected":false},"excerpt":{"rendered":"","protected":false},"author":2,"featured_media":0,"parent":1542,"menu_order":4,"comment_status":"closed","ping_status":"closed","template":"page-submenu.php","meta":{"_crdt_document":"","footnotes":""},"class_list":["post-5647","page","type-page","status-publish","hentry"],"_links":{"self":[{"href":"https:\/\/itu-app42372.pagelyhosting.com\/es\/wp-json\/wp\/v2\/pages\/5647","targetHints":{"allow":["GET"]}}],"collection":[{"href":"https:\/\/itu-app42372.pagelyhosting.com\/es\/wp-json\/wp\/v2\/pages"}],"about":[{"href":"https:\/\/itu-app42372.pagelyhosting.com\/es\/wp-json\/wp\/v2\/types\/page"}],"author":[{"embeddable":true,"href":"https:\/\/itu-app42372.pagelyhosting.com\/es\/wp-json\/wp\/v2\/users\/2"}],"replies":[{"embeddable":true,"href":"https:\/\/itu-app42372.pagelyhosting.com\/es\/wp-json\/wp\/v2\/comments?post=5647"}],"version-history":[{"count":0,"href":"https:\/\/itu-app42372.pagelyhosting.com\/es\/wp-json\/wp\/v2\/pages\/5647\/revisions"}],"up":[{"embeddable":true,"href":"https:\/\/itu-app42372.pagelyhosting.com\/es\/wp-json\/wp\/v2\/pages\/1542"}],"wp:attachment":[{"href":"https:\/\/itu-app42372.pagelyhosting.com\/es\/wp-json\/wp\/v2\/media?parent=5647"}],"curies":[{"name":"wp","href":"https:\/\/api.w.org\/{rel}","templated":true}]}}