
{"id":2684,"date":"2022-03-22T09:11:59","date_gmt":"2022-03-22T09:11:59","guid":{"rendered":"https:\/\/itu-app42372.pagelyhosting.com\/declaraciones-de-politica\/guidelines\/"},"modified":"2022-09-26T13:53:56","modified_gmt":"2022-09-26T13:53:56","slug":"policy-statements-guidelines","status":"publish","type":"page","link":"https:\/\/itu-app42372.pagelyhosting.com\/es\/policy-statements\/policy-statements-guidelines\/","title":{"rendered":"Directrices"},"content":{"rendered":"    <div class=\"ituContainer grid\">\n        <div data-span=\"12\">\n                            <div class=\"ituContainer grid\"><div data-span=\"12\">\n<p class=\"wp-block-paragraph\">Durante la primera semana de la Conferencia de Plenipotenciarios, los delegados de alto nivel de los Estados Miembros de la UIT, en su mayor\u00eda <span style=\"text-decoration: underline\">ministros responsables de las telecomunicaciones\/TIC<\/span>, que dispondr\u00e1n, si lo desean, de cierto tiempo para hacer declaraciones ante la Plenaria sobre cuestiones de pol\u00edtica general relacionadas con las misiones y\/o los objetivos de la Uni\u00f3n.<\/p>\n<\/div><\/div>                            <div class=\"ituContainer grid\"><div data-span=\"12\">\n<p class=\"wp-block-paragraph\">Dada la fuerte carga de trabajo de la PP-22 y que s\u00f3lo dispone de tres semanas para completar su trabajo, s\u00f3lo un orador por delegaci\u00f3n podr\u00e1 formular declaraciones pol\u00edticas. Las declaraciones pol\u00edticas se pronunciar\u00e1n entre la 1\u00aa Sesi\u00f3n Plenaria, en la tarde del lunes 26 de septiembre, y la tarde del viernes 30 de septiembre. El jueves y el viernes, las declaraciones se har\u00e1n al margen de las elecciones. Los turnos de intervenci\u00f3n se atribuir\u00e1n por orden de recepci\u00f3n de las solicitudes, pero se dar\u00e1 prioridad a los altos cargos gubernamentales, por ejemplo, Ministros, y a los participantes presentes. Los delegados intervendr\u00e1n <span style=\"text-decoration: underline\">desde el estrado<\/span> y las declaraciones no podr\u00e1n <span style=\"text-decoration: underline\">durar m\u00e1s de tres minutos<\/span>.<\/p>\n<\/div><\/div>                            <div class=\"ituContainer grid\"><div data-span=\"12\">\n<p class=\"wp-block-paragraph\">Los turnos de intervenci\u00f3n pueden solicitarse en este <a href=\"https:\/\/itu-app42372.pagelyhosting.com\/es\/policy-statements\/solicite-un-turno-de-intervencion\/\" data-type=\"URL\" data-id=\"https:\/\/itu-app42372.pagelyhosting.com\/policy-statements\/request-a-slot\/\"><strong>enlace<\/strong><\/a> mediante una cuenta de usuario de la UIT o una cuenta TIES.<\/p>\n<\/div><\/div>                            <div class=\"ituContainer grid\"><div data-span=\"12\">\n<p class=\"wp-block-paragraph\">Se invita a las delegaciones a que env\u00eden sus declaraciones por escrito a la direcci\u00f3n ppstatements@itu.int y se les anima a que incluyan una breve menci\u00f3n que pueda utilizarse y promocionarse a trav\u00e9s de los medios y canales de comunicaci\u00f3n de la UIT. Una vez recibidas, las declaraciones se publicar\u00e1n en la p\u00e1gina web de la PP-22. Se recuerda a las delegaciones que la etiqueta oficial es #Plenipot y se les invita a promover tambi\u00e9n sus declaraciones nacionales.  <\/p>\n<\/div><\/div>                            <div class=\"ituContainer grid\"><div data-span=\"12\">\n<p class=\"wp-block-paragraph\">Las directrices para declaraciones pol\u00edticas pueden consultarse en este <a href=\"https:\/\/itu-app42372.pagelyhosting.com\/wp-content\/uploads\/2022\/03\/PP22-guidelines-policy-statements.pdf\" data-type=\"URL\" data-id=\"https:\/\/itu-app42372.pagelyhosting.com\/wp-content\/uploads\/2022\/03\/PP22-guidelines-policy-statements.pdf\" target=\"_blank\" rel=\"noreferrer noopener\"><strong>enlace<\/strong><\/a>. <\/p>\n<\/div><\/div>                            <div class=\"ituContainer grid\"><div data-span=\"12\">\n<p class=\"wp-block-paragraph\">La lista provisional de oradores puede consultarse en este <a href=\"https:\/\/itu-app42372.pagelyhosting.com\/web-list\/\" target=\"_blank\" rel=\"noreferrer noopener\"><strong>enlace<\/strong><\/a>. Tenga en cuenta que esta lista est\u00e1 sujeta a cambios en funci\u00f3n de c\u00f3mo se desarrollen los trabajos de la Conferencia.<\/p>\n<\/div><\/div>                    <\/div>\n    <\/div>\n","protected":false},"excerpt":{"rendered":"","protected":false},"author":4,"featured_media":0,"parent":1456,"menu_order":1,"comment_status":"closed","ping_status":"closed","template":"page-submenu.php","meta":{"_crdt_document":"","footnotes":""},"class_list":["post-2684","page","type-page","status-publish","hentry"],"_links":{"self":[{"href":"https:\/\/itu-app42372.pagelyhosting.com\/es\/wp-json\/wp\/v2\/pages\/2684","targetHints":{"allow":["GET"]}}],"collection":[{"href":"https:\/\/itu-app42372.pagelyhosting.com\/es\/wp-json\/wp\/v2\/pages"}],"about":[{"href":"https:\/\/itu-app42372.pagelyhosting.com\/es\/wp-json\/wp\/v2\/types\/page"}],"author":[{"embeddable":true,"href":"https:\/\/itu-app42372.pagelyhosting.com\/es\/wp-json\/wp\/v2\/users\/4"}],"replies":[{"embeddable":true,"href":"https:\/\/itu-app42372.pagelyhosting.com\/es\/wp-json\/wp\/v2\/comments?post=2684"}],"version-history":[{"count":0,"href":"https:\/\/itu-app42372.pagelyhosting.com\/es\/wp-json\/wp\/v2\/pages\/2684\/revisions"}],"up":[{"embeddable":true,"href":"https:\/\/itu-app42372.pagelyhosting.com\/es\/wp-json\/wp\/v2\/pages\/1456"}],"wp:attachment":[{"href":"https:\/\/itu-app42372.pagelyhosting.com\/es\/wp-json\/wp\/v2\/media?parent=2684"}],"curies":[{"name":"wp","href":"https:\/\/api.w.org\/{rel}","templated":true}]}}