
{"id":1526,"date":"2022-03-09T10:09:21","date_gmt":"2022-03-09T10:09:21","guid":{"rendered":"https:\/\/itu-app42372.pagelyhosting.com\/lugar-de-celebracion-e-instalaciones\/"},"modified":"2022-09-23T07:04:53","modified_gmt":"2022-09-23T07:04:53","slug":"venue","status":"publish","type":"page","link":"https:\/\/itu-app42372.pagelyhosting.com\/es\/venue\/","title":{"rendered":"Lugar de celebraci\u00f3n"},"content":{"rendered":"<div class=\"ituContainer grid\"><div data-span=\"12\">\n<p class=\"wp-block-paragraph\">La Conferencia de Plenipotenciarios se celebrar\u00e1 en el Palacio del Parlamento del 26 de septiembre al 14 de octubre de 2022 El Palacio del Parlamento (Senado y Congreso de los Diputados), tambi\u00e9n conocido como Casa del Pueblo, es la sede del Parlamento de Rumania. El edificio alberga tambi\u00e9n tres museos y un Centro Internacional de Conferencias. Es el segundo edificio administrativo de uso civil m\u00e1s grande del mundo. El Palacio se encuentra en el Distrito 5, en el centro de Bucarest, coronando la Dealul Spirii (colina Espirea), tambi\u00e9n conocida como Dealul Arsenalului (colina del Arsenal). Se sit\u00faa en el extremo occidental del Bulevardul Unirii (Bulevar de la Uni\u00f3n), de 3,5-kilometre (2,2 millas) de longitud, construido al mismo tiempo que el Palacio, y est\u00e1 rodeado por la calle Izvor al este y el noroeste, por la Avenida de las Naciones Unidas al norte, la Avenida de la Libertad al este y la calle 13 de septiembre al sur. Puede llegarse al Palacio en metro (estaci\u00f3n Izvor y estaci\u00f3n Piata Unirii), autob\u00fas, tranv\u00eda o taxi. Puede consultar la ubicaci\u00f3n exacta en el mapa en el siguiente enlace: <a href=\"https:\/\/goo.gl\/maps\/nRBxVRVyT7h5QigWA\" target=\"_blank\" rel=\"noreferrer noopener\">https:\/\/goo.gl\/maps\/nRBxVRVyT7h5QigWA<\/a>.<br>Direcci\u00f3n: Palacio del Parlamento<br>calle Izvor 2-4<br>Tel: + 40-21 312 17 80<br>Correo-e: cic@cdep.ro<br>Sitio web: <a href=\"http:\/\/cic.cdep.ro\/en\/\" target=\"_blank\" rel=\"noreferrer noopener\">http:\/\/cic.cdep.ro\/en\/<\/a> <\/p>\n<\/div><\/div>\n\n<div class=\"ituContainer grid\"><div data-span=\"12\">\n<p class=\"wp-block-paragraph\">En <a href=\"https:\/\/itu-app42372.pagelyhosting.com\/wp-content\/uploads\/2022\/09\/PP-22-venu-plan.pdf\" target=\"_blank\" rel=\"noreferrer noopener\">este mapa<\/a>\u00a0se describe en detalle el acceso al lugar de celebraci\u00f3n de la Conferencia.<\/p>\n<\/div><\/div>","protected":false},"excerpt":{"rendered":"<p>La Conferencia de Plenipotenciarios se celebrar\u00e1 en el Palacio del Parlamento del 26 de septiembre al 14 de octubre de 2022 El Palacio del Parlamento (Senado y Congreso de los Diputados), tambi\u00e9n conocido como Casa del Pueblo, es la sede del Parlamento de Rumania. El edificio alberga tambi\u00e9n tres museos y un Centro Internacional de [&hellip;]<\/p>\n","protected":false},"author":7,"featured_media":0,"parent":0,"menu_order":0,"comment_status":"closed","ping_status":"closed","template":"page-banner-blue.php","meta":{"_crdt_document":"","footnotes":""},"class_list":["post-1526","page","type-page","status-publish","hentry"],"_links":{"self":[{"href":"https:\/\/itu-app42372.pagelyhosting.com\/es\/wp-json\/wp\/v2\/pages\/1526","targetHints":{"allow":["GET"]}}],"collection":[{"href":"https:\/\/itu-app42372.pagelyhosting.com\/es\/wp-json\/wp\/v2\/pages"}],"about":[{"href":"https:\/\/itu-app42372.pagelyhosting.com\/es\/wp-json\/wp\/v2\/types\/page"}],"author":[{"embeddable":true,"href":"https:\/\/itu-app42372.pagelyhosting.com\/es\/wp-json\/wp\/v2\/users\/7"}],"replies":[{"embeddable":true,"href":"https:\/\/itu-app42372.pagelyhosting.com\/es\/wp-json\/wp\/v2\/comments?post=1526"}],"version-history":[{"count":0,"href":"https:\/\/itu-app42372.pagelyhosting.com\/es\/wp-json\/wp\/v2\/pages\/1526\/revisions"}],"wp:attachment":[{"href":"https:\/\/itu-app42372.pagelyhosting.com\/es\/wp-json\/wp\/v2\/media?parent=1526"}],"curies":[{"name":"wp","href":"https:\/\/api.w.org\/{rel}","templated":true}]}}