
{"id":1503,"date":"2022-03-09T09:10:15","date_gmt":"2022-03-09T09:10:15","guid":{"rendered":"https:\/\/itu-app42372.pagelyhosting.com\/utilizacion-de-logotipos\/"},"modified":"2023-06-05T13:11:14","modified_gmt":"2023-06-05T13:11:14","slug":"use-of-logo","status":"publish","type":"page","link":"https:\/\/itu-app42372.pagelyhosting.com\/es\/use-of-logo\/","title":{"rendered":"Utilizaci\u00f3n de logotipos"},"content":{"rendered":"    <div class=\"ituContainer grid\">\n        <div data-span=\"12\">\n                            <div class=\"ituContainer grid\"><div data-span=\"12\">\n<p class=\"wp-block-paragraph\"><strong><span style=\"text-decoration: underline;\">Logotipo de la UIT<\/span><\/strong><\/p>\n<\/div><\/div>                            <div class=\"ituContainer grid\"><div data-span=\"12\">\n<p class=\"wp-block-paragraph\">1. El logotipo de la UIT es un elemento esencial de la imagen institucional y del patrimonio. Como tal, est\u00e1 protegido en virtud de las disposiciones del Art\u00edculo 6ter del Convenio de Par\u00eds sobre la Protecci\u00f3n de la Propiedad Industrial.<\/p>\n<\/div><\/div>                            <div class=\"ituContainer grid\"><div data-span=\"12\">\n<p class=\"wp-block-paragraph\">2. Por consiguiente, el logotipo de la UIT no puede ser utilizado sin el consentimiento previo por escrito del Secretario General o de su representante debidamente autorizado a tal efecto. Las solicitudes por escrito para la utilizaci\u00f3n del logotipo de la Uni\u00f3n deben estar suficientemente fundadas (informaci\u00f3n exhaustiva sobre los motivos de la solicitud, precisi\u00f3n sobre la utilizaci\u00f3n prevista, en especial los \u00absoportes\u00bb utilizados (versi\u00f3n electr\u00f3nica, en papel, etc.), informaci\u00f3n relativa a la posible utilizaci\u00f3n de otros logotipos acompa\u00f1ados del correspondiente a la UIT y datos precisos de la persona que fomula la solicitud, etc.) y ser\u00e1n enviadas oportunamente a <a href=\"mailto:branding@itu.int\">branding@itu.int<\/a> o:<\/p>\n<\/div><\/div>                            <div class=\"ituContainer grid\"><div data-span=\"12\">\n<p class=\"has-text-align-center wp-block-paragraph\">Unidad de Asuntos Jur\u00eddicos, UIT<br\/>Place des Nations<br\/>CH-1211 Ginebra 20<\/p>\n<\/div><\/div>                            <div class=\"ituContainer grid\"><div data-span=\"12\">\n<p class=\"has-text-align-left wp-block-paragraph\">3. Sin perjuicio de la realizaci\u00f3n de un examen detallado de cada solicitud, NO SE AUTORIZAR\u00c1 la utilizaci\u00f3n del logotipo de la Uni\u00f3n en los siguientes casos:<\/p>\n<\/div><\/div>                            <div class=\"ituContainer grid\"><div data-span=\"12\">\n<p class=\"wp-block-paragraph\">\u2022 utilizaci\u00f3n relativa a productos o servicios comerciales;<br\/>\u2022 utilizaci\u00f3n contraria a la finalidad y los objetivos de la Uni\u00f3n;<br\/>\u2022 utilizaci\u00f3n que pudiera da\u00f1ar, seg\u00fan el Secretario General, la imagen, la reputaci\u00f3n, la neutralidad o el car\u00e1cter intergubernamental de la Uni\u00f3n, as\u00ed como la imagen de la Conferencia de Plenipotenciarios;<br\/>\u2022 utilizaci\u00f3n con fines electorales.<\/p>\n<\/div><\/div>                            <div class=\"ituContainer grid\"><div data-span=\"12\">\n<p class=\"wp-block-paragraph\">4. Si recibe la correspondiente autorizaci\u00f3n, la utilizaci\u00f3n del logotipo se efectuar\u00e1 de conformidad con el pliego de condiciones y los plazos estipulados en el correo que contempla la autorizaci\u00f3n. Sin embargo, en cualquier caso, el logotipo y todos sus componentes (formato, proporciones, rasgos gr\u00e1ficos, colores, etc.) no podr\u00e1n ser alterados, adaptados ni modificados.<\/p>\n<\/div><\/div>                            <div class=\"ituContainer grid\"><div data-span=\"12\">\n<p class=\"wp-block-paragraph\"><strong><span style=\"text-decoration: underline;\">Logotipo de la PP-22<\/span><\/strong><\/p>\n<\/div><\/div>                            <div class=\"ituContainer grid\"><div data-span=\"12\">\n<p class=\"wp-block-paragraph\">1. La utilizaci\u00f3n del logotipo creado especialmente para la Conferencia de Plenipotenciarios de 2022 (\u00abla Conferencia\u00bb) tambi\u00e9n est\u00e1 sujeta a la autorizaci\u00f3n previa por escrito del Secretario General de la Uni\u00f3n o de su representante debidamente autorizado a tal efecto. Las solicitudes por escrito para la utilizaci\u00f3n del logotipo de la Conferencia deben estar suficientemente fundadas (informaci\u00f3n exhaustiva sobre los motivos de la solicitud, precisi\u00f3n sobre la utilizaci\u00f3n prevista, en especial los \u00absoportes\u00bb utilizados (versi\u00f3n electr\u00f3nica, en papel, etc.), informaci\u00f3n relativa a la posible utilizaci\u00f3n de otros logotipos acompadados del correspondiente a la UIT y datos precisos de la persona que formula la solicitud, etc.) y ser\u00e1n enviadas oportunamente a <a href=\"mailto:branding@itu.int\">branding@itu.int<\/a> o a:<\/p>\n<\/div><\/div>                            <div class=\"ituContainer grid\"><div data-span=\"12\">\n<p class=\"has-text-align-center wp-block-paragraph\">Unidad de Asuntos Jur\u00eddicos, UIT<br\/>Place des Nations<br\/>CH- 1211 Ginebra 20<\/p>\n<\/div><\/div>                            <div class=\"ituContainer grid\"><div data-span=\"12\">\n<p class=\"wp-block-paragraph\">En la medida en que el logotipo de la UIT est\u00e1 integrado en el logotipo de la Conferencia, la no autorizaci\u00f3n de la solicitud de utilizaci\u00f3n, por los motivos indicados en el apartado 3 anterior, se aplicar\u00e1 asimismo al logotipo de la Conferencia.<\/p>\n<\/div><\/div>                            <div class=\"ituContainer grid\"><div data-span=\"12\">\n<p class=\"wp-block-paragraph\">2. A reserva de lo se\u00f1alado anteriormente, en principio se autorizar\u00e1 su utilizaci\u00f3n si el Secretario General estima que, por su naturaleza, contribuir\u00e1 a la realizaci\u00f3nd el mandato de la Conferencia o a promover sus trabajos.<\/p>\n<\/div><\/div>                            <div class=\"ituContainer grid\"><div data-span=\"12\">\n<p class=\"wp-block-paragraph\">Si recibe la correspondiente autorizaci\u00f3n, la utilizaci\u00f3n del logotipo se efectuar\u00e1 de conformidad con el pliego de condiciones y los plazos estipulados en el correo que contempla la autorizaci\u00f3n. Sin embargo, en cualquier caso, el logotipo y todos sus componentes (formato, proporciones, rasgos gr\u00e1ficos, colores, etc.) no podr\u00e1n ser alterados, adaptados ni modificados.<\/p>\n<\/div><\/div>                            <div class=\"ituContainer grid\"><div data-span=\"12\">\n<p class=\"wp-block-paragraph\">Para obtener m\u00e1s informaci\u00f3n, dir\u00edjase a <a href=\"mailto:branding@itu.int\">branding@itu.int<\/a> o a:<\/p>\n<\/div><\/div>                            <div class=\"ituContainer grid\"><div data-span=\"12\">\n<p class=\"has-text-align-center wp-block-paragraph\">Unidad de Asuntos Jur\u00eddicos, UIT<br\/>Place des Nations<br\/>CH-1211 Ginebra 20<\/p>\n<\/div><\/div>                            <div class=\"ituContainer grid\"><div data-span=\"12\">\n<p class=\"wp-block-paragraph\"><strong><span style=\"text-decoration: underline;\">Formulario de solicitud para utilizar el logotipo de la UIT<\/span><\/strong><\/p>\n<\/div><\/div>                            <div class=\"ituContainer grid\"><div data-span=\"12\">\n<p class=\"wp-block-paragraph\">El logotipo es nuestra \u00fanica firma corporativa y representa la consolidada reputaci\u00f3n de la UIT en cuanto organismo de las Naciones Unidas especializado en las TIC.<\/p>\n<\/div><\/div>                            <div class=\"ituContainer grid\"><div data-span=\"12\">\n<p class=\"wp-block-paragraph\">S\u00f3lo se concede utilizaci\u00f3n a organizadores de eventos ajenos si se cumplen ciertos criterios. Si desea m\u00e1s informaci\u00f3n sobre este particular, dir\u00edjase a <a href=\"mailto:branding@itu.int\" target=\"_blank\" rel=\"noreferrer noopener\">branding@itu.int<\/a>.<\/p>\n<\/div><\/div>                            <div class=\"ituContainer grid\"><div data-span=\"12\">\n<p class=\"wp-block-paragraph\">Para m\u00e1s informaci\u00f3n acerca de c\u00f3mo utilizar el logotipo, v\u00e9ase nuestra <a href=\"https:\/\/www.itu.int\/en\/Pages\/logo-usage-guidelines.aspx\" target=\"_blank\" rel=\"noreferrer noopener\">Gu\u00eda de utilizaci\u00f3n del logotipo<\/a>.<\/p>\n<\/div><\/div>                            <div class=\"ituContainer grid\"><div data-span=\"12\">\n<p class=\"wp-block-paragraph\">Las solicitudes para utilizar el logotipo deben remitirse mediante el siguiente formulario: <a rel=\"noreferrer noopener\" href=\"http:\/\/www.itu.int\/en\/Pages\/logo-form.aspx\" target=\"_blank\">http:\/\/www.itu.int\/en\/Pages\/logo-form.aspx<\/a>.<\/p>\n<\/div><\/div>                    <\/div>\n    <\/div>\n","protected":false},"excerpt":{"rendered":"","protected":false},"author":7,"featured_media":0,"parent":0,"menu_order":0,"comment_status":"closed","ping_status":"closed","template":"page-banner-blue.php","meta":{"_crdt_document":"","footnotes":""},"class_list":["post-1503","page","type-page","status-publish","hentry"],"_links":{"self":[{"href":"https:\/\/itu-app42372.pagelyhosting.com\/es\/wp-json\/wp\/v2\/pages\/1503","targetHints":{"allow":["GET"]}}],"collection":[{"href":"https:\/\/itu-app42372.pagelyhosting.com\/es\/wp-json\/wp\/v2\/pages"}],"about":[{"href":"https:\/\/itu-app42372.pagelyhosting.com\/es\/wp-json\/wp\/v2\/types\/page"}],"author":[{"embeddable":true,"href":"https:\/\/itu-app42372.pagelyhosting.com\/es\/wp-json\/wp\/v2\/users\/7"}],"replies":[{"embeddable":true,"href":"https:\/\/itu-app42372.pagelyhosting.com\/es\/wp-json\/wp\/v2\/comments?post=1503"}],"version-history":[{"count":0,"href":"https:\/\/itu-app42372.pagelyhosting.com\/es\/wp-json\/wp\/v2\/pages\/1503\/revisions"}],"wp:attachment":[{"href":"https:\/\/itu-app42372.pagelyhosting.com\/es\/wp-json\/wp\/v2\/media?parent=1503"}],"curies":[{"name":"wp","href":"https:\/\/api.w.org\/{rel}","templated":true}]}}