
{"id":14178,"date":"2022-09-20T12:15:18","date_gmt":"2022-09-20T12:15:18","guid":{"rendered":"https:\/\/itu-app42372.pagelyhosting.com\/?page_id=14178"},"modified":"2022-09-29T12:14:09","modified_gmt":"2022-09-29T12:14:09","slug":"side-events","status":"publish","type":"page","link":"https:\/\/itu-app42372.pagelyhosting.com\/es\/side-events\/","title":{"rendered":"Eventos paralelos"},"content":{"rendered":"<div class=\"ituContainer grid\"><div data-span=\"12\">\n<p class=\"has-medium-font-size wp-block-paragraph\">Los siguientes eventos paralelos han sido organizados por el pa\u00eds anfitri\u00f3n o un Estado Miembro: <\/p>\n<\/div><\/div>\n\n<div class=\"ituContainer grid\"><div data-span=\"12\">\n<p class=\"wp-block-paragraph\"><strong>1. CONFERENCIA: DI\u00c1LOGO SOBRE SEGURIDAD DIGITAL: REDES = ESENCIAL<\/strong><br><strong>Fecha y hora:<\/strong> s\u00e1bado 24 de septiembre, de 14.30 \u2013 17.30 horas (hora local de Bucarest)<br><strong>Formato:<\/strong> reuni\u00f3n presencial <br><strong>Lugar:<\/strong> Sala Nicolae Iorga (asientos disponibles por orden de llegada)<br><strong>Participantes:<\/strong> Oradores invitados y delegados presentes en la PP-22<br><strong>Descripci\u00f3n:<\/strong> Este evento de alto nivel, en consonancia con la Agenda de Ciberseguridad Global (ACG) de la UIT, est\u00e1 dirigido a todos los participantes de la PP-22 interesados en el papel fundamental que desempe\u00f1a la seguridad digital colectiva en la creaci\u00f3n de confianza en las redes de comunicaci\u00f3n como consecuencia del uso cada vez mayor de las tecnolog\u00edas de la informaci\u00f3n y la comunicaci\u00f3n.<\/p>\n<\/div><\/div>\n\n<div class=\"ituContainer grid\"><div data-span=\"12\">\n<p class=\"wp-block-paragraph\"><\/p>\n<\/div><\/div>\n\n<div class=\"ituContainer grid\"><div data-span=\"12\">\n<p class=\"wp-block-paragraph\"><strong>2. MESA REDONDA MINISTERIAL: CONSTRUIR UN FUTURO DIGITAL MEJOR PARA TODOS <\/strong><br><strong>Fecha y hora:<\/strong> domingo 25 de septiembre, de 10.00  &#8211; 13.00 horas (hora local de Bucarest)<br><strong>Formato:<\/strong> reuni\u00f3n presencial<br><strong>Lugar:<\/strong> Sala de Derechos Humanos<br><strong>Participantes: <\/strong>Altos funcionarios (Ministros y Viceministros) \u2013 reuni\u00f3n privada<br><strong>Descripci\u00f3n:<\/strong> <\/p>\n<\/div><\/div>\n\n<div class=\"ituContainer grid\"><div data-span=\"12\">\n<p class=\"wp-block-paragraph\">Este evento tiene por objeto ofrecer una oportunidad para que los altos representantes de diversos pa\u00edses, de todas las regiones, puedan llevar a cabo una reflexi\u00f3n de alto nivel y un intercambio constructivo de puntos de vista y experiencias institucionales, desde una perspectiva gubernamental. El resultado del debate consistir\u00e1 en la adopci\u00f3n de una Declaraci\u00f3n conjunta que resuma un planteamiento com\u00fan sobre las pol\u00edticas para el desarrollo de un futuro digital sostenible y la forma de avanzar sobre este tema de actualidad.<\/p>\n<\/div><\/div>\n\n<div class=\"ituContainer grid\"><div data-span=\"12\">\n<p class=\"wp-block-paragraph\"><\/p>\n<\/div><\/div>\n\n<div class=\"ituContainer grid\"><div data-span=\"12\">\n<p class=\"wp-block-paragraph\"><strong>3. PANEL DE ALTO NIVEL Y DESAYUNO PARA ESTABLECER CONTACTOS &#8211; FOMENTO DEL EMPODERAMIENTO Y LIDERAZGO DE LA MUJER EN LA UIT<\/strong><br><strong>Fecha y hora:<\/strong> Viernes 30 de septiembre, de 8.00 \u2013 9.00 horas (hora local de Bucarest)<br><strong>Formato:<\/strong> reuni\u00f3n presencial<br><strong>Lugar:<\/strong> Sal\u00f3n Unirii (asientos disponibles por orden de llegada)<br><strong>Participantes:<\/strong> VVIP, VIP, jefes de delegaci\u00f3n y delegadas presentes en la PP-22<br><strong>Descripci\u00f3n:<\/strong> Este evento sobre la igualdad de g\u00e9nero, que congregar\u00e1 a ministras de las 6 regiones de la UIT y a delegadas comprometidas con la reducci\u00f3n de la brecha digital de g\u00e9nero, tiene por objeto fomentar las redes mundiales de mujeres, inspirar a las generaciones actuales y futuras de mujeres l\u00edderes en el \u00e1mbito de las telecomunicaciones\/TIC y construir un mundo inclusivo.<\/p>\n<\/div><\/div>\n\n<div class=\"ituContainer grid\"><div data-span=\"12\">\n<p class=\"wp-block-paragraph\"><\/p>\n<\/div><\/div>\n\n<div class=\"ituContainer grid\"><div data-span=\"12\">\n<p class=\"wp-block-paragraph\"><strong>4. FORO PARLAMENTARIO \u2013 FORO DEL SECTOR PRIVADO: REDUCCI\u00d3N DE LA BRECHA DIGITAL \u2013 UNA AGENDA GLOBAL PARA EL FUTURO DIGITAL <\/strong><br><strong>Fecha y hora:<\/strong> s\u00e1bado 1 de octubre, de 11.00 \u2013 17.00 horas (hora local de Bucarest)<br><strong>Formato: <\/strong>reuni\u00f3n presencial .<br><strong>Lugar:<\/strong> Sala Bratianu (asientos disponibles por orden de llegada)<br><strong>Participantes:<\/strong> Miembros del Parlamento Nacional , Directivos de empresas rumanas, VVIP, VIP y jefes de delegaci\u00f3n presentes en la PP-22<br><strong>Descripci\u00f3n:<\/strong> Organizado en torno al tema general de reducci\u00f3n de la brecha digital &#8211; una agenda global para el futuro, el Foro Parlamentario del Sector Privado plantear\u00e1 cuestiones estrat\u00e9gicas para los parlamentarios, los responsables pol\u00edticos y los l\u00edderes empresariales, relativas a la forma de abordar las las comunicaciones y los marcos de desarrollo digital, tanto a nivel nacional como internacional. Los participantes tendr\u00e1n la oportunidad de relacionarse con vectores de desarrollo internacionales, abordar\u00e1n las tendencias pol\u00edticas transcontinentales y tratar\u00e1n de alcanzar un consenso mundial para mejorar el acceso a las tecnolog\u00edas de la informaci\u00f3n y la comunicaci\u00f3n y reducir la brecha digital.<\/p>\n<\/div><\/div>\n\n<div class=\"ituContainer grid\"><div data-span=\"12\">\n<p class=\"wp-block-paragraph\"><strong>5. PROCESO DE LA CMSI: LA CMSI DESPU\u00c9S DE 2025<\/strong><br><strong>Fecha y hora:&nbsp;<\/strong>lunes 3 de octubre, 12.30 \u2013 13.30 horas<br><strong>Formato:<\/strong>&nbsp;reuni\u00f3n h\u00edbrida<br><strong>Lugar:<\/strong>&nbsp;Sala Nicolae Iorga<br><strong>Participantes:<\/strong>&nbsp;delegados de la PP-22<br><strong>Descripci\u00f3n:<\/strong>&nbsp;Este evento lateral ha sido organizado por  Nigeria en torno al tema de identificar las tendencias y retos incipientes en las l\u00edneas de acci\u00f3n.<\/p>\n<\/div><\/div>\n\n<div class=\"ituContainer grid\"><div data-span=\"12\">\n<p class=\"wp-block-paragraph\"><strong>6. J\u00d3VENES EN LA PP-22 &#8211; DI\u00c1LOGO INTERGENERACIONAL 1: EDUCACI\u00d3N, EMPLEOS DEL FUTURO Y COMPETENCIAS DIGITALES <\/strong><br><strong>Fecha y hora:<\/strong> martes 4 de octubre, de 12.30 &#8211; 13.30 horas (hora local en Bucarest)<br><strong>Formato:<\/strong> reuni\u00f3n presencial <br><strong>Lugar:<\/strong> Sala Nicolae Iorga<br><strong>Participantes:<\/strong> Enviados de la Juventud de Generation, j\u00f3venes delegados y otros delegados presentes en la PP-22<br><strong>Descripci\u00f3n:<\/strong> Este di\u00e1logo intergeneracional, centrado en la accesibilidad, la inclusi\u00f3n y la escalabilidad de la educaci\u00f3n digital para los j\u00f3venes, recoger\u00e1 las ideas y los conocimientos de los l\u00edderes mundiales acerca del futuro laboral. La importancia de poner en marcha iniciativas a largo plazo para preparar a los j\u00f3venes de hoy en d\u00eda para el mundo laboral digital ser\u00e1 uno de los principales temas de esta sesi\u00f3n.<\/p>\n<\/div><\/div>\n\n<div class=\"ituContainer grid\"><div data-span=\"12\">\n<p class=\"wp-block-paragraph\"><\/p>\n<\/div><\/div>\n\n<div class=\"ituContainer grid\"><div data-span=\"12\">\n<p class=\"wp-block-paragraph\"><strong>7. J\u00d3VENES EN LA PP-22 &#8211; TALLER SOBRE LA IMPLICACI\u00d3N EFECTIVA DE LA JUVENTUD : FORMAR A LA PR\u00d3XIMA GENERACI\u00d3N DE DELEGADOS DE LA UIT<\/strong><br><strong>Fecha y hora:<\/strong> mi\u00e9rcoles 5 de octubre, de 12.30 &#8211; 2.00 pm (Bucharest local time)<br><strong>Formato:<\/strong> reuni\u00f3n presencial<br><strong>Lugar:<\/strong> Sal\u00f3n Brancovensec <br><strong>Participantes:<\/strong> Enviados de la Juventud de Generation, j\u00f3venes delegados y otros delegados presentes en la PP-22<br><strong>Descripci\u00f3n:<\/strong> En este din\u00e1mico taller dirigido por j\u00f3venes, los enviados de la juventud de Generation Connect y responsables de tomar decisiones realizaran actividades y debates para analizar los obst\u00e1culos y las oportunidades para la participaci\u00f3n efectiva de los j\u00f3venes en los planos nacional, regional e internacional. A trav\u00e9s de la colaboraci\u00f3n intergeneracional, los participantes examinar\u00e1n las medidas que pueden adoptarse para empoderar a la pr\u00f3xima generaci\u00f3n de delegados de la UIT y lograr una participaci\u00f3n efectiva de los j\u00f3venes en sus propias comunidades.<\/p>\n<\/div><\/div>\n\n<div class=\"ituContainer grid\"><div data-span=\"12\">\n<p class=\"wp-block-paragraph\"><\/p>\n<\/div><\/div>\n\n<div class=\"ituContainer grid\"><div data-span=\"12\">\n<p class=\"wp-block-paragraph\"><strong>8. VISITA AL CENTRO DE INVESTIGACI\u00d3N AVANZADA SOBRE NUEVOS MATERIALES, PRODUCTOS Y PROCESOS INNOVADORES \u2013 CAMPUS<\/strong><br><strong>Fecha y hora:<\/strong> (por confirmar) mi\u00e9rcoles 5 de octubre, de 15.00 \u2013 17.00 horas (hora local de Bucarest)<br><strong>Lugar:<\/strong> Universidad Polit\u00e9cnica de Bucarest<br><strong>Participantes:<\/strong> (por confirmar) El Secretario General de la UIT, el Presidente de la PP-22 y ciertos Enviados de la Juventud de Generation Connect <br><strong>Descripci\u00f3n:<\/strong> La Universidad Polit\u00e9cnica de Bucarest es una universidad de investigaci\u00f3n y educaci\u00f3n avanzada de Ruman\u00eda, con m\u00e1s de 200 a\u00f1os de actividad. El CAMPUS est\u00e1 situado en un edificio de dise\u00f1o \u00fanico, tanto desde el punto de vista de la infraestructura como de la funcionalidad, que cuenta con 42 laboratorios de investigaci\u00f3n interdisciplinarios conectados. El objetivo de estos laboratorios es aprovechar la convergencia de las ciencias de la vida, la f\u00edsica y la ingenier\u00eda para catalizar nuevas soluciones e investigar un nuevo modelo de actividad universitaria que permita trasladar las soluciones pr\u00e1cticas a otras entidades. El CAMPUS es una prueba de que cuando el sector privado confluye con el mundo acad\u00e9mico, se pueden desarrollar nuevas soluciones que contribuyan al progreso tecnol\u00f3gico, y cuyos logros pueden inspirar a los j\u00f3venes a aportar su propia contribuci\u00f3n y a tener iniciativas comunes para el desarrollo comunitario y el crecimiento econ\u00f3mico. El pa\u00eds anfitri\u00f3n ofrecer\u00e1 a los Enviados de la Juventud de Generation Connect la posibilidad de visitar los laboratorios y conocer el origen de las innovaciones desarrolladas por los j\u00f3venes para los j\u00f3venes y para las generaciones futuras..<\/p>\n<\/div><\/div>\n\n<div class=\"ituContainer grid\"><div data-span=\"12\">\n<p class=\"wp-block-paragraph\"><\/p>\n<\/div><\/div>\n\n<div class=\"ituContainer grid\"><div data-span=\"12\">\n<p class=\"wp-block-paragraph\"><strong>9. J\u00d3VENES EN LA PP-22 &#8211; DI\u00c1LOGO INTERGENERACIONAL 2: REDUCCI\u00d3N DE LA BRECHA DIGITAL DE G\u00c9NERO<\/strong><br><strong>Fecha y hora: <\/strong>jueves 6 de octubre, de 12.30 &#8211; 13:30 horas (hora local de Bucarest)<br><strong>Formato:<\/strong> reuni\u00f3n presencial <br><strong>Lugar: <\/strong>Sala Nicolae Iorga<br><strong>Participantes:<\/strong> Enviados de la Juventud de Generation, j\u00f3venes delegados y otros delegados presentes en la  PP-22<br><strong>Descripci\u00f3n: <\/strong>Tendr\u00e1 lugar un debate entre l\u00edderes mundiales de varias generaciones sobre la reducci\u00f3n de la brecha digital de g\u00e9nero. En esta sesi\u00f3n, centrada en las mujeres menores de 30 a\u00f1os, se estudiar\u00e1 c\u00f3mo las pol\u00edticas e iniciativas pueden reducir de manera sostenible la brecha digital de g\u00e9nero. En consonancia con la Estrategia de la Juventud de la UIT, este evento pretende fomentar la colaboraci\u00f3n entre los responsables de tomar decisiones y los j\u00f3venes l\u00edderes en el desarrollo digital.<\/p>\n<\/div><\/div>\n\n<div class=\"ituContainer grid\"><div data-span=\"12\">\n<p class=\"wp-block-paragraph\"><\/p>\n<\/div><\/div>\n\n<div class=\"ituContainer grid\"><div data-span=\"12\">\n<p class=\"wp-block-paragraph\"><strong>10. VISITA NOCTURA GUIADA PRIVADA A ART SAFARI 2022<\/strong><br><strong>Lugar y fecha: <\/strong>jueves 6 de octubre, a partir de las 22.00 horas<br><strong>Lugar:<\/strong> Palacio Dacia-Romania <br><strong>Participantes:<\/strong> Presidente de la PP-22 y ciertos Enviados de la Juventud de Generation Connect <br><strong>Descripci\u00f3n:<\/strong> Art Safari Bucarest es uno de los mayores y m\u00e1s emocionantes eventos art\u00edsticos anuales de Europa del Este, que exhibe obras maestras rumanas y arte internacional. Este evento, dedicado a las novedades del arte contempor\u00e1neo, acoge numerosas exposiciones en un mismo lugar, de la mano de aclamados expertos rumanos e internacionales, situando a Bucarest entre las capitales culturales europeas m\u00e1s importantes. Adem\u00e1s de los museos de arte rumanos y de los coleccionistas privados, Art Safari est\u00e1 preparando grandes exposiciones retrospectivas que pretenden recuperar los valores del patrimonio rumano. Con una fuerte vertiente educativa, su misi\u00f3n es acercar el arte al p\u00fablico y educar a las nuevas generaciones mediante la organizaci\u00f3n de talleres de arte para ni\u00f1os, visitas guiadas y exposiciones de arte contempor\u00e1neo en espacios at\u00edpicos. Este a\u00f1o, la 10\u00aa edici\u00f3n de Art Safari tendr\u00e1 lugar entre el 23 de septiembre y el 11 de diciembre de 2022, en el Palacio Dacia-Romania (calle Lipscani, n\u00ba 18-20) e incluir\u00e1 una sensacional exposici\u00f3n en colaboraci\u00f3n con el famoso Victoria &amp; Albert Museum de Londres, con obras de gran valor de John Constable. Es la primera vez que este famoso museo brit\u00e1nico realiza una exposici\u00f3n en Europa del Este, y el artista seleccionado es uno de los m\u00e1s grandes paisajistas de todos los tiempos.<\/p>\n<\/div><\/div>\n\n<div class=\"ituContainer grid\"><div data-span=\"12\">\n<p class=\"wp-block-paragraph\"><\/p>\n<\/div><\/div>\n\n<div class=\"ituContainer grid\"><div data-span=\"12\">\n<p class=\"wp-block-paragraph\"><strong>11. CONFERENCIA \u201cAUTOMATIZACI\u00d3N PARA EL BIEN: APROVECHAR LA AUTOMATIZACI\u00d3N PARA IMPULSAR LOS OBJETIVOS DE IMPACTO SOCIAL Y SOSTENIBILIDAD\u201d<\/strong><br><strong>Fecha y hora:<\/strong> mi\u00e9rcoles 12 de octubre, 17.30 \u2013 19.30 horas (hora local de Bucarest)<br><strong>Formato:<\/strong> H\u00edbrido<br><strong>Lugar:<\/strong> Sala Nicolae Iorga <br><strong>Participantes:<\/strong> Representantes de los sectores p\u00fablico y privado, del mundo acad\u00e9mico, de la sociedad civil y de organizaciones de j\u00f3venes, oradores invitados y delegados participantes en la PP-22<br><strong>Descripci\u00f3n:<\/strong> Este evento h\u00edbrido tratar\u00e1 sobre el papel de la automatizaci\u00f3n para impulsar el impacto social y ayudar a las empresas y los gobiernos a cumplir los objetivos de sostenibilidad. En esta ocasi\u00f3n, Social Innovation Solutions presentar\u00e1 su informe sobre c\u00f3mo tecnolog\u00edas tales como la automatizaci\u00f3n y la inteligencia artificial (IA) pueden servir de catalizador para la consecuci\u00f3n de los ODS, que incluye un conjunto de soluciones tecnol\u00f3gicas y tendencias globales esenciales para 2030 en materia de IA y automatizaci\u00f3n.<\/p>\n<\/div><\/div>","protected":false},"excerpt":{"rendered":"<p>Los siguientes eventos paralelos han sido organizados por el pa\u00eds anfitri\u00f3n o un Estado Miembro: 1. CONFERENCIA: DI\u00c1LOGO SOBRE SEGURIDAD DIGITAL: REDES = ESENCIALFecha y hora: s\u00e1bado 24 de septiembre, de 14.30 \u2013 17.30 horas (hora local de Bucarest)Formato: reuni\u00f3n presencial Lugar: Sala Nicolae Iorga (asientos disponibles por orden de llegada)Participantes: Oradores invitados y delegados [&hellip;]<\/p>\n","protected":false},"author":12,"featured_media":0,"parent":0,"menu_order":0,"comment_status":"closed","ping_status":"closed","template":"page-banner-blue.php","meta":{"_crdt_document":"","footnotes":""},"class_list":["post-14178","page","type-page","status-publish","hentry"],"_links":{"self":[{"href":"https:\/\/itu-app42372.pagelyhosting.com\/es\/wp-json\/wp\/v2\/pages\/14178","targetHints":{"allow":["GET"]}}],"collection":[{"href":"https:\/\/itu-app42372.pagelyhosting.com\/es\/wp-json\/wp\/v2\/pages"}],"about":[{"href":"https:\/\/itu-app42372.pagelyhosting.com\/es\/wp-json\/wp\/v2\/types\/page"}],"author":[{"embeddable":true,"href":"https:\/\/itu-app42372.pagelyhosting.com\/es\/wp-json\/wp\/v2\/users\/12"}],"replies":[{"embeddable":true,"href":"https:\/\/itu-app42372.pagelyhosting.com\/es\/wp-json\/wp\/v2\/comments?post=14178"}],"version-history":[{"count":0,"href":"https:\/\/itu-app42372.pagelyhosting.com\/es\/wp-json\/wp\/v2\/pages\/14178\/revisions"}],"wp:attachment":[{"href":"https:\/\/itu-app42372.pagelyhosting.com\/es\/wp-json\/wp\/v2\/media?parent=14178"}],"curies":[{"name":"wp","href":"https:\/\/api.w.org\/{rel}","templated":true}]}}