
{"id":1396,"date":"2022-03-09T06:37:21","date_gmt":"2022-03-09T06:37:21","guid":{"rendered":"https:\/\/itu-app42372.pagelyhosting.com\/documentos\/herramientas-it-para-delegados\/"},"modified":"2022-07-14T05:22:37","modified_gmt":"2022-07-14T05:22:37","slug":"it-tools-for-delegates","status":"publish","type":"page","link":"https:\/\/itu-app42372.pagelyhosting.com\/es\/documents\/it-tools-for-delegates\/","title":{"rendered":"Herramientas de TI para delegados"},"content":{"rendered":"<div class=\"ituContainer grid\"><div data-span=\"12\">\n<p class=\"wp-block-paragraph\">Se han creado algunas herramientas de TI muy \u00fatiles para facilitar el acceso a la informaci\u00f3n.<\/p>\n<\/div><\/div><div class=\"ituContainer grid\"><div data-span=\"12\">\n<p class=\"wp-block-paragraph\"><\/p>\n<\/div><\/div>    <section>\n        <div class=\"ituContainer grid\">\n                                                        <a class=\"ituCard anim\" data-span=\"3\" href=\"https:\/\/itu-app42372.pagelyhosting.com\/wp-content\/uploads\/2022\/07\/ITU-Sync-Tool-v75-Window-setup.zip\" target='blank' rel='noreferrer noopener'>\n                    <div class=\"content center\">\n                <div class=\"main\">\n                    <img decoding=\"async\" src=\"https:\/\/itu-app42372.pagelyhosting.com\/wp-content\/uploads\/2022\/07\/sync-tool-windows.svg\" class=\"icon\" alt=\"icon\" \/>\n                                            <p class=\"title\">Herramienta de sincronizaci\u00f3n PP-22 Sync para Windows<\/p>\n                                        <p><\/p>\n                <\/div>\n            <\/div>\n                    <\/a>\n    \n                                                        <a class=\"ituCard anim\" data-span=\"3\" href=\"https:\/\/itu-app42372.pagelyhosting.com\/wp-content\/uploads\/2022\/07\/ITU-Sync-Tool-v76-MAC.zip\" target='blank' rel='noreferrer noopener'>\n                    <div class=\"content center\">\n                <div class=\"main\">\n                    <img decoding=\"async\" src=\"https:\/\/itu-app42372.pagelyhosting.com\/wp-content\/uploads\/2022\/07\/sync-tool-for-mac.svg\" class=\"icon\" alt=\"icon\" \/>\n                                            <p class=\"title\">Herramienta de sincronizaci\u00f3n PP-22 Sync para Mac<\/p>\n                                        <p><\/p>\n                <\/div>\n            <\/div>\n                    <\/a>\n    \n                                                        <a class=\"ituCard anim\" data-span=\"3\" href=\"https:\/\/www.itu.int\/en\/language-tools\/Pages\/default.aspx\" target=\"blank\" rel=\"noreferrer noopener\">\n                    <div class=\"content center\">\n                <div class=\"main\">\n                    <img decoding=\"async\" src=\"https:\/\/itu-app42372.pagelyhosting.com\/wp-content\/uploads\/2022\/07\/language-style-guide.svg\" class=\"icon\" alt=\"icon\" \/>\n                                            <p class=\"title\">Manual de estilo de la UIT<\/p>\n                                        <p><\/p>\n                <\/div>\n            <\/div>\n                    <\/a>\n    \n                                                        <a class=\"ituCard anim\" data-span=\"3\" href=\"https:\/\/www.itu.int\/web\/pp-18\/en\/page\/61-documents\" target=\"blank\" rel=\"noreferrer noopener\">\n                    <div class=\"content center\">\n                <div class=\"main\">\n                    <img decoding=\"async\" src=\"https:\/\/itu-app42372.pagelyhosting.com\/wp-content\/uploads\/2022\/07\/documents-for-reference.svg\" class=\"icon\" alt=\"icon\" \/>\n                                            <p class=\"title\">Documentos de la PP-18 de referencia<\/p>\n                                        <p><\/p>\n                <\/div>\n            <\/div>\n                    <\/a>\n    \n                    <\/div>\n    <\/section>\n<div class=\"ituContainer grid\"><div data-span=\"12\">\n<p class=\"wp-block-paragraph\">Puede consultar la <a href=\"https:\/\/itu-app42372.pagelyhosting.com\/wp-content\/uploads\/2022\/07\/Sync-App-User-Guide.pdf\" target=\"_blank\" rel=\"noreferrer noopener\">gu\u00eda del usuario<\/a> de la herramienta de sincronizaci\u00f3n para facilitar su configuraci\u00f3n.<\/p>\n<\/div><\/div>","protected":false},"excerpt":{"rendered":"<p>Se han creado algunas herramientas de TI muy \u00fatiles para facilitar el acceso a la informaci\u00f3n. Puede consultar la gu\u00eda del usuario de la herramienta de sincronizaci\u00f3n para facilitar su configuraci\u00f3n.<\/p>\n","protected":false},"author":4,"featured_media":0,"parent":1116,"menu_order":2,"comment_status":"closed","ping_status":"closed","template":"page-submenu.php","meta":{"_crdt_document":"","footnotes":""},"class_list":["post-1396","page","type-page","status-publish","hentry"],"_links":{"self":[{"href":"https:\/\/itu-app42372.pagelyhosting.com\/es\/wp-json\/wp\/v2\/pages\/1396","targetHints":{"allow":["GET"]}}],"collection":[{"href":"https:\/\/itu-app42372.pagelyhosting.com\/es\/wp-json\/wp\/v2\/pages"}],"about":[{"href":"https:\/\/itu-app42372.pagelyhosting.com\/es\/wp-json\/wp\/v2\/types\/page"}],"author":[{"embeddable":true,"href":"https:\/\/itu-app42372.pagelyhosting.com\/es\/wp-json\/wp\/v2\/users\/4"}],"replies":[{"embeddable":true,"href":"https:\/\/itu-app42372.pagelyhosting.com\/es\/wp-json\/wp\/v2\/comments?post=1396"}],"version-history":[{"count":0,"href":"https:\/\/itu-app42372.pagelyhosting.com\/es\/wp-json\/wp\/v2\/pages\/1396\/revisions"}],"up":[{"embeddable":true,"href":"https:\/\/itu-app42372.pagelyhosting.com\/es\/wp-json\/wp\/v2\/pages\/1116"}],"wp:attachment":[{"href":"https:\/\/itu-app42372.pagelyhosting.com\/es\/wp-json\/wp\/v2\/media?parent=1396"}],"curies":[{"name":"wp","href":"https:\/\/api.w.org\/{rel}","templated":true}]}}