
{"id":1380,"date":"2022-03-09T06:19:56","date_gmt":"2022-03-09T06:19:56","guid":{"rendered":"https:\/\/itu-app42372.pagelyhosting.com\/participacion\/credenciales\/"},"modified":"2022-09-19T13:21:46","modified_gmt":"2022-09-19T13:21:46","slug":"credentials","status":"publish","type":"page","link":"https:\/\/itu-app42372.pagelyhosting.com\/es\/participation\/credentials\/","title":{"rendered":"Credenciales"},"content":{"rendered":"    <div class=\"ituContainer grid\">\n        <div data-span=\"12\">\n                            <div class=\"ituContainer grid\"><div data-span=\"12\">\n<p class=\"wp-block-paragraph\">De conformidad con el Art\u00edculo 31 del Convenio de la UIT \u00abCredenciales para las conferencias\u00bb, la delegaci\u00f3n que env\u00ede un Estado Miembro a una Conferencia de Plenipotenciarios \u00abdeber\u00e1 estar debidamente acreditada\u00bb (CV 324) Si bien en las Cartas Circulares <a href=\"https:\/\/www.itu.int\/md\/S22-SG-CIR-0005\/en\" target=\"_blank\" data-type=\"URL\" data-id=\"https:\/\/www.itu.int\/md\/S22-SG-CIR-0005\/en\" rel=\"noreferrer noopener\">CL-22\/5<\/a> y <a href=\"https:\/\/www.itu.int\/md\/S22-SG-CIR-0024\/en\" target=\"_blank\" data-type=\"URL\" data-id=\"https:\/\/www.itu.int\/md\/S22-SG-CIR-0024\/en\" rel=\"noreferrer noopener\">CL-22\/24<\/a> se describe de forma pormenorizada el proceso de acreditaci\u00f3n, la informaci\u00f3n que se proporciona en esta p\u00e1gina web tiene por objeto dar respuesta a varias preguntas frecuentes. Cabe se\u00f1alar que las respuestas que figuran a continuaci\u00f3n se proporcionan sin perjuicio de las decisiones que adopte la Comisi\u00f3n de Credenciales de la PP-22, que sigue siendo la \u00fanica instancia competente para examinar la admisibilidad de las credenciales presentadas a la Conferencia e informar al respecto a la Plenaria la PP-22.<\/p>\n<\/div><\/div>                            <div class=\"ituContainer grid\"><div data-span=\"12\">\n<p class=\"wp-block-paragraph\"><strong>1. \u00bfC\u00f3mo se \u00abacredita debidamente\u00bb una delegaci\u00f3n?<\/strong><\/p>\n<\/div><\/div>                            <div class=\"ituContainer grid\"><div data-span=\"12\">\n<p class=\"wp-block-paragraph\">A tal efecto, es necesario presentar un instrumento de acreditaci\u00f3n, que deber\u00e1 ser firmado por el Jefe de Estado, el Jefe de Gobierno o el Ministro de Asuntos Exteriores (CV 325) pertinente. Por otro lado, las credenciales que se presenten deber\u00e1n satisfacer uno de los criterios enumerados a continuaci\u00f3n (CV 326):<\/p>\n<\/div><\/div>                            <div class=\"ituContainer grid\"><div data-span=\"12\">\n<ul class=\"wp-block-list\"><li>conferir plenos poderes a la delegaci\u00f3n;<\/li><li>autorizar a la delegaci\u00f3n a representar sin restricciones a su gobierno;<\/li><li>otorgar a la delegaci\u00f3n o a ciertos miembros de la misma el derecho de firmar las Actas Finales.<\/li><\/ul>\n<\/div><\/div>                            <div class=\"ituContainer grid\"><div data-span=\"12\">\n<p class=\"wp-block-paragraph\">A fin de facilitar ese proceso, podr\u00e1 encontrar en este <a href=\"https:\/\/itu-app42372.pagelyhosting.com\/wp-content\/uploads\/2022\/03\/MODEL-Credentials_PP-22-S.pdf\" target=\"_blank\" data-type=\"URL\" data-id=\"https:\/\/itu-app42372.pagelyhosting.com\/wp-content\/uploads\/2022\/03\/MODEL-Credentials_PP-22-S.pdf\" rel=\"noreferrer noopener\">enlace <\/a>un modelo de instrumento de acreditaci\u00f3n que pueden utilizar las delegaciones, con arreglo a los criterios establecidos en las disposiciones pertinentes del Convenio de la UIT.<\/p>\n<\/div><\/div>                            <div class=\"ituContainer grid\"><div data-span=\"12\">\n<p class=\"wp-block-paragraph\"><strong>2. \u00bfEn qu\u00e9 formato debe presentarse el instrumento de acreditaci\u00f3n?<\/strong><\/p>\n<\/div><\/div>                            <div class=\"ituContainer grid\"><div data-span=\"12\">\n<p class=\"wp-block-paragraph\">El instrumento de acreditaci\u00f3n deber\u00e1 presentarse <span style=\"text-decoration: underline\">en su versi\u00f3n original.<\/span>. No obstante, los Estados Miembros pueden remitir previamente una versi\u00f3n electr\u00f3nica de sus credenciales por correo electr\u00f3nico a la direcci\u00f3n <a href=\"mailto:credentials@itu.int\" target=\"_blank\" rel=\"noreferrer noopener\">credentials@itu.int<\/a>, si desean recibir informaci\u00f3n de la Secretar\u00eda antes de presentar su instrumento original..<\/p>\n<\/div><\/div>                            <div class=\"ituContainer grid\"><div data-span=\"12\">\n<p class=\"wp-block-paragraph\">No se aceptar\u00e1 ninguna nota verbal como instrumento de acreditaci\u00f3n, puesto que ello no cumple el requisito CV 325. A tenor de la pr\u00e1ctica establecida, las credenciales que se env\u00eden por facs\u00edmil o por correo electr\u00f3nico se considerar\u00e1n no conformes.<\/p>\n<\/div><\/div>                            <div class=\"ituContainer grid\"><div data-span=\"12\">\n<p class=\"wp-block-paragraph\">Cabe tener en cuenta asimismo que los instrumentos de acreditaci\u00f3n deber\u00e1n ir acompa\u00f1ados de una traducci\u00f3n certificada a alguno de los idiomas oficiales de la UIT, en el caso de no haberse redactado en ninguno de esos idiomas (\u00e1rabe, chino, espa\u00f1ol, franc\u00e9s, ingl\u00e9s o ruso).<\/p>\n<\/div><\/div>                            <div class=\"ituContainer grid\"><div data-span=\"12\">\n<p class=\"wp-block-paragraph\"><strong>3. \u00bfD\u00f3nde y cu\u00e1ndo puede presentarse el instrumento de acreditaci\u00f3n original?<\/strong><\/p>\n<\/div><\/div>                            <div class=\"ituContainer grid\"><div data-span=\"12\">\n<p class=\"wp-block-paragraph\">El instrumento de acreditaci\u00f3n original deber\u00e1 presentarse \u00aba la mayor brevedad posible\u00bb (CV 334) por medio de uno de los dos m\u00e9todos siguientes:<\/p>\n<\/div><\/div>                            <div class=\"ituContainer grid\"><div data-span=\"12\">\n<ol class=\"wp-block-list\"><li>Entrega en mano en la sede de la UIT en Ginebra o env\u00edo por correo postal certificado a la direcci\u00f3n que figura a continuaci\u00f3n, hasta el martes, 20 de septiembre de 2022: <br>Secretario General de la UIT<br>Secretar\u00eda de la Comisi\u00f3n de Credenciales &#8211; Despacho T.1312<br>Uni\u00f3n Internacional de Telecomunicaciones<br>Place des Nations<br>CH-1211 Ginebra 20<br>Suiza<\/li><li>Entrega en mano a la Secretar\u00eda de la Comisi\u00f3n de Credenciales en el lugar de celebraci\u00f3n de la conferencia en Bucarest, <span style=\"text-decoration: underline\">a partir del s\u00e1bado, 24 de septiembre de 2022<\/span>. Con objeto de facilitar la labor organizativa de dicha Comisi\u00f3n, se alienta a los Estados Miembros a que entreguen sus credenciales <span style=\"text-decoration: underline\">antes de la primera reuni\u00f3n<\/span> de la Comisi\u00f3n de Credenciales, que a tenor de la pr\u00e1ctica establecida, tendr\u00e1 lugar por lo general durante la primera semana de la Conferencia.<br><\/li><\/ol>\n<\/div><\/div>                            <div class=\"ituContainer grid\"><div data-span=\"12\">\n<p class=\"wp-block-paragraph\"><strong>4. \u00bfConlleva la presentaci\u00f3n de un instrumento de acreditaci\u00f3n la inscripci\u00f3n por defecto de una delegaci\u00f3n para participar en la PP-22?<\/strong><\/p>\n<\/div><\/div>                            <div class=\"ituContainer grid\"><div data-span=\"12\">\n<p class=\"wp-block-paragraph\">No.<br>Los procesos de acreditaci\u00f3n y de inscripci\u00f3n son diferentes e independientes. El primero se lleva a cabo mediante la presentaci\u00f3n de un instrumento de acreditaci\u00f3n, al tiempo que la inscripci\u00f3n en la PP-22 se lleva a cabo a trav\u00e9s de un sistema de inscripci\u00f3n en l\u00ednea. Ambos procesos son necesarios para que una delegaci\u00f3n pueda participar plenamente en la PP-22. Puede ampliarse informaci\u00f3n sobre el proceso de inscripci\u00f3n a trav\u00e9s del sitio web de la PP-22: <a href=\"https:\/\/itu-app42372.pagelyhosting.com\/es\/participation\/registration\/\" target=\"_blank\" rel=\"noreferrer noopener\">https:\/\/itu-app42372.pagelyhosting.com\/participation\/registration\/<\/a>.<\/p>\n<\/div><\/div>                            <div class=\"ituContainer grid\"><div data-span=\"12\">\n<p class=\"wp-block-paragraph\"><strong>5. \u00bfQu\u00e9 sucede si la Comisi\u00f3n de Credenciales considera que las credenciales de una delegaci\u00f3n no cumplen los requisitos necesarios?<\/strong><\/p>\n<\/div><\/div>                            <div class=\"ituContainer grid\"><div data-span=\"12\">\n<p class=\"wp-block-paragraph\">Una vez que haya examinado todas las credenciales presentadas, la Comisi\u00f3n de Credenciales deber\u00e1 elevar a la Sesi\u00f3n Plenaria de la Conferencia un informe que contenga sus conclusiones, para su ulterior aprobaci\u00f3n (GR 68).<\/p>\n<\/div><\/div>                            <div class=\"ituContainer grid\"><div data-span=\"12\">\n<p class=\"wp-block-paragraph\">Las delegaciones cuyas credenciales no haya aprobado previamente la Sesi\u00f3n Plenaria no podr\u00e1n ejercer su derecho de voto ni firmar las Actas Finales hasta que se subsane su situaci\u00f3n (CV 333).<\/p>\n<\/div><\/div>                            <div class=\"ituContainer grid\"><div data-span=\"12\">\n<p class=\"wp-block-paragraph\"><strong>6. \u00bfQu\u00e9 sucede si un Estado Miembro no puede enviar una delegaci\u00f3n para que asista a la PP-22 en Bucarest? \/ \u00bfQu\u00e9 sucede si un Estado Miembro no puede enviar una delegaci\u00f3n para que asista a la PP-22 en Bucarest, pero puede participar en la misma a distancia?<\/strong><\/p>\n<\/div><\/div>                            <div class=\"ituContainer grid\"><div data-span=\"12\">\n<p class=\"wp-block-paragraph\">Los Estados Miembros que no puedan enviar una delegaci\u00f3n a Bucarest para que asista a la PP-22 no podr\u00e1n ejercer su derecho de voto ni firmar las Actas Finales de la Conferencia. Ello es aplicable asimismo, de conformidad con la Resoluci\u00f3n 167 de la PP, a los Estados Miembros cuyos delegados se hayan inscrito para participar en la Conferencia \u00fanicamente a distancia.<\/p>\n<\/div><\/div>                            <div class=\"ituContainer grid\"><div data-span=\"12\">\n<p class=\"wp-block-paragraph\">Por otro lado, los Estados Miembros que no puedan enviar una delegaci\u00f3n a Bucarest para que asista a la PP-22 podr\u00e1n presentar un instrumento de \u00abdelegaci\u00f3n de poderes\u00bb, en virtud del cual se otorguen a la delegaci\u00f3n de otro Estado Miembro que asista a la Conferencia en Bucarest de forma presencial los derechos de voto y de firma de las Actas Finales en su nombre (CV 335).<\/p>\n<\/div><\/div>                            <div class=\"ituContainer grid\"><div data-span=\"12\">\n<p class=\"wp-block-paragraph\">En este <a href=\"https:\/\/itu-app42372.pagelyhosting.com\/wp-content\/uploads\/2022\/07\/Template-ToP-s.pdf\" target=\"_blank\" data-type=\"URL\" data-id=\"https:\/\/itu-app42372.pagelyhosting.com\/wp-content\/uploads\/2022\/07\/Template-ToP-s.pdf\" rel=\"noreferrer noopener\">enlace <\/a>se proprociona una plantilal de un documento de delegaci\u00f3n de poderes. Dicha plantilla cumple los requisitos estatutarios establecidos en virtud del Art\u00edculo 31 de la Convenci\u00f3n, an\u00e1logos a los relativos a la presentaci\u00f3n de credenciales. En particular, toda delegaci\u00f3n de poderes deber\u00e1:<br>&#8211; ser firmada por el Jefe de Estado, el Jefe de Gobierno o el Ministro de Asuntos Exteriores pertinente.<br>&#8211; presentarse en formato original.<\/p>\n<\/div><\/div>                            <div class=\"ituContainer grid\"><div data-span=\"12\">\n<p class=\"wp-block-paragraph\">V\u00e9ase tambi\u00e9n la pregunta 8.<\/p>\n<\/div><\/div>                            <div class=\"ituContainer grid\"><div data-span=\"12\">\n<p class=\"wp-block-paragraph\"><strong>7. \u00bfQu\u00e9 sucede si una delegaci\u00f3n de un Estado Miembro participa en la PP-22 en Bucarest de forma presencial, pero no puede asistir a una reuni\u00f3n de la Conferencia, o a varias?<\/strong><\/p>\n<\/div><\/div>                            <div class=\"ituContainer grid\"><div data-span=\"12\">\n<p class=\"wp-block-paragraph\">Toda delegaci\u00f3n que no pueda asistir a una reuni\u00f3n de la Conferencia, o a varias, podr\u00e1 otorgar a la delegaci\u00f3n de otro Estado Miembro su derecho de voto en esas reuniones (CV 336). A tal efecto, es necesario que tanto la delegaci\u00f3n que otorga el derecho como la delegaci\u00f3n que lo recibe est\u00e9n debidamente acreditadas y participen de forma presencial en la PP-22. En este <a href=\"https:\/\/itu-app42372.pagelyhosting.com\/wp-content\/uploads\/2022\/06\/Example-ToV.pdf\" target=\"_blank\" data-type=\"URL\" data-id=\"https:\/\/itu-app42372.pagelyhosting.com\/wp-content\/uploads\/2022\/06\/Example-ToV.pdf\" rel=\"noreferrer noopener\">enlace <\/a>se facilita un ejemplo de redacci\u00f3n de una delegaci\u00f3n de voto, si bien el alcance real de dicha delegaci\u00f3n, as\u00ed como de su redacci\u00f3n, puede variar en funci\u00f3n del n\u00famero de reuniones o de las fechas de las mismas, entre otros factores, con objeto de que la delegaci\u00f3n de voto tenga validez.<\/p>\n<\/div><\/div>                            <div class=\"ituContainer grid\"><div data-span=\"12\">\n<p class=\"wp-block-paragraph\">La delegaci\u00f3n de voto deber\u00e1 firmarla el director o el subdirector de la delegaci\u00f3n que no est\u00e9 en medida de asistir a una reuni\u00f3n, o a varias. Puesto que no existe ning\u00fan requisito estatutario en cuanto a formato, las delegaciones de voto pueden remitirse a la Secretar\u00eda de la Comisi\u00f3n de Credenciales por correo electr\u00f3nico (a trav\u00e9s de la direcci\u00f3n <a href=\"mailto:credentials@itu.int\" target=\"_blank\" rel=\"noreferrer noopener\">credentials@itu.int<\/a>), o entregarse en mano; no es necesario presentar la versi\u00f3n original. En ellas deber\u00e1 figurar el nombre de la delegaci\u00f3n a la que se otorga el derecho de voto, as\u00ed como el de la reuni\u00f3n (o las reuniones) en la que se ejercer\u00e1 dicho derecho.<\/p>\n<\/div><\/div>                            <div class=\"ituContainer grid\"><div data-span=\"12\">\n<p class=\"wp-block-paragraph\">Cade destacar que los Estados Miembros que participan en la PP-22 \u00fanicamente a distancia (sin presencia de delegados en Bucarest) no se considerar\u00e1n \u00abpresentes\u00bb en la Conferencia, de conformidad con el marco reglamentario en vigor. En consecuencia, no podr\u00e1n presentar ninguna delegaci\u00f3n de voto. No obstante, podr\u00e1n presentar una delegaci\u00f3n de poderes (v\u00e9ase la pregunta 6).<\/p>\n<\/div><\/div>                            <div class=\"ituContainer grid\"><div data-span=\"12\">\n<p class=\"wp-block-paragraph\">V\u00e9ase tambi\u00e9n la pregunta 8.<\/p>\n<\/div><\/div>                            <div class=\"ituContainer grid\"><div data-span=\"12\">\n<p class=\"wp-block-paragraph\"><strong>8. \u00bfCabe rese\u00f1ar alguna otra observaci\u00f3n en relaci\u00f3n con las delegaciones de poderes o las delegaciones de voto?<\/strong><\/p>\n<\/div><\/div>                            <div class=\"ituContainer grid\"><div data-span=\"12\">\n<p class=\"wp-block-paragraph\">Las delegaciones de poderes (CV 335) y las delegaciones de voto (CV 336) se denominan habitualmente de forma colectiva \u00abrepresentaci\u00f3n por poder\u00bb. En todo caso, ninguna representaci\u00f3n por poder otorgar\u00e1 a la delegaci\u00f3n que la recita el derecho a hablar en nombre de otro Estado Miembro.<\/p>\n<\/div><\/div>                            <div class=\"ituContainer grid\"><div data-span=\"12\">\n<p class=\"wp-block-paragraph\">Pese a que una delegaci\u00f3n puede ser receptora de m\u00e1s de una representaci\u00f3n por poder (a trav\u00e9s de una delegaci\u00f3n de poderes, una delegaci\u00f3n de voto o ambas cosas), esa delegaci\u00f3n <span style=\"text-decoration: underline\">no podr\u00e1<\/span> ejercer m\u00e1s de un voto en virtud de dicha representaci\u00f3n (CV 337) en un momento dado. . A tal efecto, si una delegaci\u00f3n es receptora de m\u00e1s de una representaci\u00f3n por poder, deber\u00e1 ponerse en contacto con la Secretar\u00eda de la Comisi\u00f3n de Credenciales previamente para comunicar qu\u00e9 derecho de voto ejercer\u00e1 por poder en caso de votaci\u00f3n, adem\u00e1s del suyo propio. Por otro lado, aunque una delegaci\u00f3n receptora de una delegaci\u00f3n de voto tenga derecho a emitir su propio voto, ello no es un requisito para las delegaciones depositarias receptoras dede una delegaci\u00f3n de poderes. En consecuencia, una delegaci\u00f3nreceptora que haya perdido su derecho de voto podr\u00e1 seguir siendo receptora de una delegaci\u00f3n de poderes.<\/p>\n<\/div><\/div>                            <div class=\"ituContainer grid\"><div data-span=\"12\">\n<p class=\"wp-block-paragraph\">De conformidad con la pr\u00e1ctica vigente, una vez que se reciba una delegaci\u00f3n de poderes o una delegaci\u00f3n de voto, la Secretar\u00eda de la Comisi\u00f3n de Credenciales informar\u00e1 de ello oportunamente al Presidente de la Conferencia, y siempre y cuando se cumplan los requisitos pertinentes anteriormente se\u00f1alados, tomar\u00e1 las medidas administrativas y t\u00e9cnicas necesarias para que la delegaci\u00f3n de poderes o de voto recibida se lleve a cabo de forma transparente. Esas medidas comprenden la publicaci\u00f3n de un documento de la Conferencia para informar a los participantes en la misma de la delegaci\u00f3n de poderes o de voto de que se trate, as\u00ed como la puesta al d\u00eda de las bases de datos de credenciales y de voto a fin de garantizar que el Estado Miembro o la delegaci\u00f3n ausente se represente debidamente con arreglo a las instrucciones que figuren en dicha delegaci\u00f3n de poderes o de voto. Habida cuenta del per\u00edodo de tiempo necesario para aplicar esas medidas, cabe informar a los Estados Miembros de que las delegaciones de poderes o de voto que se reciban durante la Conferencia se llevar\u00e1n a cabo, por lo general, en la siguiente sesi\u00f3n plenaria que se haya planificado.<\/p>\n<\/div><\/div>                            <div class=\"ituContainer grid\"><div data-span=\"12\">\n<p class=\"wp-block-paragraph\"><strong>9. \u00bfC\u00f3mo puede ampliarse informaci\u00f3n al respecto?<\/strong><\/p>\n<\/div><\/div>                            <div class=\"ituContainer grid\"><div data-span=\"12\">\n<p class=\"wp-block-paragraph\">Si desea formular alguna pregunta o precisa informaci\u00f3n suplementaria, puede ponerse en contacto con la Secretar\u00eda de la Comisi\u00f3n de Credenciales de la PP-22 a trav\u00e9s de la direcci\u00f3n de correo electr\u00f3nico <a href=\"mailto:credentials@itu.int\" target=\"_blank\" rel=\"noreferrer noopener\">credentials@itu.int<\/a>.<\/p>\n<\/div><\/div>                            <div class=\"ituContainer grid\"><div data-span=\"12\">\n<p class=\"wp-block-paragraph\"><\/p>\n<\/div><\/div>                            <div class=\"ituContainer grid\"><div data-span=\"12\">\n<p class=\"wp-block-paragraph\"><\/p>\n<\/div><\/div>                    <\/div>\n    <\/div>\n","protected":false},"excerpt":{"rendered":"","protected":false},"author":4,"featured_media":0,"parent":1240,"menu_order":3,"comment_status":"closed","ping_status":"closed","template":"page-submenu.php","meta":{"_crdt_document":"","footnotes":""},"class_list":["post-1380","page","type-page","status-publish","hentry"],"_links":{"self":[{"href":"https:\/\/itu-app42372.pagelyhosting.com\/es\/wp-json\/wp\/v2\/pages\/1380","targetHints":{"allow":["GET"]}}],"collection":[{"href":"https:\/\/itu-app42372.pagelyhosting.com\/es\/wp-json\/wp\/v2\/pages"}],"about":[{"href":"https:\/\/itu-app42372.pagelyhosting.com\/es\/wp-json\/wp\/v2\/types\/page"}],"author":[{"embeddable":true,"href":"https:\/\/itu-app42372.pagelyhosting.com\/es\/wp-json\/wp\/v2\/users\/4"}],"replies":[{"embeddable":true,"href":"https:\/\/itu-app42372.pagelyhosting.com\/es\/wp-json\/wp\/v2\/comments?post=1380"}],"version-history":[{"count":0,"href":"https:\/\/itu-app42372.pagelyhosting.com\/es\/wp-json\/wp\/v2\/pages\/1380\/revisions"}],"up":[{"embeddable":true,"href":"https:\/\/itu-app42372.pagelyhosting.com\/es\/wp-json\/wp\/v2\/pages\/1240"}],"wp:attachment":[{"href":"https:\/\/itu-app42372.pagelyhosting.com\/es\/wp-json\/wp\/v2\/media?parent=1380"}],"curies":[{"name":"wp","href":"https:\/\/api.w.org\/{rel}","templated":true}]}}