
{"id":1248,"date":"2022-03-08T15:40:10","date_gmt":"2022-03-08T15:40:10","guid":{"rendered":"https:\/\/itu-app42372.pagelyhosting.com\/participacion\/invitaciones\/"},"modified":"2022-09-19T13:19:23","modified_gmt":"2022-09-19T13:19:23","slug":"invitations","status":"publish","type":"page","link":"https:\/\/itu-app42372.pagelyhosting.com\/es\/participation\/invitations\/","title":{"rendered":"Invitaciones"},"content":{"rendered":"    <div class=\"ituContainer grid\">\n        <div data-span=\"12\">\n                            <div class=\"ituContainer grid\"><div data-span=\"12\">\n<p class=\"wp-block-paragraph\">Se han enviado invitaciones a las siguientes categor\u00edas de entidades con derecho a participar (ref. CV\/Art. 23):<\/p>\n<\/div><\/div>                            <div class=\"ituContainer grid\"><div data-span=\"12\">\n<ul class=\"wp-block-list\"><li>Estados Miembros [CV\/268] [CV\/268]<ul><li><a href=\"https:\/\/www.itu.int\/md\/S21-SG-CIR-0040\/es\" target=\"_blank\" rel=\"noreferrer noopener\">CL-21\/40<\/a>: Invitaci\u00f3n en nombre del Gobierno de Rumania<\/li><li><a href=\"https:\/\/www.itu.int\/md\/S21-SG-CIR-0041\/es\" target=\"_blank\" rel=\"noreferrer noopener\">CL-21\/41<\/a>: Invitaci\u00f3n del Secretario General de la UIT<\/li><\/ul><\/li><li>Palestina [Res. 99 (Rev. Dub\u00e1i, 2018)]<\/li><li>Observadores que participan con car\u00e1cter consultivo (Anexo 2 a la Res. 145 (Antalya, 2006)):<ul><li>las Naciones Unidas [CV\/269A] [CV\/269A]<\/li><li>organizaciones regionales de telecomunicaciones [CV\/269B] [CV\/269B]<\/li><li>organizaciones intergubernamentales que explotan sistemas de sat\u00e9lites [CV\/269C] [CV\/269C]<\/li><li>organismos especializados de las Naciones Unidas y la Organizaci\u00f3n Internacional de Energ\u00eda At\u00f3mica [CV\/269D] [CV\/269D]<\/li><li><a href=\"https:\/\/www.itu.int\/md\/S21-DM-CIR-01021\/es\" target=\"_blank\" rel=\"noreferrer noopener\">DM-21\/1021<\/a>: Invitaci\u00f3n del Secretario General de la UIT<\/li><\/ul><\/li><li>Observadores que no participan con car\u00e1cter consultivo (Anexo 3 a la Res. 145 (Antalya, 2006)):<ul><li>Miembros de Sector a los que se refieren el CV\/229 (empresas de explotaci\u00f3n reconocidas, organismos cient\u00edficos o industriales e instituciones de financiaci\u00f3n o de desarrollo) y el CV\/231 (organizaciones regionales y otras organizaciones internacionales de telecomunicaci\u00f3n, de normalizaci\u00f3n, de financiaci\u00f3n o de desarrollo)<\/li><li><a href=\"https:\/\/www.itu.int\/md\/S21-DM-CIR-01021\/es\" target=\"_blank\" rel=\"noreferrer noopener\">DM-21\/1022<\/a>: Invitaci\u00f3n del Secretario General de la UIT<\/li><\/ul><\/li><\/ul>\n<\/div><\/div>                            <div class=\"ituContainer grid\"><div data-span=\"12\">\n<p class=\"wp-block-paragraph\">Para m\u00e1s informaci\u00f3n sobre cuestiones de organizaci\u00f3n, v\u00e9anse las cartas <a href=\"https:\/\/www.itu.int\/md\/S22-SG-CIR-0029\/en\" target=\"_blank\" rel=\"noreferrer noopener\">CL-22\/29<\/a>&nbsp;y <a href=\"https:\/\/www.itu.int\/md\/S22-DM-CIR-01008\/es\" target=\"_blank\" rel=\"noreferrer noopener\">DM-22\/1008<\/a>.<\/p>\n<\/div><\/div>                    <\/div>\n    <\/div>\n","protected":false},"excerpt":{"rendered":"","protected":false},"author":4,"featured_media":0,"parent":1240,"menu_order":2,"comment_status":"closed","ping_status":"closed","template":"page-submenu.php","meta":{"_crdt_document":"","footnotes":""},"class_list":["post-1248","page","type-page","status-publish","hentry"],"_links":{"self":[{"href":"https:\/\/itu-app42372.pagelyhosting.com\/es\/wp-json\/wp\/v2\/pages\/1248","targetHints":{"allow":["GET"]}}],"collection":[{"href":"https:\/\/itu-app42372.pagelyhosting.com\/es\/wp-json\/wp\/v2\/pages"}],"about":[{"href":"https:\/\/itu-app42372.pagelyhosting.com\/es\/wp-json\/wp\/v2\/types\/page"}],"author":[{"embeddable":true,"href":"https:\/\/itu-app42372.pagelyhosting.com\/es\/wp-json\/wp\/v2\/users\/4"}],"replies":[{"embeddable":true,"href":"https:\/\/itu-app42372.pagelyhosting.com\/es\/wp-json\/wp\/v2\/comments?post=1248"}],"version-history":[{"count":0,"href":"https:\/\/itu-app42372.pagelyhosting.com\/es\/wp-json\/wp\/v2\/pages\/1248\/revisions"}],"up":[{"embeddable":true,"href":"https:\/\/itu-app42372.pagelyhosting.com\/es\/wp-json\/wp\/v2\/pages\/1240"}],"wp:attachment":[{"href":"https:\/\/itu-app42372.pagelyhosting.com\/es\/wp-json\/wp\/v2\/media?parent=1248"}],"curies":[{"name":"wp","href":"https:\/\/api.w.org\/{rel}","templated":true}]}}