
{"id":12304,"date":"2022-08-02T13:56:32","date_gmt":"2022-08-02T13:56:32","guid":{"rendered":"https:\/\/itu-app42372.pagelyhosting.com\/programme\/agenda\/"},"modified":"2022-09-30T21:01:06","modified_gmt":"2022-09-30T21:01:06","slug":"agenda","status":"publish","type":"page","link":"https:\/\/itu-app42372.pagelyhosting.com\/es\/programme\/agenda\/","title":{"rendered":"Orden del d\u00eda"},"content":{"rendered":"    <div class=\"ituContainer grid\">\n        <div data-span=\"12\">\n                            <div class=\"ituContainer grid\"><div data-span=\"12\">\n<p class=\"wp-block-paragraph\"><strong>Orden del d\u00eda de la Conferencia de Plenipotenciarios<\/strong><\/p>\n<\/div><\/div>                            <div class=\"ituContainer grid\"><div data-span=\"12\">\n<p class=\"wp-block-paragraph\">La Conferencia de Plenipotenciarios es el \u00f3rgano supremo de la UIT que define las pol\u00edticas generales de la organizaci\u00f3n para los cuatro a\u00f1os siguientes. La estructura del orden del d\u00eda es invariable y suficientemente amplia para propiciar las discusiones y los debates sobre cualquier cuesti\u00f3n. Dicha estructura est\u00e1 definida en el Art\u00edculo 8 de la Constituci\u00f3n de la UIT. Los trabajos de la Conferencia se basan en las propuestas presentadas por los Estados Miembros en el marco general del orden del d\u00eda.   <\/p>\n<\/div><\/div>                            <div class=\"ituContainer grid\"><div data-span=\"12\">\n<p class=\"wp-block-paragraph\"><strong>Estructura<\/strong><\/p>\n<\/div><\/div>                            <div class=\"ituContainer grid\"><div data-span=\"12\">\n<p class=\"wp-block-paragraph\">Para llevar a cabo sus tareas, la Conferencia de Plenipotenciarios establece Comisiones. En su primera Sesi\u00f3n Plenaria la Conferencia decide cu\u00e1l ser\u00e1 su estructura.<\/p>\n<\/div><\/div>                            <div class=\"ituContainer grid\"><div data-span=\"12\">\n<p class=\"wp-block-paragraph\"><strong>Programa de trabajo<\/strong><\/p>\n<\/div><\/div>                            <div class=\"ituContainer grid\"><div data-span=\"12\">\n<p class=\"wp-block-paragraph\">En su primera reuni\u00f3n, la Comisi\u00f3n de Direcci\u00f3n de la PP-22 establecer\u00e1 un programa general para los trabajos de la Conferencia. Este programa general, contenido en el proyecto de plan de gesti\u00f3n del tiempo, se examina peri\u00f3dicamente durante la Conferencia para tener en cuenta los avances logrados. La Plenaria, as\u00ed como cada Comisi\u00f3n, establecer\u00e1 un programa diario para los trabajos que deben realizarse en cada una de las sesiones.  Puede consultar el proyecto de programa de plan de gesti\u00f3n del tiempo actualizado&nbsp;<a href=\"https:\/\/www.itu.int\/md\/S22-PP-ADM-0002\/en\" target=\"_blank\" rel=\"noreferrer noopener\">aqu\u00ed<\/a>.  <\/p>\n<\/div><\/div>                            <div class=\"ituContainer grid\"><div data-span=\"12\">\n<p class=\"wp-block-paragraph\">A continuaci\u00f3n se indican las reuniones programadas para el fin de semana anterior a la PP-22 y para el primer d\u00eda:<\/p>\n<\/div><\/div>                            <div class=\"ituContainer grid\"><div data-span=\"12\">\n<p class=\"wp-block-paragraph\"><span style=\"text-decoration: underline\">S\u00e1bado 24 de septiembre de 2022:<\/span><br>09.30 \u00daltima sesi\u00f3n de la reuni\u00f3n de 2022 del Consejo<br><span style=\"text-decoration: underline\">Domingo 25 de septiembre de 2022:<\/span><br>14.30 Reuni\u00f3n informal de los Jefes de Delegaci\u00f3n<br><span style=\"text-decoration: underline\">Lunes 26 de septiembre de 2022:<\/span><br>09.45 Reuni\u00f3n formal de los Jefes de Delegaci\u00f3n<br>11.15 Ceremonia de apertura<br>14.30 Primera Sesi\u00f3n Plenaria<\/p>\n<\/div><\/div>                    <\/div>\n    <\/div>\n\n\n<div class=\"ituContainer grid\"><div data-span=\"12\">\n<p class=\"wp-block-paragraph\"><\/p>\n<\/div><\/div>","protected":false},"excerpt":{"rendered":"","protected":false},"author":1,"featured_media":0,"parent":1506,"menu_order":2,"comment_status":"closed","ping_status":"closed","template":"page-submenu.php","meta":{"_crdt_document":"","footnotes":""},"class_list":["post-12304","page","type-page","status-publish","hentry"],"_links":{"self":[{"href":"https:\/\/itu-app42372.pagelyhosting.com\/es\/wp-json\/wp\/v2\/pages\/12304","targetHints":{"allow":["GET"]}}],"collection":[{"href":"https:\/\/itu-app42372.pagelyhosting.com\/es\/wp-json\/wp\/v2\/pages"}],"about":[{"href":"https:\/\/itu-app42372.pagelyhosting.com\/es\/wp-json\/wp\/v2\/types\/page"}],"author":[{"embeddable":true,"href":"https:\/\/itu-app42372.pagelyhosting.com\/es\/wp-json\/wp\/v2\/users\/1"}],"replies":[{"embeddable":true,"href":"https:\/\/itu-app42372.pagelyhosting.com\/es\/wp-json\/wp\/v2\/comments?post=12304"}],"version-history":[{"count":0,"href":"https:\/\/itu-app42372.pagelyhosting.com\/es\/wp-json\/wp\/v2\/pages\/12304\/revisions"}],"up":[{"embeddable":true,"href":"https:\/\/itu-app42372.pagelyhosting.com\/es\/wp-json\/wp\/v2\/pages\/1506"}],"wp:attachment":[{"href":"https:\/\/itu-app42372.pagelyhosting.com\/es\/wp-json\/wp\/v2\/media?parent=12304"}],"curies":[{"name":"wp","href":"https:\/\/api.w.org\/{rel}","templated":true}]}}