
{"id":11827,"date":"2022-07-15T13:09:57","date_gmt":"2022-07-15T13:09:57","guid":{"rendered":"https:\/\/itu-app42372.pagelyhosting.com\/residuos\/"},"modified":"2022-07-18T06:25:45","modified_gmt":"2022-07-18T06:25:45","slug":"waste","status":"publish","type":"page","link":"https:\/\/itu-app42372.pagelyhosting.com\/es\/waste\/","title":{"rendered":"Residuos"},"content":{"rendered":"    <section>\n        <div class=\"ituContainer tabHeader grid nogap\">\n                            <div class=\"ituCard alt tabTitle\" data-span=\"6\" data-target=\"0\">\n                    Qu\u00e9 hacemos                <\/div>\n                            <div class=\"ituCard tabTitle\" data-span=\"6\" data-target=\"1\">\n                    Qu\u00e9 puede hacer usted                <\/div>\n                    <\/div>\n        <div class=\"ituContainer\">\n            <div class=\"ituTabsContent\">\n                                    <div class=\"tabContent \" data-tab=\"0\">\n                        En primer lugar, se har\u00e1 todo lo posible por evitar la generaci\u00f3n de residuos, por ejemplo, utilizando lo m\u00e1s posible pantallas digitales y equipos arrendados. Habr\u00e1 contenedores de reciclaje por todo el recinto de la Conferencia, adem\u00e1s de contenedores para la recolecci\u00f3n de residuos el\u00e9ctricos y electr\u00f3nicos y de bater\u00edas y pilas. Entre el 26 de septiembre y el 2 de octubre podr\u00e1 vistar la \u00abCaravana Ecotic\u00bb, donde se mostrar\u00e1n diversos equipos el\u00e9ctricos y electr\u00f3nicos desmotandos para destacar sus elementos reciclables y peligrosos, y podr\u00e1 encotnrar informaci\u00f3n \u00fatil sobre la importancia de la recuperaci\u00f3n y el reciclaje de las materias primas. Todos los equipos electr\u00f3nicos y fuentes de iluminaci\u00f3n del Congreso de los Diputados se somenten a un tratamiento especial y siguen un procedimiento de reciclaje (en asociaci\u00f3n con las ONG pertinentes). \u00a0                    <\/div>\n                                    <div class=\"tabContent visually-hidden\" data-tab=\"1\">\n                        Participants are asked to actively participate in the waste management initiative and support waste avoidance and waste separation as much as possible.<br>                    <\/div>\n                            <\/div>\n        <\/div>\n    <\/section>\n    <script>\n        document.addEventListener(\n            'DOMContentLoaded',\n            () => {\n                const tabs = document.querySelectorAll('.tabTitle');\n                const tabsContent = document.querySelectorAll('.tabContent');\n                tabs.forEach(tab => {\n                    tab.addEventListener('click', () => {\n                        tabs.forEach(tab => {\n                            tab.classList.remove('alt');\n                        });\n                        tab.classList.add('alt');\n                        tabsContent.forEach(tabContent => {\n                            tabContent.classList.add('visually-hidden');\n                        });\n                        const target = tab.getAttribute('data-target');\n                        const tabContent = document.querySelector(`[data-tab=\"${target}\"]`);\n                        tabContent.classList.remove('visually-hidden');\n                    });\n                });\n            })\n    <\/script>\n","protected":false},"excerpt":{"rendered":"","protected":false},"author":12,"featured_media":0,"parent":0,"menu_order":0,"comment_status":"closed","ping_status":"closed","template":"page-banner-blue.php","meta":{"_crdt_document":"","footnotes":""},"class_list":["post-11827","page","type-page","status-publish","hentry"],"_links":{"self":[{"href":"https:\/\/itu-app42372.pagelyhosting.com\/es\/wp-json\/wp\/v2\/pages\/11827","targetHints":{"allow":["GET"]}}],"collection":[{"href":"https:\/\/itu-app42372.pagelyhosting.com\/es\/wp-json\/wp\/v2\/pages"}],"about":[{"href":"https:\/\/itu-app42372.pagelyhosting.com\/es\/wp-json\/wp\/v2\/types\/page"}],"author":[{"embeddable":true,"href":"https:\/\/itu-app42372.pagelyhosting.com\/es\/wp-json\/wp\/v2\/users\/12"}],"replies":[{"embeddable":true,"href":"https:\/\/itu-app42372.pagelyhosting.com\/es\/wp-json\/wp\/v2\/comments?post=11827"}],"version-history":[{"count":0,"href":"https:\/\/itu-app42372.pagelyhosting.com\/es\/wp-json\/wp\/v2\/pages\/11827\/revisions"}],"wp:attachment":[{"href":"https:\/\/itu-app42372.pagelyhosting.com\/es\/wp-json\/wp\/v2\/media?parent=11827"}],"curies":[{"name":"wp","href":"https:\/\/api.w.org\/{rel}","templated":true}]}}