
{"id":11818,"date":"2022-07-15T13:01:58","date_gmt":"2022-07-15T13:01:58","guid":{"rendered":"https:\/\/itu-app42372.pagelyhosting.comergia\/"},"modified":"2022-07-18T06:14:20","modified_gmt":"2022-07-18T06:14:20","slug":"energy","status":"publish","type":"page","link":"https:\/\/itu-app42372.pagelyhosting.com\/es\/energy\/","title":{"rendered":"Energ\u00eda"},"content":{"rendered":"    <section>\n        <div class=\"ituContainer tabHeader grid nogap\">\n                            <div class=\"ituCard alt tabTitle\" data-span=\"6\" data-target=\"0\">\n                    Qu\u00e9 hacemos                <\/div>\n                            <div class=\"ituCard tabTitle\" data-span=\"6\" data-target=\"1\">\n                    Qu\u00e9 puede hacer usted                <\/div>\n                    <\/div>\n        <div class=\"ituContainer\">\n            <div class=\"ituTabsContent\">\n                                    <div class=\"tabContent \" data-tab=\"0\">\n                        El Congreso de los Diputados lleva desde 2005 aplicando un \u00abproyecto de eficiencia\u00bb que se inici\u00f3 con la modernizaci\u00f3n de la iluminaci\u00f3n interior. Adem\u00e1s de utilizar fuentes de iluminaci\u00f3n eficientes, el proyecto comprende un complejo sistema de gesti\u00f3n del edificio (BMS) que adapta la iluminaci\u00f3n en funci\u00f3n de las necesidades concretas y de la iluminaci\u00f3n natural. De acuerdo con los resultados de una auditor\u00eda especial encargada a un organismo tercero, <strong>la reducci\u00f3n potencial<\/strong> <strong>de las emisiones de CO2 es de 2072 tCO2\/a\u00f1o.<\/strong> En reconocimiento al rendimiento energ\u00e9tico se han recibido varios premios (incluido el premio GreenLight dentro del proyecto Europe Intelligent Energy de la UE). Desde 2022 todo el edificio utiliza  <strong>energ\u00eda el\u00e9ctrica procedente<\/strong><strong> exclusivamente de fuentes renovables y ecol\u00f3gicas.<\/strong> El inmenso volumen de aire dentro del Palacio del Parlamento se calienta con sus propios y complejos intercambiadores de calor, sincronizados gracias a un software de gesti\u00f3n energ\u00e9tica especial, que se utiliza tambi\u00e9n para controlar los sistemas de climatizaci\u00f3n de las salas m\u00e1s grandes. \u00a0                    <\/div>\n                                    <div class=\"tabContent visually-hidden\" data-tab=\"1\">\n                        Turn off room lights and ventilation as well as ICT equipment when not in use, and enable energy-saving features both in conference and hotel rooms.<br>                    <\/div>\n                            <\/div>\n        <\/div>\n    <\/section>\n    <script>\n        document.addEventListener(\n            'DOMContentLoaded',\n            () => {\n                const tabs = document.querySelectorAll('.tabTitle');\n                const tabsContent = document.querySelectorAll('.tabContent');\n                tabs.forEach(tab => {\n                    tab.addEventListener('click', () => {\n                        tabs.forEach(tab => {\n                            tab.classList.remove('alt');\n                        });\n                        tab.classList.add('alt');\n                        tabsContent.forEach(tabContent => {\n                            tabContent.classList.add('visually-hidden');\n                        });\n                        const target = tab.getAttribute('data-target');\n                        const tabContent = document.querySelector(`[data-tab=\"${target}\"]`);\n                        tabContent.classList.remove('visually-hidden');\n                    });\n                });\n            })\n    <\/script>\n","protected":false},"excerpt":{"rendered":"","protected":false},"author":12,"featured_media":0,"parent":0,"menu_order":0,"comment_status":"closed","ping_status":"closed","template":"page-banner-blue.php","meta":{"_crdt_document":"","footnotes":""},"class_list":["post-11818","page","type-page","status-publish","hentry"],"_links":{"self":[{"href":"https:\/\/itu-app42372.pagelyhosting.com\/es\/wp-json\/wp\/v2\/pages\/11818","targetHints":{"allow":["GET"]}}],"collection":[{"href":"https:\/\/itu-app42372.pagelyhosting.com\/es\/wp-json\/wp\/v2\/pages"}],"about":[{"href":"https:\/\/itu-app42372.pagelyhosting.com\/es\/wp-json\/wp\/v2\/types\/page"}],"author":[{"embeddable":true,"href":"https:\/\/itu-app42372.pagelyhosting.com\/es\/wp-json\/wp\/v2\/users\/12"}],"replies":[{"embeddable":true,"href":"https:\/\/itu-app42372.pagelyhosting.com\/es\/wp-json\/wp\/v2\/comments?post=11818"}],"version-history":[{"count":0,"href":"https:\/\/itu-app42372.pagelyhosting.com\/es\/wp-json\/wp\/v2\/pages\/11818\/revisions"}],"wp:attachment":[{"href":"https:\/\/itu-app42372.pagelyhosting.com\/es\/wp-json\/wp\/v2\/media?parent=11818"}],"curies":[{"name":"wp","href":"https:\/\/api.w.org\/{rel}","templated":true}]}}