
{"id":11809,"date":"2022-07-15T12:58:26","date_gmt":"2022-07-15T12:58:26","guid":{"rendered":"https:\/\/itu-app42372.pagelyhosting.com\/transporte-local\/"},"modified":"2022-07-18T11:55:01","modified_gmt":"2022-07-18T11:55:01","slug":"local-transport","status":"publish","type":"page","link":"https:\/\/itu-app42372.pagelyhosting.com\/es\/local-transport\/","title":{"rendered":"Transporte local"},"content":{"rendered":"    <section>\n        <div class=\"ituContainer tabHeader grid nogap\">\n                            <div class=\"ituCard alt tabTitle\" data-span=\"6\" data-target=\"0\">\n                    Qu\u00e9 hacemos                <\/div>\n                            <div class=\"ituCard tabTitle\" data-span=\"6\" data-target=\"1\">\n                    Qu\u00e9 puede hacer usted                <\/div>\n                    <\/div>\n        <div class=\"ituContainer\">\n            <div class=\"ituTabsContent\">\n                                    <div class=\"tabContent \" data-tab=\"0\">\n                        En los \u00faltimos a\u00f1os el aumento de los veh\u00edculos que circulan por Bucarest ha causado un incremento del nivel de contaminaci\u00f3n debida a la congesti\u00f3n del tr\u00e1fico en la regi\u00f3n, las autoridades ya han tomado importantes medidas a nivel local regional y nacional para frenar el deterioro de la calidad del aire, sienod una de ellas la concienciaci\u00f3n de la poblaci\u00f3n al respecto. As\u00ed, cada vez m\u00e1s habitantes de la regi\u00f3n de Bucarest-Ilfov utiliza medios de transporte individual no contaminantes a fin de reducir la duraci\u00f3n del trayecto y luchar contra la contaminaci\u00f3n y el cambio clim\u00e1tico. Por consiguiente, la movilidad sostenible est\u00e1 en pleno desarrollo en el pa\u00eds, pero particularmente en Bucarest, cuyos habitantes disponen de cada vez m\u00e1s modos de transporte alternativos y ecol\u00f3gicos para reducir tanto la contaminaci\u00f3n generada por el transporte como el tiempo perdido en los atascos.  Todo el transporte p\u00fablico de Bucarest es conforme a Euro 6\u20ac y tambi\u00e9n hay autobuses h\u00edbridos, adem\u00e1s de tranv\u00edas y trolebuses. Tambi\u00e9n est\u00e1 disponible en Bucarest el m\u00e9todo de transporte m\u00e1s sano y flexible, alimentado por su propia energ\u00eda, y al que se puede acceder con facilitad: la bicicleta. Podr\u00e1 encontrar, adem\u00e1s, por todo Bucarest patinetes el\u00e9ctricos, que ofrecen la ventaja de la rapidez en las horas punta y consumen electricidad, por lo que no emiten gases contaminantes como los veh\u00edculos convencionales. Tambi\u00e9n ocupan menos espacio en las calles, por lo que m\u00e1s gente puede desplazarse m\u00e1s r\u00e1pido que con un autom\u00f3vil privado. \u00a0                    <\/div>\n                                    <div class=\"tabContent visually-hidden\" data-tab=\"1\">\n                        Individual transportation arrangements, such as rental of cars or vans, are strongly discouraged. Delegates are encouraged to walk to the venue, or make use of bicycles or public transport. You can find information on public transportation<a href=\"http:\/\/stbsa.ro\/eng\/index\" target=\"_blank\" rel=\"noreferrer noopener\"> here<\/a>.                    <\/div>\n                            <\/div>\n        <\/div>\n    <\/section>\n    <script>\n        document.addEventListener(\n            'DOMContentLoaded',\n            () => {\n                const tabs = document.querySelectorAll('.tabTitle');\n                const tabsContent = document.querySelectorAll('.tabContent');\n                tabs.forEach(tab => {\n                    tab.addEventListener('click', () => {\n                        tabs.forEach(tab => {\n                            tab.classList.remove('alt');\n                        });\n                        tab.classList.add('alt');\n                        tabsContent.forEach(tabContent => {\n                            tabContent.classList.add('visually-hidden');\n                        });\n                        const target = tab.getAttribute('data-target');\n                        const tabContent = document.querySelector(`[data-tab=\"${target}\"]`);\n                        tabContent.classList.remove('visually-hidden');\n                    });\n                });\n            })\n    <\/script>\n","protected":false},"excerpt":{"rendered":"","protected":false},"author":12,"featured_media":0,"parent":0,"menu_order":0,"comment_status":"closed","ping_status":"closed","template":"page-banner-blue.php","meta":{"_crdt_document":"","footnotes":""},"class_list":["post-11809","page","type-page","status-publish","hentry"],"_links":{"self":[{"href":"https:\/\/itu-app42372.pagelyhosting.com\/es\/wp-json\/wp\/v2\/pages\/11809","targetHints":{"allow":["GET"]}}],"collection":[{"href":"https:\/\/itu-app42372.pagelyhosting.com\/es\/wp-json\/wp\/v2\/pages"}],"about":[{"href":"https:\/\/itu-app42372.pagelyhosting.com\/es\/wp-json\/wp\/v2\/types\/page"}],"author":[{"embeddable":true,"href":"https:\/\/itu-app42372.pagelyhosting.com\/es\/wp-json\/wp\/v2\/users\/12"}],"replies":[{"embeddable":true,"href":"https:\/\/itu-app42372.pagelyhosting.com\/es\/wp-json\/wp\/v2\/comments?post=11809"}],"version-history":[{"count":0,"href":"https:\/\/itu-app42372.pagelyhosting.com\/es\/wp-json\/wp\/v2\/pages\/11809\/revisions"}],"wp:attachment":[{"href":"https:\/\/itu-app42372.pagelyhosting.com\/es\/wp-json\/wp\/v2\/media?parent=11809"}],"curies":[{"name":"wp","href":"https:\/\/api.w.org\/{rel}","templated":true}]}}