
{"id":11801,"date":"2022-07-15T12:38:51","date_gmt":"2022-07-15T12:38:51","guid":{"rendered":"https:\/\/itu-app42372.pagelyhosting.com\/viajes\/"},"modified":"2022-07-18T05:48:20","modified_gmt":"2022-07-18T05:48:20","slug":"travel","status":"publish","type":"page","link":"https:\/\/itu-app42372.pagelyhosting.com\/es\/travel\/","title":{"rendered":"Viajes"},"content":{"rendered":"    <section>\n        <div class=\"ituContainer tabHeader grid nogap\">\n                            <div class=\"ituCard alt tabTitle\" data-span=\"6\" data-target=\"0\">\n                    Qu\u00e9 hacemos                <\/div>\n                            <div class=\"ituCard tabTitle\" data-span=\"6\" data-target=\"1\">\n                    Qu\u00e9 puede hacer usted                <\/div>\n                    <\/div>\n        <div class=\"ituContainer\">\n            <div class=\"ituTabsContent\">\n                                    <div class=\"tabContent \" data-tab=\"0\">\n                        <br>Durante la celebraci\u00f3n de la Conferencia se reducir\u00e1n al m\u00ednimo posible las emisiones de GEI, pero algunas de ellas son inevitables, como las generadas por los viajes, que representan la mayor parte de las emisiones totales. La UIT compensar\u00e1 las emisiones de CO2 generadas por los vuelos necesarios para transportar al personal de la UIT participante en la Conferencia de Plenipotenciarios en el contexto del inventario de gases de efecto invernadero anual.<br>                    <\/div>\n                                    <div class=\"tabContent visually-hidden\" data-tab=\"1\">\n                        <br>All delegates are strongly encouraged to choose the most\u00a0<em>environmentally-friendly way to come to the event, for example by train, or by<\/em>\u00a0<em>booking the flight<\/em> with the least CO2 emissions (i.e. most direct route, economy class). Delegates are also encouraged to offset their flight emissions. Emissions generated by air travel can for example be calculated using\u00a0<a href=\"https:\/\/www.icao.int\/environmental-protection\/Carbonoffset\/Pages\/default.aspx\" target=\"_blank\" rel=\"noreferrer noopener\">ICAO\u2019s carbon emissions calculator<\/a>\u00a0and offset via\u00a0<a href=\"https:\/\/offset.climateneutralnow.org\/AllProjects\" target=\"_blank\" rel=\"noreferrer noopener\">UNFCCC\u2019s climate neutral now platform<\/a>. \u00a0 \u00a0<br>                    <\/div>\n                            <\/div>\n        <\/div>\n    <\/section>\n    <script>\n        document.addEventListener(\n            'DOMContentLoaded',\n            () => {\n                const tabs = document.querySelectorAll('.tabTitle');\n                const tabsContent = document.querySelectorAll('.tabContent');\n                tabs.forEach(tab => {\n                    tab.addEventListener('click', () => {\n                        tabs.forEach(tab => {\n                            tab.classList.remove('alt');\n                        });\n                        tab.classList.add('alt');\n                        tabsContent.forEach(tabContent => {\n                            tabContent.classList.add('visually-hidden');\n                        });\n                        const target = tab.getAttribute('data-target');\n                        const tabContent = document.querySelector(`[data-tab=\"${target}\"]`);\n                        tabContent.classList.remove('visually-hidden');\n                    });\n                });\n            })\n    <\/script>\n","protected":false},"excerpt":{"rendered":"","protected":false},"author":12,"featured_media":0,"parent":0,"menu_order":0,"comment_status":"closed","ping_status":"closed","template":"page-banner-blue.php","meta":{"_crdt_document":"","footnotes":""},"class_list":["post-11801","page","type-page","status-publish","hentry"],"_links":{"self":[{"href":"https:\/\/itu-app42372.pagelyhosting.com\/es\/wp-json\/wp\/v2\/pages\/11801","targetHints":{"allow":["GET"]}}],"collection":[{"href":"https:\/\/itu-app42372.pagelyhosting.com\/es\/wp-json\/wp\/v2\/pages"}],"about":[{"href":"https:\/\/itu-app42372.pagelyhosting.com\/es\/wp-json\/wp\/v2\/types\/page"}],"author":[{"embeddable":true,"href":"https:\/\/itu-app42372.pagelyhosting.com\/es\/wp-json\/wp\/v2\/users\/12"}],"replies":[{"embeddable":true,"href":"https:\/\/itu-app42372.pagelyhosting.com\/es\/wp-json\/wp\/v2\/comments?post=11801"}],"version-history":[{"count":0,"href":"https:\/\/itu-app42372.pagelyhosting.com\/es\/wp-json\/wp\/v2\/pages\/11801\/revisions"}],"wp:attachment":[{"href":"https:\/\/itu-app42372.pagelyhosting.com\/es\/wp-json\/wp\/v2\/media?parent=11801"}],"curies":[{"name":"wp","href":"https:\/\/api.w.org\/{rel}","templated":true}]}}