
{"id":11637,"date":"2022-07-14T14:45:33","date_gmt":"2022-07-14T14:45:33","guid":{"rendered":"https:\/\/itu-app42372.pagelyhosting.com\/sin-papel\/"},"modified":"2022-07-15T08:18:54","modified_gmt":"2022-07-15T08:18:54","slug":"paperless","status":"publish","type":"page","link":"https:\/\/itu-app42372.pagelyhosting.com\/es\/paperless\/","title":{"rendered":"Sin papel"},"content":{"rendered":"    <section>\n        <div class=\"ituContainer tabHeader grid nogap\">\n                            <div class=\"ituCard alt tabTitle\" data-span=\"6\" data-target=\"0\">\n                    Qu\u00e9 hacemos                <\/div>\n                            <div class=\"ituCard tabTitle\" data-span=\"6\" data-target=\"1\">\n                    Qu\u00e9 puede hacer usted                <\/div>\n                    <\/div>\n        <div class=\"ituContainer\">\n            <div class=\"ituTabsContent\">\n                                    <div class=\"tabContent \" data-tab=\"0\">\n                        De conformidad con el Anexo 2 a la Decisi\u00f3n 5, estamos intentando en la mayor medida posible reducir la utilizaci\u00f3n de papel: puede descargar todos los documentos oficiales, incluidas las Actas Finales, <a href=\"https:\/\/itu-app42372.pagelyhosting.com\/documents\/\" data-type=\"URL\" data-id=\"https:\/\/itu-app42372.pagelyhosting.com\/documents\/\" target=\"_blank\" rel=\"noreferrer noopener\">aqu\u00ed<\/a>. El calendario de reuniones puede encontrarse en el sitio web de la PP-22. En ese sitio web se publicar\u00e1 el calendario de todos los eventos sociales, que tambi\u00e9n podr\u00e1 consultarse en las pantallas electr\u00f3nicas en la Conferencia. Por defecto, todas las impresoras del recinto imprimir\u00e1n por las dos caras.                    <\/div>\n                                    <div class=\"tabContent visually-hidden\" data-tab=\"1\">\n                        Printing is strongly discouraged. Campaign brochures can be sent to\u00a0<a href=\"mailto:ppelections@itu.int\">ppelections@itu.int<\/a>\u00a0in order to be posted on the PP-22 website. If printing is unavoidable, use only recycled paper and print double-sided. Consider eliminating the use of paper business cards. Many smartphone apps support sharing digital business cards that are automatically updated in case of changes, or scanning and storing personal information received from others. \u00a0<br>                    <\/div>\n                            <\/div>\n        <\/div>\n    <\/section>\n    <script>\n        document.addEventListener(\n            'DOMContentLoaded',\n            () => {\n                const tabs = document.querySelectorAll('.tabTitle');\n                const tabsContent = document.querySelectorAll('.tabContent');\n                tabs.forEach(tab => {\n                    tab.addEventListener('click', () => {\n                        tabs.forEach(tab => {\n                            tab.classList.remove('alt');\n                        });\n                        tab.classList.add('alt');\n                        tabsContent.forEach(tabContent => {\n                            tabContent.classList.add('visually-hidden');\n                        });\n                        const target = tab.getAttribute('data-target');\n                        const tabContent = document.querySelector(`[data-tab=\"${target}\"]`);\n                        tabContent.classList.remove('visually-hidden');\n                    });\n                });\n            })\n    <\/script>\n","protected":false},"excerpt":{"rendered":"","protected":false},"author":12,"featured_media":0,"parent":0,"menu_order":0,"comment_status":"closed","ping_status":"closed","template":"page-banner-blue.php","meta":{"_crdt_document":"","footnotes":""},"class_list":["post-11637","page","type-page","status-publish","hentry"],"_links":{"self":[{"href":"https:\/\/itu-app42372.pagelyhosting.com\/es\/wp-json\/wp\/v2\/pages\/11637","targetHints":{"allow":["GET"]}}],"collection":[{"href":"https:\/\/itu-app42372.pagelyhosting.com\/es\/wp-json\/wp\/v2\/pages"}],"about":[{"href":"https:\/\/itu-app42372.pagelyhosting.com\/es\/wp-json\/wp\/v2\/types\/page"}],"author":[{"embeddable":true,"href":"https:\/\/itu-app42372.pagelyhosting.com\/es\/wp-json\/wp\/v2\/users\/12"}],"replies":[{"embeddable":true,"href":"https:\/\/itu-app42372.pagelyhosting.com\/es\/wp-json\/wp\/v2\/comments?post=11637"}],"version-history":[{"count":0,"href":"https:\/\/itu-app42372.pagelyhosting.com\/es\/wp-json\/wp\/v2\/pages\/11637\/revisions"}],"wp:attachment":[{"href":"https:\/\/itu-app42372.pagelyhosting.com\/es\/wp-json\/wp\/v2\/media?parent=11637"}],"curies":[{"name":"wp","href":"https:\/\/api.w.org\/{rel}","templated":true}]}}