
{"id":11622,"date":"2022-07-14T14:24:51","date_gmt":"2022-07-14T14:24:51","guid":{"rendered":"https:\/\/itu-app42372.pagelyhosting.com\/regalos\/"},"modified":"2022-07-15T08:14:02","modified_gmt":"2022-07-15T08:14:02","slug":"gifts","status":"publish","type":"page","link":"https:\/\/itu-app42372.pagelyhosting.com\/es\/gifts\/","title":{"rendered":"Regalos"},"content":{"rendered":"    <section>\n        <div class=\"ituContainer tabHeader grid nogap\">\n                            <div class=\"ituCard alt tabTitle\" data-span=\"6\" data-target=\"0\">\n                    Qu\u00e9 hacemos                <\/div>\n                            <div class=\"ituCard tabTitle\" data-span=\"6\" data-target=\"1\">\n                    Qu\u00e9 puede hacer usted                <\/div>\n                    <\/div>\n        <div class=\"ituContainer\">\n            <div class=\"ituTabsContent\">\n                                    <div class=\"tabContent \" data-tab=\"0\">\n                        We are aiming to minimize physical gifts as much as possible.\u00a0However, for any gifts, as many biodegradable, reusable or compostable materials as possible will be used in the gift packages. The Host Country also intends to replace plastic bags with reusable or recycled ones.                    <\/div>\n                                    <div class=\"tabContent visually-hidden\" data-tab=\"1\">\n                        Estamos intentando reducir al m\u00ednimo posible los regalos f\u00edsicos. Sin embargo, para el embalaje de todos los regalos se utilizar\u00e1 la mayor cantidad de materiales biodegradables, reutilizables o compostables posible. El pa\u00eds anfitri\u00f3n tiene tambi\u00e9n la intenci\u00f3n de sustituir las bolsas de pl\u00e1stico por bolsas reutilizables o recicladas.                    <\/div>\n                            <\/div>\n        <\/div>\n    <\/section>\n    <script>\n        document.addEventListener(\n            'DOMContentLoaded',\n            () => {\n                const tabs = document.querySelectorAll('.tabTitle');\n                const tabsContent = document.querySelectorAll('.tabContent');\n                tabs.forEach(tab => {\n                    tab.addEventListener('click', () => {\n                        tabs.forEach(tab => {\n                            tab.classList.remove('alt');\n                        });\n                        tab.classList.add('alt');\n                        tabsContent.forEach(tabContent => {\n                            tabContent.classList.add('visually-hidden');\n                        });\n                        const target = tab.getAttribute('data-target');\n                        const tabContent = document.querySelector(`[data-tab=\"${target}\"]`);\n                        tabContent.classList.remove('visually-hidden');\n                    });\n                });\n            })\n    <\/script>\n","protected":false},"excerpt":{"rendered":"","protected":false},"author":12,"featured_media":0,"parent":0,"menu_order":0,"comment_status":"closed","ping_status":"closed","template":"page-banner-blue.php","meta":{"_crdt_document":"","footnotes":""},"class_list":["post-11622","page","type-page","status-publish","hentry"],"_links":{"self":[{"href":"https:\/\/itu-app42372.pagelyhosting.com\/es\/wp-json\/wp\/v2\/pages\/11622","targetHints":{"allow":["GET"]}}],"collection":[{"href":"https:\/\/itu-app42372.pagelyhosting.com\/es\/wp-json\/wp\/v2\/pages"}],"about":[{"href":"https:\/\/itu-app42372.pagelyhosting.com\/es\/wp-json\/wp\/v2\/types\/page"}],"author":[{"embeddable":true,"href":"https:\/\/itu-app42372.pagelyhosting.com\/es\/wp-json\/wp\/v2\/users\/12"}],"replies":[{"embeddable":true,"href":"https:\/\/itu-app42372.pagelyhosting.com\/es\/wp-json\/wp\/v2\/comments?post=11622"}],"version-history":[{"count":0,"href":"https:\/\/itu-app42372.pagelyhosting.com\/es\/wp-json\/wp\/v2\/pages\/11622\/revisions"}],"wp:attachment":[{"href":"https:\/\/itu-app42372.pagelyhosting.com\/es\/wp-json\/wp\/v2\/media?parent=11622"}],"curies":[{"name":"wp","href":"https:\/\/api.w.org\/{rel}","templated":true}]}}