
{"id":11489,"date":"2022-07-13T09:18:51","date_gmt":"2022-07-13T09:18:51","guid":{"rendered":"https:\/\/itu-app42372.pagelyhosting.com\/participacion-a-distancia\/"},"modified":"2022-09-23T19:50:44","modified_gmt":"2022-09-23T19:50:44","slug":"remote-participation","status":"publish","type":"page","link":"https:\/\/itu-app42372.pagelyhosting.com\/es\/remote-participation\/","title":{"rendered":"Participaci\u00f3n a distancia"},"content":{"rendered":"<div class=\"ituContainer grid\"><div data-span=\"12\">\n<p class=\"wp-block-paragraph\">La participaci\u00f3n a distancia en la PP-22 seguir\u00e1 el procedimiento utilizado en la AMNT, el Consejo y la CMDT. La PP-22 es una reuni\u00f3n presencial con amplia participaci\u00f3n a distancia. S\u00f3lo los delegados presentes en la Plenaria podr\u00e1n adoptar decisiones. <\/p>\n<\/div><\/div>\n\n<div class=\"ituContainer grid\"><div data-span=\"12\">\n<p class=\"wp-block-paragraph\">Puede encontrar m\u00e1s informaci\u00f3n al respecto en la p\u00e1gina <a href=\"https:\/\/www.itu.int\/pp22\/en\/participation\/credentials\/\" data-type=\"URL\" data-id=\"https:\/\/www.itu.int\/pp22\/en\/participation\/credentials\/\" target=\"_blank\" rel=\"noreferrer noopener\">Credenciales<\/a>.<\/p>\n<\/div><\/div>\n\n<div class=\"ituContainer grid\"><div data-span=\"12\">\n<p class=\"wp-block-paragraph\">La participaci\u00f3n a distancia v\u00eda Zoom en la PP-22 s\u00f3lo est\u00e1 disponible para los participantes que se hayan inscrito en el evento en cuesti\u00f3n (la PP-22, la \u00faltima sesi\u00f3n de la reuni\u00f3n del Consejo de 2022 o la reuni\u00f3n extraordinaria del Consejo de 2023).<\/p>\n<\/div><\/div>\n\n<div class=\"ituContainer grid\"><div data-span=\"12\">\n<p class=\"wp-block-paragraph\">Los participantes inscritos deber\u00e1n iniciar sesi\u00f3n utilizando la misma <a href=\"https:\/\/www.itu.int\/en\/ties-services\/Pages\/login.aspx\" target=\"_blank\" rel=\"noreferrer noopener\">cuenta de usuario de la UIT<\/a>\u00a0que utiliz\u00f3 al inscribirse para la PP-22.<\/p>\n<\/div><\/div>\n\n<div class=\"ituContainer grid\"><div data-span=\"12\">\n<p class=\"wp-block-paragraph\">Para inscribirse en la PP-22 pulse&nbsp;<a href=\"https:\/\/itu-app42372.pagelyhosting.com\/participation\/registration\/\" target=\"_blank\" rel=\"noreferrer noopener\">aqu\u00ed<\/a>.<\/p>\n<\/div><\/div>\n\n<div class=\"ituContainer grid\"><div data-span=\"12\">\n<p class=\"wp-block-paragraph\">Para participar a distancia, pulse&nbsp;<a href=\"https:\/\/www.itu.int\/en\/general-secretariat\/ICT-Services\/remoteparticipation\/Pages\/Virtual-Sessions.aspx\" target=\"_blank\" rel=\"noreferrer noopener\">aqu\u00ed<\/a>.<\/p>\n<\/div><\/div>\n\n<div class=\"ituContainer grid\"><div data-span=\"12\">\n<p class=\"wp-block-paragraph\">En caso de que tenga problemas para conectarse a la sala virtual, dir\u00edjase a&nbsp;<a href=\"mailto:rp.support@itu.int\" target=\"_blank\" rel=\"noreferrer noopener\">rp.support@itu.int<\/a>.<\/p>\n<\/div><\/div>","protected":false},"excerpt":{"rendered":"<p>La participaci\u00f3n a distancia en la PP-22 seguir\u00e1 el procedimiento utilizado en la AMNT, el Consejo y la CMDT. La PP-22 es una reuni\u00f3n presencial con amplia participaci\u00f3n a distancia. S\u00f3lo los delegados presentes en la Plenaria podr\u00e1n adoptar decisiones. Puede encontrar m\u00e1s informaci\u00f3n al respecto en la p\u00e1gina Credenciales. La participaci\u00f3n a distancia v\u00eda [&hellip;]<\/p>\n","protected":false},"author":1,"featured_media":0,"parent":0,"menu_order":0,"comment_status":"closed","ping_status":"closed","template":"page-banner-blue.php","meta":{"_crdt_document":"","footnotes":""},"class_list":["post-11489","page","type-page","status-publish","hentry"],"_links":{"self":[{"href":"https:\/\/itu-app42372.pagelyhosting.com\/es\/wp-json\/wp\/v2\/pages\/11489","targetHints":{"allow":["GET"]}}],"collection":[{"href":"https:\/\/itu-app42372.pagelyhosting.com\/es\/wp-json\/wp\/v2\/pages"}],"about":[{"href":"https:\/\/itu-app42372.pagelyhosting.com\/es\/wp-json\/wp\/v2\/types\/page"}],"author":[{"embeddable":true,"href":"https:\/\/itu-app42372.pagelyhosting.com\/es\/wp-json\/wp\/v2\/users\/1"}],"replies":[{"embeddable":true,"href":"https:\/\/itu-app42372.pagelyhosting.com\/es\/wp-json\/wp\/v2\/comments?post=11489"}],"version-history":[{"count":0,"href":"https:\/\/itu-app42372.pagelyhosting.com\/es\/wp-json\/wp\/v2\/pages\/11489\/revisions"}],"wp:attachment":[{"href":"https:\/\/itu-app42372.pagelyhosting.com\/es\/wp-json\/wp\/v2\/media?parent=11489"}],"curies":[{"name":"wp","href":"https:\/\/api.w.org\/{rel}","templated":true}]}}