
{"id":1136,"date":"2022-03-08T15:28:00","date_gmt":"2022-03-08T15:28:00","guid":{"rendered":"https:\/\/itu-app42372.pagelyhosting.com\/pagina-principal\/"},"modified":"2023-01-05T09:19:57","modified_gmt":"2023-01-05T09:19:57","slug":"140-2","status":"publish","type":"page","link":"https:\/\/itu-app42372.pagelyhosting.com\/es\/","title":{"rendered":"Homepage"},"content":{"rendered":"\n    <section class=\"ituBanner bg countdown\">\n        <div class=\"bgContainer\">\n            <img decoding=\"async\" src=\"https:\/\/pp22.itu.int\/wp-content\/uploads\/2021\/09\/Parliament-bucharest.jpg\" alt=\"\" \/>\n            <div class=\"ituContainer\">\n                <div class=\"content\">\n                    <div class=\"main\">\n                        <script src=\"https:\/\/unpkg.com\/@lottiefiles\/lottie-player@latest\/dist\/lottie-player.js\"><\/script>\n                        <lottie-player src=\"https:\/\/assets7.lottiefiles.com\/packages\/lf20_svmr3aeh.json\" background=\"transparent\" autoplay=\"\"><\/lottie-player>\n                                            <\/div>\n                <\/div>\n            <\/div>\n        <\/div>\n    <\/section>\n\n\n    <div class=\"ituContainer grid\">\n        <div data-span=\"12\">\n                            <div class=\"ituContainer grid\"><div data-span=\"12\">\n<h2 class=\"wp-block-heading\" id=\"heading-3\"><strong>\u00daltimas novedades<\/strong><\/h2>\n<\/div><\/div>                                <section>\n        <div class=\"ituContainer grid\">\n                                                <a class=\"ituCard anim bg hor\" href=\"https:\/\/www.itu.int\/en\/mediacentre\/Pages\/PP22-closing-press-release.aspx\" data-span=\"6\" target=\"\" rel=\"noopener\">\n        <img decoding=\"async\" class=\"square\" src=\"https:\/\/pp22.itu.int\/wp-content\/uploads\/2022\/07\/cropped-e33380e8-b339-4d49-9da0-bc5f39a0bb7a.jpg\" alt=\"\" \/>\n        <div class=\"content\">\n            <div class=\"main\">\n                <p class=\"title\">ITU Plenipotentiary Conference closes in Bucharest<\/p>\n                <p>Member States endorsed artificial intelligence, space sustainability, environmental and other resolutions charting the path ahead for digital transformation<\/p>\n            <\/div>\n        <\/div>\n    <\/a>\n                                                <a class=\"ituCard anim bg hor\" href=\"https:\/\/www.itu.int\/pub\/S-CONF-ACTF-2022\" data-span=\"6\" target=\"\" rel=\"noopener\">\n        <img decoding=\"async\" class=\"square\" src=\"https:\/\/pp22.itu.int\/wp-content\/uploads\/2022\/07\/cropped-e33380e8-b339-4d49-9da0-bc5f39a0bb7a.jpg\" alt=\"\" \/>\n        <div class=\"content\">\n            <div class=\"main\">\n                <p class=\"title\"><strong>Final Acts<\/strong><\/p>\n                <p><strong>The Final Acts are now available in all six languages!<\/strong><\/p>\n            <\/div>\n        <\/div>\n    <\/a>\n                                                <a class=\"ituCard anim bg hor\" href=\"https:\/\/www.itu.int\/en\/mediacentre\/Pages\/PP22-Opening-Ceremony.aspx\" data-span=\"6\" target=\"\" rel=\"noopener\">\n        <img decoding=\"async\" class=\"square\" src=\"https:\/\/pp22.itu.int\/wp-content\/uploads\/2022\/07\/cropped-e33380e8-b339-4d49-9da0-bc5f39a0bb7a.jpg\" alt=\"\" \/>\n        <div class=\"content\">\n            <div class=\"main\">\n                <p class=\"title\">PP-22 Highlights: Daily updates from the conference<\/p>\n                <p><strong>Read more<\/strong><\/p>\n            <\/div>\n        <\/div>\n    <\/a>\n                                                <a class=\"ituCard anim bg hor\" href=\"https:\/\/pp22.itu.int\/es\/elections\/elections-results\/\" data-span=\"6\" target=\"\" rel=\"noopener\">\n        <img decoding=\"async\" class=\"square\" src=\"https:\/\/pp22.itu.int\/wp-content\/uploads\/2022\/07\/cropped-e33380e8-b339-4d49-9da0-bc5f39a0bb7a.jpg\" alt=\"\" \/>\n        <div class=\"content\">\n            <div class=\"main\">\n                <p class=\"title\"><strong>Full PP-22 election results now available<\/strong><\/p>\n                <p>Member States elect Secretary-General, Deputy, Bureau Directors, ITU Council and Radio Regulations Board for 2023-2026<\/p>\n            <\/div>\n        <\/div>\n    <\/a>\n                    <\/div>\n    <\/section>\n                            <div class=\"ituContainer grid\"><div data-span=\"12\">\n<p class=\"wp-block-paragraph\"><a href=\"https:\/\/pp22.itu.int\/es\/all-announcements\/\" target=\"_blank\" rel=\"noopener\">All announcements<\/a><\/p>\n<\/div><\/div>                    <\/div>\n    <\/div>\n\n\n    <div class=\"ituContainer grid\">\n        <div data-span=\"12\">\n                            \n    <section>\n        <div class=\"ituContainer grid\">\n            <div class=\"ituCard alt\" data-span=\"12\">\n                <div class=\"content\">\n                    <div class=\"main\">\n                        <figure>\n                            <blockquote class=\"\">Los pa\u00edses se reunir\u00e1n en la Conferencia de Plenipotenciarios de la UIT de 2022 para definir la orientaci\u00f3n futura de la transformaci\u00f3n digital en beneficio del planeta y de la humanidad.<\/blockquote>\n                            <figcaption>\n                                <img decoding=\"async\" src=\"https:\/\/pp22.itu.int\/wp-content\/uploads\/2021\/09\/sg.jpg\" alt=\"Sr. Houlin Zhao \" \/>\n                                Sr. Houlin Zhao  &#8211; <cite>Secretario General de la UIT<\/cite>\n                            <\/figcaption>\n                        <\/figure>\n                    <\/div>\n                <\/div>\n            <\/div>\n        <\/div>\n    <\/section>\n                    <\/div>\n    <\/div>\n\n\n    <section>\n        <div class=\"ituContainer grid\">\n            <div class=\"ituCard bg dots\" data-span=\"12\">\n                <div class=\"bgContainer\">\n                    <img decoding=\"async\" src=\"\" alt=\"Decorative image\" \/>\n                    <div class=\"content\">\n                        <div class=\"main\">\n                            <h2 class=\"title\">\u00bfQu\u00e9 es la PP-22?<\/h2>\n                            <p>La Uni\u00f3n Internacional de Telecomunicaciones (UIT) es el organismo especializado de las Naciones Unidas para las tecnolog\u00edas de la informaci\u00f3n y la comunicaci\u00f3n (TIC). La Conferencia de Plenipotenciarios (PP), es el \u00f3rgano pol\u00edtico supremo de la UIT. Se re\u00fane cada cuatro a\u00f1os para definir las pol\u00edticas generales de la Uni\u00f3n, adoptar los Planes Estrat\u00e9gico y Financiero y elegir al equipo directivo de la organizaci\u00f3n, los Estados Miembros del Consejo y los miembros de la Junta del Reglamento de Radiocomunicaciones. La pr\u00f3xima Conferencia de Plenipotenciarios (PP-22) se celebrar\u00e1 en Bucarest, Rumania, del 26 de septiembre al 14 de octubre de 2022. \n<\/p>\n                            <p>\n                                <a href=\"https:\/\/pp22.itu.int\/about\/\" class=\"ituBtn\" target=\"_blank\" rel=\"noopener\">\n                                    M\u00e1s informaci\u00f3n                                <\/a>\n                            <\/p>\n                        <\/div>\n                    <\/div>\n                <\/div>\n            <\/div>\n        <\/div>\n    <\/section>\n","protected":false},"excerpt":{"rendered":"","protected":false},"author":4,"featured_media":0,"parent":0,"menu_order":0,"comment_status":"closed","ping_status":"closed","template":"","meta":{"_crdt_document":"","footnotes":""},"class_list":["post-1136","page","type-page","status-publish","hentry"],"_links":{"self":[{"href":"https:\/\/itu-app42372.pagelyhosting.com\/es\/wp-json\/wp\/v2\/pages\/1136","targetHints":{"allow":["GET"]}}],"collection":[{"href":"https:\/\/itu-app42372.pagelyhosting.com\/es\/wp-json\/wp\/v2\/pages"}],"about":[{"href":"https:\/\/itu-app42372.pagelyhosting.com\/es\/wp-json\/wp\/v2\/types\/page"}],"author":[{"embeddable":true,"href":"https:\/\/itu-app42372.pagelyhosting.com\/es\/wp-json\/wp\/v2\/users\/4"}],"replies":[{"embeddable":true,"href":"https:\/\/itu-app42372.pagelyhosting.com\/es\/wp-json\/wp\/v2\/comments?post=1136"}],"version-history":[{"count":0,"href":"https:\/\/itu-app42372.pagelyhosting.com\/es\/wp-json\/wp\/v2\/pages\/1136\/revisions"}],"wp:attachment":[{"href":"https:\/\/itu-app42372.pagelyhosting.com\/es\/wp-json\/wp\/v2\/media?parent=1136"}],"curies":[{"name":"wp","href":"https:\/\/api.w.org\/{rel}","templated":true}]}}