
{"id":1132,"date":"2022-03-08T15:08:33","date_gmt":"2022-03-08T15:08:33","guid":{"rendered":"https:\/\/itu-app42372.pagelyhosting.com\/elecciones\/procedimientos-electorales\/"},"modified":"2022-09-29T06:21:46","modified_gmt":"2022-09-29T06:21:46","slug":"election-procedures","status":"publish","type":"page","link":"https:\/\/itu-app42372.pagelyhosting.com\/es\/elections\/election-procedures\/","title":{"rendered":"Procedimientos electorales"},"content":{"rendered":"    <div class=\"ituContainer grid\">\n        <div data-span=\"12\">\n                            <div class=\"ituContainer grid\"><div data-span=\"12\">\n<p class=\"wp-block-paragraph\">En la Conferencia de Plenipotenciarios se lleva a cabo la elecci\u00f3n del Secretario General, el Vicesecretario General, los Directores de las Oficinas de los Sectores de Radiocomunicaciones (BR), de Normalizaci\u00f3n de las Telecomunicaciones (TSB) y de Desarrollo de las Telecomunicaciones (BDT), as\u00ed como los 12 miembros de la Junta del Reglamento de Radiocomunicaciones (RRB) (v\u00e9anse los n\u00fameros 55 y 56 y los n\u00fameros 62 y 63 de la Constituci\u00f3n).<\/p>\n<\/div><\/div>                            <div class=\"ituContainer grid\"><div data-span=\"12\">\n<p class=\"wp-block-paragraph\">La Conferencia de Plenipotenciarios elige asimismo a los 48 Estados Miembros que integrar\u00e1n el pr\u00f3ximo Consejo de la UIT (v\u00e9anse los n\u00fameros 54 y 61 de la Constituci\u00f3n).<\/p>\n<\/div><\/div>                            <div class=\"ituContainer grid\"><div data-span=\"12\">\n<p class=\"wp-block-paragraph\"><strong>Plazos y procedimientos<\/strong><br\/><meta charset=\"utf-8\"\/><meta charset=\"utf-8\"\/>De conformidad con el n\u00famero 170 del Reglamento General de las conferencias, asambleas y reuniones de la Uni\u00f3n, las candidaturas deber\u00e1n obrar en poder del Secretario General a m\u00e1s tardar a las 23:59 horas (hora de Ginebra) del 28\u00ba d\u00eda anterior a la Conferencia, es decir, el lunes 29 de agosto de 2022.<\/p>\n<\/div><\/div>                            <div class=\"ituContainer grid\"><div data-span=\"12\">\n<p class=\"wp-block-paragraph\">En el Art\u00edculo 2 del Convenio y el Cap\u00edtulo III del Reglamento General de las conferencias, asambleas y reuniones de la Uni\u00f3n podr\u00e1 encontrar informaci\u00f3n detallada sobre las elecciones y los procedimientos de elecci\u00f3n (v\u00e9ase tambi\u00e9n <a href=\"https:\/\/www.itu.int\/md\/S21-SG-CIR-0041\/en\" target=\"_blank\" rel=\"noreferrer noopener\">CL-21\/41<\/a>).<\/p>\n<\/div><\/div>                            <div class=\"ituContainer grid\"><div data-span=\"12\">\n<p class=\"wp-block-paragraph\">Puede encontrar una presentaci\u00f3n sobre el proceso electoral <a href=\"https:\/\/itu-app42372.pagelyhosting.com\/wp-content\/uploads\/2022\/02\/PP-22_election_process.pdf\" target=\"_blank\" data-type=\"URL\" data-id=\"https:\/\/itu-app42372.pagelyhosting.com\/wp-content\/uploads\/2022\/02\/PP-22_election_process.pdf\" rel=\"noreferrer noopener\">aqu\u00ed<\/a>. <\/p>\n<\/div><\/div>                            <div class=\"ituContainer grid\"><div data-span=\"12\">\n<p class=\"wp-block-paragraph\"><strong>Directrices \u00e9ticas<\/strong><br\/><meta charset=\"utf-8\"\/>El Consejo adopt\u00f3 en 2018 las directrices \u00e9ticas sobre las actividades durante la campa\u00f1a de los candidatos, refrendadas por el Consejo en su reuni\u00f3n de 2021. Las directrices se pueden consultar <a rel=\"noopener\" href=\"\" target=\"\">aqu\u00ed<\/a>. <\/p>\n<\/div><\/div>                            <div class=\"ituContainer grid\"><div data-span=\"12\">\n<p class=\"wp-block-paragraph\"><strong>Entrevistas a los candidatos en Actualidades de la UIT<\/strong><br\/><meta charset=\"utf-8\"\/>Actualidades de la UIT invitar\u00e1 a todos los candidatos a responder a preguntas relacionadas con sus candidaturas una vez expirado el plazo de presentaci\u00f3n a finales de agosto de 2022. Pueden consultarse las preguntas, adem\u00e1s de informaci\u00f3n sobre el procedimiento, para cada uno de los puestos: <a href=\"https:\/\/itu-app42372.pagelyhosting.com\/wp-content\/uploads\/2022\/06\/PP-22_candidates-question_ITU_SG-e.pdf\" target=\"_blank\" data-type=\"URL\" data-id=\"https:\/\/itu-app42372.pagelyhosting.com\/wp-content\/uploads\/2022\/06\/PP-22_candidates-question_ITU_SG-e.pdf\" rel=\"noreferrer noopener\">Secretario General<\/a>, <a href=\"https:\/\/itu-app42372.pagelyhosting.com\/wp-content\/uploads\/2022\/06\/PP-22_candidates-question_ITU_DSG-e.pdf\" target=\"_blank\" data-type=\"URL\" data-id=\"https:\/\/itu-app42372.pagelyhosting.com\/wp-content\/uploads\/2022\/06\/PP-22_candidates-question_ITU_DSG-e.pdf\" rel=\"noreferrer noopener\">Vicesecretario General<\/a>, <a href=\"https:\/\/itu-app42372.pagelyhosting.com\/wp-content\/uploads\/2022\/06\/PP-22_candidates-question_ITU_BR_Director-e.pdf\" target=\"_blank\" data-type=\"URL\" data-id=\"https:\/\/itu-app42372.pagelyhosting.com\/wp-content\/uploads\/2022\/06\/PP-22_candidates-question_ITU_BR_Director-e.pdf\" rel=\"noreferrer noopener\">Director de la Oficina de Radiocomunicaciones<\/a>, <a href=\"https:\/\/itu-app42372.pagelyhosting.com\/wp-content\/uploads\/2022\/06\/PP-22_candidates-question_ITU_TSB_Director-e.pdf\" target=\"_blank\" data-type=\"URL\" data-id=\"https:\/\/itu-app42372.pagelyhosting.com\/wp-content\/uploads\/2022\/06\/PP-22_candidates-question_ITU_TSB_Director-e.pdf\" rel=\"noreferrer noopener\">Director de la Oficina de Normalizaci\u00f3n de las Telecomunicaciones<\/a> y <a href=\"https:\/\/itu-app42372.pagelyhosting.com\/wp-content\/uploads\/2022\/06\/PP-22_candidates-questions_ITU_BDT_Director-e.pdf\" target=\"_blank\" data-type=\"URL\" data-id=\"https:\/\/itu-app42372.pagelyhosting.com\/wp-content\/uploads\/2022\/06\/PP-22_candidates-questions_ITU_BDT_Director-e.pdf\" rel=\"noreferrer noopener\">Director de la Oficina de Desarrollo de las Telecomunicaciones<\/a>.<\/p>\n<\/div><\/div>                            <div class=\"ituContainer grid\"><div data-span=\"12\">\n<p class=\"wp-block-paragraph\"><strong>Derecho de voto<\/strong><br\/><meta charset=\"utf-8\"\/>Para poder ejercer plenamente su derecho soberano en la Conferencia de Plenipotenciarios, los Estados Miembros deben asegurarse de que han mantenido su derecho de voto, de conformidad con los n\u00fameros 169 y 210 de la Constituci\u00f3n, y de que se hacen representar en la Conferencia de Plenipotenciarios de 2022 por delegaciones debidamente acreditadas, de conformidad con los n\u00fameros 325 y 327 a 331 del Convenio (v\u00e9ase adem\u00e1s la secci\u00f3n Credenciales).<\/p>\n<\/div><\/div>                            <div class=\"ituContainer grid\"><div data-span=\"12\">\n<p class=\"wp-block-paragraph\"><strong>Elecciones anteriores<\/strong><br\/><meta charset=\"utf-8\"\/><a rel=\"noreferrer noopener\" href=\"https:\/\/www.itu.int\/web\/pp-18\/en\/page\/104-elections\" target=\"_blank\">Elecciones de la PP-18<\/a><\/p>\n<\/div><\/div>                            <div class=\"ituContainer grid\"><div data-span=\"12\">\n<p class=\"wp-block-paragraph\"><a href=\"http:\/\/www.itu.int\/en\/plenipotentiary\/2014\/Pages\/elections.aspx\" rel=\"noreferrer noopener\" target=\"_blank\">Elecciones de la PP-14<\/a><\/p>\n<\/div><\/div>                            <div class=\"ituContainer grid\"><div data-span=\"12\">\n<p class=\"wp-block-paragraph\"><a href=\"http:\/\/www.itu.int\/plenipotentiary\/2010\/elections\/index.html\" rel=\"noreferrer noopener\" target=\"_blank\">Elecciones de la PP-10<\/a><\/p>\n<\/div><\/div>                            <div class=\"ituContainer grid\"><div data-span=\"12\">\n<p class=\"wp-block-paragraph\"><a href=\"http:\/\/www.itu.int\/plenipotentiary\/2006\/elections\/index.html\" target=\"_blank\" rel=\"noreferrer noopener\">Elecciones de la PP-06<\/a><\/p>\n<\/div><\/div>                            <div class=\"ituContainer grid\"><div data-span=\"12\">\n<p class=\"wp-block-paragraph\"><\/p>\n<\/div><\/div>                    <\/div>\n    <\/div>\n","protected":false},"excerpt":{"rendered":"","protected":false},"author":4,"featured_media":0,"parent":1124,"menu_order":3,"comment_status":"closed","ping_status":"closed","template":"page-submenu.php","meta":{"_crdt_document":"","footnotes":""},"class_list":["post-1132","page","type-page","status-publish","hentry"],"_links":{"self":[{"href":"https:\/\/itu-app42372.pagelyhosting.com\/es\/wp-json\/wp\/v2\/pages\/1132","targetHints":{"allow":["GET"]}}],"collection":[{"href":"https:\/\/itu-app42372.pagelyhosting.com\/es\/wp-json\/wp\/v2\/pages"}],"about":[{"href":"https:\/\/itu-app42372.pagelyhosting.com\/es\/wp-json\/wp\/v2\/types\/page"}],"author":[{"embeddable":true,"href":"https:\/\/itu-app42372.pagelyhosting.com\/es\/wp-json\/wp\/v2\/users\/4"}],"replies":[{"embeddable":true,"href":"https:\/\/itu-app42372.pagelyhosting.com\/es\/wp-json\/wp\/v2\/comments?post=1132"}],"version-history":[{"count":0,"href":"https:\/\/itu-app42372.pagelyhosting.com\/es\/wp-json\/wp\/v2\/pages\/1132\/revisions"}],"up":[{"embeddable":true,"href":"https:\/\/itu-app42372.pagelyhosting.com\/es\/wp-json\/wp\/v2\/pages\/1124"}],"wp:attachment":[{"href":"https:\/\/itu-app42372.pagelyhosting.com\/es\/wp-json\/wp\/v2\/media?parent=1132"}],"curies":[{"name":"wp","href":"https:\/\/api.w.org\/{rel}","templated":true}]}}