
{"id":11314,"date":"2022-07-13T08:04:38","date_gmt":"2022-07-13T08:04:38","guid":{"rendered":"https:\/\/itu-app42372.pagelyhosting.com\/servicios-e-instalaciones\/"},"modified":"2022-09-07T09:17:35","modified_gmt":"2022-09-07T09:17:35","slug":"services-and-facilities","status":"publish","type":"page","link":"https:\/\/itu-app42372.pagelyhosting.com\/es\/services-and-facilities\/","title":{"rendered":"Servicios e instalaciones"},"content":{"rendered":"<div class=\"ituContainer grid\"><div data-span=\"12\">\n<p class=\"wp-block-paragraph\"><strong>Reserva de salas de reuni\u00f3n en la PP-22<\/strong><\/p>\n<\/div><\/div><div class=\"ituContainer grid\"><div data-span=\"12\">\n<p class=\"wp-block-paragraph\">La Secretar\u00eda de la UIT administrar\u00e1 las salas de reuni\u00f3n para la Conferencia de Plenipotenciarios de 2022 en el Palacio del Parlamento de Bucarest. Se ruega a las delegaciones que deseen reservar una sala que se pongan en contacto con el Servicio de Reserva de Salas en <a href=\"mailto:conf-logistics@itu.int\" target=\"_blank\" rel=\"noreferrer noopener\">conf-logistics@itu.int<\/a>.<\/p>\n<\/div><\/div><div class=\"ituContainer grid\"><div data-span=\"12\">\n<p class=\"wp-block-paragraph\">Tenga en cuenta que las instalaciones de reuni\u00f3n se dedicar\u00e1n principalmente a los trabajos de la Conferencia. Dado el limitado n\u00famero de salas disponibles y a fin de otorgar a todos los participantes un trato equitativo, se aplicar\u00e1n las siguientes condiciones:<\/p>\n<\/div><\/div><div class=\"ituContainer grid\"><div data-span=\"12\">\n<ul class=\"wp-block-list\"><li><strong>Las solicitudes se tramitar\u00e1n en el orden en que se reciban.<\/strong><\/li><li>Se otorgar\u00e1 a cada delegaci\u00f3n un m\u00e1ximo de dos periodos no consecutivos de 1,5 horas al d\u00eda.<\/li><li>Las salas de reuni\u00f3n no podr\u00e1n reservarse como espacio de trabajo o despacho.<\/li><li>Al tramitar las solicitudes se respetar\u00e1n las siguientes prioridades:<ul><li>Comisiones de la PP-22 y sus Grupos de Trabajo\/Redacci\u00f3n<\/li><li>Estados Miembros y organizaciones regionales<\/li><li>Otras entidades<\/li><\/ul><\/li><\/ul>\n<\/div><\/div><div class=\"ituContainer grid\"><div data-span=\"12\">\n<p class=\"wp-block-paragraph\">Tenga en cuenta que toda reserva efectuada con antelaci\u00f3n puede cancelarse y reprogramarse seg\u00fan sea necesario en funci\u00f3n de la cantidad de solicitudes y de la naturaleza de las reservas. Muchas gracias por su comprensi\u00f3n y cooperaci\u00f3n.<\/p>\n<\/div><\/div><div class=\"ituContainer grid\"><div data-span=\"12\">\n<p class=\"wp-block-paragraph\"><strong>Zona de intercambio de la UIT<\/strong><\/p>\n<\/div><\/div><div class=\"ituContainer grid\"><div data-span=\"12\">\n<p class=\"wp-block-paragraph\">La Zona de intercambio de la UIT en la PP-22 ser\u00e1 un espacio central destinado a la interacci\u00f3n social donde podr\u00e1 encontrar una cafeter\u00eda, el Quiosco de la UIT y una presentaci\u00f3n interactiva del nuevo edificio de la Sede de la UIT, adem\u00e1s de asientos para las entrevistas y negociaciones informales, y una zona \u00abRe\u00fanase con los expertos\u00bb para los delegados y el personal. Gracias a su ubicaci\u00f3n central, se convertir\u00e1 en el centro natural de las actividades y la interacci\u00f3n en el marco de la PP, adem\u00e1s del punto de encuentro de delegados y funcionarios.<\/p>\n<\/div><\/div><div class=\"ituContainer grid\"><div data-span=\"12\">\n<p class=\"wp-block-paragraph\">En el coraz\u00f3n de la Zona de intercambio de la UIT encontrar\u00e1 el Quiosco de la UIT, que dispondr\u00e1 de un amplio a abanico de recuerdos con la marca UIT\/Suiza y las publicaciones de la UIT m\u00e1s recientes.<\/p>\n<\/div><\/div><div class=\"ituContainer grid\"><div data-span=\"12\">\n<p class=\"wp-block-paragraph\">Entre otras publicaciones, podr\u00e1 encontrar los principales documentos de referencia (incluidos los Textos Fundamentales y las Actas Finales de la CMR 2019), adem\u00e1s del reciente SMS4DC 5.2 y otros muchos t\u00edtulos. Los pedidos definitivos hechos en Bucarest de publicaciones que no est\u00e9n disponibles en el Quiosco le ser\u00e1n enviados gratuitamente desde Gineba a la direcci\u00f3n que usted indique.<\/p>\n<\/div><\/div><div class=\"ituContainer grid\"><div data-span=\"12\">\n<p class=\"wp-block-paragraph\">El equipo del Quiosco de la UIT estar\u00e1 a su disposici\u00f3n para facilitarle todo lo que pueda necesitar, incluidos adaptadores, bater\u00edas externas, ratones para PC inal\u00e1mbricos, tabletas, llaves USB, adem\u00e1s de tazas y cantimploras con el logo del evento.<\/p>\n<\/div><\/div><div class=\"ituContainer grid\"><div data-span=\"12\">\n<p class=\"wp-block-paragraph\">Antes del evento no dude en consultar nuestro Cat\u00e1logo de publicaciones 2022. Env\u00ede su pedido (s\u00f3lo publicaciones) antes del 30 de agosto a <a href=\"mailto:sales@itu.int\" target=\"_blank\" rel=\"noreferrer noopener\">sales@itu.int<\/a> y rec\u00f3jalo en el Quiosco en Bucarest.<\/p>\n<\/div><\/div><div class=\"ituContainer grid\"><div data-span=\"12\">\n<p class=\"wp-block-paragraph\">Si desea m\u00e1s informaci\u00f3n sobre las publicaciones de la UIT, consulte la p\u00e1gina <a href=\"http:\/\/www.itu.int\/publications\" target=\"_blank\" data-type=\"URL\" data-id=\"www.itu.int\/publications\" rel=\"noreferrer noopener\">www.itu.int\/publications<\/a> o dir\u00edjase a <a href=\"mailto:sales@itu.int\" target=\"_blank\" rel=\"noreferrer noopener\">sales@itu.int<\/a>.<\/p>\n<\/div><\/div><div class=\"ituContainer grid\"><div data-span=\"12\">\n<p class=\"wp-block-paragraph\"><strong>Servicios e instalaciones para la prensa y los medios de comunicaci\u00f3n<\/strong><\/p>\n<\/div><\/div><div class=\"ituContainer grid\"><div data-span=\"12\">\n<p class=\"wp-block-paragraph\">Se invita a los medios de comunicaci\u00f3n genuinos a informarse sobre el proceso de acreditaci\u00f3n\/inscripci\u00f3n en la <a href=\"https:\/\/www.itu.int\/en\/newsroom\/accreditation\/Pages\/default.aspx\" target=\"_blank\" data-type=\"URL\" data-id=\"https:\/\/www.itu.int\/en\/newsroom\/accreditation\/Pages\/default.aspx\" rel=\"noreferrer noopener\">p\u00e1gina web Acreditaci\u00f3n de medios de comunicaci\u00f3n de la UIT.<\/a>.<\/p>\n<\/div><\/div><div class=\"ituContainer grid\"><div data-span=\"12\">\n<p class=\"wp-block-paragraph\">Tambi\u00e9n se ha creado una Sala de Prensa <a href=\"https:\/\/plenipotprod.wpengine.com\/en\/newsroom\/\" target=\"_blank\" data-type=\"URL\" data-id=\"https:\/\/plenipotprod.wpengine.com\/en\/newsroom\/\" rel=\"noreferrer noopener\">en l\u00ednea para la PP-22<\/a> que ofrece numerosos recursos para los periodistas en los seis idiomas de trabajo de la UIT, adem\u00e1s de una larga lista de documentos tem\u00e1ticos de referencia, fotograf\u00edas, v\u00eddeos, infograf\u00edas, enlaces a medios sociales, cobertura medi\u00e1tica de la PP-22 y comunicados de prensa oficiales de la PP-22.<\/p>\n<\/div><\/div><div class=\"ituContainer grid\"><div data-span=\"12\">\n<p class=\"wp-block-paragraph\">En la PP-22 los medios de comunicaci\u00f3n acreditados dispondr\u00e1n de una Sala de Prensa reservada donde el Equipo de relaciones con los medios de la UIT responder\u00e1 a sus peticiones y facilitar\u00e1 la organizaci\u00f3n de entrevistas con los principales participantes en la Conferencia.<\/p>\n<\/div><\/div><div class=\"ituContainer grid\"><div data-span=\"12\">\n<p class=\"wp-block-paragraph\"><span style=\"text-decoration: underline;\"><em>Nombramiento de los Coordinadores de prensa de las delegaciones<\/em><\/span><br\/>Dado el inter\u00e9s creciente que despiertan las TIC y los trabajos de la UIT entre los medios de comunicaci\u00f3n, se esperan unos 300 medios de comunicaci\u00f3n locales e internacionales acreditados oficialmente para seguir la PP-22.<\/p>\n<\/div><\/div><div class=\"ituContainer grid\"><div data-span=\"12\">\n<p class=\"wp-block-paragraph\">A fin de facilitar su trabajo y para que las delegaciones puedan hablar de las inquietudes y los logros de su pa\u00eds, se invita a las delegaciones a nombrar un Coordinador de prensa que se encargue de todas esas cuestiones antes del evento o durante el mismo. Ese Coordinador de prensa ser\u00e1 el interlocutor designado del Equipo de relaciones con los medios de la UIT, que as\u00ed podr\u00e1 ponerse r\u00e1pidamente en contacto con su delegaci\u00f3n para transmitir solicitudes de entrevistas, fotograf\u00edas o v\u00eddeos. Proponemos que ese Coordinador sa un miembro de la delegaci\u00f3n capaz de responder r\u00e1pidamente si el Equipo de relaciones con los miembros de la UIT lo necesita. No es necesario que sea la persona que ser\u00e1 realmente entrevistada por los periodistas, sino m\u00e1s bien alguien encargado de la coordinaci\u00f3n con el Equipo de la UIT para ofrecerle la posibilidad de transmitir su mensaje de manera oportuna y eficaz. Env\u00ede el nombre, n\u00famero de tel\u00e9fono m\u00f3vil y correo electr\u00f3nico del Coordinador de prensa de su delegaci\u00f3n a <a href=\"mailto:pressinfo@itu.int\" target=\"_blank\" rel=\"noreferrer noopener\">pressinfo@itu.int,<\/a> indicando \u00abCoordinador de prensa de la delegaci\u00f3n para la PP-22\u00bb antes del 1 de septiembre de 2022.<\/p>\n<\/div><\/div>","protected":false},"excerpt":{"rendered":"<p>Reserva de salas de reuni\u00f3n en la PP-22 La Secretar\u00eda de la UIT administrar\u00e1 las salas de reuni\u00f3n para la Conferencia de Plenipotenciarios de 2022 en el Palacio del Parlamento de Bucarest. Se ruega a las delegaciones que deseen reservar una sala que se pongan en contacto con el Servicio de Reserva de Salas en [&hellip;]<\/p>\n","protected":false},"author":1,"featured_media":0,"parent":0,"menu_order":0,"comment_status":"closed","ping_status":"closed","template":"page-banner-blue.php","meta":{"_crdt_document":"","footnotes":""},"class_list":["post-11314","page","type-page","status-publish","hentry"],"_links":{"self":[{"href":"https:\/\/itu-app42372.pagelyhosting.com\/es\/wp-json\/wp\/v2\/pages\/11314","targetHints":{"allow":["GET"]}}],"collection":[{"href":"https:\/\/itu-app42372.pagelyhosting.com\/es\/wp-json\/wp\/v2\/pages"}],"about":[{"href":"https:\/\/itu-app42372.pagelyhosting.com\/es\/wp-json\/wp\/v2\/types\/page"}],"author":[{"embeddable":true,"href":"https:\/\/itu-app42372.pagelyhosting.com\/es\/wp-json\/wp\/v2\/users\/1"}],"replies":[{"embeddable":true,"href":"https:\/\/itu-app42372.pagelyhosting.com\/es\/wp-json\/wp\/v2\/comments?post=11314"}],"version-history":[{"count":0,"href":"https:\/\/itu-app42372.pagelyhosting.com\/es\/wp-json\/wp\/v2\/pages\/11314\/revisions"}],"wp:attachment":[{"href":"https:\/\/itu-app42372.pagelyhosting.com\/es\/wp-json\/wp\/v2\/media?parent=11314"}],"curies":[{"name":"wp","href":"https:\/\/api.w.org\/{rel}","templated":true}]}}