
{"id":1112,"date":"2022-03-08T14:46:50","date_gmt":"2022-03-08T14:46:50","guid":{"rendered":"https:\/\/itu-app42372.pagelyhosting.com\/documentos-oficiales\/"},"modified":"2022-12-30T09:38:35","modified_gmt":"2022-12-30T09:38:35","slug":"official-documents","status":"publish","type":"page","link":"https:\/\/itu-app42372.pagelyhosting.com\/es\/documents\/official-documents\/","title":{"rendered":"Documentos oficiales"},"content":{"rendered":"    <div class=\"ituContainer grid\">\n        <div data-span=\"12\">\n                            <div class=\"ituContainer grid\"><div data-span=\"12\">\n<p class=\"wp-block-paragraph\">De conformidad con la Decisi\u00f3n 5 (Rev. Dub\u00e1i, 2018) y con la decisi\u00f3n adoptada por el Consejo en 2017, la Conferencia de Plenipotenciarios se celebrar\u00e1 sin papel. No se distribuir\u00e1n copias impresas de los documentos. Los documentos de la PP-22 se publicar\u00e1n en el sitio web de la Conferencia de conformidad con la <a rel=\"noopener\" href=\"\" target=\"\">Pol\u00edtica de acceso a la informaci\u00f3n\/documentos de la UIT<\/a>, de acuerdo con lo aprobado por la PP-18.   <\/p>\n<\/div><\/div>                            <div class=\"ituContainer grid\"><div data-span=\"12\">\n<ul class=\"wp-block-list\"><li><a href=\"https:\/\/www.itu.int\/pub\/S-CONF-ACTF-2022\" target=\"_blank\" rel=\"noopener\">Actas Finales<\/a><\/li><li><a href=\"https:\/\/www.itu.int\/md\/S22-PP-C\/en\" target=\"_blank\" rel=\"noreferrer noopener\">Contribuciones\/Informes (C)<\/a>: (6 idiomas) <ul><li><a href=\"https:\/\/www.itu.int\/pp22\/es\/elections\/candidates\/\" data-type=\"URL\" target=\"_blank\" rel=\"noreferrer noopener\">Candidaturas<\/a><\/li><li><a href=\"https:\/\/www.itu.int\/net4\/proposals\/PP22#\" data-type=\"URL\" data-id=\"https:\/\/www.itu.int\/net4\/proposals\/PP22#\" target=\"_blank\" rel=\"noreferrer noopener\">Web de gesti\u00f3n de propuestas (PMW)<\/a><\/li><\/ul><ul><li><a href=\"https:\/\/www.itu.int\/md\/meetingdoc.asp?parent=S22-PP-C&amp;class=PROP&amp;lang=es\" data-type=\"URL\" target=\"_blank\" rel=\"noreferrer noopener\">Propuestas de los Estados Miembros <\/a><\/li><\/ul><ul><li><a href=\"https:\/\/www.itu.int\/md\/meetingdoc.asp?parent=S22-PP-C&amp;class=MINS\" data-type=\"URL\" data-id=\"https:\/\/www.itu.int\/md\/meetingdoc.asp?parent=S22-PP-C&amp;class=MINS\" target=\"_blank\" rel=\"noreferrer noopener\">Actas de las Sesiones Plenarias<\/a>\u00a0<\/li><\/ul><\/li><\/ul>\n<\/div><\/div>                            <div class=\"ituContainer grid\"><div data-span=\"12\">\n<ul class=\"wp-block-list\"><li><a rel=\"noreferrer noopener\" href=\"https:\/\/www.itu.int\/md\/S22-PP-ADM\/en\" target=\"_blank\">Documentos administrativos (ADM)<\/a>: calendario, programa, \u00f3rdenes del d\u00eda, etc. &#8211; s\u00f3lo en ingl\u00e9s <\/li><li><a rel=\"noreferrer noopener\" href=\"https:\/\/www.itu.int\/md\/S22-PP-INF\/en\" target=\"_blank\">Documentos informativos (INF)<\/a>: para informaci\u00f3n, no para debate &#8211; s\u00f3lo en ingl\u00e9s<\/li><li><a href=\"https:\/\/www.itu.int\/md\/S22-PP-220926-TD\/en\" target=\"_blank\" data-type=\"URL\" data-id=\"https:\/\/www.itu.int\/md\/S22-PP-220926-TD\/en\" rel=\"noreferrer noopener\">Documentos temporales (DT)<\/a>: documentos de trabajo &#8211; se publican s\u00f3lo en su idioma original, a menos que contengan fragmentos para las Actas Finales <\/li><li><a href=\"https:\/\/www.itu.int\/md\/S22-PP-220926-DL\/en\" target=\"_blank\" data-type=\"URL\" data-id=\"https:\/\/www.itu.int\/md\/S22-PP-220926-DL\/en\" rel=\"noreferrer noopener\">Documentos temporales \u2013 distribuci\u00f3n limitada (DL)<\/a>: proyectos de documentos de trabajo destinados a una audiencia limitada &#8211; se publican \u00fanicamente en su idioma original<\/li><\/ul>\n<\/div><\/div>                    <\/div>\n    <\/div>\n","protected":false},"excerpt":{"rendered":"","protected":false},"author":4,"featured_media":0,"parent":1116,"menu_order":0,"comment_status":"closed","ping_status":"closed","template":"page-submenu.php","meta":{"_crdt_document":"","footnotes":""},"class_list":["post-1112","page","type-page","status-publish","hentry"],"_links":{"self":[{"href":"https:\/\/itu-app42372.pagelyhosting.com\/es\/wp-json\/wp\/v2\/pages\/1112","targetHints":{"allow":["GET"]}}],"collection":[{"href":"https:\/\/itu-app42372.pagelyhosting.com\/es\/wp-json\/wp\/v2\/pages"}],"about":[{"href":"https:\/\/itu-app42372.pagelyhosting.com\/es\/wp-json\/wp\/v2\/types\/page"}],"author":[{"embeddable":true,"href":"https:\/\/itu-app42372.pagelyhosting.com\/es\/wp-json\/wp\/v2\/users\/4"}],"replies":[{"embeddable":true,"href":"https:\/\/itu-app42372.pagelyhosting.com\/es\/wp-json\/wp\/v2\/comments?post=1112"}],"version-history":[{"count":0,"href":"https:\/\/itu-app42372.pagelyhosting.com\/es\/wp-json\/wp\/v2\/pages\/1112\/revisions"}],"up":[{"embeddable":true,"href":"https:\/\/itu-app42372.pagelyhosting.com\/es\/wp-json\/wp\/v2\/pages\/1116"}],"wp:attachment":[{"href":"https:\/\/itu-app42372.pagelyhosting.com\/es\/wp-json\/wp\/v2\/media?parent=1112"}],"curies":[{"name":"wp","href":"https:\/\/api.w.org\/{rel}","templated":true}]}}